{"id":1453,"date":"2023-09-18T15:18:06","date_gmt":"2023-09-18T13:18:06","guid":{"rendered":"https:\/\/www.frontbrakelights.com\/contact-us\/"},"modified":"2023-11-28T11:15:14","modified_gmt":"2023-11-28T10:15:14","slug":"kontaktiere-uns","status":"publish","type":"page","link":"https:\/\/www.frontbrakelights.com\/de\/kontaktiere-uns\/","title":{"rendered":"Kontaktiere uns"},"content":{"rendered":"<div id=\"pl-1453\"  class=\"panel-layout\" ><div id=\"pg-1453-0\"  class=\"panel-grid panel-has-style\" ><div class=\"panel-row-style panel-row-style-for-1453-0\" ><div id=\"pgc-1453-0-0\"  class=\"panel-grid-cell\" ><div id=\"panel-1453-0-0-0\" class=\"so-panel widget widget_sow-editor panel-first-child panel-last-child\" data-index=\"0\" ><div class=\"contact-info panel-widget-style panel-widget-style-for-1453-0-0-0\" ><div\n\t\t\t\n\t\t\tclass=\"so-widget-sow-editor so-widget-sow-editor-base\"\n\t\t\t\n\t\t>\n<div class=\"siteorigin-widget-tinymce textwidget\">\n\t<p>Kontaktinformationen<\/p>\n<h3><a href=\"tel:+421 918 647 901\">+421 918 647 901<\/a><br \/>\n<a href=\"mailto:info@frontbrakelights.com\">info@frontbrakelights.com<\/a><\/h3>\n<\/div>\n<\/div><\/div><\/div><\/div><div id=\"pgc-1453-0-1\"  class=\"panel-grid-cell\" ><div id=\"panel-1453-0-1-0\" class=\"so-panel widget widget_sow-editor panel-first-child\" data-index=\"1\" ><div\n\t\t\t\n\t\t\tclass=\"so-widget-sow-editor so-widget-sow-editor-base\"\n\t\t\t\n\t\t>\n<div class=\"siteorigin-widget-tinymce textwidget\">\n\t<p style=\"text-transform: uppercase;\">Adresse<\/p>\n<p>LUMACO INNOVATIONS AG<br \/>\nSihleggstrasse 23<br \/>\n8832 Wollerau<br \/>\nSwitzerland        <\/p>\n<\/div>\n<\/div><\/div><div id=\"panel-1453-0-1-1\" class=\"so-panel widget widget_sow-editor panel-last-child\" data-index=\"2\" ><div\n\t\t\t\n\t\t\tclass=\"so-widget-sow-editor so-widget-sow-editor-base\"\n\t\t\t\n\t\t>\n<div class=\"siteorigin-widget-tinymce textwidget\">\n\t<p style=\"text-transform: uppercase;\">Steuerinformationen<\/p>\n<p>Id. Nr.: 48 084 964<br \/>\nSteuer-ID-Nummer: 2120051956<br \/>\nVAT identification number: SK2120051956<\/p>\n<\/div>\n<\/div><\/div><\/div><div id=\"pgc-1453-0-2\"  class=\"panel-grid-cell\" ><div id=\"panel-1453-0-2-0\" class=\"so-panel widget widget_sow-editor panel-first-child panel-last-child\" data-index=\"3\" ><div\n\t\t\t\n\t\t\tclass=\"so-widget-sow-editor so-widget-sow-editor-base\"\n\t\t\t\n\t\t>\n<div class=\"siteorigin-widget-tinymce textwidget\">\n\t<p style=\"text-transform: uppercase\">Projektmanagement<\/p>\n<h5 style=\"margin-top: 1em;\">Mgr. \u013dubom\u00edr Marjak<\/h5>\n<p class=\"green\", style=\"margin-top: 0em;\">CEO<\/p>\n<h5 style=\"margin-top: 1em;\">Ing. Milada Hul\u00e1kov\u00e1<\/h5>\n<p class=\"green\", style=\"margin-top: 0em;\">Projektmanager<\/p>\n<\/div>\n<\/div><\/div><\/div><div id=\"pgc-1453-0-3\"  class=\"panel-grid-cell\" ><div id=\"panel-1453-0-3-0\" class=\"so-panel widget widget_sow-editor panel-first-child\" data-index=\"4\" ><div class=\"panel-widget-style panel-widget-style-for-1453-0-3-0\" ><div\n\t\t\t\n\t\t\tclass=\"so-widget-sow-editor so-widget-sow-editor-base\"\n\t\t\t\n\t\t>\n<div class=\"siteorigin-widget-tinymce textwidget\">\n\t<p style=\"text-transform: uppercase;\">Folgen Sie uns<\/p>\n<\/div>\n<\/div><\/div><\/div><div id=\"panel-1453-0-3-1\" class=\"so-panel widget widget_siteorigin-panels-builder panel-last-child\" data-index=\"5\" ><div id=\"pl-w6565923b8c424\"  class=\"panel-layout\" ><div id=\"pg-w6565923b8c424-0\"  class=\"panel-grid panel-has-style\" ><div class=\"panel-row-style panel-row-style-for-w6565923b8c424-0\" ><div id=\"pgc-w6565923b8c424-0-0\"  class=\"panel-grid-cell\" ><div id=\"panel-w6565923b8c424-0-0-0\" class=\"so-panel widget widget_sow-image panel-first-child panel-last-child\" data-index=\"0\" ><div class=\"panel-widget-style panel-widget-style-for-w6565923b8c424-0-0-0\" ><div\n\t\t\t\n\t\t\tclass=\"so-widget-sow-image so-widget-sow-image-default-8b5b6f678277\"\n\t\t\t\n\t\t>\n\n<div class=\"sow-image-container\">\n\t\t<img decoding=\"async\" src=\"https:\/\/www.frontbrakelights.com\/wp-content\/uploads\/2023\/10\/Group-161.svg\" width=\"51\" height=\"51\" sizes=\"auto, (max-width: 51px) 100vw, 51px\" title=\"Group 161\" alt=\"\" loading=\"lazy\" \t\tclass=\"so-widget-image\"\/>\n\t<\/div>\n\n<\/div><\/div><\/div><\/div><div id=\"pgc-w6565923b8c424-0-1\"  class=\"panel-grid-cell\" ><div id=\"panel-w6565923b8c424-0-1-0\" class=\"so-panel widget widget_sow-editor panel-first-child panel-last-child\" data-index=\"1\" ><div class=\"social-links panel-widget-style panel-widget-style-for-w6565923b8c424-0-1-0\" ><div\n\t\t\t\n\t\t\tclass=\"so-widget-sow-editor so-widget-sow-editor-base\"\n\t\t\t\n\t\t>\n<div class=\"siteorigin-widget-tinymce textwidget\">\n\t<p><a style=\"color=\"#fff;\" href=\"https:\/\/www.facebook.com\/people\/Predn\u00e9-brzdov\u00e9-svetlo-FRONT-BRAKE-LIGHT-offical\/61552622936436\/\" target=\"blank\">Facebook<\/a><\/p>\n<\/div>\n<\/div><\/div><\/div><\/div><\/div><\/div><\/div><\/div><\/div><\/div><\/div><\/div>","protected":false},"excerpt":{"rendered":"<p>Kontaktinformationen +421 918 647 901 info@frontbrakelights.com Adresse LUMACO INNOVATIONS AG Sihleggstrasse 23 8832 Wollerau Switzerland Steuerinformationen Id. Nr.: 48 084 964 Steuer-ID-Nummer: 2120051956 VAT identification number: SK2120051956 Projektmanagement Mgr. \u013dubom\u00edr Marjak CEO Ing. Milada Hul\u00e1kov\u00e1 Projektmanager Folgen Sie uns<\/p>\n","protected":false},"author":1,"featured_media":1046,"parent":0,"menu_order":0,"comment_status":"closed","ping_status":"closed","template":"template-contact.php","meta":{"inline_featured_image":false,"footnotes":""},"class_list":["post-1453","page","type-page","status-publish","has-post-thumbnail","hentry"],"acf":[],"yoast_head":"<!-- This site is optimized with the Yoast SEO plugin v21.5 - https:\/\/yoast.com\/wordpress\/plugins\/seo\/ -->\n<title>Kontaktiere uns - BREMSLICHT VORNE - Offizielle Seite<\/title>\n<meta name=\"robots\" content=\"index, follow, max-snippet:-1, max-image-preview:large, max-video-preview:-1\" \/>\n<link rel=\"canonical\" href=\"https:\/\/www.frontbrakelights.com\/de\/kontaktiere-uns\/\" \/>\n<meta property=\"og:locale\" content=\"de_DE\" \/>\n<meta property=\"og:type\" content=\"article\" \/>\n<meta property=\"og:title\" content=\"Kontaktiere uns - BREMSLICHT VORNE - Offizielle Seite\" \/>\n<meta property=\"og:description\" content=\"Kontaktinformationen +421 918 647 901 info@frontbrakelights.com Adresse LUMACO INNOVATIONS AG Sihleggstrasse 23 8832 Wollerau Switzerland Steuerinformationen Id. Nr.: 48 084 964 Steuer-ID-Nummer: 2120051956 VAT identification number: SK2120051956 Projektmanagement Mgr. \u013dubom\u00edr Marjak CEO Ing. Milada Hul\u00e1kov\u00e1 Projektmanager Folgen Sie uns\" \/>\n<meta property=\"og:url\" content=\"https:\/\/www.frontbrakelights.com\/de\/kontaktiere-uns\/\" \/>\n<meta property=\"og:site_name\" content=\"BREMSLICHT VORNE - Offizielle Seite\" \/>\n<meta property=\"article:publisher\" content=\"https:\/\/www.facebook.com\/profile.php?id=61552622936436\" \/>\n<meta property=\"article:modified_time\" content=\"2023-11-28T10:15:14+00:00\" \/>\n<meta property=\"og:image\" content=\"https:\/\/www.frontbrakelights.com\/wp-content\/uploads\/2023\/09\/TITULKA_5.webp\" \/>\n\t<meta property=\"og:image:width\" content=\"2500\" \/>\n\t<meta property=\"og:image:height\" content=\"1164\" \/>\n\t<meta property=\"og:image:type\" content=\"image\/webp\" \/>\n<meta name=\"twitter:card\" content=\"summary_large_image\" \/>\n<meta name=\"twitter:label1\" content=\"Gesch\u00e4tzte Lesezeit\" \/>\n\t<meta name=\"twitter:data1\" content=\"1\u00a0Minute\" \/>\n<script type=\"application\/ld+json\" class=\"yoast-schema-graph\">{\"@context\":\"https:\/\/schema.org\",\"@graph\":[{\"@type\":\"WebPage\",\"@id\":\"https:\/\/www.frontbrakelights.com\/de\/kontaktiere-uns\/\",\"url\":\"https:\/\/www.frontbrakelights.com\/de\/kontaktiere-uns\/\",\"name\":\"Kontaktiere uns - BREMSLICHT VORNE - Offizielle Seite\",\"isPartOf\":{\"@id\":\"https:\/\/www.frontbrakelights.com\/de\/#website\"},\"datePublished\":\"2023-09-18T13:18:06+00:00\",\"dateModified\":\"2023-11-28T10:15:14+00:00\",\"breadcrumb\":{\"@id\":\"https:\/\/www.frontbrakelights.com\/de\/kontaktiere-uns\/#breadcrumb\"},\"inLanguage\":\"de\",\"potentialAction\":[{\"@type\":\"ReadAction\",\"target\":[\"https:\/\/www.frontbrakelights.com\/de\/kontaktiere-uns\/\"]}]},{\"@type\":\"BreadcrumbList\",\"@id\":\"https:\/\/www.frontbrakelights.com\/de\/kontaktiere-uns\/#breadcrumb\",\"itemListElement\":[{\"@type\":\"ListItem\",\"position\":1,\"name\":\"Home\",\"item\":\"https:\/\/www.frontbrakelights.com\/de\/\"},{\"@type\":\"ListItem\",\"position\":2,\"name\":\"Kontaktiere uns\"}]},{\"@type\":\"WebSite\",\"@id\":\"https:\/\/www.frontbrakelights.com\/de\/#website\",\"url\":\"https:\/\/www.frontbrakelights.com\/de\/\",\"name\":\"Front brake light\",\"description\":\"Front brake light\",\"potentialAction\":[{\"@type\":\"SearchAction\",\"target\":{\"@type\":\"EntryPoint\",\"urlTemplate\":\"https:\/\/www.frontbrakelights.com\/de\/?s={search_term_string}\"},\"query-input\":\"required name=search_term_string\"}],\"inLanguage\":\"de\"}]}<\/script>\n<!-- \/ Yoast SEO plugin. -->","yoast_head_json":{"title":"Kontaktiere uns - BREMSLICHT VORNE - Offizielle Seite","robots":{"index":"index","follow":"follow","max-snippet":"max-snippet:-1","max-image-preview":"max-image-preview:large","max-video-preview":"max-video-preview:-1"},"canonical":"https:\/\/www.frontbrakelights.com\/de\/kontaktiere-uns\/","og_locale":"de_DE","og_type":"article","og_title":"Kontaktiere uns - BREMSLICHT VORNE - Offizielle Seite","og_description":"Kontaktinformationen +421 918 647 901 info@frontbrakelights.com Adresse LUMACO INNOVATIONS AG Sihleggstrasse 23 8832 Wollerau Switzerland Steuerinformationen Id. Nr.: 48 084 964 Steuer-ID-Nummer: 2120051956 VAT identification number: SK2120051956 Projektmanagement Mgr. \u013dubom\u00edr Marjak CEO Ing. Milada Hul\u00e1kov\u00e1 Projektmanager Folgen Sie uns","og_url":"https:\/\/www.frontbrakelights.com\/de\/kontaktiere-uns\/","og_site_name":"BREMSLICHT VORNE - Offizielle Seite","article_publisher":"https:\/\/www.facebook.com\/profile.php?id=61552622936436","article_modified_time":"2023-11-28T10:15:14+00:00","og_image":[{"width":2500,"height":1164,"url":"https:\/\/www.frontbrakelights.com\/wp-content\/uploads\/2023\/09\/TITULKA_5.webp","type":"image\/webp"}],"twitter_card":"summary_large_image","twitter_misc":{"Gesch\u00e4tzte Lesezeit":"1\u00a0Minute"},"schema":{"@context":"https:\/\/schema.org","@graph":[{"@type":"WebPage","@id":"https:\/\/www.frontbrakelights.com\/de\/kontaktiere-uns\/","url":"https:\/\/www.frontbrakelights.com\/de\/kontaktiere-uns\/","name":"Kontaktiere uns - BREMSLICHT VORNE - Offizielle Seite","isPartOf":{"@id":"https:\/\/www.frontbrakelights.com\/de\/#website"},"datePublished":"2023-09-18T13:18:06+00:00","dateModified":"2023-11-28T10:15:14+00:00","breadcrumb":{"@id":"https:\/\/www.frontbrakelights.com\/de\/kontaktiere-uns\/#breadcrumb"},"inLanguage":"de","potentialAction":[{"@type":"ReadAction","target":["https:\/\/www.frontbrakelights.com\/de\/kontaktiere-uns\/"]}]},{"@type":"BreadcrumbList","@id":"https:\/\/www.frontbrakelights.com\/de\/kontaktiere-uns\/#breadcrumb","itemListElement":[{"@type":"ListItem","position":1,"name":"Home","item":"https:\/\/www.frontbrakelights.com\/de\/"},{"@type":"ListItem","position":2,"name":"Kontaktiere uns"}]},{"@type":"WebSite","@id":"https:\/\/www.frontbrakelights.com\/de\/#website","url":"https:\/\/www.frontbrakelights.com\/de\/","name":"Front brake light","description":"Front brake light","potentialAction":[{"@type":"SearchAction","target":{"@type":"EntryPoint","urlTemplate":"https:\/\/www.frontbrakelights.com\/de\/?s={search_term_string}"},"query-input":"required name=search_term_string"}],"inLanguage":"de"}]}},"_links":{"self":[{"href":"https:\/\/www.frontbrakelights.com\/de\/wp-json\/wp\/v2\/pages\/1453","targetHints":{"allow":["GET"]}}],"collection":[{"href":"https:\/\/www.frontbrakelights.com\/de\/wp-json\/wp\/v2\/pages"}],"about":[{"href":"https:\/\/www.frontbrakelights.com\/de\/wp-json\/wp\/v2\/types\/page"}],"author":[{"embeddable":true,"href":"https:\/\/www.frontbrakelights.com\/de\/wp-json\/wp\/v2\/users\/1"}],"replies":[{"embeddable":true,"href":"https:\/\/www.frontbrakelights.com\/de\/wp-json\/wp\/v2\/comments?post=1453"}],"version-history":[{"count":7,"href":"https:\/\/www.frontbrakelights.com\/de\/wp-json\/wp\/v2\/pages\/1453\/revisions"}],"predecessor-version":[{"id":1676,"href":"https:\/\/www.frontbrakelights.com\/de\/wp-json\/wp\/v2\/pages\/1453\/revisions\/1676"}],"wp:featuredmedia":[{"embeddable":true,"href":"https:\/\/www.frontbrakelights.com\/de\/wp-json\/wp\/v2\/media\/1046"}],"wp:attachment":[{"href":"https:\/\/www.frontbrakelights.com\/de\/wp-json\/wp\/v2\/media?parent=1453"}],"curies":[{"name":"wp","href":"https:\/\/api.w.org\/{rel}","templated":true}]}}