{"id":1456,"date":"2023-09-17T00:55:02","date_gmt":"2023-09-16T22:55:02","guid":{"rendered":"https:\/\/www.frontbrakelights.com\/data-protection\/"},"modified":"2023-11-27T08:49:59","modified_gmt":"2023-11-27T07:49:59","slug":"datenschutz","status":"publish","type":"page","link":"https:\/\/www.frontbrakelights.com\/de\/datenschutz\/","title":{"rendered":"Datenschutz"},"content":{"rendered":"<div id=\"pl-1456\"  class=\"panel-layout\" ><div id=\"pg-1456-0\"  class=\"panel-grid panel-no-style\" ><div id=\"pgc-1456-0-0\"  class=\"panel-grid-cell panel-grid-cell-empty\" ><\/div><div id=\"pgc-1456-0-1\"  class=\"panel-grid-cell panel-grid-cell-mobile-last\" ><div id=\"panel-1456-0-1-0\" class=\"so-panel widget widget_sow-editor panel-first-child panel-last-child\" data-index=\"0\" ><div\n\t\t\t\n\t\t\tclass=\"so-widget-sow-editor so-widget-sow-editor-base\"\n\t\t\t\n\t\t>\n<div class=\"siteorigin-widget-tinymce textwidget\">\n\t<div id=\"data\">\n<h3>Impressum<\/h3>\n<\/div>\n<p>Verantwortlich im Sinne des Presserechts:<\/p>\n<ul>\n<li>IWWS Institut f\u00fcr Wissenstransfer und Weiterbildung im Stra\u00dfenwesen e.V.<\/li>\n<li>Siegfriedstr. 28, 53179 Bonn, Deutschland<\/li>\n<li><strong>Bernhard Kirschbaum<\/strong><\/li>\n<li>E-Mail: <a href=\"mailto:b.kirschbaum@iwws-ev.de\">b.kirschbaum@iwws-ev.de<\/a><\/li>\n<\/ul>\n<h3><\/h3>\n<h3>Datenschutzhinweise zu dieser Website<\/h3>\n<p><strong>A. Erhebung und Verarbeitung personenbezogener Daten, Zweck<\/strong><br \/>\nPersonenbezogene Daten sind alle Informationen zu Ihrer Identit\u00e4t, beispielsweise Ihr Name, Ihre E-Mail-Adresse oder Ihre Postanschrift.<br \/>\nZur Bearbeitung Ihrer Anfragen oder Bestellungen erheben, speichern, verarbeiten und nutzen wir Ihre personenbezogenen Daten entsprechend den geltenden Vorschriften zum Schutz personenbezogener Daten. Dar\u00fcber hinaus erheben, speichern und verarbeiten wir personenbezogene Daten, soweit wir aus gesetzlichen oder sonstigen Gr\u00fcnden gem\u00e4\u00df Art. 6 DSGVO und \u00a7 25 BDSG zu deren Erhebung berechtigt oder verpflichtet sind.<\/p>\n<p>\u201eBesondere Arten personenbezogener Daten\u201c sind im Allgemeinen Daten zur rassischen und ethnischen Herkunft, zur politischen Meinung, zu religi\u00f6sen und weltanschaulichen \u00dcberzeugungen, zur Gewerkschaftszugeh\u00f6rigkeit, zu genetischen Daten, zu biometrischen Daten, zu Gesundheitsdaten, zu Daten zum Sexualleben, zur sexuellen Orientierung usw von uns nicht erhoben, gespeichert oder verarbeitet.<\/p>\n<p>Im Rahmen der gesetzlich zul\u00e4ssigen Nutzung (wie vorab beschrieben) k\u00f6nnen auch unsere externen Dienstleister, insbesondere unsere IT-Dienstleister (Homepage, Soft- und Hardware-Betreuer), mit personenbezogenen Daten in Ber\u00fchrung kommen.<br \/>\nEine Daten\u00fcbermittlung in L\u00e4nder au\u00dferhalb der Europ\u00e4ischen Union und des Europ\u00e4ischen Wirtschaftsraums (\u201eDrittl\u00e4nder\u201c) erfolgt nicht.<\/p>\n<p><strong>B. Informationen zu Ihren Rechten<\/strong><br \/>\nSie k\u00f6nnen von uns jederzeit Auskunft \u00fcber die zu Ihrer Person gespeicherten Daten und\/oder deren Berichtigung im Falle von Fehlern verlangen. Gerne stellen wir Ihnen diese Auskunft im Rahmen der Art. 12 und 15 DSGVO kostenfrei zur Verf\u00fcgung.<br \/>\nDar\u00fcber hinaus k\u00f6nnen Sie die Einschr\u00e4nkung der Verarbeitung, die \u00dcbermittlung Ihrer bei uns gespeicherten personenbezogenen Daten an Sie in einem maschinenlesbaren Format oder die L\u00f6schung Ihrer Daten verlangen.<\/p>\n<p>Dar\u00fcber hinaus haben Sie jederzeit das Recht, der Nutzung Ihrer Daten zu widersprechen, auch wenn diese auf Grundlage \u00f6ffentlicher oder berechtigter Interessen erfolgt, insbesondere Widerspruch gegen Werbung einzulegen. Bitte kontaktieren Sie uns hierzu formell oder per E-Mail.<br \/>\nZus\u00e4tzlich zur Geltendmachung Ihrer vorstehenden Rechte uns gegen\u00fcber k\u00f6nnen Sie sich jederzeit mit einer Beschwerde an den \u00f6rtlich zust\u00e4ndigen Landesbeauftragten f\u00fcr Datenschutz und Informationsfreiheit Nordrhein-Westfalen, Postfach 200444, 40102 D\u00fcsseldorf, <a target=\"_blank\" rel=\"noopener\">poststelle@ldi.nrw.de<\/a> (derzeit Frau Helga Block).<\/p>\n<p><strong>C. Weitere Informationen zum Umgang mit personenbezogenen Daten<\/strong><br \/>\nUnseren Datenschutzbeauftragten erreichen Sie unter der angegebenen Kontaktadresse oder <a href=\"mailto:b.kirschbaum@iwws-ev.de\" target=\"_blank\" rel=\"noopener\">b.kirschbaum@iwws-ev.de <\/a><br \/>\nWir treffen Vorkehrungen, um Ihre personenbezogenen Daten vor Verlust, Zerst\u00f6rung, Verf\u00e4lschung, Manipulation und unbefugtem Zugriff zu sch\u00fctzen. Die gesetzlichen Datenschutzbestimmungen werden beachtet.<\/p>\n<p>Wir m\u00f6chten darauf hinweisen, dass das Internet ein globales Umfeld ist. Sofern Sie unsere Homepages nutzen und\/oder auf elektronischem Wege (E-Mail) mit uns kommunizieren, erkl\u00e4ren Sie sich mit der unverschl\u00fcsselten \u00dcbermittlung aller Daten, die Sie uns \u00fcbermitteln m\u00f6chten, einverstanden. Aufgrund der internetbedingten Einstufungen und Risiken erfolgt dies auf eigenes Risiko.<\/p>\n<p>Unsere Homepages enthalten auch Links zu anderen Institutionen und Anbietern. Diese Datenschutzerkl\u00e4rung deckt diese nicht ab.<br \/>\nIhr Internetbrowser \u00fcbermittelt beim Zugriff automatisch Daten an den Webserver, sofern dies aus technischen Gr\u00fcnden erforderlich ist. Eine Auswertung oder Verarbeitung dieser Daten erfolgt durch uns nicht.<\/p>\n<h3><\/h3>\n<h3>Haftungsausschluss<\/h3>\n<p>F\u00fcr Sch\u00e4den, die dadurch entstehen, dass jemand auf die Kontinuit\u00e4t, Aktualit\u00e4t, Korrektheit, Vollst\u00e4ndigkeit oder Qualit\u00e4t der auf dieser Website bereitgestellten Informationen vertraut, kann keine Haftung \u00fcbernommen werden. Eine Haftung f\u00fcr Inhalte jeglicher Art auf verlinkten Websites, insbesondere nach der Linksetzung, kann ebenfalls nicht \u00fcbernommen werden.<\/p>\n<\/div>\n<\/div><\/div><\/div><div id=\"pgc-1456-0-2\"  class=\"panel-grid-cell panel-grid-cell-empty\" ><\/div><\/div><\/div>","protected":false},"excerpt":{"rendered":"<p>Impressum Verantwortlich im Sinne des Presserechts: IWWS Institut f\u00fcr Wissenstransfer und Weiterbildung im Stra\u00dfenwesen e.V. Siegfriedstr. 28, 53179 Bonn, Deutschland Bernhard Kirschbaum E-Mail: b.kirschbaum@iwws-ev.de Datenschutzhinweise zu dieser Website A. Erhebung und Verarbeitung personenbezogener Daten, Zweck Personenbezogene Daten sind alle Informationen zu Ihrer Identit\u00e4t, beispielsweise Ihr Name, Ihre E-Mail-Adresse oder Ihre Postanschrift. Zur Bearbeitung Ihrer Anfragen <a href=\"https:\/\/www.frontbrakelights.com\/de\/datenschutz\/\" class=\"more-link\">&#8230;<span class=\"screen-reader-text\">  Datenschutz<\/span><\/a><\/p>\n","protected":false},"author":1,"featured_media":1162,"parent":0,"menu_order":0,"comment_status":"closed","ping_status":"open","template":"","meta":{"inline_featured_image":false,"footnotes":""},"class_list":["post-1456","page","type-page","status-publish","has-post-thumbnail","hentry"],"acf":[],"yoast_head":"<!-- This site is optimized with the Yoast SEO plugin v21.5 - https:\/\/yoast.com\/wordpress\/plugins\/seo\/ -->\n<title>Datenschutz - BREMSLICHT VORNE - Offizielle Seite<\/title>\n<meta name=\"robots\" content=\"index, follow, max-snippet:-1, max-image-preview:large, max-video-preview:-1\" \/>\n<link rel=\"canonical\" href=\"https:\/\/www.frontbrakelights.com\/de\/datenschutz\/\" \/>\n<meta property=\"og:locale\" content=\"de_DE\" \/>\n<meta property=\"og:type\" content=\"article\" \/>\n<meta property=\"og:title\" content=\"Datenschutz - BREMSLICHT VORNE - Offizielle Seite\" \/>\n<meta property=\"og:description\" content=\"Impressum Verantwortlich im Sinne des Presserechts: IWWS Institut f\u00fcr Wissenstransfer und Weiterbildung im Stra\u00dfenwesen e.V. Siegfriedstr. 28, 53179 Bonn, Deutschland Bernhard Kirschbaum E-Mail: b.kirschbaum@iwws-ev.de Datenschutzhinweise zu dieser Website A. Erhebung und Verarbeitung personenbezogener Daten, Zweck Personenbezogene Daten sind alle Informationen zu Ihrer Identit\u00e4t, beispielsweise Ihr Name, Ihre E-Mail-Adresse oder Ihre Postanschrift. Zur Bearbeitung Ihrer Anfragen ... Datenschutz\" \/>\n<meta property=\"og:url\" content=\"https:\/\/www.frontbrakelights.com\/de\/datenschutz\/\" \/>\n<meta property=\"og:site_name\" content=\"BREMSLICHT VORNE - Offizielle Seite\" \/>\n<meta property=\"article:publisher\" content=\"https:\/\/www.facebook.com\/profile.php?id=61552622936436\" \/>\n<meta property=\"article:modified_time\" content=\"2023-11-27T07:49:59+00:00\" \/>\n<meta property=\"og:image\" content=\"https:\/\/www.frontbrakelights.com\/wp-content\/uploads\/2023\/11\/Titulka_Predne_brzdove_svetlo.png\" \/>\n\t<meta property=\"og:image:width\" content=\"2500\" \/>\n\t<meta property=\"og:image:height\" content=\"1401\" \/>\n\t<meta property=\"og:image:type\" content=\"image\/png\" \/>\n<meta name=\"twitter:card\" content=\"summary_large_image\" \/>\n<meta name=\"twitter:label1\" content=\"Gesch\u00e4tzte Lesezeit\" \/>\n\t<meta name=\"twitter:data1\" content=\"3\u00a0Minuten\" \/>\n<script type=\"application\/ld+json\" class=\"yoast-schema-graph\">{\"@context\":\"https:\/\/schema.org\",\"@graph\":[{\"@type\":\"WebPage\",\"@id\":\"https:\/\/www.frontbrakelights.com\/de\/datenschutz\/\",\"url\":\"https:\/\/www.frontbrakelights.com\/de\/datenschutz\/\",\"name\":\"Datenschutz - BREMSLICHT VORNE - Offizielle Seite\",\"isPartOf\":{\"@id\":\"https:\/\/www.frontbrakelights.com\/de\/#website\"},\"datePublished\":\"2023-09-16T22:55:02+00:00\",\"dateModified\":\"2023-11-27T07:49:59+00:00\",\"breadcrumb\":{\"@id\":\"https:\/\/www.frontbrakelights.com\/de\/datenschutz\/#breadcrumb\"},\"inLanguage\":\"de\",\"potentialAction\":[{\"@type\":\"ReadAction\",\"target\":[\"https:\/\/www.frontbrakelights.com\/de\/datenschutz\/\"]}]},{\"@type\":\"BreadcrumbList\",\"@id\":\"https:\/\/www.frontbrakelights.com\/de\/datenschutz\/#breadcrumb\",\"itemListElement\":[{\"@type\":\"ListItem\",\"position\":1,\"name\":\"Home\",\"item\":\"https:\/\/www.frontbrakelights.com\/de\/\"},{\"@type\":\"ListItem\",\"position\":2,\"name\":\"Datenschutz\"}]},{\"@type\":\"WebSite\",\"@id\":\"https:\/\/www.frontbrakelights.com\/de\/#website\",\"url\":\"https:\/\/www.frontbrakelights.com\/de\/\",\"name\":\"Front brake light\",\"description\":\"Front brake light\",\"potentialAction\":[{\"@type\":\"SearchAction\",\"target\":{\"@type\":\"EntryPoint\",\"urlTemplate\":\"https:\/\/www.frontbrakelights.com\/de\/?s={search_term_string}\"},\"query-input\":\"required name=search_term_string\"}],\"inLanguage\":\"de\"}]}<\/script>\n<!-- \/ Yoast SEO plugin. -->","yoast_head_json":{"title":"Datenschutz - BREMSLICHT VORNE - Offizielle Seite","robots":{"index":"index","follow":"follow","max-snippet":"max-snippet:-1","max-image-preview":"max-image-preview:large","max-video-preview":"max-video-preview:-1"},"canonical":"https:\/\/www.frontbrakelights.com\/de\/datenschutz\/","og_locale":"de_DE","og_type":"article","og_title":"Datenschutz - BREMSLICHT VORNE - Offizielle Seite","og_description":"Impressum Verantwortlich im Sinne des Presserechts: IWWS Institut f\u00fcr Wissenstransfer und Weiterbildung im Stra\u00dfenwesen e.V. Siegfriedstr. 28, 53179 Bonn, Deutschland Bernhard Kirschbaum E-Mail: b.kirschbaum@iwws-ev.de Datenschutzhinweise zu dieser Website A. Erhebung und Verarbeitung personenbezogener Daten, Zweck Personenbezogene Daten sind alle Informationen zu Ihrer Identit\u00e4t, beispielsweise Ihr Name, Ihre E-Mail-Adresse oder Ihre Postanschrift. Zur Bearbeitung Ihrer Anfragen ... Datenschutz","og_url":"https:\/\/www.frontbrakelights.com\/de\/datenschutz\/","og_site_name":"BREMSLICHT VORNE - Offizielle Seite","article_publisher":"https:\/\/www.facebook.com\/profile.php?id=61552622936436","article_modified_time":"2023-11-27T07:49:59+00:00","og_image":[{"width":2500,"height":1401,"url":"https:\/\/www.frontbrakelights.com\/wp-content\/uploads\/2023\/11\/Titulka_Predne_brzdove_svetlo.png","type":"image\/png"}],"twitter_card":"summary_large_image","twitter_misc":{"Gesch\u00e4tzte Lesezeit":"3\u00a0Minuten"},"schema":{"@context":"https:\/\/schema.org","@graph":[{"@type":"WebPage","@id":"https:\/\/www.frontbrakelights.com\/de\/datenschutz\/","url":"https:\/\/www.frontbrakelights.com\/de\/datenschutz\/","name":"Datenschutz - BREMSLICHT VORNE - Offizielle Seite","isPartOf":{"@id":"https:\/\/www.frontbrakelights.com\/de\/#website"},"datePublished":"2023-09-16T22:55:02+00:00","dateModified":"2023-11-27T07:49:59+00:00","breadcrumb":{"@id":"https:\/\/www.frontbrakelights.com\/de\/datenschutz\/#breadcrumb"},"inLanguage":"de","potentialAction":[{"@type":"ReadAction","target":["https:\/\/www.frontbrakelights.com\/de\/datenschutz\/"]}]},{"@type":"BreadcrumbList","@id":"https:\/\/www.frontbrakelights.com\/de\/datenschutz\/#breadcrumb","itemListElement":[{"@type":"ListItem","position":1,"name":"Home","item":"https:\/\/www.frontbrakelights.com\/de\/"},{"@type":"ListItem","position":2,"name":"Datenschutz"}]},{"@type":"WebSite","@id":"https:\/\/www.frontbrakelights.com\/de\/#website","url":"https:\/\/www.frontbrakelights.com\/de\/","name":"Front brake light","description":"Front brake light","potentialAction":[{"@type":"SearchAction","target":{"@type":"EntryPoint","urlTemplate":"https:\/\/www.frontbrakelights.com\/de\/?s={search_term_string}"},"query-input":"required name=search_term_string"}],"inLanguage":"de"}]}},"_links":{"self":[{"href":"https:\/\/www.frontbrakelights.com\/de\/wp-json\/wp\/v2\/pages\/1456","targetHints":{"allow":["GET"]}}],"collection":[{"href":"https:\/\/www.frontbrakelights.com\/de\/wp-json\/wp\/v2\/pages"}],"about":[{"href":"https:\/\/www.frontbrakelights.com\/de\/wp-json\/wp\/v2\/types\/page"}],"author":[{"embeddable":true,"href":"https:\/\/www.frontbrakelights.com\/de\/wp-json\/wp\/v2\/users\/1"}],"replies":[{"embeddable":true,"href":"https:\/\/www.frontbrakelights.com\/de\/wp-json\/wp\/v2\/comments?post=1456"}],"version-history":[{"count":2,"href":"https:\/\/www.frontbrakelights.com\/de\/wp-json\/wp\/v2\/pages\/1456\/revisions"}],"predecessor-version":[{"id":1458,"href":"https:\/\/www.frontbrakelights.com\/de\/wp-json\/wp\/v2\/pages\/1456\/revisions\/1458"}],"wp:featuredmedia":[{"embeddable":true,"href":"https:\/\/www.frontbrakelights.com\/de\/wp-json\/wp\/v2\/media\/1162"}],"wp:attachment":[{"href":"https:\/\/www.frontbrakelights.com\/de\/wp-json\/wp\/v2\/media?parent=1456"}],"curies":[{"name":"wp","href":"https:\/\/api.w.org\/{rel}","templated":true}]}}