{"id":1464,"date":"2023-10-13T07:21:47","date_gmt":"2023-10-13T05:21:47","guid":{"rendered":"https:\/\/www.frontbrakelights.com\/milestones\/"},"modified":"2023-11-27T08:59:53","modified_gmt":"2023-11-27T07:59:53","slug":"meilensteine","status":"publish","type":"page","link":"https:\/\/www.frontbrakelights.com\/de\/meilensteine\/","title":{"rendered":"Meilensteine"},"content":{"rendered":"<div id=\"pl-1464\"  class=\"panel-layout\" ><div id=\"pg-1464-0\"  class=\"panel-grid panel-has-style\" ><div class=\"year-bottom panel-row-style panel-row-style-for-1464-0\" ><div id=\"pgc-1464-0-0\"  class=\"panel-grid-cell\" ><div id=\"panel-1464-0-0-0\" class=\"so-panel widget widget_sow-editor panel-first-child panel-last-child\" data-index=\"0\" ><div class=\"year-img-before panel-widget-style panel-widget-style-for-1464-0-0-0\" ><div\n\t\t\t\n\t\t\tclass=\"so-widget-sow-editor so-widget-sow-editor-base\"\n\t\t\t\n\t\t>\n<div class=\"siteorigin-widget-tinymce textwidget\">\n\t<h1 class=\"year\">2021<\/h1>\n<\/div>\n<\/div><\/div><\/div><\/div><div id=\"pgc-1464-0-1\"  class=\"panel-grid-cell\" ><div id=\"panel-1464-0-1-0\" class=\"so-panel widget widget_sow-editor panel-first-child panel-last-child\" data-index=\"1\" ><div\n\t\t\t\n\t\t\tclass=\"so-widget-sow-editor so-widget-sow-editor-base\"\n\t\t\t\n\t\t>\n<div class=\"siteorigin-widget-tinymce textwidget\">\n\t<h3 style=\"padding-bottom: 15px;\">Dezember<\/h3>\n<p>Ver\u00f6ffentlichung eines Gutachtens aus Sicht der Unfallanalyse, das die Idee eines vorderen Bremslichts unterst\u00fctzt \u2013 insbesondere bei Radunf\u00e4llen mit entgegenkommenden und links abbiegenden Fahrzeugen.<\/p>\n<\/div>\n<\/div><\/div><\/div><\/div><\/div><div id=\"pg-1464-1\"  class=\"panel-grid panel-has-style\" ><div class=\"year-bottom panel-row-style panel-row-style-for-1464-1\" ><div id=\"pgc-1464-1-0\"  class=\"panel-grid-cell\" ><div id=\"panel-1464-1-0-0\" class=\"so-panel widget widget_sow-editor panel-first-child panel-last-child\" data-index=\"2\" ><div class=\"year-img-before panel-widget-style panel-widget-style-for-1464-1-0-0\" ><div\n\t\t\t\n\t\t\tclass=\"so-widget-sow-editor so-widget-sow-editor-base\"\n\t\t\t\n\t\t>\n<div class=\"siteorigin-widget-tinymce textwidget\">\n\t<h1 class=\"year\">2020<\/h1>\n<\/div>\n<\/div><\/div><\/div><\/div><div id=\"pgc-1464-1-1\"  class=\"panel-grid-cell\" ><div id=\"panel-1464-1-1-0\" class=\"so-panel widget widget_sow-editor panel-first-child panel-last-child\" data-index=\"3\" ><div\n\t\t\t\n\t\t\tclass=\"so-widget-sow-editor so-widget-sow-editor-base\"\n\t\t\t\n\t\t>\n<div class=\"siteorigin-widget-tinymce textwidget\">\n\t<h3 style=\"padding-bottom: 15px;\">November<\/h3>\n<h5>Parlamentarische Webkonferenz<\/h5>\n<p>zusammen mit Sven Schulze, MdEP und Vizepr\u00e4sident im Verkehrsausschuss des Europ\u00e4ischen Parlaments (TRAN), als Schirmherr. Aus Sicht der professionellen Unfallanalyse wurden neue Ergebnisse und positive Aspekte einer Vorderradbremsleuchte in bestimmten Unfallsituationen vorgestellt. Au\u00dferdem eine Einf\u00fchrung in den bevorstehenden gro\u00dfen Feldversuch in der Stadt Bratislava, der f\u00fcr 2021 geplant ist.<\/p>\n<h3 style=\"padding: 15px 0;\">Februar<\/h3>\n<h5>Br\u00fcssel<\/h5>\n<p>Treffen mit Vertretern der Europ\u00e4ischen Kommission, des Europ\u00e4ischen Parlaments und des Europ\u00e4ischen Wirtschaftssenats \u2013 Vorstellung bevorstehender Projekte zum Testen von Vorderradbremslichtern im realen Verkehr in SK und DE, Vorbereitung anderer Materialien f\u00fcr wissenschaftliche Studien und Gesetzgebung.<\/p>\n<h5>Bratislava<\/h5>\n<p>Vorbereitung des Projekts \u201eFront Brake Light\u201c und dessen Erprobung im realen Verkehr unter Beteiligung aller Partner und Regierungsvertreter der Slowakei. Voraussichtlicher Beginn des Projekts \u2013 erste H\u00e4lfte des Jahres 2021, mit Zusammenarbeit slowakischer und ausl\u00e4ndischer Universit\u00e4ten bei dem Projekt.<\/p>\n<\/div>\n<\/div><\/div><\/div><\/div><\/div><div id=\"pg-1464-2\"  class=\"panel-grid panel-has-style\" ><div class=\"year-bottom panel-row-style panel-row-style-for-1464-2\" ><div id=\"pgc-1464-2-0\"  class=\"panel-grid-cell\" ><div id=\"panel-1464-2-0-0\" class=\"so-panel widget widget_sow-editor panel-first-child panel-last-child\" data-index=\"4\" ><div class=\"year-img-before panel-widget-style panel-widget-style-for-1464-2-0-0\" ><div\n\t\t\t\n\t\t\tclass=\"so-widget-sow-editor so-widget-sow-editor-base\"\n\t\t\t\n\t\t>\n<div class=\"siteorigin-widget-tinymce textwidget\">\n\t<h1 class=\"year\">2019<\/h1>\n<\/div>\n<\/div><\/div><\/div><\/div><div id=\"pgc-1464-2-1\"  class=\"panel-grid-cell\" ><div id=\"panel-1464-2-1-0\" class=\"so-panel widget widget_sow-editor panel-first-child panel-last-child\" data-index=\"5\" ><div\n\t\t\t\n\t\t\tclass=\"so-widget-sow-editor so-widget-sow-editor-base\"\n\t\t\t\n\t\t>\n<div class=\"siteorigin-widget-tinymce textwidget\">\n\t<h3 style=\"padding-bottom: 15px;\">Oktober<\/h3>\n<p>Erfolgreich <a href=\"http:\/\/pbs.wauweb.sk\/wp-content\/uploads\/2023\/11\/Poster-Front-Brake-Light-at-EVU-2019.pdf\" target=\"_blank\" rel=\"noopener\">Pr\u00e4sentation der Idee des Vorderbremslichts vor der EVU European Association for Accident Research and Analysis<\/a> auf der 28. EVU-Konferenz in Barcelona.<\/p>\n<h3 style=\"padding: 15px 0;\">Juli<\/h3>\n<p>\u201eFEVR unterst\u00fctzt alle Ma\u00dfnahmen, die dazu beitragen, die Zahl der Toten und Schwerverletzten im Stra\u00dfenverkehr zu reduzieren. Es gibt viele gute und erschwingliche Initiativen im Zusammenhang mit menschlichem Verhalten, Infrastruktur und Strafverfolgung, aber auch mit technischen Innovationen im Automobilsektor. Trotz einiger Diskussionen bin ich davon \u00fcberzeugt, dass die Idee eines vorderen Bremslichts einen positiven Beitrag zur Verkehrssicherheit leisten wird.\u201c<\/p>\n<p style=\"text-align: right;\">Jeannot Mersch, Pr\u00e4sident von FEVR<\/p>\n<h3 style=\"padding: 15px 0;\">April<\/h3>\n<p>Vorstellung der Front Brake Light-Idee und wissenschaftlicher Forschungsergebnisse bei den Wirtschaftsgespr\u00e4chen Bratislava \u201eMobilit\u00e4t der Zukunft\u201c durch den Europ\u00e4ischen Wirtschaftssenat unter der Schirmherrschaft von Ing. Peter Pellegrini, Premierminister der Slowakei, mit Beitr\u00e4gen von Vertretern des Ministeriums f\u00fcr Verkehr und Bau der Slowakischen Republik und des Europ\u00e4ischen Parlaments.<\/p>\n<\/div>\n<\/div><\/div><\/div><\/div><\/div><div id=\"pg-1464-3\"  class=\"panel-grid panel-has-style\" ><div class=\"year-bottom panel-row-style panel-row-style-for-1464-3\" ><div id=\"pgc-1464-3-0\"  class=\"panel-grid-cell\" ><div id=\"panel-1464-3-0-0\" class=\"so-panel widget widget_sow-editor panel-first-child panel-last-child\" data-index=\"6\" ><div class=\"year-img-before panel-widget-style panel-widget-style-for-1464-3-0-0\" ><div\n\t\t\t\n\t\t\tclass=\"so-widget-sow-editor so-widget-sow-editor-base\"\n\t\t\t\n\t\t>\n<div class=\"siteorigin-widget-tinymce textwidget\">\n\t<h1 class=\"year\">2018<\/h1>\n<\/div>\n<\/div><\/div><\/div><\/div><div id=\"pgc-1464-3-1\"  class=\"panel-grid-cell\" ><div id=\"panel-1464-3-1-0\" class=\"so-panel widget widget_sow-editor panel-first-child panel-last-child\" data-index=\"7\" ><div class=\"panel-widget-style panel-widget-style-for-1464-3-1-0\" ><div\n\t\t\t\n\t\t\tclass=\"so-widget-sow-editor so-widget-sow-editor-base\"\n\t\t\t\n\t\t>\n<div class=\"siteorigin-widget-tinymce textwidget\">\n\t<h3 style=\"padding-bottom: 15px;\">September<\/h3>\n<p>Parlamentarisches Arbeitsfr\u00fchst\u00fcck in Br\u00fcssel zum Thema Vorderes Bremslicht unter der Schirmherrschaft von Dr. Dieter-L. Koch, MdEP, mit Vertretern des EU-Parlaments und der Europ\u00e4ischen Kommission sowie anderer Institutionen der Verkehrssicherheitsbranche wie VOD (Verkehrsunfallopferhilfe Deutschland) und ETSC (Europ\u00e4ischer Rat f\u00fcr Verkehrssicherheit)<\/p>\n<h3 style=\"padding: 15px 0;\">Juni<\/h3>\n<p>Diskussion mit Dipl.-Ing. Hans Peter David, DEKRA Dresden e. V., unter anderem zur weiteren Kl\u00e4rung der M\u00f6glichkeit einer Typgenehmigung im EU-Kontext und empfohlenen Beleuchtungsst\u00e4rken<\/p>\n<p>Erarbeitung eines Gutachtens zum Thema \u201eStressreduzierung im Stra\u00dfenverkehr\u201c durch Einf\u00fchrung eines vorderen Bremslichts (Prof. Dr. Konrad Reschke, Universit\u00e4t Leipzig)<\/p>\n<h3 style=\"padding: 15px 0;\">Mai<\/h3>\n<p>Ver\u00f6ffentlichung der \u201eFeldstudie zur Pr\u00fcfung einer vorderen Bremsleuchte\u201c<\/p>\n<h3 style=\"padding: 15px 0;\">April<\/h3>\n<p>Brief des Vorstands von BIRVp an EU-Kommissar V. Bulc, in dem die Idee hinter dem Vorderradbremslicht zusammen mit den Ergebnissen der durchgef\u00fchrten Studien unter Bezugnahme auf den Initiativbericht des Europ\u00e4ischen Parlaments vom 14. November 2017 zur Rettung von Leben vorgestellt wird: Mehr Fahrzeugsicherheit in der EU (2017\/2085 (INI)) mit der Bitte, dieses Thema bei der bevorstehenden \u00c4nderung der Verordnung (EG) Nr. 661\/2009 \u00fcber die allgemeine Sicherheit zu ber\u00fccksichtigen<\/p>\n<p>Treffen mit Prof. Kurt Bodewig, ehemaliger Bundesverkehrsminister und Pr\u00e4sident der Deutschen Verkehrswacht, stellte die Idee eines vorderen Bremslichts vor<\/p>\n<h3 style=\"padding: 15px 0;\">M\u00e4rz<\/h3>\n<p>Abschluss einer kurzen Literaturrecherche und empirischen Studie zur psychologischen Wirkung der Farbe Gr\u00fcn als gezielte Signalfarbe (R. Banse, Keidel und M. Monzel)<\/p>\n<p>Ausf\u00fchrliche schriftliche Stellungnahme zur theoretischen Betrachtung des Potenzials zur Reduzierung von Verletzungen des Halswirbels\u00e4ulen-\/Zentralnervensystems bei Verkehrsunf\u00e4llen durch ein vorderes Bremslicht (W. Hell, siehe Anhang B)<\/p>\n<h3 style=\"padding: 15px 0;\">Februar<\/h3>\n<p>Treffen mit Dr. Dieter-L. Koch, MdEP, f\u00fcr eine detailliertere Definition der Kosten-Nutzen-Kriterien in Bezug auf den Initiativbericht des Europ\u00e4ischen Parlaments vom 14. November 2017 zum Thema \u201eLeben retten: Verbesserung der Fahrzeugsicherheit in der EU\u201c (2017\/2085 (INI)), einschlie\u00dflich Ratschl\u00e4gen zu gesetzgeberischen M\u00f6glichkeiten<\/p>\n<p>Entwicklung und Vervollst\u00e4ndigung des Katalogs m\u00f6glicher Einsatzsituationen des Front Brake Light in Zusammenarbeit mit Dr. Birgit Kollbach, Verkehrspsychologin und Fahrlehrerin der DEKRA Akademie Berlin, sowie Dr. Bernhard F. Reiter, Berater f\u00fcr Stra\u00dfenverkehrssicherheit<\/p>\n<h3 style=\"padding: 15px 0;\">Januar<\/h3>\n<p>Abschlussbericht \u201eFeldstudie zum Test eines vorderen Bremslichts am Flughafen Tegel\u201c (R. Banse, K. Keidel, M. Monzel, B. Kirschbaum, W. Schubert)<\/p>\n<p>Ver\u00f6ffentlichung der Ergebnisse der Laborstudie \u201eThe Potential Safety Effects of a Frontal Brake Light for Motor Vehicles\u201c in IET Intelligent Transport Systems (Autor wie oben) http:\/\/ietdl.org\/t\/3GZs6<\/p>\n<p>Treffen mit Dipl. Ing. J\u00f6rg Ahlgrimm, Pr\u00e4sident der Europ\u00e4ischen Vereinigung f\u00fcr Unfallforschung und Unfallanalyse (EVU), stellt die Idee vor und unterst\u00fctzt mit Ratschl\u00e4gen, wie sie auf europ\u00e4ischer Ebene vorangetrieben werden k\u00f6nnte<\/p>\n<p>Treffen mit Dr. Honig Wolfram Hell, LMU M\u00fcnchen und Pr\u00e4sident der GMTTB Gesellschaft f\u00fcr Medizinische und Technische Unfallmechanik e. V., um die Vorteile eines vorderen Bremslichts im Kontext des Unfalls selbst zu diskutieren<\/p>\n<\/div>\n<\/div><\/div><\/div><\/div><\/div><\/div><div id=\"pg-1464-4\"  class=\"panel-grid panel-has-style\" ><div class=\"year-bottom panel-row-style panel-row-style-for-1464-4\" ><div id=\"pgc-1464-4-0\"  class=\"panel-grid-cell\" ><div id=\"panel-1464-4-0-0\" class=\"so-panel widget widget_sow-editor panel-first-child panel-last-child\" data-index=\"8\" ><div class=\"year-img-before panel-widget-style panel-widget-style-for-1464-4-0-0\" ><div\n\t\t\t\n\t\t\tclass=\"so-widget-sow-editor so-widget-sow-editor-base\"\n\t\t\t\n\t\t>\n<div class=\"siteorigin-widget-tinymce textwidget\">\n\t<h1 class=\"year\">2017<\/h1>\n<\/div>\n<\/div><\/div><\/div><\/div><div id=\"pgc-1464-4-1\"  class=\"panel-grid-cell\" ><div id=\"panel-1464-4-1-0\" class=\"so-panel widget widget_sow-editor panel-first-child panel-last-child\" data-index=\"9\" ><div class=\"panel-widget-style panel-widget-style-for-1464-4-1-0\" ><div\n\t\t\t\n\t\t\tclass=\"so-widget-sow-editor so-widget-sow-editor-base\"\n\t\t\t\n\t\t>\n<div class=\"siteorigin-widget-tinymce textwidget\">\n\t<h3 style=\"padding-bottom: 15px;\">November<\/h3>\n<p>Presse- und Informationsveranstaltung im TXL zu den Ergebnissen der Feldstudie unter der Schirmherrschaft von Dr. Dieter-L. Koch, MdEP<\/p>\n<h3 style=\"padding: 15px 0;\">Mai \u2013 September<\/h3>\n<p>Durchf\u00fchrung \u201eFeldtest zur Erprobung einer vorderen Bremsleuchte am Flughafen Tegel\u201c<\/p>\n<h3 style=\"padding: 15px 0;\">Juni<\/h3>\n<p>Pr\u00e4sentation der Ergebnisse der Laborstudie in Br\u00fcssel (Dr. Dieter-L. Koch, MdEP, und Herr Schmidt, EU-Kommission)<\/p>\n<h3 style=\"padding: 15px 0;\">Mai<\/h3>\n<p>Rechtsgutachten zu den M\u00f6glichkeiten der Umsetzung eines Vorderradbremslichts im Kfz-Zulassungsrecht (Krautscheid et al.)<\/p>\n<h3 style=\"padding: 15px 0;\">Januar<\/h3>\n<p>Abschlussbericht zum Laborexperiment (Petzoldt et al.)<\/p>\n<p>Ver\u00f6ffentlichung der Ergebnisse der Laborstudie (T. Petzoldt, K. Schleinitz, Banse in ZVS Zeitschrift f\u00fcr Verkehrssicherheit Heft 1\/2017)<\/p>\n<\/div>\n<\/div><\/div><\/div><\/div><\/div><\/div><div id=\"pg-1464-5\"  class=\"panel-grid panel-has-style\" ><div class=\"year-bottom panel-row-style panel-row-style-for-1464-5\" ><div id=\"pgc-1464-5-0\"  class=\"panel-grid-cell\" ><div id=\"panel-1464-5-0-0\" class=\"so-panel widget widget_sow-editor panel-first-child panel-last-child\" data-index=\"10\" ><div class=\"year-img-before panel-widget-style panel-widget-style-for-1464-5-0-0\" ><div\n\t\t\t\n\t\t\tclass=\"so-widget-sow-editor so-widget-sow-editor-base\"\n\t\t\t\n\t\t>\n<div class=\"siteorigin-widget-tinymce textwidget\">\n\t<h1 class=\"year\">2016<\/h1>\n<\/div>\n<\/div><\/div><\/div><\/div><div id=\"pgc-1464-5-1\"  class=\"panel-grid-cell\" ><div id=\"panel-1464-5-1-0\" class=\"so-panel widget widget_sow-editor panel-first-child panel-last-child\" data-index=\"11\" ><div class=\"panel-widget-style panel-widget-style-for-1464-5-1-0\" ><div\n\t\t\t\n\t\t\tclass=\"so-widget-sow-editor so-widget-sow-editor-base\"\n\t\t\t\n\t\t>\n<div class=\"siteorigin-widget-tinymce textwidget\">\n\t<h3 style=\"padding-bottom: 15px;\">Dezember<\/h3>\n<p>Informationsveranstaltung am Flughafen Berlin-Tegel (TXL) zum Erwerb des Flughafens und der dort ans\u00e4ssigen Unternehmen zur Teilnahme am folgenden Feldversuch<\/p>\n<h3 style=\"padding: 15px 0;\">Mai<\/h3>\n<p>Durchf\u00fchrung eines Laborversuchs mit Videomaterial zur Computer- und Stra\u00dfenuntersuchung zur potenziellen Sicherheitswirkung eines vorderen Bremslichts (Petzoldt et al.)<\/p>\n<\/div>\n<\/div><\/div><\/div><\/div><\/div><\/div><div id=\"pg-1464-6\"  class=\"panel-grid panel-has-style\" ><div class=\"panel-row-style panel-row-style-for-1464-6\" ><div id=\"pgc-1464-6-0\"  class=\"panel-grid-cell\" ><div id=\"panel-1464-6-0-0\" class=\"so-panel widget widget_siteorigin-panels-builder panel-first-child panel-last-child\" data-index=\"12\" ><div class=\"border panel-widget-style panel-widget-style-for-1464-6-0-0\" ><div id=\"pl-w65644c3367d7b\"  class=\"panel-layout\" ><div id=\"pg-w65644c3367d7b-0\"  class=\"panel-grid panel-no-style\" ><div id=\"pgc-w65644c3367d7b-0-0\"  class=\"panel-grid-cell\" ><div id=\"panel-w65644c3367d7b-0-0-0\" class=\"so-panel widget widget_sow-editor panel-first-child panel-last-child\" data-index=\"0\" ><div\n\t\t\t\n\t\t\tclass=\"so-widget-sow-editor so-widget-sow-editor-base\"\n\t\t\t\n\t\t>\n<div class=\"siteorigin-widget-tinymce textwidget\">\n\t<h3>Wissenschaft und Forschung<br \/>\ndes vorderen Bremslichts<\/h3>\n<div><a class=\"fbl-button\" href=\"https:\/\/www.frontbrakelights.com\/wissenschaft-und-Forschung\">Entdecken<\/a><\/div>\n<\/div>\n<\/div><\/div><\/div><\/div><\/div><\/div><\/div><\/div><div id=\"pgc-1464-6-1\"  class=\"panel-grid-cell\" ><div id=\"panel-1464-6-1-0\" class=\"so-panel widget widget_siteorigin-panels-builder panel-first-child panel-last-child\" data-index=\"13\" ><div class=\"border panel-widget-style panel-widget-style-for-1464-6-1-0\" ><div id=\"pl-w6554bf288a7de\"  class=\"panel-layout\" ><div id=\"pg-w6554bf288a7de-0\"  class=\"panel-grid panel-no-style\" ><div id=\"pgc-w6554bf288a7de-0-0\"  class=\"panel-grid-cell\" ><div id=\"panel-w6554bf288a7de-0-0-0\" class=\"so-panel widget widget_sow-editor panel-first-child panel-last-child\" data-index=\"0\" ><div\n\t\t\t\n\t\t\tclass=\"so-widget-sow-editor so-widget-sow-editor-base\"\n\t\t\t\n\t\t>\n<div class=\"siteorigin-widget-tinymce textwidget\">\n\t<h3>Haben Sie Fragen zum Thema Vorderes Bremslicht? <a style=\"color: #70e000;\" href=\".\/contact\">Kontaktiere uns.<\/a><\/h3>\n<div><a class=\"fbl-button\" href=\"https:\/\/www.frontbrakelights.com\/contact-us\/\">Kontakt Formular<\/a><\/div>\n<\/div>\n<\/div><\/div><\/div><\/div><\/div><\/div><\/div><\/div><\/div><\/div><\/div>","protected":false},"excerpt":{"rendered":"<p>2021 Dezember Ver\u00f6ffentlichung eines Gutachtens aus Sicht der Unfallanalyse, das die Idee eines vorderen Bremslichts unterst\u00fctzt \u2013 insbesondere bei Radunf\u00e4llen mit entgegenkommenden und links abbiegenden Fahrzeugen. 2020 November Parlamentarische Webkonferenz zusammen mit Sven Schulze, MdEP und Vizepr\u00e4sident im Verkehrsausschuss des Europ\u00e4ischen Parlaments (TRAN), als Schirmherr. Aus Sicht der professionellen Unfallanalyse wurden neue Ergebnisse und positive <a href=\"https:\/\/www.frontbrakelights.com\/de\/meilensteine\/\" class=\"more-link\">&#8230;<span class=\"screen-reader-text\">  Meilensteine<\/span><\/a><\/p>\n","protected":false},"author":4,"featured_media":1126,"parent":0,"menu_order":0,"comment_status":"closed","ping_status":"closed","template":"","meta":{"inline_featured_image":false,"footnotes":""},"class_list":["post-1464","page","type-page","status-publish","has-post-thumbnail","hentry"],"acf":[],"yoast_head":"<!-- This site is optimized with the Yoast SEO plugin v21.5 - https:\/\/yoast.com\/wordpress\/plugins\/seo\/ -->\n<title>Meilensteine - BREMSLICHT VORNE - Offizielle Seite<\/title>\n<meta name=\"robots\" content=\"index, follow, max-snippet:-1, max-image-preview:large, max-video-preview:-1\" \/>\n<link rel=\"canonical\" href=\"https:\/\/www.frontbrakelights.com\/de\/meilensteine\/\" \/>\n<meta property=\"og:locale\" content=\"de_DE\" \/>\n<meta property=\"og:type\" content=\"article\" \/>\n<meta property=\"og:title\" content=\"Meilensteine - BREMSLICHT VORNE - Offizielle Seite\" \/>\n<meta property=\"og:description\" content=\"2021 Dezember Ver\u00f6ffentlichung eines Gutachtens aus Sicht der Unfallanalyse, das die Idee eines vorderen Bremslichts unterst\u00fctzt \u2013 insbesondere bei Radunf\u00e4llen mit entgegenkommenden und links abbiegenden Fahrzeugen. 2020 November Parlamentarische Webkonferenz zusammen mit Sven Schulze, MdEP und Vizepr\u00e4sident im Verkehrsausschuss des Europ\u00e4ischen Parlaments (TRAN), als Schirmherr. Aus Sicht der professionellen Unfallanalyse wurden neue Ergebnisse und positive ... Meilensteine\" \/>\n<meta property=\"og:url\" content=\"https:\/\/www.frontbrakelights.com\/de\/meilensteine\/\" \/>\n<meta property=\"og:site_name\" content=\"BREMSLICHT VORNE - Offizielle Seite\" \/>\n<meta property=\"article:publisher\" content=\"https:\/\/www.facebook.com\/profile.php?id=61552622936436\" \/>\n<meta property=\"article:modified_time\" content=\"2023-11-27T07:59:53+00:00\" \/>\n<meta property=\"og:image\" content=\"https:\/\/www.frontbrakelights.com\/wp-content\/uploads\/2023\/10\/TITULKA_4.png\" \/>\n\t<meta property=\"og:image:width\" content=\"2500\" \/>\n\t<meta property=\"og:image:height\" content=\"1401\" \/>\n\t<meta property=\"og:image:type\" content=\"image\/png\" \/>\n<meta name=\"twitter:card\" content=\"summary_large_image\" \/>\n<meta name=\"twitter:label1\" content=\"Gesch\u00e4tzte Lesezeit\" \/>\n\t<meta name=\"twitter:data1\" content=\"5\u00a0Minuten\" \/>\n<script type=\"application\/ld+json\" class=\"yoast-schema-graph\">{\"@context\":\"https:\/\/schema.org\",\"@graph\":[{\"@type\":\"WebPage\",\"@id\":\"https:\/\/www.frontbrakelights.com\/de\/meilensteine\/\",\"url\":\"https:\/\/www.frontbrakelights.com\/de\/meilensteine\/\",\"name\":\"Meilensteine - BREMSLICHT VORNE - Offizielle Seite\",\"isPartOf\":{\"@id\":\"https:\/\/www.frontbrakelights.com\/de\/#website\"},\"datePublished\":\"2023-10-13T05:21:47+00:00\",\"dateModified\":\"2023-11-27T07:59:53+00:00\",\"breadcrumb\":{\"@id\":\"https:\/\/www.frontbrakelights.com\/de\/meilensteine\/#breadcrumb\"},\"inLanguage\":\"de\",\"potentialAction\":[{\"@type\":\"ReadAction\",\"target\":[\"https:\/\/www.frontbrakelights.com\/de\/meilensteine\/\"]}]},{\"@type\":\"BreadcrumbList\",\"@id\":\"https:\/\/www.frontbrakelights.com\/de\/meilensteine\/#breadcrumb\",\"itemListElement\":[{\"@type\":\"ListItem\",\"position\":1,\"name\":\"Home\",\"item\":\"https:\/\/www.frontbrakelights.com\/de\/\"},{\"@type\":\"ListItem\",\"position\":2,\"name\":\"Meilensteine\"}]},{\"@type\":\"WebSite\",\"@id\":\"https:\/\/www.frontbrakelights.com\/de\/#website\",\"url\":\"https:\/\/www.frontbrakelights.com\/de\/\",\"name\":\"Front brake light\",\"description\":\"Front brake light\",\"potentialAction\":[{\"@type\":\"SearchAction\",\"target\":{\"@type\":\"EntryPoint\",\"urlTemplate\":\"https:\/\/www.frontbrakelights.com\/de\/?s={search_term_string}\"},\"query-input\":\"required name=search_term_string\"}],\"inLanguage\":\"de\"}]}<\/script>\n<!-- \/ Yoast SEO plugin. -->","yoast_head_json":{"title":"Meilensteine - BREMSLICHT VORNE - Offizielle Seite","robots":{"index":"index","follow":"follow","max-snippet":"max-snippet:-1","max-image-preview":"max-image-preview:large","max-video-preview":"max-video-preview:-1"},"canonical":"https:\/\/www.frontbrakelights.com\/de\/meilensteine\/","og_locale":"de_DE","og_type":"article","og_title":"Meilensteine - BREMSLICHT VORNE - Offizielle Seite","og_description":"2021 Dezember Ver\u00f6ffentlichung eines Gutachtens aus Sicht der Unfallanalyse, das die Idee eines vorderen Bremslichts unterst\u00fctzt \u2013 insbesondere bei Radunf\u00e4llen mit entgegenkommenden und links abbiegenden Fahrzeugen. 2020 November Parlamentarische Webkonferenz zusammen mit Sven Schulze, MdEP und Vizepr\u00e4sident im Verkehrsausschuss des Europ\u00e4ischen Parlaments (TRAN), als Schirmherr. Aus Sicht der professionellen Unfallanalyse wurden neue Ergebnisse und positive ... Meilensteine","og_url":"https:\/\/www.frontbrakelights.com\/de\/meilensteine\/","og_site_name":"BREMSLICHT VORNE - Offizielle Seite","article_publisher":"https:\/\/www.facebook.com\/profile.php?id=61552622936436","article_modified_time":"2023-11-27T07:59:53+00:00","og_image":[{"width":2500,"height":1401,"url":"https:\/\/www.frontbrakelights.com\/wp-content\/uploads\/2023\/10\/TITULKA_4.png","type":"image\/png"}],"twitter_card":"summary_large_image","twitter_misc":{"Gesch\u00e4tzte Lesezeit":"5\u00a0Minuten"},"schema":{"@context":"https:\/\/schema.org","@graph":[{"@type":"WebPage","@id":"https:\/\/www.frontbrakelights.com\/de\/meilensteine\/","url":"https:\/\/www.frontbrakelights.com\/de\/meilensteine\/","name":"Meilensteine - BREMSLICHT VORNE - Offizielle Seite","isPartOf":{"@id":"https:\/\/www.frontbrakelights.com\/de\/#website"},"datePublished":"2023-10-13T05:21:47+00:00","dateModified":"2023-11-27T07:59:53+00:00","breadcrumb":{"@id":"https:\/\/www.frontbrakelights.com\/de\/meilensteine\/#breadcrumb"},"inLanguage":"de","potentialAction":[{"@type":"ReadAction","target":["https:\/\/www.frontbrakelights.com\/de\/meilensteine\/"]}]},{"@type":"BreadcrumbList","@id":"https:\/\/www.frontbrakelights.com\/de\/meilensteine\/#breadcrumb","itemListElement":[{"@type":"ListItem","position":1,"name":"Home","item":"https:\/\/www.frontbrakelights.com\/de\/"},{"@type":"ListItem","position":2,"name":"Meilensteine"}]},{"@type":"WebSite","@id":"https:\/\/www.frontbrakelights.com\/de\/#website","url":"https:\/\/www.frontbrakelights.com\/de\/","name":"Front brake light","description":"Front brake light","potentialAction":[{"@type":"SearchAction","target":{"@type":"EntryPoint","urlTemplate":"https:\/\/www.frontbrakelights.com\/de\/?s={search_term_string}"},"query-input":"required name=search_term_string"}],"inLanguage":"de"}]}},"_links":{"self":[{"href":"https:\/\/www.frontbrakelights.com\/de\/wp-json\/wp\/v2\/pages\/1464","targetHints":{"allow":["GET"]}}],"collection":[{"href":"https:\/\/www.frontbrakelights.com\/de\/wp-json\/wp\/v2\/pages"}],"about":[{"href":"https:\/\/www.frontbrakelights.com\/de\/wp-json\/wp\/v2\/types\/page"}],"author":[{"embeddable":true,"href":"https:\/\/www.frontbrakelights.com\/de\/wp-json\/wp\/v2\/users\/4"}],"replies":[{"embeddable":true,"href":"https:\/\/www.frontbrakelights.com\/de\/wp-json\/wp\/v2\/comments?post=1464"}],"version-history":[{"count":5,"href":"https:\/\/www.frontbrakelights.com\/de\/wp-json\/wp\/v2\/pages\/1464\/revisions"}],"predecessor-version":[{"id":1469,"href":"https:\/\/www.frontbrakelights.com\/de\/wp-json\/wp\/v2\/pages\/1464\/revisions\/1469"}],"wp:featuredmedia":[{"embeddable":true,"href":"https:\/\/www.frontbrakelights.com\/de\/wp-json\/wp\/v2\/media\/1126"}],"wp:attachment":[{"href":"https:\/\/www.frontbrakelights.com\/de\/wp-json\/wp\/v2\/media?parent=1464"}],"curies":[{"name":"wp","href":"https:\/\/api.w.org\/{rel}","templated":true}]}}