{"id":1483,"date":"2023-11-15T08:28:44","date_gmt":"2023-11-15T07:28:44","guid":{"rendered":"https:\/\/www.frontbrakelights.com\/wissenschaft-und-forschung\/conclusion\/"},"modified":"2023-11-28T09:28:49","modified_gmt":"2023-11-28T08:28:49","slug":"schlussfolgerung","status":"publish","type":"page","link":"https:\/\/www.frontbrakelights.com\/de\/wissenschaft-und-forschung\/schlussfolgerung\/","title":{"rendered":"Schlussfolgerung"},"content":{"rendered":"<div id=\"pl-1483\"  class=\"panel-layout\" ><div id=\"pg-1483-0\"  class=\"panel-grid panel-no-style\" ><div id=\"pgc-1483-0-0\"  class=\"panel-grid-cell\" ><div id=\"panel-1483-0-0-0\" class=\"so-panel widget widget_sow-editor panel-first-child panel-last-child\" data-index=\"0\" ><div\n\t\t\t\n\t\t\tclass=\"so-widget-sow-editor so-widget-sow-editor-base\"\n\t\t\t\n\t\t>\n<div class=\"siteorigin-widget-tinymce textwidget\">\n\t<h4>Das vordere Bremslicht sollte als erg\u00e4nzende, kosteneffiziente und  <span class=\"green\">leicht umzusetzende Ma\u00dfnahme zur Verringerung der Zahl der Toten und Schwerverletzten im Stra\u00dfenverkehr<\/span> anerkannt werden, da es die Zahl der Zusammenst\u00f6\u00dfe, die Unfallfolgen und den Stress reduziert - nicht zuletzt eine echte Verringerung der Gefahr f\u00fcr Fu\u00dfg\u00e4nger.<\/h4>\n<p>Da ein vorderes Bremslicht sogar die strengen Anforderungen des Europ\u00e4ischen Parlaments f\u00fcr die obligatorische Einf\u00fchrung von Fahrerassistenzsystemen erf\u00fcllen w\u00fcrde, muss es also m\u00f6glich sein, ein solches System als \"sanftes Mittel\" auf freiwilliger Basis einzuf\u00fchren. <\/p>\n<p><a class=\"fbl-button\" href=\"https:\/\/www.frontbrakelights.com\/de\/ueber-dasvordere-bremslicht\/\">Mehr lesen<\/a><\/p>\n<\/div>\n<\/div><\/div><\/div><div id=\"pgc-1483-0-1\"  class=\"panel-grid-cell\" ><div id=\"panel-1483-0-1-0\" class=\"so-panel widget widget_sow-image panel-first-child panel-last-child\" data-index=\"1\" ><div\n\t\t\t\n\t\t\tclass=\"so-widget-sow-image so-widget-sow-image-default-8b5b6f678277-1483\"\n\t\t\t\n\t\t>\n\n<div class=\"sow-image-container\">\n\t\t<img decoding=\"async\" src=\"https:\/\/www.frontbrakelights.com\/wp-content\/uploads\/2023\/11\/REE_0503-e1700033627712.jpg\" width=\"1365\" height=\"1419\" srcset=\"https:\/\/www.frontbrakelights.com\/wp-content\/uploads\/2023\/11\/REE_0503-e1700033627712.jpg 1365w, https:\/\/www.frontbrakelights.com\/wp-content\/uploads\/2023\/11\/REE_0503-e1700033627712-289x300.jpg 289w, https:\/\/www.frontbrakelights.com\/wp-content\/uploads\/2023\/11\/REE_0503-e1700033627712-985x1024.jpg 985w, https:\/\/www.frontbrakelights.com\/wp-content\/uploads\/2023\/11\/REE_0503-e1700033627712-768x798.jpg 768w\" sizes=\"auto, (max-width: 1365px) 100vw, 1365px\" title=\"REE_0503\" alt=\"\" loading=\"lazy\" \t\tclass=\"so-widget-image\"\/>\n\t<\/div>\n\n<\/div><\/div><\/div><\/div><div id=\"pg-1483-1\"  class=\"panel-grid panel-no-style\" ><div id=\"pgc-1483-1-0\"  class=\"panel-grid-cell\" ><div id=\"panel-1483-1-0-0\" class=\"so-panel widget widget_sow-editor panel-first-child panel-last-child\" data-index=\"2\" ><div\n\t\t\t\n\t\t\tclass=\"so-widget-sow-editor so-widget-sow-editor-base\"\n\t\t\t\n\t\t>\n<div class=\"siteorigin-widget-tinymce textwidget\">\n\t<hr>\n<\/div>\n<\/div><\/div><\/div><\/div><div id=\"pg-1483-2\"  class=\"panel-grid panel-no-style\" ><div id=\"pgc-1483-2-0\"  class=\"panel-grid-cell\" ><div id=\"panel-1483-2-0-0\" class=\"so-panel widget widget_sow-editor panel-first-child panel-last-child\" data-index=\"3\" ><div\n\t\t\t\n\t\t\tclass=\"so-widget-sow-editor so-widget-sow-editor-base\"\n\t\t\t\n\t\t>\n<div class=\"siteorigin-widget-tinymce textwidget\">\n\t<h2>N\u00e4chste Recherche<\/h2>\n<\/div>\n<\/div><\/div><\/div><div id=\"pgc-1483-2-1\"  class=\"panel-grid-cell\" ><div id=\"panel-1483-2-1-0\" class=\"so-panel widget widget_siteorigin-panels-builder panel-first-child panel-last-child\" data-index=\"4\" ><div class=\"border panel-widget-style panel-widget-style-for-1483-2-1-0\" ><div id=\"pl-w6565a4c1afb8b\"  class=\"panel-layout\" ><div id=\"pg-w6565a4c1afb8b-0\"  class=\"panel-grid panel-no-style\" ><div id=\"pgc-w6565a4c1afb8b-0-0\"  class=\"panel-grid-cell\" ><div id=\"panel-w6565a4c1afb8b-0-0-0\" class=\"so-panel widget widget_sow-editor panel-first-child panel-last-child\" data-index=\"0\" ><div\n\t\t\t\n\t\t\tclass=\"so-widget-sow-editor so-widget-sow-editor-base\"\n\t\t\t\n\t\t>\n<div class=\"siteorigin-widget-tinymce textwidget\">\n\t<h3>Anwendungsbereich und potenzieller Nutzen<\/h3>\n<\/div>\n<\/div><\/div><\/div><\/div><div id=\"pg-w6565a4c1afb8b-1\"  class=\"panel-grid panel-no-style\" ><div id=\"pgc-w6565a4c1afb8b-1-0\"  class=\"panel-grid-cell panel-grid-cell-mobile-last\" ><div id=\"panel-w6565a4c1afb8b-1-0-0\" class=\"so-panel widget widget_sow-editor panel-first-child panel-last-child\" data-index=\"1\" ><div\n\t\t\t\n\t\t\tclass=\"so-widget-sow-editor so-widget-sow-editor-base\"\n\t\t\t\n\t\t>\n<div class=\"siteorigin-widget-tinymce textwidget\">\n\t<p><a class=\"fbl-button\" href=\"https:\/\/www.frontbrakelights.com\/de\/wissenschaft-und-forschung\/anwendungsbereich-und-potenzieller-nutzen\/\">Mehr lesen<\/a><\/p>\n<\/div>\n<\/div><\/div><\/div><div id=\"pgc-w6565a4c1afb8b-1-1\"  class=\"panel-grid-cell panel-grid-cell-empty\" ><\/div><\/div><\/div><\/div><\/div><\/div><\/div><\/div>","protected":false},"excerpt":{"rendered":"<p>Das vordere Bremslicht sollte als erg\u00e4nzende, kosteneffiziente und leicht umzusetzende Ma\u00dfnahme zur Verringerung der Zahl der Toten und Schwerverletzten im Stra\u00dfenverkehr anerkannt werden, da es die Zahl der Zusammenst\u00f6\u00dfe, die Unfallfolgen und den Stress reduziert &#8211; nicht zuletzt eine echte Verringerung der Gefahr f\u00fcr Fu\u00dfg\u00e4nger. Da ein vorderes Bremslicht sogar die strengen Anforderungen des Europ\u00e4ischen <a href=\"https:\/\/www.frontbrakelights.com\/de\/wissenschaft-und-forschung\/schlussfolgerung\/\" class=\"more-link\">&#8230;<span class=\"screen-reader-text\">  Schlussfolgerung<\/span><\/a><\/p>\n","protected":false},"author":4,"featured_media":1204,"parent":1478,"menu_order":0,"comment_status":"closed","ping_status":"closed","template":"","meta":{"inline_featured_image":false,"footnotes":""},"class_list":["post-1483","page","type-page","status-publish","has-post-thumbnail","hentry"],"acf":[],"yoast_head":"<!-- This site is optimized with the Yoast SEO plugin v21.5 - https:\/\/yoast.com\/wordpress\/plugins\/seo\/ -->\n<title>Schlussfolgerung - BREMSLICHT VORNE - Offizielle Seite<\/title>\n<meta name=\"robots\" content=\"index, follow, max-snippet:-1, max-image-preview:large, max-video-preview:-1\" \/>\n<link rel=\"canonical\" href=\"https:\/\/www.frontbrakelights.com\/de\/wissenschaft-und-forschung\/schlussfolgerung\/\" \/>\n<meta property=\"og:locale\" content=\"de_DE\" \/>\n<meta property=\"og:type\" content=\"article\" \/>\n<meta property=\"og:title\" content=\"Schlussfolgerung - BREMSLICHT VORNE - Offizielle Seite\" \/>\n<meta property=\"og:description\" content=\"Das vordere Bremslicht sollte als erg\u00e4nzende, kosteneffiziente und leicht umzusetzende Ma\u00dfnahme zur Verringerung der Zahl der Toten und Schwerverletzten im Stra\u00dfenverkehr anerkannt werden, da es die Zahl der Zusammenst\u00f6\u00dfe, die Unfallfolgen und den Stress reduziert - nicht zuletzt eine echte Verringerung der Gefahr f\u00fcr Fu\u00dfg\u00e4nger. Da ein vorderes Bremslicht sogar die strengen Anforderungen des Europ\u00e4ischen ... Schlussfolgerung\" \/>\n<meta property=\"og:url\" content=\"https:\/\/www.frontbrakelights.com\/de\/wissenschaft-und-forschung\/schlussfolgerung\/\" \/>\n<meta property=\"og:site_name\" content=\"BREMSLICHT VORNE - Offizielle Seite\" \/>\n<meta property=\"article:publisher\" content=\"https:\/\/www.facebook.com\/profile.php?id=61552622936436\" \/>\n<meta property=\"article:modified_time\" content=\"2023-11-28T08:28:49+00:00\" \/>\n<meta property=\"og:image\" content=\"https:\/\/www.frontbrakelights.com\/wp-content\/uploads\/2023\/11\/DSC8557.png\" \/>\n\t<meta property=\"og:image:width\" content=\"2500\" \/>\n\t<meta property=\"og:image:height\" content=\"1401\" \/>\n\t<meta property=\"og:image:type\" content=\"image\/png\" \/>\n<meta name=\"twitter:card\" content=\"summary_large_image\" \/>\n<meta name=\"twitter:label1\" content=\"Gesch\u00e4tzte Lesezeit\" \/>\n\t<meta name=\"twitter:data1\" content=\"1\u00a0Minute\" \/>\n<script type=\"application\/ld+json\" class=\"yoast-schema-graph\">{\"@context\":\"https:\/\/schema.org\",\"@graph\":[{\"@type\":\"WebPage\",\"@id\":\"https:\/\/www.frontbrakelights.com\/de\/wissenschaft-und-forschung\/schlussfolgerung\/\",\"url\":\"https:\/\/www.frontbrakelights.com\/de\/wissenschaft-und-forschung\/schlussfolgerung\/\",\"name\":\"Schlussfolgerung - BREMSLICHT VORNE - Offizielle Seite\",\"isPartOf\":{\"@id\":\"https:\/\/www.frontbrakelights.com\/de\/#website\"},\"datePublished\":\"2023-11-15T07:28:44+00:00\",\"dateModified\":\"2023-11-28T08:28:49+00:00\",\"breadcrumb\":{\"@id\":\"https:\/\/www.frontbrakelights.com\/de\/wissenschaft-und-forschung\/schlussfolgerung\/#breadcrumb\"},\"inLanguage\":\"de\",\"potentialAction\":[{\"@type\":\"ReadAction\",\"target\":[\"https:\/\/www.frontbrakelights.com\/de\/wissenschaft-und-forschung\/schlussfolgerung\/\"]}]},{\"@type\":\"BreadcrumbList\",\"@id\":\"https:\/\/www.frontbrakelights.com\/de\/wissenschaft-und-forschung\/schlussfolgerung\/#breadcrumb\",\"itemListElement\":[{\"@type\":\"ListItem\",\"position\":1,\"name\":\"Home\",\"item\":\"https:\/\/www.frontbrakelights.com\/de\/\"},{\"@type\":\"ListItem\",\"position\":2,\"name\":\"Wissenschaft und Forschung\",\"item\":\"https:\/\/www.frontbrakelights.com\/de\/wissenschaft-und-forschung\/\"},{\"@type\":\"ListItem\",\"position\":3,\"name\":\"Schlussfolgerung\"}]},{\"@type\":\"WebSite\",\"@id\":\"https:\/\/www.frontbrakelights.com\/de\/#website\",\"url\":\"https:\/\/www.frontbrakelights.com\/de\/\",\"name\":\"Front brake light\",\"description\":\"Front brake light\",\"potentialAction\":[{\"@type\":\"SearchAction\",\"target\":{\"@type\":\"EntryPoint\",\"urlTemplate\":\"https:\/\/www.frontbrakelights.com\/de\/?s={search_term_string}\"},\"query-input\":\"required name=search_term_string\"}],\"inLanguage\":\"de\"}]}<\/script>\n<!-- \/ Yoast SEO plugin. -->","yoast_head_json":{"title":"Schlussfolgerung - BREMSLICHT VORNE - Offizielle Seite","robots":{"index":"index","follow":"follow","max-snippet":"max-snippet:-1","max-image-preview":"max-image-preview:large","max-video-preview":"max-video-preview:-1"},"canonical":"https:\/\/www.frontbrakelights.com\/de\/wissenschaft-und-forschung\/schlussfolgerung\/","og_locale":"de_DE","og_type":"article","og_title":"Schlussfolgerung - BREMSLICHT VORNE - Offizielle Seite","og_description":"Das vordere Bremslicht sollte als erg\u00e4nzende, kosteneffiziente und leicht umzusetzende Ma\u00dfnahme zur Verringerung der Zahl der Toten und Schwerverletzten im Stra\u00dfenverkehr anerkannt werden, da es die Zahl der Zusammenst\u00f6\u00dfe, die Unfallfolgen und den Stress reduziert - nicht zuletzt eine echte Verringerung der Gefahr f\u00fcr Fu\u00dfg\u00e4nger. Da ein vorderes Bremslicht sogar die strengen Anforderungen des Europ\u00e4ischen ... Schlussfolgerung","og_url":"https:\/\/www.frontbrakelights.com\/de\/wissenschaft-und-forschung\/schlussfolgerung\/","og_site_name":"BREMSLICHT VORNE - Offizielle Seite","article_publisher":"https:\/\/www.facebook.com\/profile.php?id=61552622936436","article_modified_time":"2023-11-28T08:28:49+00:00","og_image":[{"width":2500,"height":1401,"url":"https:\/\/www.frontbrakelights.com\/wp-content\/uploads\/2023\/11\/DSC8557.png","type":"image\/png"}],"twitter_card":"summary_large_image","twitter_misc":{"Gesch\u00e4tzte Lesezeit":"1\u00a0Minute"},"schema":{"@context":"https:\/\/schema.org","@graph":[{"@type":"WebPage","@id":"https:\/\/www.frontbrakelights.com\/de\/wissenschaft-und-forschung\/schlussfolgerung\/","url":"https:\/\/www.frontbrakelights.com\/de\/wissenschaft-und-forschung\/schlussfolgerung\/","name":"Schlussfolgerung - BREMSLICHT VORNE - Offizielle Seite","isPartOf":{"@id":"https:\/\/www.frontbrakelights.com\/de\/#website"},"datePublished":"2023-11-15T07:28:44+00:00","dateModified":"2023-11-28T08:28:49+00:00","breadcrumb":{"@id":"https:\/\/www.frontbrakelights.com\/de\/wissenschaft-und-forschung\/schlussfolgerung\/#breadcrumb"},"inLanguage":"de","potentialAction":[{"@type":"ReadAction","target":["https:\/\/www.frontbrakelights.com\/de\/wissenschaft-und-forschung\/schlussfolgerung\/"]}]},{"@type":"BreadcrumbList","@id":"https:\/\/www.frontbrakelights.com\/de\/wissenschaft-und-forschung\/schlussfolgerung\/#breadcrumb","itemListElement":[{"@type":"ListItem","position":1,"name":"Home","item":"https:\/\/www.frontbrakelights.com\/de\/"},{"@type":"ListItem","position":2,"name":"Wissenschaft und Forschung","item":"https:\/\/www.frontbrakelights.com\/de\/wissenschaft-und-forschung\/"},{"@type":"ListItem","position":3,"name":"Schlussfolgerung"}]},{"@type":"WebSite","@id":"https:\/\/www.frontbrakelights.com\/de\/#website","url":"https:\/\/www.frontbrakelights.com\/de\/","name":"Front brake light","description":"Front brake light","potentialAction":[{"@type":"SearchAction","target":{"@type":"EntryPoint","urlTemplate":"https:\/\/www.frontbrakelights.com\/de\/?s={search_term_string}"},"query-input":"required name=search_term_string"}],"inLanguage":"de"}]}},"_links":{"self":[{"href":"https:\/\/www.frontbrakelights.com\/de\/wp-json\/wp\/v2\/pages\/1483","targetHints":{"allow":["GET"]}}],"collection":[{"href":"https:\/\/www.frontbrakelights.com\/de\/wp-json\/wp\/v2\/pages"}],"about":[{"href":"https:\/\/www.frontbrakelights.com\/de\/wp-json\/wp\/v2\/types\/page"}],"author":[{"embeddable":true,"href":"https:\/\/www.frontbrakelights.com\/de\/wp-json\/wp\/v2\/users\/4"}],"replies":[{"embeddable":true,"href":"https:\/\/www.frontbrakelights.com\/de\/wp-json\/wp\/v2\/comments?post=1483"}],"version-history":[{"count":7,"href":"https:\/\/www.frontbrakelights.com\/de\/wp-json\/wp\/v2\/pages\/1483\/revisions"}],"predecessor-version":[{"id":1614,"href":"https:\/\/www.frontbrakelights.com\/de\/wp-json\/wp\/v2\/pages\/1483\/revisions\/1614"}],"up":[{"embeddable":true,"href":"https:\/\/www.frontbrakelights.com\/de\/wp-json\/wp\/v2\/pages\/1478"}],"wp:featuredmedia":[{"embeddable":true,"href":"https:\/\/www.frontbrakelights.com\/de\/wp-json\/wp\/v2\/media\/1204"}],"wp:attachment":[{"href":"https:\/\/www.frontbrakelights.com\/de\/wp-json\/wp\/v2\/media?parent=1483"}],"curies":[{"name":"wp","href":"https:\/\/api.w.org\/{rel}","templated":true}]}}