{"id":1491,"date":"2023-11-15T08:18:18","date_gmt":"2023-11-15T07:18:18","guid":{"rendered":"https:\/\/www.frontbrakelights.com\/wissenschaft-und-forschung\/legal-framework-next-steps-for-implementation\/"},"modified":"2023-11-28T09:25:33","modified_gmt":"2023-11-28T08:25:33","slug":"rechtlicher-rahmen-naechste-schritte-zur-umsetzung","status":"publish","type":"page","link":"https:\/\/www.frontbrakelights.com\/de\/wissenschaft-und-forschung\/rechtlicher-rahmen-naechste-schritte-zur-umsetzung\/","title":{"rendered":"N\u00e4chste Schritte zur Umsetzung"},"content":{"rendered":"<div id=\"pl-1491\"  class=\"panel-layout\" ><div id=\"pg-1491-0\"  class=\"panel-grid panel-no-style\" ><div id=\"pgc-1491-0-0\"  class=\"panel-grid-cell\" ><div id=\"panel-1491-0-0-0\" class=\"so-panel widget widget_sow-image panel-first-child panel-last-child\" data-index=\"0\" ><div\n\t\t\t\n\t\t\tclass=\"so-widget-sow-image so-widget-sow-image-default-8b5b6f678277-1491\"\n\t\t\t\n\t\t>\n\n<div class=\"sow-image-container\">\n\t\t<img decoding=\"async\" src=\"https:\/\/www.frontbrakelights.com\/wp-content\/uploads\/2023\/11\/03_IMG_0392.tif\" alt=\"\" loading=\"lazy\" \t\tclass=\"so-widget-image\"\/>\n\t<\/div>\n\n<\/div><\/div><\/div><div id=\"pgc-1491-0-1\"  class=\"panel-grid-cell\" ><div id=\"panel-1491-0-1-0\" class=\"so-panel widget widget_sow-editor panel-first-child panel-last-child\" data-index=\"1\" ><div\n\t\t\t\n\t\t\tclass=\"so-widget-sow-editor so-widget-sow-editor-base\"\n\t\t\t\n\t\t>\n<div class=\"siteorigin-widget-tinymce textwidget\">\n\t<h4 style=\"padding-bottom: 10px;\">Um das vordere Bremslicht als wichtiges Element zur Verbesserung der Stra\u00dfenverkehrssicherheit einzuf\u00fchren, m\u00fcssen zwei Teile des Rechtsrahmens f\u00fcr die Zulassung ge\u00e4ndert oder erweitert werden, und zwar <\/h4>\n<ul>\n<li>Gr\u00fcn muss als LSF-Farbe f\u00fcr Kraftfahrzeuge zugelassen sein<\/li>\n<li>Bremssignale m\u00fcssen auch an der Vordere Bremsleuchte erlaubt sein<\/li>\n<\/ul>\n<\/div>\n<\/div><\/div><\/div><\/div><div id=\"pg-1491-1\"  class=\"panel-grid panel-has-style\" ><div class=\"panel-row-style panel-row-style-for-1491-1\" ><div id=\"pgc-1491-1-0\"  class=\"panel-grid-cell panel-grid-cell-mobile-last\" ><div id=\"panel-1491-1-0-0\" class=\"so-panel widget widget_sow-editor panel-first-child panel-last-child\" data-index=\"2\" ><div\n\t\t\t\n\t\t\tclass=\"so-widget-sow-editor so-widget-sow-editor-base\"\n\t\t\t\n\t\t>\n<div class=\"siteorigin-widget-tinymce textwidget\">\n\t<h2>Mittelfristig m\u00fcssen diese <span class=\"green\">Schritte auf internationaler Ebene vereinbart werden<\/span>, auf der Ebene des Wiener Vertrags oder der Rahmenregelungen der UN-Wirtschaftskommission f\u00fcr Europa.<\/h2>\n<p><a class=\"fbl-button\" href=\"https:\/\/www.frontbrakelights.com\/de\/dokumente-zum-download\/\">Mehr lesen<\/a><\/p>\n<\/div>\n<\/div><\/div><\/div><div id=\"pgc-1491-1-1\"  class=\"panel-grid-cell panel-grid-cell-empty\" ><\/div><\/div><\/div><div id=\"pg-1491-2\"  class=\"panel-grid panel-has-style\" ><div class=\"panel-row-style panel-row-style-for-1491-2\" ><div id=\"pgc-1491-2-0\"  class=\"panel-grid-cell\" ><div id=\"panel-1491-2-0-0\" class=\"so-panel widget widget_sow-editor panel-first-child panel-last-child\" data-index=\"3\" ><div\n\t\t\t\n\t\t\tclass=\"so-widget-sow-editor so-widget-sow-editor-base\"\n\t\t\t\n\t\t>\n<div class=\"siteorigin-widget-tinymce textwidget\">\n\t<h4 style=\"padding-top: 15px;\">Der vern\u00fcnftige und zukunftsweisende Weg, um eine solche Erh\u00f6hung der Sicherheit f\u00fcr die <span class=\"green\">Verkehrsteilnehmer in der Europ\u00e4ischen Union so schnell wie m\u00f6glich zu erreichen, scheint eine \u00c4nderung der EU-Gesetzgebung<\/span> selbst zu sein.<\/h4>\n<\/div>\n<\/div><\/div><\/div><div id=\"pgc-1491-2-1\"  class=\"panel-grid-cell\" ><div id=\"panel-1491-2-1-0\" class=\"so-panel widget widget_sow-editor panel-first-child panel-last-child\" data-index=\"4\" ><div\n\t\t\t\n\t\t\tclass=\"so-widget-sow-editor so-widget-sow-editor-base\"\n\t\t\t\n\t\t>\n<div class=\"siteorigin-widget-tinymce textwidget\">\n\t<p>Dementsprechend w\u00e4re es w\u00fcnschenswert, diese \u00c4nderungen als Erweiterung der EU-Besonderheiten im Rahmen der einschl\u00e4gigen EU-Anwendungsbestimmungen zu den Zulassungsarten f\u00fcr den EU-Raum vorzunehmen. Der weitere Verlauf w\u00fcrde dann dem normalen Verfahren im Rahmen der EU-Verordnungen und -Richtlinien entsprechen. <\/p>\n<p>Durch die Einf\u00fchrung von Vordere Bremsleuchten auf nationalem Territorium und die Genehmigung nationaler Ausnahmen - was au\u00dferhalb der europ\u00e4ischen Vorschriften immer noch m\u00f6glich ist - kann jedoch jedes Land, das an der Verkehrssicherheit interessiert ist, diese Initiative sofort starten!<\/p>\n<\/div>\n<\/div><\/div><\/div><\/div><\/div><div id=\"pg-1491-3\"  class=\"panel-grid panel-no-style\" ><div id=\"pgc-1491-3-0\"  class=\"panel-grid-cell\" ><div id=\"panel-1491-3-0-0\" class=\"so-panel widget widget_sow-editor panel-first-child panel-last-child\" data-index=\"5\" ><div\n\t\t\t\n\t\t\tclass=\"so-widget-sow-editor so-widget-sow-editor-base\"\n\t\t\t\n\t\t>\n<div class=\"siteorigin-widget-tinymce textwidget\">\n\t<hr>\n<\/div>\n<\/div><\/div><\/div><\/div><div id=\"pg-1491-4\"  class=\"panel-grid panel-no-style\" ><div id=\"pgc-1491-4-0\"  class=\"panel-grid-cell\" ><div id=\"panel-1491-4-0-0\" class=\"so-panel widget widget_sow-editor panel-first-child panel-last-child\" data-index=\"6\" ><div\n\t\t\t\n\t\t\tclass=\"so-widget-sow-editor so-widget-sow-editor-base\"\n\t\t\t\n\t\t>\n<div class=\"siteorigin-widget-tinymce textwidget\">\n\t<h2>N\u00e4chste Recherche<\/h2>\n<\/div>\n<\/div><\/div><\/div><div id=\"pgc-1491-4-1\"  class=\"panel-grid-cell\" ><div id=\"panel-1491-4-1-0\" class=\"so-panel widget widget_siteorigin-panels-builder panel-first-child panel-last-child\" data-index=\"7\" ><div class=\"border panel-widget-style panel-widget-style-for-1491-4-1-0\" ><div id=\"pl-w6565a3fd8ab85\"  class=\"panel-layout\" ><div id=\"pg-w6565a3fd8ab85-0\"  class=\"panel-grid panel-no-style\" ><div id=\"pgc-w6565a3fd8ab85-0-0\"  class=\"panel-grid-cell\" ><div id=\"panel-w6565a3fd8ab85-0-0-0\" class=\"so-panel widget widget_sow-editor panel-first-child panel-last-child\" data-index=\"0\" ><div\n\t\t\t\n\t\t\tclass=\"so-widget-sow-editor so-widget-sow-editor-base\"\n\t\t\t\n\t\t>\n<div class=\"siteorigin-widget-tinymce textwidget\">\n\t<h3>Technisch leicht umsetzbar<\/h3>\n<\/div>\n<\/div><\/div><\/div><\/div><div id=\"pg-w6565a3fd8ab85-1\"  class=\"panel-grid panel-no-style\" ><div id=\"pgc-w6565a3fd8ab85-1-0\"  class=\"panel-grid-cell panel-grid-cell-mobile-last\" ><div id=\"panel-w6565a3fd8ab85-1-0-0\" class=\"so-panel widget widget_sow-editor panel-first-child panel-last-child\" data-index=\"1\" ><div\n\t\t\t\n\t\t\tclass=\"so-widget-sow-editor so-widget-sow-editor-base\"\n\t\t\t\n\t\t>\n<div class=\"siteorigin-widget-tinymce textwidget\">\n\t<p><a class=\"fbl-button\" href=\"https:\/\/www.frontbrakelights.com\/de\/wissenschaft-und-forschung\/technisch-leicht-umsetzbar\/\">Mehr lesen<\/a><\/p>\n<\/div>\n<\/div><\/div><\/div><div id=\"pgc-w6565a3fd8ab85-1-1\"  class=\"panel-grid-cell panel-grid-cell-empty\" ><\/div><\/div><\/div><\/div><\/div><\/div><\/div><\/div>","protected":false},"excerpt":{"rendered":"<p>Um das vordere Bremslicht als wichtiges Element zur Verbesserung der Stra\u00dfenverkehrssicherheit einzuf\u00fchren, m\u00fcssen zwei Teile des Rechtsrahmens f\u00fcr die Zulassung ge\u00e4ndert oder erweitert werden, und zwar Gr\u00fcn muss als LSF-Farbe f\u00fcr Kraftfahrzeuge zugelassen sein Bremssignale m\u00fcssen auch an der Vordere Bremsleuchte erlaubt sein Mittelfristig m\u00fcssen diese Schritte auf internationaler Ebene vereinbart werden, auf der Ebene <a href=\"https:\/\/www.frontbrakelights.com\/de\/wissenschaft-und-forschung\/rechtlicher-rahmen-naechste-schritte-zur-umsetzung\/\" class=\"more-link\">&#8230;<span class=\"screen-reader-text\">  N\u00e4chste Schritte zur Umsetzung<\/span><\/a><\/p>\n","protected":false},"author":4,"featured_media":1200,"parent":1478,"menu_order":0,"comment_status":"closed","ping_status":"closed","template":"","meta":{"inline_featured_image":false,"footnotes":""},"class_list":["post-1491","page","type-page","status-publish","has-post-thumbnail","hentry"],"acf":[],"yoast_head":"<!-- This site is optimized with the Yoast SEO plugin v21.5 - https:\/\/yoast.com\/wordpress\/plugins\/seo\/ -->\n<title>N\u00e4chste Schritte zur Umsetzung - BREMSLICHT VORNE - Offizielle Seite<\/title>\n<meta name=\"robots\" content=\"index, follow, max-snippet:-1, max-image-preview:large, max-video-preview:-1\" \/>\n<link rel=\"canonical\" href=\"https:\/\/www.frontbrakelights.com\/de\/wissenschaft-und-forschung\/rechtlicher-rahmen-naechste-schritte-zur-umsetzung\/\" \/>\n<meta property=\"og:locale\" content=\"de_DE\" \/>\n<meta property=\"og:type\" content=\"article\" \/>\n<meta property=\"og:title\" content=\"N\u00e4chste Schritte zur Umsetzung - BREMSLICHT VORNE - Offizielle Seite\" \/>\n<meta property=\"og:description\" content=\"Um das vordere Bremslicht als wichtiges Element zur Verbesserung der Stra\u00dfenverkehrssicherheit einzuf\u00fchren, m\u00fcssen zwei Teile des Rechtsrahmens f\u00fcr die Zulassung ge\u00e4ndert oder erweitert werden, und zwar Gr\u00fcn muss als LSF-Farbe f\u00fcr Kraftfahrzeuge zugelassen sein Bremssignale m\u00fcssen auch an der Vordere Bremsleuchte erlaubt sein Mittelfristig m\u00fcssen diese Schritte auf internationaler Ebene vereinbart werden, auf der Ebene ... N\u00e4chste Schritte zur Umsetzung\" \/>\n<meta property=\"og:url\" content=\"https:\/\/www.frontbrakelights.com\/de\/wissenschaft-und-forschung\/rechtlicher-rahmen-naechste-schritte-zur-umsetzung\/\" \/>\n<meta property=\"og:site_name\" content=\"BREMSLICHT VORNE - Offizielle Seite\" \/>\n<meta property=\"article:publisher\" content=\"https:\/\/www.facebook.com\/profile.php?id=61552622936436\" \/>\n<meta property=\"article:modified_time\" content=\"2023-11-28T08:25:33+00:00\" \/>\n<meta property=\"og:image\" content=\"https:\/\/www.frontbrakelights.com\/wp-content\/uploads\/2023\/11\/Zlava_Lubomir_Marjak_Milos_Poliak.png\" \/>\n\t<meta property=\"og:image:width\" content=\"2500\" \/>\n\t<meta property=\"og:image:height\" content=\"1401\" \/>\n\t<meta property=\"og:image:type\" content=\"image\/png\" \/>\n<meta name=\"twitter:card\" content=\"summary_large_image\" \/>\n<meta name=\"twitter:label1\" content=\"Gesch\u00e4tzte Lesezeit\" \/>\n\t<meta name=\"twitter:data1\" content=\"1\u00a0Minute\" \/>\n<script type=\"application\/ld+json\" class=\"yoast-schema-graph\">{\"@context\":\"https:\/\/schema.org\",\"@graph\":[{\"@type\":\"WebPage\",\"@id\":\"https:\/\/www.frontbrakelights.com\/de\/wissenschaft-und-forschung\/rechtlicher-rahmen-naechste-schritte-zur-umsetzung\/\",\"url\":\"https:\/\/www.frontbrakelights.com\/de\/wissenschaft-und-forschung\/rechtlicher-rahmen-naechste-schritte-zur-umsetzung\/\",\"name\":\"N\u00e4chste Schritte zur Umsetzung - BREMSLICHT VORNE - Offizielle Seite\",\"isPartOf\":{\"@id\":\"https:\/\/www.frontbrakelights.com\/de\/#website\"},\"datePublished\":\"2023-11-15T07:18:18+00:00\",\"dateModified\":\"2023-11-28T08:25:33+00:00\",\"breadcrumb\":{\"@id\":\"https:\/\/www.frontbrakelights.com\/de\/wissenschaft-und-forschung\/rechtlicher-rahmen-naechste-schritte-zur-umsetzung\/#breadcrumb\"},\"inLanguage\":\"de\",\"potentialAction\":[{\"@type\":\"ReadAction\",\"target\":[\"https:\/\/www.frontbrakelights.com\/de\/wissenschaft-und-forschung\/rechtlicher-rahmen-naechste-schritte-zur-umsetzung\/\"]}]},{\"@type\":\"BreadcrumbList\",\"@id\":\"https:\/\/www.frontbrakelights.com\/de\/wissenschaft-und-forschung\/rechtlicher-rahmen-naechste-schritte-zur-umsetzung\/#breadcrumb\",\"itemListElement\":[{\"@type\":\"ListItem\",\"position\":1,\"name\":\"Home\",\"item\":\"https:\/\/www.frontbrakelights.com\/de\/\"},{\"@type\":\"ListItem\",\"position\":2,\"name\":\"Wissenschaft und Forschung\",\"item\":\"https:\/\/www.frontbrakelights.com\/de\/wissenschaft-und-forschung\/\"},{\"@type\":\"ListItem\",\"position\":3,\"name\":\"N\u00e4chste Schritte zur Umsetzung\"}]},{\"@type\":\"WebSite\",\"@id\":\"https:\/\/www.frontbrakelights.com\/de\/#website\",\"url\":\"https:\/\/www.frontbrakelights.com\/de\/\",\"name\":\"Front brake light\",\"description\":\"Front brake light\",\"potentialAction\":[{\"@type\":\"SearchAction\",\"target\":{\"@type\":\"EntryPoint\",\"urlTemplate\":\"https:\/\/www.frontbrakelights.com\/de\/?s={search_term_string}\"},\"query-input\":\"required name=search_term_string\"}],\"inLanguage\":\"de\"}]}<\/script>\n<!-- \/ Yoast SEO plugin. -->","yoast_head_json":{"title":"N\u00e4chste Schritte zur Umsetzung - BREMSLICHT VORNE - Offizielle Seite","robots":{"index":"index","follow":"follow","max-snippet":"max-snippet:-1","max-image-preview":"max-image-preview:large","max-video-preview":"max-video-preview:-1"},"canonical":"https:\/\/www.frontbrakelights.com\/de\/wissenschaft-und-forschung\/rechtlicher-rahmen-naechste-schritte-zur-umsetzung\/","og_locale":"de_DE","og_type":"article","og_title":"N\u00e4chste Schritte zur Umsetzung - BREMSLICHT VORNE - Offizielle Seite","og_description":"Um das vordere Bremslicht als wichtiges Element zur Verbesserung der Stra\u00dfenverkehrssicherheit einzuf\u00fchren, m\u00fcssen zwei Teile des Rechtsrahmens f\u00fcr die Zulassung ge\u00e4ndert oder erweitert werden, und zwar Gr\u00fcn muss als LSF-Farbe f\u00fcr Kraftfahrzeuge zugelassen sein Bremssignale m\u00fcssen auch an der Vordere Bremsleuchte erlaubt sein Mittelfristig m\u00fcssen diese Schritte auf internationaler Ebene vereinbart werden, auf der Ebene ... N\u00e4chste Schritte zur Umsetzung","og_url":"https:\/\/www.frontbrakelights.com\/de\/wissenschaft-und-forschung\/rechtlicher-rahmen-naechste-schritte-zur-umsetzung\/","og_site_name":"BREMSLICHT VORNE - Offizielle Seite","article_publisher":"https:\/\/www.facebook.com\/profile.php?id=61552622936436","article_modified_time":"2023-11-28T08:25:33+00:00","og_image":[{"width":2500,"height":1401,"url":"https:\/\/www.frontbrakelights.com\/wp-content\/uploads\/2023\/11\/Zlava_Lubomir_Marjak_Milos_Poliak.png","type":"image\/png"}],"twitter_card":"summary_large_image","twitter_misc":{"Gesch\u00e4tzte Lesezeit":"1\u00a0Minute"},"schema":{"@context":"https:\/\/schema.org","@graph":[{"@type":"WebPage","@id":"https:\/\/www.frontbrakelights.com\/de\/wissenschaft-und-forschung\/rechtlicher-rahmen-naechste-schritte-zur-umsetzung\/","url":"https:\/\/www.frontbrakelights.com\/de\/wissenschaft-und-forschung\/rechtlicher-rahmen-naechste-schritte-zur-umsetzung\/","name":"N\u00e4chste Schritte zur Umsetzung - BREMSLICHT VORNE - Offizielle Seite","isPartOf":{"@id":"https:\/\/www.frontbrakelights.com\/de\/#website"},"datePublished":"2023-11-15T07:18:18+00:00","dateModified":"2023-11-28T08:25:33+00:00","breadcrumb":{"@id":"https:\/\/www.frontbrakelights.com\/de\/wissenschaft-und-forschung\/rechtlicher-rahmen-naechste-schritte-zur-umsetzung\/#breadcrumb"},"inLanguage":"de","potentialAction":[{"@type":"ReadAction","target":["https:\/\/www.frontbrakelights.com\/de\/wissenschaft-und-forschung\/rechtlicher-rahmen-naechste-schritte-zur-umsetzung\/"]}]},{"@type":"BreadcrumbList","@id":"https:\/\/www.frontbrakelights.com\/de\/wissenschaft-und-forschung\/rechtlicher-rahmen-naechste-schritte-zur-umsetzung\/#breadcrumb","itemListElement":[{"@type":"ListItem","position":1,"name":"Home","item":"https:\/\/www.frontbrakelights.com\/de\/"},{"@type":"ListItem","position":2,"name":"Wissenschaft und Forschung","item":"https:\/\/www.frontbrakelights.com\/de\/wissenschaft-und-forschung\/"},{"@type":"ListItem","position":3,"name":"N\u00e4chste Schritte zur Umsetzung"}]},{"@type":"WebSite","@id":"https:\/\/www.frontbrakelights.com\/de\/#website","url":"https:\/\/www.frontbrakelights.com\/de\/","name":"Front brake light","description":"Front brake light","potentialAction":[{"@type":"SearchAction","target":{"@type":"EntryPoint","urlTemplate":"https:\/\/www.frontbrakelights.com\/de\/?s={search_term_string}"},"query-input":"required name=search_term_string"}],"inLanguage":"de"}]}},"_links":{"self":[{"href":"https:\/\/www.frontbrakelights.com\/de\/wp-json\/wp\/v2\/pages\/1491","targetHints":{"allow":["GET"]}}],"collection":[{"href":"https:\/\/www.frontbrakelights.com\/de\/wp-json\/wp\/v2\/pages"}],"about":[{"href":"https:\/\/www.frontbrakelights.com\/de\/wp-json\/wp\/v2\/types\/page"}],"author":[{"embeddable":true,"href":"https:\/\/www.frontbrakelights.com\/de\/wp-json\/wp\/v2\/users\/4"}],"replies":[{"embeddable":true,"href":"https:\/\/www.frontbrakelights.com\/de\/wp-json\/wp\/v2\/comments?post=1491"}],"version-history":[{"count":11,"href":"https:\/\/www.frontbrakelights.com\/de\/wp-json\/wp\/v2\/pages\/1491\/revisions"}],"predecessor-version":[{"id":1683,"href":"https:\/\/www.frontbrakelights.com\/de\/wp-json\/wp\/v2\/pages\/1491\/revisions\/1683"}],"up":[{"embeddable":true,"href":"https:\/\/www.frontbrakelights.com\/de\/wp-json\/wp\/v2\/pages\/1478"}],"wp:featuredmedia":[{"embeddable":true,"href":"https:\/\/www.frontbrakelights.com\/de\/wp-json\/wp\/v2\/media\/1200"}],"wp:attachment":[{"href":"https:\/\/www.frontbrakelights.com\/de\/wp-json\/wp\/v2\/media?parent=1491"}],"curies":[{"name":"wp","href":"https:\/\/api.w.org\/{rel}","templated":true}]}}