{"id":1503,"date":"2023-11-14T12:52:59","date_gmt":"2023-11-14T11:52:59","guid":{"rendered":"https:\/\/www.frontbrakelights.com\/wissenschaft-und-forschung\/scope-of-use-and-potential-benefits\/"},"modified":"2023-11-28T09:00:56","modified_gmt":"2023-11-28T08:00:56","slug":"anwendungsbereich-und-potenzieller-nutzen","status":"publish","type":"page","link":"https:\/\/www.frontbrakelights.com\/de\/wissenschaft-und-forschung\/anwendungsbereich-und-potenzieller-nutzen\/","title":{"rendered":"Anwendungsbereich und potenzieller Nutzen"},"content":{"rendered":"<div id=\"pl-1503\"  class=\"panel-layout\" ><div id=\"pg-1503-0\"  class=\"panel-grid panel-no-style\" ><div id=\"pgc-1503-0-0\"  class=\"panel-grid-cell\" ><div id=\"panel-1503-0-0-0\" class=\"so-panel widget widget_sow-editor panel-first-child panel-last-child\" data-index=\"0\" ><div\n\t\t\t\n\t\t\tclass=\"so-widget-sow-editor so-widget-sow-editor-base\"\n\t\t\t\n\t\t>\n<div class=\"siteorigin-widget-tinymce textwidget\">\n\t<h3>Die Liste der <span class=\"green\">m\u00f6glichen Vorteile eines vorderen Bremslichts<\/span> umfasst mehrere F\u00e4lle, in denen die Kommunikation zwischen den Verkehrsteilnehmern verbessert und damit die Verkehrssicherheit erh\u00f6ht wird. <\/h3>\n<p>Diese F\u00e4lle sind keineswegs auf asymmetrische Beziehungen (z. B. Fahrer\/Fu\u00dfg\u00e4nger) beschr\u00e4nkt. Auch in der Beziehung Fahrzeug\/Fahrzeug kann das vordere Bremslicht den Stra\u00dfenverkehr komfortabler und sicherer machen.<\/p>\n<p><a class=\"fbl-button\" href=\"https:\/\/www.frontbrakelights.com\/de\/ueber-dasvordere-bremslicht\/\">Mehr lesen<\/a><\/p>\n<\/div>\n<\/div><\/div><\/div><div id=\"pgc-1503-0-1\"  class=\"panel-grid-cell\" ><div id=\"panel-1503-0-1-0\" class=\"so-panel widget widget_sow-image panel-first-child panel-last-child\" data-index=\"1\" ><div\n\t\t\t\n\t\t\tclass=\"so-widget-sow-image so-widget-sow-image-default-8b5b6f678277-1503\"\n\t\t\t\n\t\t>\n\n<div class=\"sow-image-container\">\n\t\t<img decoding=\"async\" src=\"https:\/\/www.frontbrakelights.com\/wp-content\/uploads\/2023\/11\/Daniel_Bercel_Predne_brzdove_svetlo-2.jpg\" width=\"2500\" height=\"1667\" srcset=\"https:\/\/www.frontbrakelights.com\/wp-content\/uploads\/2023\/11\/Daniel_Bercel_Predne_brzdove_svetlo-2.jpg 2500w, https:\/\/www.frontbrakelights.com\/wp-content\/uploads\/2023\/11\/Daniel_Bercel_Predne_brzdove_svetlo-2-300x200.jpg 300w, https:\/\/www.frontbrakelights.com\/wp-content\/uploads\/2023\/11\/Daniel_Bercel_Predne_brzdove_svetlo-2-1024x683.jpg 1024w, https:\/\/www.frontbrakelights.com\/wp-content\/uploads\/2023\/11\/Daniel_Bercel_Predne_brzdove_svetlo-2-272x182.jpg 272w\" sizes=\"auto, (max-width: 2500px) 100vw, 2500px\" title=\"Daniel_Bercel_Predne_brzdove_svetlo (2)\" alt=\"\" loading=\"lazy\" \t\tclass=\"so-widget-image\"\/>\n\t<\/div>\n\n<\/div><\/div><\/div><\/div><div id=\"pg-1503-1\"  class=\"panel-grid panel-has-style\" ><div class=\"panel-row-style panel-row-style-for-1503-1\" ><div id=\"pgc-1503-1-0\"  class=\"panel-grid-cell\" ><div id=\"panel-1503-1-0-0\" class=\"so-panel widget widget_sow-editor panel-first-child panel-last-child\" data-index=\"2\" ><div\n\t\t\t\n\t\t\tclass=\"so-widget-sow-editor so-widget-sow-editor-base\"\n\t\t\t\n\t\t>\n<div class=\"siteorigin-widget-tinymce textwidget\">\n\t<h2>Erwartete Hauptvorteile f\u00fcr alle Verkehrsteilnehmer:<\/h2>\n<\/div>\n<\/div><\/div><\/div><div id=\"pgc-1503-1-1\"  class=\"panel-grid-cell\" ><div id=\"panel-1503-1-1-0\" class=\"so-panel widget widget_sow-editor panel-first-child panel-last-child\" data-index=\"3\" ><div\n\t\t\t\n\t\t\tclass=\"so-widget-sow-editor so-widget-sow-editor-base\"\n\t\t\t\n\t\t>\n<div class=\"siteorigin-widget-tinymce textwidget\">\n\t<ul>\n<li>Vermeidung von Kollisionen in bestimmten Situationen (siehe Anhang A)<\/li>\n<li>Minderung der Unfallschwere durch die Warnfunktion (siehe Anhang B)<\/li>\n<li>Verringerung des Stresses beim Fahren und damit Verringerung von Fahrfehlern (siehe Anhang C)<\/li>\n<li>Kompensation von Kommunikationsproblemen zwischen Verkehrsteilnehmern (insbesondere bei hochautomatisierten Fahrzeugen)<\/li>\n<\/ul>\n<\/div>\n<\/div><\/div><\/div><\/div><\/div><div id=\"pg-1503-2\"  class=\"panel-grid panel-no-style\" ><div id=\"pgc-1503-2-0\"  class=\"panel-grid-cell\" ><div id=\"panel-1503-2-0-0\" class=\"so-panel widget widget_sow-editor panel-first-child panel-last-child\" data-index=\"4\" ><div\n\t\t\t\n\t\t\tclass=\"so-widget-sow-editor so-widget-sow-editor-base\"\n\t\t\t\n\t\t>\n<div class=\"siteorigin-widget-tinymce textwidget\">\n\t<hr>\n<\/div>\n<\/div><\/div><\/div><\/div><div id=\"pg-1503-3\"  class=\"panel-grid panel-no-style\" ><div id=\"pgc-1503-3-0\"  class=\"panel-grid-cell\" ><div id=\"panel-1503-3-0-0\" class=\"so-panel widget widget_sow-editor panel-first-child panel-last-child\" data-index=\"5\" ><div\n\t\t\t\n\t\t\tclass=\"so-widget-sow-editor so-widget-sow-editor-base\"\n\t\t\t\n\t\t>\n<div class=\"siteorigin-widget-tinymce textwidget\">\n\t<h2>N\u00e4chste Recherche<\/h2>\n<\/div>\n<\/div><\/div><\/div><div id=\"pgc-1503-3-1\"  class=\"panel-grid-cell\" ><div id=\"panel-1503-3-1-0\" class=\"so-panel widget widget_siteorigin-panels-builder panel-first-child panel-last-child\" data-index=\"6\" ><div class=\"border panel-widget-style panel-widget-style-for-1503-3-1-0\" ><div id=\"pl-w656463c7032b5\"  class=\"panel-layout\" ><div id=\"pg-w656463c7032b5-0\"  class=\"panel-grid panel-no-style\" ><div id=\"pgc-w656463c7032b5-0-0\"  class=\"panel-grid-cell\" ><div id=\"panel-w656463c7032b5-0-0-0\" class=\"so-panel widget widget_sow-editor panel-first-child panel-last-child\" data-index=\"0\" ><div\n\t\t\t\n\t\t\tclass=\"so-widget-sow-editor so-widget-sow-editor-base\"\n\t\t\t\n\t\t>\n<div class=\"siteorigin-widget-tinymce textwidget\">\n\t<h3>Weitere Forschung - Studien und Versuche<\/h3>\n<\/div>\n<\/div><\/div><\/div><\/div><div id=\"pg-w656463c7032b5-1\"  class=\"panel-grid panel-no-style\" ><div id=\"pgc-w656463c7032b5-1-0\"  class=\"panel-grid-cell panel-grid-cell-mobile-last\" ><div id=\"panel-w656463c7032b5-1-0-0\" class=\"so-panel widget widget_sow-editor panel-first-child panel-last-child\" data-index=\"1\" ><div\n\t\t\t\n\t\t\tclass=\"so-widget-sow-editor so-widget-sow-editor-base\"\n\t\t\t\n\t\t>\n<div class=\"siteorigin-widget-tinymce textwidget\">\n\t<p><a class=\"fbl-button\" href=\"https:\/\/www.frontbrakelights.com\/de\/wissenschaft-und-forschung\/weitere-forschung-studien-und-versuche\/\">Mehr lesen<\/a><\/p>\n<\/div>\n<\/div><\/div><\/div><div id=\"pgc-w656463c7032b5-1-1\"  class=\"panel-grid-cell panel-grid-cell-empty\" ><\/div><\/div><\/div><\/div><\/div><\/div><\/div><\/div>","protected":false},"excerpt":{"rendered":"<p>Die Liste der m\u00f6glichen Vorteile eines vorderen Bremslichts umfasst mehrere F\u00e4lle, in denen die Kommunikation zwischen den Verkehrsteilnehmern verbessert und damit die Verkehrssicherheit erh\u00f6ht wird. Diese F\u00e4lle sind keineswegs auf asymmetrische Beziehungen (z. B. Fahrer\/Fu\u00dfg\u00e4nger) beschr\u00e4nkt. Auch in der Beziehung Fahrzeug\/Fahrzeug kann das vordere Bremslicht den Stra\u00dfenverkehr komfortabler und sicherer machen. Mehr lesen Erwartete Hauptvorteile <a href=\"https:\/\/www.frontbrakelights.com\/de\/wissenschaft-und-forschung\/anwendungsbereich-und-potenzieller-nutzen\/\" class=\"more-link\">&#8230;<span class=\"screen-reader-text\">  Anwendungsbereich und potenzieller Nutzen<\/span><\/a><\/p>\n","protected":false},"author":4,"featured_media":1162,"parent":1478,"menu_order":0,"comment_status":"closed","ping_status":"closed","template":"","meta":{"inline_featured_image":false,"footnotes":""},"class_list":["post-1503","page","type-page","status-publish","has-post-thumbnail","hentry"],"acf":[],"yoast_head":"<!-- This site is optimized with the Yoast SEO plugin v21.5 - https:\/\/yoast.com\/wordpress\/plugins\/seo\/ -->\n<title>Anwendungsbereich und potenzieller Nutzen - BREMSLICHT VORNE - Offizielle Seite<\/title>\n<meta name=\"robots\" content=\"index, follow, max-snippet:-1, max-image-preview:large, max-video-preview:-1\" \/>\n<link rel=\"canonical\" href=\"https:\/\/www.frontbrakelights.com\/de\/wissenschaft-und-forschung\/anwendungsbereich-und-potenzieller-nutzen\/\" \/>\n<meta property=\"og:locale\" content=\"de_DE\" \/>\n<meta property=\"og:type\" content=\"article\" \/>\n<meta property=\"og:title\" content=\"Anwendungsbereich und potenzieller Nutzen - BREMSLICHT VORNE - Offizielle Seite\" \/>\n<meta property=\"og:description\" content=\"Die Liste der m\u00f6glichen Vorteile eines vorderen Bremslichts umfasst mehrere F\u00e4lle, in denen die Kommunikation zwischen den Verkehrsteilnehmern verbessert und damit die Verkehrssicherheit erh\u00f6ht wird. Diese F\u00e4lle sind keineswegs auf asymmetrische Beziehungen (z. B. Fahrer\/Fu\u00dfg\u00e4nger) beschr\u00e4nkt. Auch in der Beziehung Fahrzeug\/Fahrzeug kann das vordere Bremslicht den Stra\u00dfenverkehr komfortabler und sicherer machen. Mehr lesen Erwartete Hauptvorteile ... Anwendungsbereich und potenzieller Nutzen\" \/>\n<meta property=\"og:url\" content=\"https:\/\/www.frontbrakelights.com\/de\/wissenschaft-und-forschung\/anwendungsbereich-und-potenzieller-nutzen\/\" \/>\n<meta property=\"og:site_name\" content=\"BREMSLICHT VORNE - Offizielle Seite\" \/>\n<meta property=\"article:publisher\" content=\"https:\/\/www.facebook.com\/profile.php?id=61552622936436\" \/>\n<meta property=\"article:modified_time\" content=\"2023-11-28T08:00:56+00:00\" \/>\n<meta property=\"og:image\" content=\"https:\/\/www.frontbrakelights.com\/wp-content\/uploads\/2023\/11\/Titulka_Predne_brzdove_svetlo.png\" \/>\n\t<meta property=\"og:image:width\" content=\"2500\" \/>\n\t<meta property=\"og:image:height\" content=\"1401\" \/>\n\t<meta property=\"og:image:type\" content=\"image\/png\" \/>\n<meta name=\"twitter:card\" content=\"summary_large_image\" \/>\n<meta name=\"twitter:label1\" content=\"Gesch\u00e4tzte Lesezeit\" \/>\n\t<meta name=\"twitter:data1\" content=\"1\u00a0Minute\" \/>\n<script type=\"application\/ld+json\" class=\"yoast-schema-graph\">{\"@context\":\"https:\/\/schema.org\",\"@graph\":[{\"@type\":\"WebPage\",\"@id\":\"https:\/\/www.frontbrakelights.com\/de\/wissenschaft-und-forschung\/anwendungsbereich-und-potenzieller-nutzen\/\",\"url\":\"https:\/\/www.frontbrakelights.com\/de\/wissenschaft-und-forschung\/anwendungsbereich-und-potenzieller-nutzen\/\",\"name\":\"Anwendungsbereich und potenzieller Nutzen - BREMSLICHT VORNE - Offizielle Seite\",\"isPartOf\":{\"@id\":\"https:\/\/www.frontbrakelights.com\/de\/#website\"},\"datePublished\":\"2023-11-14T11:52:59+00:00\",\"dateModified\":\"2023-11-28T08:00:56+00:00\",\"breadcrumb\":{\"@id\":\"https:\/\/www.frontbrakelights.com\/de\/wissenschaft-und-forschung\/anwendungsbereich-und-potenzieller-nutzen\/#breadcrumb\"},\"inLanguage\":\"de\",\"potentialAction\":[{\"@type\":\"ReadAction\",\"target\":[\"https:\/\/www.frontbrakelights.com\/de\/wissenschaft-und-forschung\/anwendungsbereich-und-potenzieller-nutzen\/\"]}]},{\"@type\":\"BreadcrumbList\",\"@id\":\"https:\/\/www.frontbrakelights.com\/de\/wissenschaft-und-forschung\/anwendungsbereich-und-potenzieller-nutzen\/#breadcrumb\",\"itemListElement\":[{\"@type\":\"ListItem\",\"position\":1,\"name\":\"Home\",\"item\":\"https:\/\/www.frontbrakelights.com\/de\/\"},{\"@type\":\"ListItem\",\"position\":2,\"name\":\"Wissenschaft und Forschung\",\"item\":\"https:\/\/www.frontbrakelights.com\/de\/wissenschaft-und-forschung\/\"},{\"@type\":\"ListItem\",\"position\":3,\"name\":\"Anwendungsbereich und potenzieller Nutzen\"}]},{\"@type\":\"WebSite\",\"@id\":\"https:\/\/www.frontbrakelights.com\/de\/#website\",\"url\":\"https:\/\/www.frontbrakelights.com\/de\/\",\"name\":\"Front brake light\",\"description\":\"Front brake light\",\"potentialAction\":[{\"@type\":\"SearchAction\",\"target\":{\"@type\":\"EntryPoint\",\"urlTemplate\":\"https:\/\/www.frontbrakelights.com\/de\/?s={search_term_string}\"},\"query-input\":\"required name=search_term_string\"}],\"inLanguage\":\"de\"}]}<\/script>\n<!-- \/ Yoast SEO plugin. -->","yoast_head_json":{"title":"Anwendungsbereich und potenzieller Nutzen - BREMSLICHT VORNE - Offizielle Seite","robots":{"index":"index","follow":"follow","max-snippet":"max-snippet:-1","max-image-preview":"max-image-preview:large","max-video-preview":"max-video-preview:-1"},"canonical":"https:\/\/www.frontbrakelights.com\/de\/wissenschaft-und-forschung\/anwendungsbereich-und-potenzieller-nutzen\/","og_locale":"de_DE","og_type":"article","og_title":"Anwendungsbereich und potenzieller Nutzen - BREMSLICHT VORNE - Offizielle Seite","og_description":"Die Liste der m\u00f6glichen Vorteile eines vorderen Bremslichts umfasst mehrere F\u00e4lle, in denen die Kommunikation zwischen den Verkehrsteilnehmern verbessert und damit die Verkehrssicherheit erh\u00f6ht wird. Diese F\u00e4lle sind keineswegs auf asymmetrische Beziehungen (z. B. Fahrer\/Fu\u00dfg\u00e4nger) beschr\u00e4nkt. Auch in der Beziehung Fahrzeug\/Fahrzeug kann das vordere Bremslicht den Stra\u00dfenverkehr komfortabler und sicherer machen. Mehr lesen Erwartete Hauptvorteile ... Anwendungsbereich und potenzieller Nutzen","og_url":"https:\/\/www.frontbrakelights.com\/de\/wissenschaft-und-forschung\/anwendungsbereich-und-potenzieller-nutzen\/","og_site_name":"BREMSLICHT VORNE - Offizielle Seite","article_publisher":"https:\/\/www.facebook.com\/profile.php?id=61552622936436","article_modified_time":"2023-11-28T08:00:56+00:00","og_image":[{"width":2500,"height":1401,"url":"https:\/\/www.frontbrakelights.com\/wp-content\/uploads\/2023\/11\/Titulka_Predne_brzdove_svetlo.png","type":"image\/png"}],"twitter_card":"summary_large_image","twitter_misc":{"Gesch\u00e4tzte Lesezeit":"1\u00a0Minute"},"schema":{"@context":"https:\/\/schema.org","@graph":[{"@type":"WebPage","@id":"https:\/\/www.frontbrakelights.com\/de\/wissenschaft-und-forschung\/anwendungsbereich-und-potenzieller-nutzen\/","url":"https:\/\/www.frontbrakelights.com\/de\/wissenschaft-und-forschung\/anwendungsbereich-und-potenzieller-nutzen\/","name":"Anwendungsbereich und potenzieller Nutzen - BREMSLICHT VORNE - Offizielle Seite","isPartOf":{"@id":"https:\/\/www.frontbrakelights.com\/de\/#website"},"datePublished":"2023-11-14T11:52:59+00:00","dateModified":"2023-11-28T08:00:56+00:00","breadcrumb":{"@id":"https:\/\/www.frontbrakelights.com\/de\/wissenschaft-und-forschung\/anwendungsbereich-und-potenzieller-nutzen\/#breadcrumb"},"inLanguage":"de","potentialAction":[{"@type":"ReadAction","target":["https:\/\/www.frontbrakelights.com\/de\/wissenschaft-und-forschung\/anwendungsbereich-und-potenzieller-nutzen\/"]}]},{"@type":"BreadcrumbList","@id":"https:\/\/www.frontbrakelights.com\/de\/wissenschaft-und-forschung\/anwendungsbereich-und-potenzieller-nutzen\/#breadcrumb","itemListElement":[{"@type":"ListItem","position":1,"name":"Home","item":"https:\/\/www.frontbrakelights.com\/de\/"},{"@type":"ListItem","position":2,"name":"Wissenschaft und Forschung","item":"https:\/\/www.frontbrakelights.com\/de\/wissenschaft-und-forschung\/"},{"@type":"ListItem","position":3,"name":"Anwendungsbereich und potenzieller Nutzen"}]},{"@type":"WebSite","@id":"https:\/\/www.frontbrakelights.com\/de\/#website","url":"https:\/\/www.frontbrakelights.com\/de\/","name":"Front brake light","description":"Front brake light","potentialAction":[{"@type":"SearchAction","target":{"@type":"EntryPoint","urlTemplate":"https:\/\/www.frontbrakelights.com\/de\/?s={search_term_string}"},"query-input":"required name=search_term_string"}],"inLanguage":"de"}]}},"_links":{"self":[{"href":"https:\/\/www.frontbrakelights.com\/de\/wp-json\/wp\/v2\/pages\/1503","targetHints":{"allow":["GET"]}}],"collection":[{"href":"https:\/\/www.frontbrakelights.com\/de\/wp-json\/wp\/v2\/pages"}],"about":[{"href":"https:\/\/www.frontbrakelights.com\/de\/wp-json\/wp\/v2\/types\/page"}],"author":[{"embeddable":true,"href":"https:\/\/www.frontbrakelights.com\/de\/wp-json\/wp\/v2\/users\/4"}],"replies":[{"embeddable":true,"href":"https:\/\/www.frontbrakelights.com\/de\/wp-json\/wp\/v2\/comments?post=1503"}],"version-history":[{"count":4,"href":"https:\/\/www.frontbrakelights.com\/de\/wp-json\/wp\/v2\/pages\/1503\/revisions"}],"predecessor-version":[{"id":1603,"href":"https:\/\/www.frontbrakelights.com\/de\/wp-json\/wp\/v2\/pages\/1503\/revisions\/1603"}],"up":[{"embeddable":true,"href":"https:\/\/www.frontbrakelights.com\/de\/wp-json\/wp\/v2\/pages\/1478"}],"wp:featuredmedia":[{"embeddable":true,"href":"https:\/\/www.frontbrakelights.com\/de\/wp-json\/wp\/v2\/media\/1162"}],"wp:attachment":[{"href":"https:\/\/www.frontbrakelights.com\/de\/wp-json\/wp\/v2\/media?parent=1503"}],"curies":[{"name":"wp","href":"https:\/\/api.w.org\/{rel}","templated":true}]}}