{"id":1507,"date":"2023-11-14T15:46:05","date_gmt":"2023-11-14T14:46:05","guid":{"rendered":"https:\/\/www.frontbrakelights.com\/wissenschaft-und-forschung\/easy-to-implement-from-a-technical-point-of-view\/"},"modified":"2023-11-27T10:53:21","modified_gmt":"2023-11-27T09:53:21","slug":"technisch-leicht-umsetzbar","status":"publish","type":"page","link":"https:\/\/www.frontbrakelights.com\/de\/wissenschaft-und-forschung\/technisch-leicht-umsetzbar\/","title":{"rendered":"Technisch leicht umsetzbar"},"content":{"rendered":"<div id=\"pl-1507\"  class=\"panel-layout\" ><div id=\"pg-1507-0\"  class=\"panel-grid panel-no-style\" ><div id=\"pgc-1507-0-0\"  class=\"panel-grid-cell\" ><div id=\"panel-1507-0-0-0\" class=\"so-panel widget widget_sow-editor panel-first-child panel-last-child\" data-index=\"0\" ><div\n\t\t\t\n\t\t\tclass=\"so-widget-sow-editor so-widget-sow-editor-base\"\n\t\t\t\n\t\t>\n<div class=\"siteorigin-widget-tinymce textwidget\">\n\t<h4>Bei der Gestaltung eines neuen LSF an Kraftfahrzeugen ist die Frage nach der geeigneten Lichtfarbe immer ein Thema - sowohl rechtlich als auch faktisch.<\/h4>\n<p>Da andere Farben bereits rechtlich bestimmten Situationen oder bestimmten Fahrzeugtypen zugeordnet sind, kommt nur die Verwendung von Gr\u00fcn oder Wei\u00df in Frage. <\/p>\n<p>In Anbetracht der bereits bestehenden gro\u00dfen Anzahl und Vielfalt an Varianten von nach vorn gerichteten wei\u00dfen Lichtsignalen (Abblendlicht, Fernlicht, Nebelscheinwerfer usw.) k\u00f6nnte die Verwendung eines wei\u00dfen vorderen Bremslichts dazu beitragen, dass mehrdeutige Informationen empfangen werden, wodurch sein Beitrag zur Verkehrssicherheit zunichte gemacht w\u00fcrde. <\/p>\n<\/div>\n<\/div><\/div><\/div><div id=\"pgc-1507-0-1\"  class=\"panel-grid-cell\" ><div id=\"panel-1507-0-1-0\" class=\"so-panel widget widget_sow-image panel-first-child panel-last-child\" data-index=\"1\" ><div\n\t\t\t\n\t\t\tclass=\"so-widget-sow-image so-widget-sow-image-default-8b5b6f678277-1507\"\n\t\t\t\n\t\t>\n\n<div class=\"sow-image-container\">\n\t\t<img decoding=\"async\" src=\"https:\/\/www.frontbrakelights.com\/wp-content\/uploads\/2023\/11\/Daniel_Bercel_predne_brzdove_svetlo.jpg\" width=\"2500\" height=\"1667\" srcset=\"https:\/\/www.frontbrakelights.com\/wp-content\/uploads\/2023\/11\/Daniel_Bercel_predne_brzdove_svetlo.jpg 2500w, https:\/\/www.frontbrakelights.com\/wp-content\/uploads\/2023\/11\/Daniel_Bercel_predne_brzdove_svetlo-300x200.jpg 300w, https:\/\/www.frontbrakelights.com\/wp-content\/uploads\/2023\/11\/Daniel_Bercel_predne_brzdove_svetlo-1024x683.jpg 1024w, https:\/\/www.frontbrakelights.com\/wp-content\/uploads\/2023\/11\/Daniel_Bercel_predne_brzdove_svetlo-272x182.jpg 272w\" sizes=\"auto, (max-width: 2500px) 100vw, 2500px\" alt=\"\" loading=\"lazy\" \t\tclass=\"so-widget-image\"\/>\n\t<\/div>\n\n<\/div><\/div><\/div><\/div><div id=\"pg-1507-1\"  class=\"panel-grid panel-has-style\" ><div class=\"panel-row-style panel-row-style-for-1507-1\" ><div id=\"pgc-1507-1-0\"  class=\"panel-grid-cell\" ><div id=\"panel-1507-1-0-0\" class=\"so-panel widget widget_sow-image panel-first-child panel-last-child\" data-index=\"2\" ><div\n\t\t\t\n\t\t\tclass=\"so-widget-sow-image so-widget-sow-image-default-8b5b6f678277-1507\"\n\t\t\t\n\t\t>\n\n<div class=\"sow-image-container\">\n\t\t<img decoding=\"async\" src=\"https:\/\/www.frontbrakelights.com\/wp-content\/uploads\/2023\/11\/DSC9160.jpg\" width=\"1200\" height=\"800\" srcset=\"https:\/\/www.frontbrakelights.com\/wp-content\/uploads\/2023\/11\/DSC9160.jpg 1200w, https:\/\/www.frontbrakelights.com\/wp-content\/uploads\/2023\/11\/DSC9160-300x200.jpg 300w, https:\/\/www.frontbrakelights.com\/wp-content\/uploads\/2023\/11\/DSC9160-1024x683.jpg 1024w, https:\/\/www.frontbrakelights.com\/wp-content\/uploads\/2023\/11\/DSC9160-272x182.jpg 272w\" sizes=\"auto, (max-width: 1200px) 100vw, 1200px\" alt=\"\" loading=\"lazy\" \t\tclass=\"so-widget-image\"\/>\n\t<\/div>\n\n<\/div><\/div><\/div><div id=\"pgc-1507-1-1\"  class=\"panel-grid-cell\" ><div id=\"panel-1507-1-1-0\" class=\"so-panel widget widget_sow-editor panel-first-child panel-last-child\" data-index=\"3\" ><div\n\t\t\t\n\t\t\tclass=\"so-widget-sow-editor so-widget-sow-editor-base\"\n\t\t\t\n\t\t>\n<div class=\"siteorigin-widget-tinymce textwidget\">\n\t<h3>Die Farbe Gr\u00fcn wird jedoch noch nicht f\u00fcr LSF an Kraftfahrzeugen verwendet und bietet daher den Vorteil der Eindeutigkeit und schnellen Erkennbarkeit des ausgesandten Lichtsignals.<\/h3>\n<p>Au\u00dferdem ist diese Farbe aus dem Stra\u00dfenverkehr (z.B. Ampeln) gut bekannt. Im Vergleich zu anderen Farben wird die gr\u00fcne Farbe f\u00fcr das vordere Bremslicht auch durch psychologische \u00dcberlegungen unterst\u00fctzt, insbesondere im Hinblick auf die rote Farbe. <\/p>\n<p>Es wird davon ausgegangen, dass die vordere Bremsleuchte direkt an die hintere Bremsleuchte angeschlossen wird, so dass nur ein zus\u00e4tzliches Ger\u00e4t an ansonsten identische Schaltkreise in der\/den Steuereinheit(en) angeschlossen werden muss. <\/p>\n<\/div>\n<\/div><\/div><\/div><\/div><\/div><div id=\"pg-1507-2\"  class=\"panel-grid panel-has-style\" ><div class=\"panel-row-style panel-row-style-for-1507-2\" ><div id=\"pgc-1507-2-0\"  class=\"panel-grid-cell\" ><div id=\"panel-1507-2-0-0\" class=\"so-panel widget widget_sow-editor panel-first-child panel-last-child\" data-index=\"4\" ><div\n\t\t\t\n\t\t\tclass=\"so-widget-sow-editor so-widget-sow-editor-base\"\n\t\t\t\n\t\t>\n<div class=\"siteorigin-widget-tinymce textwidget\">\n\t<h4>Bei der Gestaltung der vorderen Bremsleuchte gibt es je nach Fahrzeugtyp und Bauart mehrere Varianten. Die Implementierung einer vorderen Bremsleuchte in bestehende Fahrzeugkonzepte ist daher technisch einfacher. <\/h4>\n<p><a class=\"fbl-button\" href=\"https:\/\/www.frontbrakelights.com\/de\/ueber-dasvordere-bremslicht\/\">Mehr lesen<\/a><\/p>\n<\/div>\n<\/div><\/div><\/div><div id=\"pgc-1507-2-1\"  class=\"panel-grid-cell\" ><div id=\"panel-1507-2-1-0\" class=\"so-panel widget widget_sow-editor panel-first-child panel-last-child\" data-index=\"5\" ><div\n\t\t\t\n\t\t\tclass=\"so-widget-sow-editor so-widget-sow-editor-base\"\n\t\t\t\n\t\t>\n<div class=\"siteorigin-widget-tinymce textwidget\">\n\t<p style=\"font-weight: 400;\">Der Bericht des Europ\u00e4ischen Parlaments \"Saving Lives: making the EU safer for cars\", der 2017 im Rahmen einer umfassenden \u00dcberpr\u00fcfung der Mittel und Anforderungen zur Verbesserung der Verkehrssicherheit ver\u00f6ffentlicht wurde, hebt dies hervor:<\/p>\n<p style=\"font-weight: 400;\">\"Um die Sicherheit im Stra\u00dfenverkehr zu erh\u00f6hen, sollte die Wahrnehmung abbremsender Fahrzeuge durch andere Verkehrsteilnehmer durch die Verwendung deutlicher Signallichter an Fahrzeugen erleichtert werden. Die obligatorische Verwendung von Notbremsanzeigen in Form von blinkenden Bremsleuchten oder blinkenden Warnleuchten wird erwartet.\" [\u010d. 37].<\/p>\n<p style=\"font-weight: 400;\">Die Erw\u00e4hnung von Lichtsignalen zur Signalisierung der Verlangsamung im Allgemeinen, die sich nicht auf Notbremsungen beschr\u00e4nkt, ist ein deutlicher Hinweis auf die Notwendigkeit einer st\u00e4ndigen und regelm\u00e4\u00dfigen vorderen Signalisierung, da die hintere Signalisierung der Verlangsamung schon seit langem existiert.<\/p>\n<p style=\"font-weight: 400;\">Das vorliegende Konzept einer vorderen Bremsleuchte entspricht daher voll und ganz den genannten Zielen, zumal die Verwendung der Farbe Gr\u00fcn die erforderliche Eindeutigkeit des Signals gew\u00e4hrleistet.<\/p>\n<\/div>\n<\/div><\/div><\/div><\/div><\/div><div id=\"pg-1507-3\"  class=\"panel-grid panel-no-style\" ><div id=\"pgc-1507-3-0\"  class=\"panel-grid-cell\" ><div id=\"panel-1507-3-0-0\" class=\"so-panel widget widget_sow-editor panel-first-child panel-last-child\" data-index=\"6\" ><div\n\t\t\t\n\t\t\tclass=\"so-widget-sow-editor so-widget-sow-editor-base\"\n\t\t\t\n\t\t>\n<div class=\"siteorigin-widget-tinymce textwidget\">\n\t<p><strong>Gleichzeitig wurden in diesem Bericht k\u00fcnftige Anforderungen an obligatorische Fahrerassistenzsysteme genannt. Obwohl die Einf\u00fchrung von vorderen Bremslichtern derzeit nur auf freiwilliger Basis geplant ist, kann aus diesem Bericht geschlossen werden, dass ein System, das diese Anforderungen erf\u00fcllt, mit den Zielen der EU \u00fcbereinstimmt, vor allem weil:<\/strong><\/p>\n<ul>\n<li>es gibt wissenschaftliche Beweise f\u00fcr einen signifikanten Beitrag zur Verbesserung der Verkehrssicherheit<\/li>\n<li>ein positives Kosten-Nutzen-Verh\u00e4ltnis aufweist<\/li>\n<li>Es gibt keine signifikante finanzielle Belastung f\u00fcr die B\u00fcrger (Preiserh\u00f6hungen).<\/li>\n<li>M\u00f6glichkeit der Einbeziehung in die periodische technische \u00dcberwachung<\/li>\n<\/ul>\n<\/div>\n<\/div><\/div><\/div><div id=\"pgc-1507-3-1\"  class=\"panel-grid-cell\" ><div id=\"panel-1507-3-1-0\" class=\"so-panel widget widget_sow-image panel-first-child panel-last-child\" data-index=\"7\" ><div\n\t\t\t\n\t\t\tclass=\"so-widget-sow-image so-widget-sow-image-default-8b5b6f678277-1507\"\n\t\t\t\n\t\t>\n\n<div class=\"sow-image-container\">\n\t\t<img decoding=\"async\" src=\"https:\/\/www.frontbrakelights.com\/wp-content\/uploads\/2023\/11\/DSC9023.jpg\" width=\"1200\" height=\"800\" srcset=\"https:\/\/www.frontbrakelights.com\/wp-content\/uploads\/2023\/11\/DSC9023.jpg 1200w, https:\/\/www.frontbrakelights.com\/wp-content\/uploads\/2023\/11\/DSC9023-300x200.jpg 300w, https:\/\/www.frontbrakelights.com\/wp-content\/uploads\/2023\/11\/DSC9023-1024x683.jpg 1024w, https:\/\/www.frontbrakelights.com\/wp-content\/uploads\/2023\/11\/DSC9023-272x182.jpg 272w\" sizes=\"auto, (max-width: 1200px) 100vw, 1200px\" alt=\"\" loading=\"lazy\" \t\tclass=\"so-widget-image\"\/>\n\t<\/div>\n\n<\/div><\/div><\/div><\/div><div id=\"pg-1507-4\"  class=\"panel-grid panel-no-style\" ><div id=\"pgc-1507-4-0\"  class=\"panel-grid-cell\" ><div id=\"panel-1507-4-0-0\" class=\"so-panel widget widget_sow-editor panel-first-child panel-last-child\" data-index=\"8\" ><div\n\t\t\t\n\t\t\tclass=\"so-widget-sow-editor so-widget-sow-editor-base\"\n\t\t\t\n\t\t>\n<div class=\"siteorigin-widget-tinymce textwidget\">\n\t<hr>\n<\/div>\n<\/div><\/div><\/div><\/div><div id=\"pg-1507-5\"  class=\"panel-grid panel-no-style\" ><div id=\"pgc-1507-5-0\"  class=\"panel-grid-cell\" ><div id=\"panel-1507-5-0-0\" class=\"so-panel widget widget_sow-editor panel-first-child panel-last-child\" data-index=\"9\" ><div\n\t\t\t\n\t\t\tclass=\"so-widget-sow-editor so-widget-sow-editor-base\"\n\t\t\t\n\t\t>\n<div class=\"siteorigin-widget-tinymce textwidget\">\n\t<h2>N\u00e4chste Recherche<\/h2>\n<\/div>\n<\/div><\/div><\/div><div id=\"pgc-1507-5-1\"  class=\"panel-grid-cell\" ><div id=\"panel-1507-5-1-0\" class=\"so-panel widget widget_siteorigin-panels-builder panel-first-child panel-last-child\" data-index=\"10\" ><div class=\"border panel-widget-style panel-widget-style-for-1507-5-1-0\" ><div id=\"pl-w656467112ef6f\"  class=\"panel-layout\" ><div id=\"pg-w656467112ef6f-0\"  class=\"panel-grid panel-no-style\" ><div id=\"pgc-w656467112ef6f-0-0\"  class=\"panel-grid-cell\" ><div id=\"panel-w656467112ef6f-0-0-0\" class=\"so-panel widget widget_sow-editor panel-first-child panel-last-child\" data-index=\"0\" ><div\n\t\t\t\n\t\t\tclass=\"so-widget-sow-editor so-widget-sow-editor-base\"\n\t\t\t\n\t\t>\n<div class=\"siteorigin-widget-tinymce textwidget\">\n\t<h3>Vorl\u00e4ufige Ergebnisse<\/h3>\n<\/div>\n<\/div><\/div><\/div><\/div><div id=\"pg-w656467112ef6f-1\"  class=\"panel-grid panel-no-style\" ><div id=\"pgc-w656467112ef6f-1-0\"  class=\"panel-grid-cell panel-grid-cell-mobile-last\" ><div id=\"panel-w656467112ef6f-1-0-0\" class=\"so-panel widget widget_sow-editor panel-first-child panel-last-child\" data-index=\"1\" ><div\n\t\t\t\n\t\t\tclass=\"so-widget-sow-editor so-widget-sow-editor-base\"\n\t\t\t\n\t\t>\n<div class=\"siteorigin-widget-tinymce textwidget\">\n\t<p><a class=\"fbl-button\" href=\"https:\/\/www.frontbrakelights.com\/de\/wissenschaft-und-forschung\/vorlaeufige-ergebnisse\/\">Mehr lesen<\/a><\/p>\n<\/div>\n<\/div><\/div><\/div><div id=\"pgc-w656467112ef6f-1-1\"  class=\"panel-grid-cell panel-grid-cell-empty\" ><\/div><\/div><\/div><\/div><\/div><\/div><\/div><\/div>","protected":false},"excerpt":{"rendered":"<p>Bei der Gestaltung eines neuen LSF an Kraftfahrzeugen ist die Frage nach der geeigneten Lichtfarbe immer ein Thema &#8211; sowohl rechtlich als auch faktisch. Da andere Farben bereits rechtlich bestimmten Situationen oder bestimmten Fahrzeugtypen zugeordnet sind, kommt nur die Verwendung von Gr\u00fcn oder Wei\u00df in Frage. In Anbetracht der bereits bestehenden gro\u00dfen Anzahl und Vielfalt <a href=\"https:\/\/www.frontbrakelights.com\/de\/wissenschaft-und-forschung\/technisch-leicht-umsetzbar\/\" class=\"more-link\">&#8230;<span class=\"screen-reader-text\">  Technisch leicht umsetzbar<\/span><\/a><\/p>\n","protected":false},"author":4,"featured_media":1162,"parent":1478,"menu_order":0,"comment_status":"closed","ping_status":"closed","template":"","meta":{"inline_featured_image":false,"footnotes":""},"class_list":["post-1507","page","type-page","status-publish","has-post-thumbnail","hentry"],"acf":[],"yoast_head":"<!-- This site is optimized with the Yoast SEO plugin v21.5 - https:\/\/yoast.com\/wordpress\/plugins\/seo\/ -->\n<title>Technisch leicht umsetzbar - BREMSLICHT VORNE - Offizielle Seite<\/title>\n<meta name=\"robots\" content=\"index, follow, max-snippet:-1, max-image-preview:large, max-video-preview:-1\" \/>\n<link rel=\"canonical\" href=\"https:\/\/www.frontbrakelights.com\/de\/wissenschaft-und-forschung\/technisch-leicht-umsetzbar\/\" \/>\n<meta property=\"og:locale\" content=\"de_DE\" \/>\n<meta property=\"og:type\" content=\"article\" \/>\n<meta property=\"og:title\" content=\"Technisch leicht umsetzbar - BREMSLICHT VORNE - Offizielle Seite\" \/>\n<meta property=\"og:description\" content=\"Bei der Gestaltung eines neuen LSF an Kraftfahrzeugen ist die Frage nach der geeigneten Lichtfarbe immer ein Thema - sowohl rechtlich als auch faktisch. Da andere Farben bereits rechtlich bestimmten Situationen oder bestimmten Fahrzeugtypen zugeordnet sind, kommt nur die Verwendung von Gr\u00fcn oder Wei\u00df in Frage. In Anbetracht der bereits bestehenden gro\u00dfen Anzahl und Vielfalt ... Technisch leicht umsetzbar\" \/>\n<meta property=\"og:url\" content=\"https:\/\/www.frontbrakelights.com\/de\/wissenschaft-und-forschung\/technisch-leicht-umsetzbar\/\" \/>\n<meta property=\"og:site_name\" content=\"BREMSLICHT VORNE - Offizielle Seite\" \/>\n<meta property=\"article:publisher\" content=\"https:\/\/www.facebook.com\/profile.php?id=61552622936436\" \/>\n<meta property=\"article:modified_time\" content=\"2023-11-27T09:53:21+00:00\" \/>\n<meta property=\"og:image\" content=\"https:\/\/www.frontbrakelights.com\/wp-content\/uploads\/2023\/11\/Titulka_Predne_brzdove_svetlo.png\" \/>\n\t<meta property=\"og:image:width\" content=\"2500\" \/>\n\t<meta property=\"og:image:height\" content=\"1401\" \/>\n\t<meta property=\"og:image:type\" content=\"image\/png\" \/>\n<meta name=\"twitter:card\" content=\"summary_large_image\" \/>\n<meta name=\"twitter:label1\" content=\"Gesch\u00e4tzte Lesezeit\" \/>\n\t<meta name=\"twitter:data1\" content=\"2\u00a0Minuten\" \/>\n<script type=\"application\/ld+json\" class=\"yoast-schema-graph\">{\"@context\":\"https:\/\/schema.org\",\"@graph\":[{\"@type\":\"WebPage\",\"@id\":\"https:\/\/www.frontbrakelights.com\/de\/wissenschaft-und-forschung\/technisch-leicht-umsetzbar\/\",\"url\":\"https:\/\/www.frontbrakelights.com\/de\/wissenschaft-und-forschung\/technisch-leicht-umsetzbar\/\",\"name\":\"Technisch leicht umsetzbar - BREMSLICHT VORNE - Offizielle Seite\",\"isPartOf\":{\"@id\":\"https:\/\/www.frontbrakelights.com\/de\/#website\"},\"datePublished\":\"2023-11-14T14:46:05+00:00\",\"dateModified\":\"2023-11-27T09:53:21+00:00\",\"breadcrumb\":{\"@id\":\"https:\/\/www.frontbrakelights.com\/de\/wissenschaft-und-forschung\/technisch-leicht-umsetzbar\/#breadcrumb\"},\"inLanguage\":\"de\",\"potentialAction\":[{\"@type\":\"ReadAction\",\"target\":[\"https:\/\/www.frontbrakelights.com\/de\/wissenschaft-und-forschung\/technisch-leicht-umsetzbar\/\"]}]},{\"@type\":\"BreadcrumbList\",\"@id\":\"https:\/\/www.frontbrakelights.com\/de\/wissenschaft-und-forschung\/technisch-leicht-umsetzbar\/#breadcrumb\",\"itemListElement\":[{\"@type\":\"ListItem\",\"position\":1,\"name\":\"Home\",\"item\":\"https:\/\/www.frontbrakelights.com\/de\/\"},{\"@type\":\"ListItem\",\"position\":2,\"name\":\"Wissenschaft und Forschung\",\"item\":\"https:\/\/www.frontbrakelights.com\/de\/wissenschaft-und-forschung\/\"},{\"@type\":\"ListItem\",\"position\":3,\"name\":\"Technisch leicht umsetzbar\"}]},{\"@type\":\"WebSite\",\"@id\":\"https:\/\/www.frontbrakelights.com\/de\/#website\",\"url\":\"https:\/\/www.frontbrakelights.com\/de\/\",\"name\":\"Front brake light\",\"description\":\"Front brake light\",\"potentialAction\":[{\"@type\":\"SearchAction\",\"target\":{\"@type\":\"EntryPoint\",\"urlTemplate\":\"https:\/\/www.frontbrakelights.com\/de\/?s={search_term_string}\"},\"query-input\":\"required name=search_term_string\"}],\"inLanguage\":\"de\"}]}<\/script>\n<!-- \/ Yoast SEO plugin. -->","yoast_head_json":{"title":"Technisch leicht umsetzbar - BREMSLICHT VORNE - Offizielle Seite","robots":{"index":"index","follow":"follow","max-snippet":"max-snippet:-1","max-image-preview":"max-image-preview:large","max-video-preview":"max-video-preview:-1"},"canonical":"https:\/\/www.frontbrakelights.com\/de\/wissenschaft-und-forschung\/technisch-leicht-umsetzbar\/","og_locale":"de_DE","og_type":"article","og_title":"Technisch leicht umsetzbar - BREMSLICHT VORNE - Offizielle Seite","og_description":"Bei der Gestaltung eines neuen LSF an Kraftfahrzeugen ist die Frage nach der geeigneten Lichtfarbe immer ein Thema - sowohl rechtlich als auch faktisch. Da andere Farben bereits rechtlich bestimmten Situationen oder bestimmten Fahrzeugtypen zugeordnet sind, kommt nur die Verwendung von Gr\u00fcn oder Wei\u00df in Frage. In Anbetracht der bereits bestehenden gro\u00dfen Anzahl und Vielfalt ... Technisch leicht umsetzbar","og_url":"https:\/\/www.frontbrakelights.com\/de\/wissenschaft-und-forschung\/technisch-leicht-umsetzbar\/","og_site_name":"BREMSLICHT VORNE - Offizielle Seite","article_publisher":"https:\/\/www.facebook.com\/profile.php?id=61552622936436","article_modified_time":"2023-11-27T09:53:21+00:00","og_image":[{"width":2500,"height":1401,"url":"https:\/\/www.frontbrakelights.com\/wp-content\/uploads\/2023\/11\/Titulka_Predne_brzdove_svetlo.png","type":"image\/png"}],"twitter_card":"summary_large_image","twitter_misc":{"Gesch\u00e4tzte Lesezeit":"2\u00a0Minuten"},"schema":{"@context":"https:\/\/schema.org","@graph":[{"@type":"WebPage","@id":"https:\/\/www.frontbrakelights.com\/de\/wissenschaft-und-forschung\/technisch-leicht-umsetzbar\/","url":"https:\/\/www.frontbrakelights.com\/de\/wissenschaft-und-forschung\/technisch-leicht-umsetzbar\/","name":"Technisch leicht umsetzbar - BREMSLICHT VORNE - Offizielle Seite","isPartOf":{"@id":"https:\/\/www.frontbrakelights.com\/de\/#website"},"datePublished":"2023-11-14T14:46:05+00:00","dateModified":"2023-11-27T09:53:21+00:00","breadcrumb":{"@id":"https:\/\/www.frontbrakelights.com\/de\/wissenschaft-und-forschung\/technisch-leicht-umsetzbar\/#breadcrumb"},"inLanguage":"de","potentialAction":[{"@type":"ReadAction","target":["https:\/\/www.frontbrakelights.com\/de\/wissenschaft-und-forschung\/technisch-leicht-umsetzbar\/"]}]},{"@type":"BreadcrumbList","@id":"https:\/\/www.frontbrakelights.com\/de\/wissenschaft-und-forschung\/technisch-leicht-umsetzbar\/#breadcrumb","itemListElement":[{"@type":"ListItem","position":1,"name":"Home","item":"https:\/\/www.frontbrakelights.com\/de\/"},{"@type":"ListItem","position":2,"name":"Wissenschaft und Forschung","item":"https:\/\/www.frontbrakelights.com\/de\/wissenschaft-und-forschung\/"},{"@type":"ListItem","position":3,"name":"Technisch leicht umsetzbar"}]},{"@type":"WebSite","@id":"https:\/\/www.frontbrakelights.com\/de\/#website","url":"https:\/\/www.frontbrakelights.com\/de\/","name":"Front brake light","description":"Front brake light","potentialAction":[{"@type":"SearchAction","target":{"@type":"EntryPoint","urlTemplate":"https:\/\/www.frontbrakelights.com\/de\/?s={search_term_string}"},"query-input":"required name=search_term_string"}],"inLanguage":"de"}]}},"_links":{"self":[{"href":"https:\/\/www.frontbrakelights.com\/de\/wp-json\/wp\/v2\/pages\/1507","targetHints":{"allow":["GET"]}}],"collection":[{"href":"https:\/\/www.frontbrakelights.com\/de\/wp-json\/wp\/v2\/pages"}],"about":[{"href":"https:\/\/www.frontbrakelights.com\/de\/wp-json\/wp\/v2\/types\/page"}],"author":[{"embeddable":true,"href":"https:\/\/www.frontbrakelights.com\/de\/wp-json\/wp\/v2\/users\/4"}],"replies":[{"embeddable":true,"href":"https:\/\/www.frontbrakelights.com\/de\/wp-json\/wp\/v2\/comments?post=1507"}],"version-history":[{"count":4,"href":"https:\/\/www.frontbrakelights.com\/de\/wp-json\/wp\/v2\/pages\/1507\/revisions"}],"predecessor-version":[{"id":1511,"href":"https:\/\/www.frontbrakelights.com\/de\/wp-json\/wp\/v2\/pages\/1507\/revisions\/1511"}],"up":[{"embeddable":true,"href":"https:\/\/www.frontbrakelights.com\/de\/wp-json\/wp\/v2\/pages\/1478"}],"wp:featuredmedia":[{"embeddable":true,"href":"https:\/\/www.frontbrakelights.com\/de\/wp-json\/wp\/v2\/media\/1162"}],"wp:attachment":[{"href":"https:\/\/www.frontbrakelights.com\/de\/wp-json\/wp\/v2\/media?parent=1507"}],"curies":[{"name":"wp","href":"https:\/\/api.w.org\/{rel}","templated":true}]}}