{"id":1324,"date":"2023-09-18T15:18:06","date_gmt":"2023-09-18T13:18:06","guid":{"rendered":"https:\/\/www.frontbrakelights.com\/kontaktujte-nas\/"},"modified":"2023-11-28T11:15:45","modified_gmt":"2023-11-28T10:15:45","slug":"kontakt","status":"publish","type":"page","link":"https:\/\/www.frontbrakelights.com\/sk\/kontakt\/","title":{"rendered":"Kontakt"},"content":{"rendered":"<div id=\"pl-1324\"  class=\"panel-layout\" ><div id=\"pg-1324-0\"  class=\"panel-grid panel-has-style\" ><div class=\"panel-row-style panel-row-style-for-1324-0\" ><div id=\"pgc-1324-0-0\"  class=\"panel-grid-cell\" ><div id=\"panel-1324-0-0-0\" class=\"so-panel widget widget_sow-editor panel-first-child panel-last-child\" data-index=\"0\" ><div class=\"contact-info panel-widget-style panel-widget-style-for-1324-0-0-0\" ><div\n\t\t\t\n\t\t\tclass=\"so-widget-sow-editor so-widget-sow-editor-base\"\n\t\t\t\n\t\t>\n<div class=\"siteorigin-widget-tinymce textwidget\">\n\t<p>Kontaktn\u00e9 inform\u00e1cie<\/p>\n<h3><a href=\"tel:+421 918 647 901\">+421 918 647 901<\/a><br \/>\n<a href=\"mailto:info@frontbrakelights.com\">info@frontbrakelights.com<\/a><\/h3>\n<\/div>\n<\/div><\/div><\/div><\/div><div id=\"pgc-1324-0-1\"  class=\"panel-grid-cell\" ><div id=\"panel-1324-0-1-0\" class=\"so-panel widget widget_sow-editor panel-first-child\" data-index=\"1\" ><div\n\t\t\t\n\t\t\tclass=\"so-widget-sow-editor so-widget-sow-editor-base\"\n\t\t\t\n\t\t>\n<div class=\"siteorigin-widget-tinymce textwidget\">\n\t<p style=\"text-transform: uppercase\">Adresa<\/p>\n<p>LUMACO INNOVATIONS AG<br \/>\nSihleggstrasse 23<br \/>\n8832 Wollerau<br \/>\nSwitzerland<\/p>\n<\/div>\n<\/div><\/div><div id=\"panel-1324-0-1-1\" class=\"so-panel widget widget_sow-editor panel-last-child\" data-index=\"2\" ><div\n\t\t\t\n\t\t\tclass=\"so-widget-sow-editor so-widget-sow-editor-base\"\n\t\t\t\n\t\t>\n<div class=\"siteorigin-widget-tinymce textwidget\">\n\t<p style=\"text-transform: uppercase\">Faktura\u010dn\u00e9 \u00fadaje<\/p>\n<p>I\u010cO: 48 084 964<br \/>\nDI\u010c: 2120051956<br \/>\nI\u010c DPH: SK2120051956<\/p>\n<\/div>\n<\/div><\/div><\/div><div id=\"pgc-1324-0-2\"  class=\"panel-grid-cell\" ><div id=\"panel-1324-0-2-0\" class=\"so-panel widget widget_sow-editor panel-first-child panel-last-child\" data-index=\"3\" ><div\n\t\t\t\n\t\t\tclass=\"so-widget-sow-editor so-widget-sow-editor-base\"\n\t\t\t\n\t\t>\n<div class=\"siteorigin-widget-tinymce textwidget\">\n\t<p style=\"text-transform: uppercase\">Vedenie projektu<\/p>\n<h5 style=\"margin-top: 1em;\">Mgr. \u013dubom\u00edr Marjak<\/h5>\n<p class=\"green\", style=\"margin-top: 0em;\">CEO<\/p>\n<h5 style=\"margin-top: 1em;\">Ing. Milada Hul\u00e1kov\u00e1<\/h5>\n<p class=\"green\", style=\"margin-top: 0em;\">Projekt mana\u017e\u00e9r<\/p>\n<\/div>\n<\/div><\/div><\/div><div id=\"pgc-1324-0-3\"  class=\"panel-grid-cell\" ><div id=\"panel-1324-0-3-0\" class=\"so-panel widget widget_sow-editor panel-first-child\" data-index=\"4\" ><div class=\"panel-widget-style panel-widget-style-for-1324-0-3-0\" ><div\n\t\t\t\n\t\t\tclass=\"so-widget-sow-editor so-widget-sow-editor-base\"\n\t\t\t\n\t\t>\n<div class=\"siteorigin-widget-tinymce textwidget\">\n\t<p style=\"text-transform: uppercase\">Sledujte n\u00e1s<\/p>\n<\/div>\n<\/div><\/div><\/div><div id=\"panel-1324-0-3-1\" class=\"so-panel widget widget_siteorigin-panels-builder panel-last-child\" data-index=\"5\" ><div id=\"pl-w656590229237e\"  class=\"panel-layout\" ><div id=\"pg-w656590229237e-0\"  class=\"panel-grid panel-has-style\" ><div class=\"panel-row-style panel-row-style-for-w656590229237e-0\" ><div id=\"pgc-w656590229237e-0-0\"  class=\"panel-grid-cell\" ><div id=\"panel-w656590229237e-0-0-0\" class=\"so-panel widget widget_sow-image panel-first-child panel-last-child\" data-index=\"0\" ><div class=\"panel-widget-style panel-widget-style-for-w656590229237e-0-0-0\" ><div\n\t\t\t\n\t\t\tclass=\"so-widget-sow-image so-widget-sow-image-default-8b5b6f678277\"\n\t\t\t\n\t\t>\n\n<div class=\"sow-image-container\">\n\t\t<img decoding=\"async\" src=\"https:\/\/www.frontbrakelights.com\/wp-content\/uploads\/2023\/10\/Group-161.svg\" width=\"51\" height=\"51\" sizes=\"auto, (max-width: 51px) 100vw, 51px\" title=\"Group 161\" alt=\"\" loading=\"lazy\" \t\tclass=\"so-widget-image\"\/>\n\t<\/div>\n\n<\/div><\/div><\/div><\/div><div id=\"pgc-w656590229237e-0-1\"  class=\"panel-grid-cell\" ><div id=\"panel-w656590229237e-0-1-0\" class=\"so-panel widget widget_sow-editor panel-first-child panel-last-child\" data-index=\"1\" ><div class=\"social-links panel-widget-style panel-widget-style-for-w656590229237e-0-1-0\" ><div\n\t\t\t\n\t\t\tclass=\"so-widget-sow-editor so-widget-sow-editor-base\"\n\t\t\t\n\t\t>\n<div class=\"siteorigin-widget-tinymce textwidget\">\n\t<p><a style=\"color=\"#fff;\" href=\"#\">Facebook<\/a><\/p>\n<\/div>\n<\/div><\/div><\/div><\/div><\/div><\/div><div id=\"pg-w656590229237e-1\"  class=\"panel-grid panel-has-style\" ><div class=\"panel-row-style panel-row-style-for-w656590229237e-1\" ><div id=\"pgc-w656590229237e-1-0\"  class=\"panel-grid-cell\" ><div id=\"panel-w656590229237e-1-0-0\" class=\"so-panel widget widget_sow-image panel-first-child panel-last-child\" data-index=\"2\" ><div class=\"panel-widget-style panel-widget-style-for-w656590229237e-1-0-0\" ><div\n\t\t\t\n\t\t\tclass=\"so-widget-sow-image so-widget-sow-image-default-8b5b6f678277\"\n\t\t\t\n\t\t>\n\n<div class=\"sow-image-container\">\n\t\t<img decoding=\"async\" src=\"https:\/\/www.frontbrakelights.com\/wp-content\/uploads\/2023\/10\/Group-162.svg\" width=\"51\" height=\"51\" sizes=\"auto, (max-width: 51px) 100vw, 51px\" title=\"Group 162\" alt=\"\" loading=\"lazy\" \t\tclass=\"so-widget-image\"\/>\n\t<\/div>\n\n<\/div><\/div><\/div><\/div><div id=\"pgc-w656590229237e-1-1\"  class=\"panel-grid-cell\" ><div id=\"panel-w656590229237e-1-1-0\" class=\"so-panel widget widget_sow-editor panel-first-child panel-last-child\" data-index=\"3\" ><div class=\"social-links panel-widget-style panel-widget-style-for-w656590229237e-1-1-0\" ><div\n\t\t\t\n\t\t\tclass=\"so-widget-sow-editor so-widget-sow-editor-base\"\n\t\t\t\n\t\t>\n<div class=\"siteorigin-widget-tinymce textwidget\">\n\t<p><a style=\"color=\"#fff;\" href=\"#\">Instagram<\/a><\/p>\n<\/div>\n<\/div><\/div><\/div><\/div><\/div><\/div><div id=\"pg-w656590229237e-2\"  class=\"panel-grid panel-has-style\" ><div class=\"panel-row-style panel-row-style-for-w656590229237e-2\" ><div id=\"pgc-w656590229237e-2-0\"  class=\"panel-grid-cell\" ><div id=\"panel-w656590229237e-2-0-0\" class=\"so-panel widget widget_sow-image panel-first-child panel-last-child\" data-index=\"4\" ><div class=\"panel-widget-style panel-widget-style-for-w656590229237e-2-0-0\" ><div\n\t\t\t\n\t\t\tclass=\"so-widget-sow-image so-widget-sow-image-default-8b5b6f678277\"\n\t\t\t\n\t\t>\n\n<div class=\"sow-image-container\">\n\t\t<img decoding=\"async\" src=\"https:\/\/www.frontbrakelights.com\/wp-content\/uploads\/2023\/10\/Group-163.svg\" width=\"51\" height=\"51\" sizes=\"auto, (max-width: 51px) 100vw, 51px\" title=\"Group 163\" alt=\"\" loading=\"lazy\" \t\tclass=\"so-widget-image\"\/>\n\t<\/div>\n\n<\/div><\/div><\/div><\/div><div id=\"pgc-w656590229237e-2-1\"  class=\"panel-grid-cell\" ><div id=\"panel-w656590229237e-2-1-0\" class=\"so-panel widget widget_sow-editor panel-first-child panel-last-child\" data-index=\"5\" ><div class=\"social-links panel-widget-style panel-widget-style-for-w656590229237e-2-1-0\" ><div\n\t\t\t\n\t\t\tclass=\"so-widget-sow-editor so-widget-sow-editor-base\"\n\t\t\t\n\t\t>\n<div class=\"siteorigin-widget-tinymce textwidget\">\n\t<p><a style=\"color=\"#fff;\" href=\"#\">LinkedIn<\/a><\/p>\n<\/div>\n<\/div><\/div><\/div><\/div><\/div><\/div><\/div><\/div><\/div><\/div><\/div><\/div>","protected":false},"excerpt":{"rendered":"<p>Kontaktn\u00e9 inform\u00e1cie +421 918 647 901 info@frontbrakelights.com Adresa LUMACO INNOVATIONS AG Sihleggstrasse 23 8832 Wollerau Switzerland Faktura\u010dn\u00e9 \u00fadaje I\u010cO: 48 084 964 DI\u010c: 2120051956 I\u010c DPH: SK2120051956 Vedenie projektu Mgr. \u013dubom\u00edr Marjak CEO Ing. Milada Hul\u00e1kov\u00e1 Projekt mana\u017e\u00e9r Sledujte n\u00e1s<\/p>\n","protected":false},"author":1,"featured_media":1047,"parent":0,"menu_order":0,"comment_status":"closed","ping_status":"closed","template":"template-contact.php","meta":{"inline_featured_image":false,"footnotes":""},"class_list":["post-1324","page","type-page","status-publish","has-post-thumbnail","hentry"],"acf":[],"yoast_head":"<!-- This site is optimized with the Yoast SEO plugin v21.5 - https:\/\/yoast.com\/wordpress\/plugins\/seo\/ -->\n<title>Kontakt - PREDN\u00c9 BRZDOV\u00c9 SVETLO - Ofici\u00e1lna str\u00e1nka<\/title>\n<meta name=\"robots\" content=\"index, follow, max-snippet:-1, max-image-preview:large, max-video-preview:-1\" \/>\n<link rel=\"canonical\" href=\"https:\/\/www.frontbrakelights.com\/sk\/kontakt\/\" \/>\n<meta property=\"og:locale\" content=\"sk_SK\" \/>\n<meta property=\"og:type\" content=\"article\" \/>\n<meta property=\"og:title\" content=\"Kontakt - PREDN\u00c9 BRZDOV\u00c9 SVETLO - Ofici\u00e1lna str\u00e1nka\" \/>\n<meta property=\"og:description\" content=\"Kontaktn\u00e9 inform\u00e1cie +421 918 647 901 info@frontbrakelights.com Adresa LUMACO INNOVATIONS AG Sihleggstrasse 23 8832 Wollerau Switzerland Faktura\u010dn\u00e9 \u00fadaje I\u010cO: 48 084 964 DI\u010c: 2120051956 I\u010c DPH: SK2120051956 Vedenie projektu Mgr. \u013dubom\u00edr Marjak CEO Ing. Milada Hul\u00e1kov\u00e1 Projekt mana\u017e\u00e9r Sledujte n\u00e1s\" \/>\n<meta property=\"og:url\" content=\"https:\/\/www.frontbrakelights.com\/sk\/kontakt\/\" \/>\n<meta property=\"og:site_name\" content=\"PREDN\u00c9 BRZDOV\u00c9 SVETLO - Ofici\u00e1lna str\u00e1nka\" \/>\n<meta property=\"article:publisher\" content=\"https:\/\/www.facebook.com\/profile.php?id=61552622936436\" \/>\n<meta property=\"article:modified_time\" content=\"2023-11-28T10:15:45+00:00\" \/>\n<meta property=\"og:image\" content=\"https:\/\/www.frontbrakelights.com\/wp-content\/uploads\/2023\/09\/TITULKA_5.webp\" \/>\n\t<meta property=\"og:image:width\" content=\"2500\" \/>\n\t<meta property=\"og:image:height\" content=\"1164\" \/>\n\t<meta property=\"og:image:type\" content=\"image\/webp\" \/>\n<meta name=\"twitter:card\" content=\"summary_large_image\" \/>\n<meta name=\"twitter:label1\" content=\"Predpokladan\u00fd \u010das \u010d\u00edtania\" \/>\n\t<meta name=\"twitter:data1\" content=\"1 min\u00fata\" \/>\n<script type=\"application\/ld+json\" class=\"yoast-schema-graph\">{\"@context\":\"https:\/\/schema.org\",\"@graph\":[{\"@type\":\"WebPage\",\"@id\":\"https:\/\/www.frontbrakelights.com\/sk\/kontakt\/\",\"url\":\"https:\/\/www.frontbrakelights.com\/sk\/kontakt\/\",\"name\":\"Kontakt - PREDN\u00c9 BRZDOV\u00c9 SVETLO - Ofici\u00e1lna str\u00e1nka\",\"isPartOf\":{\"@id\":\"https:\/\/www.frontbrakelights.com\/sk\/#website\"},\"datePublished\":\"2023-09-18T13:18:06+00:00\",\"dateModified\":\"2023-11-28T10:15:45+00:00\",\"breadcrumb\":{\"@id\":\"https:\/\/www.frontbrakelights.com\/sk\/kontakt\/#breadcrumb\"},\"inLanguage\":\"sk-SK\",\"potentialAction\":[{\"@type\":\"ReadAction\",\"target\":[\"https:\/\/www.frontbrakelights.com\/sk\/kontakt\/\"]}]},{\"@type\":\"BreadcrumbList\",\"@id\":\"https:\/\/www.frontbrakelights.com\/sk\/kontakt\/#breadcrumb\",\"itemListElement\":[{\"@type\":\"ListItem\",\"position\":1,\"name\":\"Home\",\"item\":\"https:\/\/www.frontbrakelights.com\/sk\/\"},{\"@type\":\"ListItem\",\"position\":2,\"name\":\"Kontakt\"}]},{\"@type\":\"WebSite\",\"@id\":\"https:\/\/www.frontbrakelights.com\/sk\/#website\",\"url\":\"https:\/\/www.frontbrakelights.com\/sk\/\",\"name\":\"Front brake light\",\"description\":\"FRONT BRAKE LIGHT - Official site\",\"potentialAction\":[{\"@type\":\"SearchAction\",\"target\":{\"@type\":\"EntryPoint\",\"urlTemplate\":\"https:\/\/www.frontbrakelights.com\/sk\/?s={search_term_string}\"},\"query-input\":\"required name=search_term_string\"}],\"inLanguage\":\"sk-SK\"}]}<\/script>\n<!-- \/ Yoast SEO plugin. -->","yoast_head_json":{"title":"Kontakt - PREDN\u00c9 BRZDOV\u00c9 SVETLO - Ofici\u00e1lna str\u00e1nka","robots":{"index":"index","follow":"follow","max-snippet":"max-snippet:-1","max-image-preview":"max-image-preview:large","max-video-preview":"max-video-preview:-1"},"canonical":"https:\/\/www.frontbrakelights.com\/sk\/kontakt\/","og_locale":"sk_SK","og_type":"article","og_title":"Kontakt - PREDN\u00c9 BRZDOV\u00c9 SVETLO - Ofici\u00e1lna str\u00e1nka","og_description":"Kontaktn\u00e9 inform\u00e1cie +421 918 647 901 info@frontbrakelights.com Adresa LUMACO INNOVATIONS AG Sihleggstrasse 23 8832 Wollerau Switzerland Faktura\u010dn\u00e9 \u00fadaje I\u010cO: 48 084 964 DI\u010c: 2120051956 I\u010c DPH: SK2120051956 Vedenie projektu Mgr. \u013dubom\u00edr Marjak CEO Ing. Milada Hul\u00e1kov\u00e1 Projekt mana\u017e\u00e9r Sledujte n\u00e1s","og_url":"https:\/\/www.frontbrakelights.com\/sk\/kontakt\/","og_site_name":"PREDN\u00c9 BRZDOV\u00c9 SVETLO - Ofici\u00e1lna str\u00e1nka","article_publisher":"https:\/\/www.facebook.com\/profile.php?id=61552622936436","article_modified_time":"2023-11-28T10:15:45+00:00","og_image":[{"width":2500,"height":1164,"url":"https:\/\/www.frontbrakelights.com\/wp-content\/uploads\/2023\/09\/TITULKA_5.webp","type":"image\/webp"}],"twitter_card":"summary_large_image","twitter_misc":{"Predpokladan\u00fd \u010das \u010d\u00edtania":"1 min\u00fata"},"schema":{"@context":"https:\/\/schema.org","@graph":[{"@type":"WebPage","@id":"https:\/\/www.frontbrakelights.com\/sk\/kontakt\/","url":"https:\/\/www.frontbrakelights.com\/sk\/kontakt\/","name":"Kontakt - PREDN\u00c9 BRZDOV\u00c9 SVETLO - Ofici\u00e1lna str\u00e1nka","isPartOf":{"@id":"https:\/\/www.frontbrakelights.com\/sk\/#website"},"datePublished":"2023-09-18T13:18:06+00:00","dateModified":"2023-11-28T10:15:45+00:00","breadcrumb":{"@id":"https:\/\/www.frontbrakelights.com\/sk\/kontakt\/#breadcrumb"},"inLanguage":"sk-SK","potentialAction":[{"@type":"ReadAction","target":["https:\/\/www.frontbrakelights.com\/sk\/kontakt\/"]}]},{"@type":"BreadcrumbList","@id":"https:\/\/www.frontbrakelights.com\/sk\/kontakt\/#breadcrumb","itemListElement":[{"@type":"ListItem","position":1,"name":"Home","item":"https:\/\/www.frontbrakelights.com\/sk\/"},{"@type":"ListItem","position":2,"name":"Kontakt"}]},{"@type":"WebSite","@id":"https:\/\/www.frontbrakelights.com\/sk\/#website","url":"https:\/\/www.frontbrakelights.com\/sk\/","name":"Front brake light","description":"FRONT BRAKE LIGHT - Official site","potentialAction":[{"@type":"SearchAction","target":{"@type":"EntryPoint","urlTemplate":"https:\/\/www.frontbrakelights.com\/sk\/?s={search_term_string}"},"query-input":"required name=search_term_string"}],"inLanguage":"sk-SK"}]}},"_links":{"self":[{"href":"https:\/\/www.frontbrakelights.com\/sk\/wp-json\/wp\/v2\/pages\/1324","targetHints":{"allow":["GET"]}}],"collection":[{"href":"https:\/\/www.frontbrakelights.com\/sk\/wp-json\/wp\/v2\/pages"}],"about":[{"href":"https:\/\/www.frontbrakelights.com\/sk\/wp-json\/wp\/v2\/types\/page"}],"author":[{"embeddable":true,"href":"https:\/\/www.frontbrakelights.com\/sk\/wp-json\/wp\/v2\/users\/1"}],"replies":[{"embeddable":true,"href":"https:\/\/www.frontbrakelights.com\/sk\/wp-json\/wp\/v2\/comments?post=1324"}],"version-history":[{"count":9,"href":"https:\/\/www.frontbrakelights.com\/sk\/wp-json\/wp\/v2\/pages\/1324\/revisions"}],"predecessor-version":[{"id":1677,"href":"https:\/\/www.frontbrakelights.com\/sk\/wp-json\/wp\/v2\/pages\/1324\/revisions\/1677"}],"wp:featuredmedia":[{"embeddable":true,"href":"https:\/\/www.frontbrakelights.com\/sk\/wp-json\/wp\/v2\/media\/1047"}],"wp:attachment":[{"href":"https:\/\/www.frontbrakelights.com\/sk\/wp-json\/wp\/v2\/media?parent=1324"}],"curies":[{"name":"wp","href":"https:\/\/api.w.org\/{rel}","templated":true}]}}