{"id":1344,"date":"2023-11-15T09:47:30","date_gmt":"2023-11-15T08:47:30","guid":{"rendered":"https:\/\/www.frontbrakelights.com\/about-front-brake-light\/"},"modified":"2023-11-28T09:46:42","modified_gmt":"2023-11-28T08:46:42","slug":"o-prednych-brzdovych-svetlach","status":"publish","type":"page","link":"https:\/\/www.frontbrakelights.com\/sk\/o-prednych-brzdovych-svetlach\/","title":{"rendered":"O predn\u00fdch brzdov\u00fdch svetl\u00e1ch"},"content":{"rendered":"<div id=\"pl-1344\"  class=\"panel-layout\" ><div id=\"pg-1344-0\"  class=\"panel-grid panel-no-style\" ><div id=\"pgc-1344-0-0\"  class=\"panel-grid-cell\" ><div id=\"panel-1344-0-0-0\" class=\"so-panel widget widget_sow-editor panel-first-child panel-last-child\" data-index=\"0\" ><div\n\t\t\t\n\t\t\tclass=\"so-widget-sow-editor so-widget-sow-editor-base\"\n\t\t\t\n\t\t>\n<div class=\"siteorigin-widget-tinymce textwidget\">\n\t<h3>Cestn\u00e1 doprava je ka\u017edodennou s\u00fa\u010das\u0165ou takmer ka\u017ed\u00e9ho \u010dlena spolo\u010dnosti.<\/h3>\n<p>Pr\u00e1ve preto je bezpe\u010dnos\u0165 cestnej prem\u00e1vky v\u0161adepr\u00edtomn\u00fdm probl\u00e9mom, ktor\u00e9ho v\u00fdznam rastie ruka v ruke s rast\u00facou hustotou dopravy na cest\u00e1ch. Pod\u013ea \u0161t\u00fadie zameranej na bezpe\u010dnos\u0165 cestnej prem\u00e1vky \u201eGet off Gas\u201c, zasiahne jedna obe\u0165 dopravnej nehody v priemere a\u017e 113 \u010fal\u0161\u00edch os\u00f4b. S\u00fa to rodinn\u00ed pr\u00edslu\u0161n\u00edci, priatelia, zn\u00e1mi \u010di pracovn\u00edci z\u00e1chrann\u00fdch slu\u017eieb, pol\u00edcie. <\/p>\n<p>Vzh\u013eadom  na to, \u017ee na cest\u00e1ch v Eur\u00f3pskej \u00fanii (EU) zomrie ro\u010dne pribli\u017ene 25-tis\u00edc \u013eud\u00ed, \u010fal\u0161\u00edch asi 135-tis\u00edc os\u00f4b utrp\u00ed v\u00e1\u017ene zranenie a  n\u00e1klady na lek\u00e1rsku starostlivos\u0165, rehabilit\u00e1cie \u010di stratu pr\u00e1ce tvoria okolo 120 mili\u00e1rd EUR ro\u010dne, EU si stanovila \u2013 z\u00e1rove\u0148 s prehl\u00e1sen\u00edm o desiatich rokoch bezpe\u010dnosti cestnej prem\u00e1vky \u2013 cie\u013e zn\u00ed\u017ei\u0165 po\u010det \u00famrt\u00ed a v\u00e1\u017enych zranen\u00ed na cest\u00e1ch do roku 2030 na polovicu.  Dosiahnutie tohto cie\u013ea si bude vy\u017eadova\u0165 vyu\u017eitie ka\u017edej pr\u00edle\u017eitosti na zlep\u0161enie bezpe\u010dnosti cestnej prem\u00e1vky. <\/p>\n<\/div>\n<\/div><\/div><\/div><div id=\"pgc-1344-0-1\"  class=\"panel-grid-cell\" ><div id=\"panel-1344-0-1-0\" class=\"so-panel widget widget_sow-image panel-first-child panel-last-child\" data-index=\"1\" ><div\n\t\t\t\n\t\t\tclass=\"so-widget-sow-image so-widget-sow-image-default-8b5b6f678277-1344\"\n\t\t\t\n\t\t>\n\n<div class=\"sow-image-container\">\n\t\t<img decoding=\"async\" src=\"https:\/\/www.frontbrakelights.com\/wp-content\/uploads\/2023\/11\/REE_0512-e1700038321233.jpg\" width=\"1365\" height=\"1225\" srcset=\"https:\/\/www.frontbrakelights.com\/wp-content\/uploads\/2023\/11\/REE_0512-e1700038321233.jpg 1365w, https:\/\/www.frontbrakelights.com\/wp-content\/uploads\/2023\/11\/REE_0512-e1700038321233-300x269.jpg 300w, https:\/\/www.frontbrakelights.com\/wp-content\/uploads\/2023\/11\/REE_0512-e1700038321233-1024x919.jpg 1024w, https:\/\/www.frontbrakelights.com\/wp-content\/uploads\/2023\/11\/REE_0512-e1700038321233-768x689.jpg 768w\" sizes=\"auto, (max-width: 1365px) 100vw, 1365px\" title=\"REE_0512\" alt=\"\" loading=\"lazy\" \t\tclass=\"so-widget-image\"\/>\n\t<\/div>\n\n<\/div><\/div><\/div><\/div><div id=\"pg-1344-1\"  class=\"panel-grid panel-no-style\" ><div id=\"pgc-1344-1-0\"  class=\"panel-grid-cell\" ><div id=\"panel-1344-1-0-0\" class=\"so-panel widget widget_sow-image panel-first-child panel-last-child\" data-index=\"2\" ><div\n\t\t\t\n\t\t\tclass=\"so-widget-sow-image so-widget-sow-image-default-8b5b6f678277-1344\"\n\t\t\t\n\t\t>\n\n<div class=\"sow-image-container\">\n\t\t<img decoding=\"async\" src=\"https:\/\/www.frontbrakelights.com\/wp-content\/uploads\/2023\/11\/DEVIN-119.jpg\" width=\"2500\" height=\"1667\" srcset=\"https:\/\/www.frontbrakelights.com\/wp-content\/uploads\/2023\/11\/DEVIN-119.jpg 2500w, https:\/\/www.frontbrakelights.com\/wp-content\/uploads\/2023\/11\/DEVIN-119-300x200.jpg 300w, https:\/\/www.frontbrakelights.com\/wp-content\/uploads\/2023\/11\/DEVIN-119-1024x683.jpg 1024w, https:\/\/www.frontbrakelights.com\/wp-content\/uploads\/2023\/11\/DEVIN-119-272x182.jpg 272w\" sizes=\"auto, (max-width: 2500px) 100vw, 2500px\" alt=\"\" loading=\"lazy\" \t\tclass=\"so-widget-image\"\/>\n\t<\/div>\n\n<\/div><\/div><\/div><div id=\"pgc-1344-1-1\"  class=\"panel-grid-cell\" ><div id=\"panel-1344-1-1-0\" class=\"so-panel widget widget_sow-editor panel-first-child panel-last-child\" data-index=\"3\" ><div\n\t\t\t\n\t\t\tclass=\"so-widget-sow-editor so-widget-sow-editor-base\"\n\t\t\t\n\t\t>\n<div class=\"siteorigin-widget-tinymce textwidget\">\n\t<h4>Vzh\u013eadom na trojstrann\u00fa v\u00e4zbu medzi \u010dlovekom, vozidlom a\u00a0environment\u00e1lnymi faktormi, mus\u00ed pokrok v\u00a0oblasti bezpe\u010dnosti cestnej prem\u00e1vky v\u017edy zah\u0155\u0148a\u0165 mno\u017estvo inov\u00e1ci\u00ed.<\/h4>\n<p>Jednou z nich by mohlo by\u0165 PREDN\u00c9 BRZDOV\u00c9 SVETLO, namontovan\u00e9 a  umiestnen\u00e9 sveteln\u00e9 zariadenie vpredu vozidla, ktor\u00e9 sa rozsvieti s\u00fa\u010dasne so zadn\u00fdmi brzdov\u00fdmi svetlami a informuje protiid\u00facich \u00fa\u010dastn\u00edkov cestnej prem\u00e1vky, \u017ee vozidlo brzd\u00ed. <\/p>\n<\/div>\n<\/div><\/div><\/div><\/div><div id=\"pg-1344-2\"  class=\"panel-grid panel-has-style\" ><div class=\"panel-row-style panel-row-style-for-1344-2\" ><div id=\"pgc-1344-2-0\"  class=\"panel-grid-cell panel-grid-cell-empty\" ><\/div><div id=\"pgc-1344-2-1\"  class=\"panel-grid-cell panel-grid-cell-mobile-last\" ><div id=\"panel-1344-2-1-0\" class=\"so-panel widget widget_sow-editor panel-first-child panel-last-child\" data-index=\"4\" ><div\n\t\t\t\n\t\t\tclass=\"so-widget-sow-editor so-widget-sow-editor-base\"\n\t\t\t\n\t\t>\n<div class=\"siteorigin-widget-tinymce textwidget\">\n\t<h2 style=\"text-align: center;\">Vedeck\u00fd pr\u00edstup<\/h2>\n<\/div>\n<\/div><\/div><\/div><div id=\"pgc-1344-2-2\"  class=\"panel-grid-cell panel-grid-cell-empty\" ><\/div><\/div><\/div><div id=\"pg-1344-3\"  class=\"panel-grid panel-has-style\" ><div class=\"panel-row-style panel-row-style-for-1344-3\" ><div id=\"pgc-1344-3-0\"  class=\"panel-grid-cell\" ><div id=\"panel-1344-3-0-0\" class=\"so-panel widget widget_sow-editor panel-first-child panel-last-child\" data-index=\"5\" ><div\n\t\t\t\n\t\t\tclass=\"so-widget-sow-editor so-widget-sow-editor-base\"\n\t\t\t\n\t\t>\n<div class=\"siteorigin-widget-tinymce textwidget\">\n\t<h3>U\u017e v roku 1971 bola v USA uskuto\u010dnen\u00e1 na nieko\u013ek\u00fdch vozidl\u00e1ch <span class=\"green\">prv\u00e1 \u0161t\u00fadia o u\u017eito\u010dnosti predn\u00e9ho brzdov\u00e9ho svetla.<\/span><\/h3>\n<p>\u00da\u010dastn\u00edci \u0161t\u00fadie, rovnako ako kontroln\u00e1 skupina, pova\u017eovali predn\u00e9 brzdov\u00e9 svetlo, po skon\u010den\u00ed testovania, za u\u017eito\u010dn\u00e9 pri komunik\u00e1cii s ostatn\u00fdmi vodi\u010dmi a chodcami \u2013 najm\u00e4 v zl\u00fdch sveteln\u00fdch podmienkach \u2013 a tie\u017e pri uskuto\u010d\u0148ovan\u00ed svojich z\u00e1merov spr\u00e1vania po\u010das jazdy.<\/p>\n<p>Aby sa tieto v\u00fdsledky podrobnej\u0161ie presk\u00famali, prebehla v roku 2016 laborat\u00f3rna \u0161t\u00fadia, ktor\u00e1 tie\u017e upozornila na informa\u010dn\u00fd nepomer medzi vodi\u010dmi motorov\u00fdch vozidiel a chodcami. <\/p>\n<\/div>\n<\/div><\/div><\/div><div id=\"pgc-1344-3-1\"  class=\"panel-grid-cell\" ><div id=\"panel-1344-3-1-0\" class=\"so-panel widget widget_sow-image panel-first-child panel-last-child\" data-index=\"6\" ><div\n\t\t\t\n\t\t\tclass=\"so-widget-sow-image so-widget-sow-image-default-8b5b6f678277-1344\"\n\t\t\t\n\t\t>\n\n<div class=\"sow-image-container\">\n\t\t<img decoding=\"async\" src=\"https:\/\/www.frontbrakelights.com\/wp-content\/uploads\/2023\/11\/01-e1700039048584.jpg\" width=\"1266\" height=\"821\" srcset=\"https:\/\/www.frontbrakelights.com\/wp-content\/uploads\/2023\/11\/01-e1700039048584.jpg 1266w, https:\/\/www.frontbrakelights.com\/wp-content\/uploads\/2023\/11\/01-e1700039048584-300x195.jpg 300w, https:\/\/www.frontbrakelights.com\/wp-content\/uploads\/2023\/11\/01-e1700039048584-1024x664.jpg 1024w, https:\/\/www.frontbrakelights.com\/wp-content\/uploads\/2023\/11\/01-e1700039048584-768x498.jpg 768w\" sizes=\"auto, (max-width: 1266px) 100vw, 1266px\" title=\"01\" alt=\"\" loading=\"lazy\" \t\tclass=\"so-widget-image\"\/>\n\t<\/div>\n\n<\/div><\/div><\/div><\/div><\/div><div id=\"pg-1344-4\"  class=\"panel-grid panel-has-style\" ><div class=\"panel-row-style panel-row-style-for-1344-4\" ><div id=\"pgc-1344-4-0\"  class=\"panel-grid-cell\" ><div id=\"panel-1344-4-0-0\" class=\"so-panel widget widget_sow-editor panel-first-child panel-last-child\" data-index=\"7\" ><div\n\t\t\t\n\t\t\tclass=\"so-widget-sow-editor so-widget-sow-editor-base\"\n\t\t\t\n\t\t>\n<div class=\"siteorigin-widget-tinymce textwidget\">\n\t<h4 style=\"text-align: left;\">Zatia\u013e \u010do sa vodi\u010di m\u00f4\u017eu spo\u013eahn\u00fa\u0165 na smer pohybu a re\u010d tela chodcov, aby pochopili ich z\u00e1mery, samotn\u00ed chodci maj\u00fa \u2013 najm\u00e4 pri strete s protiid\u00facim vozidlom \u2013 len ve\u013emi m\u00e1lo inform\u00e1ci\u00ed o bud\u00facich krokoch a spr\u00e1van\u00ed vodi\u010dov. <\/h4>\n<\/div>\n<\/div><\/div><\/div><div id=\"pgc-1344-4-1\"  class=\"panel-grid-cell\" ><div id=\"panel-1344-4-1-0\" class=\"so-panel widget widget_sow-editor panel-first-child panel-last-child\" data-index=\"8\" ><div\n\t\t\t\n\t\t\tclass=\"so-widget-sow-editor so-widget-sow-editor-base\"\n\t\t\t\n\t\t>\n<div class=\"siteorigin-widget-tinymce textwidget\">\n\t<p style=\"padding-top: 15px;\">Bez \u0161peci\u00e1lneho sign\u00e1lu v prednej \u010dasti vozidla (napr\u00edklad predn\u00e9ho brzdov\u00e9ho svetla) je pre chodcov v\u00fdrazne n\u00e1ro\u010dnej\u0161ie vn\u00edma\u0165 \u010di vozidlo brzd\u00ed. Tento probl\u00e9m je obzvl\u00e1\u0161\u0165 z\u00e1va\u017en\u00fd pri pou\u017e\u00edvan\u00ed priechodov pre chodcov alebo pri prech\u00e1dzan\u00ed po ved\u013eaj\u0161ej ceste pred odbo\u010duj\u00facim vozidlom. To s\u00fa situ\u00e1cie, pri ktor\u00fdch be\u017ene doch\u00e1dza ku kol\u00edzi\u00e1m. <\/p>\n<\/div>\n<\/div><\/div><\/div><\/div><\/div><div id=\"pg-1344-5\"  class=\"panel-grid panel-has-style\" ><div class=\"panel-row-style panel-row-style-for-1344-5\" ><div id=\"pgc-1344-5-0\"  class=\"panel-grid-cell\" ><div id=\"panel-1344-5-0-0\" class=\"so-panel widget widget_sow-image panel-first-child panel-last-child\" data-index=\"9\" ><div\n\t\t\t\n\t\t\tclass=\"so-widget-sow-image so-widget-sow-image-default-8b5b6f678277-1344\"\n\t\t\t\n\t\t>\n\n<div class=\"sow-image-container\">\n\t\t<img decoding=\"async\" src=\"https:\/\/www.frontbrakelights.com\/wp-content\/uploads\/2023\/11\/image-1.jpeg\" width=\"1800\" height=\"1200\" srcset=\"https:\/\/www.frontbrakelights.com\/wp-content\/uploads\/2023\/11\/image-1.jpeg 1800w, https:\/\/www.frontbrakelights.com\/wp-content\/uploads\/2023\/11\/image-1-300x200.jpeg 300w, https:\/\/www.frontbrakelights.com\/wp-content\/uploads\/2023\/11\/image-1-1024x683.jpeg 1024w, https:\/\/www.frontbrakelights.com\/wp-content\/uploads\/2023\/11\/image-1-272x182.jpeg 272w\" sizes=\"auto, (max-width: 1800px) 100vw, 1800px\" title=\"image\" alt=\"\" loading=\"lazy\" \t\tclass=\"so-widget-image\"\/>\n\t<\/div>\n\n<\/div><\/div><\/div><div id=\"pgc-1344-5-1\"  class=\"panel-grid-cell\" ><div id=\"panel-1344-5-1-0\" class=\"so-panel widget widget_sow-editor panel-first-child panel-last-child\" data-index=\"10\" ><div\n\t\t\t\n\t\t\tclass=\"so-widget-sow-editor so-widget-sow-editor-base\"\n\t\t\t\n\t\t>\n<div class=\"siteorigin-widget-tinymce textwidget\">\n\t<p>Na z\u00e1klade toho bol v roku 2017 na letisku Berlin-Tegel uskuto\u010dnen\u00fd rozsiahlej\u0161\u00ed ter\u00e9nny test vyhodnoten\u00fd formou dotazn\u00edkov, pri ktorom boli konfrontovan\u00ed vodi\u010di vozidiel vybaven\u00fdch predn\u00fdm brzdov\u00fdm svetlom a z\u00e1rove\u0148 aj \u010fal\u0161\u00ed \u00fa\u010dastn\u00edci cestnej prem\u00e1vky, ktor\u00ed sa s t\u00fdmito vozidlami stret\u00e1vali v prem\u00e1vke. V\u00fdsledky op\u00e4tovne uk\u00e1zali \u0161irok\u00fa podporu a prijatie tohto konceptu. <\/p>\n<h5>Otvoren\u00e9 koment\u00e1re: pr\u00edklady koment\u00e1rov vyjadruj\u00facich podporu a uznanie tejto koncepcie (po\u010det op\u00fdtan\u00fdch je uveden\u00fd v z\u00e1tvork\u00e1ch)<\/h5>\n<\/div>\n<\/div><\/div><\/div><\/div><\/div><div id=\"pg-1344-6\"  class=\"panel-grid panel-has-style\" ><div class=\"panel-row-style panel-row-style-for-1344-6\" ><div id=\"pgc-1344-6-0\"  class=\"panel-grid-cell panel-grid-cell-empty\" ><\/div><div id=\"pgc-1344-6-1\"  class=\"panel-grid-cell panel-grid-cell-mobile-last\" ><div id=\"panel-1344-6-1-0\" class=\"so-panel widget widget_sow-editor panel-first-child panel-last-child\" data-index=\"11\" ><div\n\t\t\t\n\t\t\tclass=\"so-widget-sow-editor so-widget-sow-editor-base\"\n\t\t\t\n\t\t>\n<div class=\"siteorigin-widget-tinymce textwidget\">\n\t\n<table id=\"tablepress-1\" class=\"tablepress tablepress-id-1\">\n<thead>\n<tr class=\"row-1 odd\">\n\t<th class=\"column-1\">Category<\/th><th class=\"column-2\">Comments (examples)<\/th>\n<\/tr>\n<\/thead>\n<tbody>\n<tr class=\"row-2 even\">\n\t<td class=\"column-1\">Anticipation and reaction (13)<\/td><td class=\"column-2\">\u201cYou can see quicker that the vehicle is braking\u201d<br \/>\n\u201cYou can respond more quickly to the braking of other road users.\u201d<\/td>\n<\/tr>\n<tr class=\"row-3 odd\">\n\t<td class=\"column-1\">General positive comments (10)<\/td><td class=\"column-2\">\u201cThat was very good.\u201c<br \/>\n\u201cGood idea.\u201c<\/td>\n<\/tr>\n<tr class=\"row-4 even\">\n\t<td class=\"column-1\">Visibility (10)<\/td><td class=\"column-2\">\u201cGood. I expect it to be even more positive in winter.\u201d<br \/>\n\u201cThe version currently used on vehicles does not dazzle, but is very clearly visible.\u201c<\/td>\n<\/tr>\n<tr class=\"row-5 odd\">\n\t<td class=\"column-1\">Feeling of safety (7)<\/td><td class=\"column-2\">\u201cAs a road user, you feel safer.\u201d<br \/>\n\u201cSafety has increased.\u201c<\/td>\n<\/tr>\n<tr class=\"row-6 even\">\n\t<td class=\"column-1\">Communication (3)<\/td><td class=\"column-2\">\u201cImproved communication among road users.\u201d<br \/>\n\u201cThe flow of traffic has improved.\u201d<\/td>\n<\/tr>\n<tr class=\"row-7 odd\">\n\t<td class=\"column-1\">Colour (3)<\/td><td class=\"column-2\">\u201cColour is noticeable.\u201d<\/td>\n<\/tr>\n<tr class=\"row-8 even\">\n\t<td class=\"column-1\">Parking (1)<\/td><td class=\"column-2\">\u201cThe Front Brake Light helped with parking\u201d<\/td>\n<\/tr>\n<tr class=\"row-9 odd\">\n\t<td class=\"column-1\">Other (7)<\/td><td class=\"column-2\">\u201cVehicles of other companies should also be equipped.\u201d<br \/>\n\u201cYou have to get used to it.\u201c<\/td>\n<\/tr>\n<\/tbody>\n<\/table>\n<!-- #tablepress-1 from cache -->\n<\/div>\n<\/div><\/div><\/div><div id=\"pgc-1344-6-2\"  class=\"panel-grid-cell panel-grid-cell-empty\" ><\/div><\/div><\/div><div id=\"pg-1344-7\"  class=\"panel-grid panel-has-style\" ><div class=\"panel-row-style panel-row-style-for-1344-7\" ><div id=\"pgc-1344-7-0\"  class=\"panel-grid-cell\" ><div id=\"panel-1344-7-0-0\" class=\"so-panel widget widget_siteorigin-panels-builder panel-first-child panel-last-child\" data-index=\"12\" ><div class=\"border panel-widget-style panel-widget-style-for-1344-7-0-0\" ><div id=\"pl-w656492270513c\"  class=\"panel-layout\" ><div id=\"pg-w656492270513c-0\"  class=\"panel-grid panel-no-style\" ><div id=\"pgc-w656492270513c-0-0\"  class=\"panel-grid-cell\" ><div id=\"panel-w656492270513c-0-0-0\" class=\"so-panel widget widget_sow-editor panel-first-child panel-last-child\" data-index=\"0\" ><div\n\t\t\t\n\t\t\tclass=\"so-widget-sow-editor so-widget-sow-editor-base\"\n\t\t\t\n\t\t>\n<div class=\"siteorigin-widget-tinymce textwidget\">\n\t<h3 style=\"color: #000;\">Veda a v\u00fdskum<br \/>\npredn\u00e9ho brzdov\u00e9ho svetla<\/h3>\n<div><a class=\"fbl-button colorbtn\" href=\"https:\/\/www.frontbrakelights.com\/sk\/veda-a-vyskum\/\">Zisti\u0165 viac<\/a><\/div>\n<\/div>\n<\/div><\/div><\/div><\/div><\/div><\/div><\/div><\/div><div id=\"pgc-1344-7-1\"  class=\"panel-grid-cell\" ><div id=\"panel-1344-7-1-0\" class=\"so-panel widget widget_siteorigin-panels-builder panel-first-child panel-last-child\" data-index=\"13\" ><div class=\"border panel-widget-style panel-widget-style-for-1344-7-1-0\" ><div id=\"pl-w6560743110ee1\"  class=\"panel-layout\" ><div id=\"pg-w6560743110ee1-0\"  class=\"panel-grid panel-no-style\" ><div id=\"pgc-w6560743110ee1-0-0\"  class=\"panel-grid-cell\" ><div id=\"panel-w6560743110ee1-0-0-0\" class=\"so-panel widget widget_sow-editor panel-first-child panel-last-child\" data-index=\"0\" ><div\n\t\t\t\n\t\t\tclass=\"so-widget-sow-editor so-widget-sow-editor-base\"\n\t\t\t\n\t\t>\n<div class=\"siteorigin-widget-tinymce textwidget\">\n\t<h3>M\u00e1te nejak\u00e9 ot\u00e1zky t\u00fdkaj\u00face sa predn\u00e9ho brzdov\u00e9ho svetla? <a style=\"color: #70e000;\" href=\".\/contact\">Kontaktujte n\u00e1s.<\/a><\/h3>\n<div><a class=\"fbl-button\" href=\"https:\/\/www.frontbrakelights.com\/sk\/kontakt\/\">Kontaktn\u00fd formul\u00e1r<\/a><\/div>\n<\/div>\n<\/div><\/div><\/div><\/div><\/div><\/div><\/div><\/div><\/div><\/div><\/div>","protected":false},"excerpt":{"rendered":"<p>Cestn\u00e1 doprava je ka\u017edodennou s\u00fa\u010das\u0165ou takmer ka\u017ed\u00e9ho \u010dlena spolo\u010dnosti. Pr\u00e1ve preto je bezpe\u010dnos\u0165 cestnej prem\u00e1vky v\u0161adepr\u00edtomn\u00fdm probl\u00e9mom, ktor\u00e9ho v\u00fdznam rastie ruka v ruke s rast\u00facou hustotou dopravy na cest\u00e1ch. Pod\u013ea \u0161t\u00fadie zameranej na bezpe\u010dnos\u0165 cestnej prem\u00e1vky \u201eGet off Gas\u201c, zasiahne jedna obe\u0165 dopravnej nehody v priemere a\u017e 113 \u010fal\u0161\u00edch os\u00f4b. S\u00fa to rodinn\u00ed pr\u00edslu\u0161n\u00edci, priatelia, <a href=\"https:\/\/www.frontbrakelights.com\/sk\/o-prednych-brzdovych-svetlach\/\" class=\"more-link\">&#8230;<span class=\"screen-reader-text\">  O predn\u00fdch brzdov\u00fdch svetl\u00e1ch<\/span><\/a><\/p>\n","protected":false},"author":4,"featured_media":1229,"parent":0,"menu_order":0,"comment_status":"closed","ping_status":"closed","template":"","meta":{"inline_featured_image":false,"footnotes":""},"class_list":["post-1344","page","type-page","status-publish","has-post-thumbnail","hentry"],"acf":[],"yoast_head":"<!-- This site is optimized with the Yoast SEO plugin v21.5 - https:\/\/yoast.com\/wordpress\/plugins\/seo\/ -->\n<title>O predn\u00fdch brzdov\u00fdch svetl\u00e1ch - PREDN\u00c9 BRZDOV\u00c9 SVETLO - Ofici\u00e1lna str\u00e1nka<\/title>\n<meta name=\"robots\" content=\"index, follow, max-snippet:-1, max-image-preview:large, max-video-preview:-1\" \/>\n<link rel=\"canonical\" href=\"https:\/\/www.frontbrakelights.com\/sk\/o-prednych-brzdovych-svetlach\/\" \/>\n<meta property=\"og:locale\" content=\"sk_SK\" \/>\n<meta property=\"og:type\" content=\"article\" \/>\n<meta property=\"og:title\" content=\"O predn\u00fdch brzdov\u00fdch svetl\u00e1ch - PREDN\u00c9 BRZDOV\u00c9 SVETLO - Ofici\u00e1lna str\u00e1nka\" \/>\n<meta property=\"og:description\" content=\"Cestn\u00e1 doprava je ka\u017edodennou s\u00fa\u010das\u0165ou takmer ka\u017ed\u00e9ho \u010dlena spolo\u010dnosti. Pr\u00e1ve preto je bezpe\u010dnos\u0165 cestnej prem\u00e1vky v\u0161adepr\u00edtomn\u00fdm probl\u00e9mom, ktor\u00e9ho v\u00fdznam rastie ruka v ruke s rast\u00facou hustotou dopravy na cest\u00e1ch. Pod\u013ea \u0161t\u00fadie zameranej na bezpe\u010dnos\u0165 cestnej prem\u00e1vky \u201eGet off Gas\u201c, zasiahne jedna obe\u0165 dopravnej nehody v priemere a\u017e 113 \u010fal\u0161\u00edch os\u00f4b. S\u00fa to rodinn\u00ed pr\u00edslu\u0161n\u00edci, priatelia, ... O predn\u00fdch brzdov\u00fdch svetl\u00e1ch\" \/>\n<meta property=\"og:url\" content=\"https:\/\/www.frontbrakelights.com\/sk\/o-prednych-brzdovych-svetlach\/\" \/>\n<meta property=\"og:site_name\" content=\"PREDN\u00c9 BRZDOV\u00c9 SVETLO - Ofici\u00e1lna str\u00e1nka\" \/>\n<meta property=\"article:publisher\" content=\"https:\/\/www.facebook.com\/profile.php?id=61552622936436\" \/>\n<meta property=\"article:modified_time\" content=\"2023-11-28T08:46:42+00:00\" \/>\n<meta property=\"og:image\" content=\"https:\/\/www.frontbrakelights.com\/wp-content\/uploads\/2023\/11\/Daniel_Bercel_predne_brzdove_svetlo.png\" \/>\n\t<meta property=\"og:image:width\" content=\"2500\" \/>\n\t<meta property=\"og:image:height\" content=\"1401\" \/>\n\t<meta property=\"og:image:type\" content=\"image\/png\" \/>\n<meta name=\"twitter:card\" content=\"summary_large_image\" \/>\n<meta name=\"twitter:label1\" content=\"Predpokladan\u00fd \u010das \u010d\u00edtania\" \/>\n\t<meta name=\"twitter:data1\" content=\"3 min\u00faty\" \/>\n<script type=\"application\/ld+json\" class=\"yoast-schema-graph\">{\"@context\":\"https:\/\/schema.org\",\"@graph\":[{\"@type\":\"WebPage\",\"@id\":\"https:\/\/www.frontbrakelights.com\/sk\/o-prednych-brzdovych-svetlach\/\",\"url\":\"https:\/\/www.frontbrakelights.com\/sk\/o-prednych-brzdovych-svetlach\/\",\"name\":\"O predn\u00fdch brzdov\u00fdch svetl\u00e1ch - PREDN\u00c9 BRZDOV\u00c9 SVETLO - Ofici\u00e1lna str\u00e1nka\",\"isPartOf\":{\"@id\":\"https:\/\/www.frontbrakelights.com\/sk\/#website\"},\"datePublished\":\"2023-11-15T08:47:30+00:00\",\"dateModified\":\"2023-11-28T08:46:42+00:00\",\"breadcrumb\":{\"@id\":\"https:\/\/www.frontbrakelights.com\/sk\/o-prednych-brzdovych-svetlach\/#breadcrumb\"},\"inLanguage\":\"sk-SK\",\"potentialAction\":[{\"@type\":\"ReadAction\",\"target\":[\"https:\/\/www.frontbrakelights.com\/sk\/o-prednych-brzdovych-svetlach\/\"]}]},{\"@type\":\"BreadcrumbList\",\"@id\":\"https:\/\/www.frontbrakelights.com\/sk\/o-prednych-brzdovych-svetlach\/#breadcrumb\",\"itemListElement\":[{\"@type\":\"ListItem\",\"position\":1,\"name\":\"Home\",\"item\":\"https:\/\/www.frontbrakelights.com\/sk\/\"},{\"@type\":\"ListItem\",\"position\":2,\"name\":\"O predn\u00fdch brzdov\u00fdch svetl\u00e1ch\"}]},{\"@type\":\"WebSite\",\"@id\":\"https:\/\/www.frontbrakelights.com\/sk\/#website\",\"url\":\"https:\/\/www.frontbrakelights.com\/sk\/\",\"name\":\"Front brake light\",\"description\":\"FRONT BRAKE LIGHT - Official site\",\"potentialAction\":[{\"@type\":\"SearchAction\",\"target\":{\"@type\":\"EntryPoint\",\"urlTemplate\":\"https:\/\/www.frontbrakelights.com\/sk\/?s={search_term_string}\"},\"query-input\":\"required name=search_term_string\"}],\"inLanguage\":\"sk-SK\"}]}<\/script>\n<!-- \/ Yoast SEO plugin. -->","yoast_head_json":{"title":"O predn\u00fdch brzdov\u00fdch svetl\u00e1ch - PREDN\u00c9 BRZDOV\u00c9 SVETLO - Ofici\u00e1lna str\u00e1nka","robots":{"index":"index","follow":"follow","max-snippet":"max-snippet:-1","max-image-preview":"max-image-preview:large","max-video-preview":"max-video-preview:-1"},"canonical":"https:\/\/www.frontbrakelights.com\/sk\/o-prednych-brzdovych-svetlach\/","og_locale":"sk_SK","og_type":"article","og_title":"O predn\u00fdch brzdov\u00fdch svetl\u00e1ch - PREDN\u00c9 BRZDOV\u00c9 SVETLO - Ofici\u00e1lna str\u00e1nka","og_description":"Cestn\u00e1 doprava je ka\u017edodennou s\u00fa\u010das\u0165ou takmer ka\u017ed\u00e9ho \u010dlena spolo\u010dnosti. Pr\u00e1ve preto je bezpe\u010dnos\u0165 cestnej prem\u00e1vky v\u0161adepr\u00edtomn\u00fdm probl\u00e9mom, ktor\u00e9ho v\u00fdznam rastie ruka v ruke s rast\u00facou hustotou dopravy na cest\u00e1ch. Pod\u013ea \u0161t\u00fadie zameranej na bezpe\u010dnos\u0165 cestnej prem\u00e1vky \u201eGet off Gas\u201c, zasiahne jedna obe\u0165 dopravnej nehody v priemere a\u017e 113 \u010fal\u0161\u00edch os\u00f4b. S\u00fa to rodinn\u00ed pr\u00edslu\u0161n\u00edci, priatelia, ... O predn\u00fdch brzdov\u00fdch svetl\u00e1ch","og_url":"https:\/\/www.frontbrakelights.com\/sk\/o-prednych-brzdovych-svetlach\/","og_site_name":"PREDN\u00c9 BRZDOV\u00c9 SVETLO - Ofici\u00e1lna str\u00e1nka","article_publisher":"https:\/\/www.facebook.com\/profile.php?id=61552622936436","article_modified_time":"2023-11-28T08:46:42+00:00","og_image":[{"width":2500,"height":1401,"url":"https:\/\/www.frontbrakelights.com\/wp-content\/uploads\/2023\/11\/Daniel_Bercel_predne_brzdove_svetlo.png","type":"image\/png"}],"twitter_card":"summary_large_image","twitter_misc":{"Predpokladan\u00fd \u010das \u010d\u00edtania":"3 min\u00faty"},"schema":{"@context":"https:\/\/schema.org","@graph":[{"@type":"WebPage","@id":"https:\/\/www.frontbrakelights.com\/sk\/o-prednych-brzdovych-svetlach\/","url":"https:\/\/www.frontbrakelights.com\/sk\/o-prednych-brzdovych-svetlach\/","name":"O predn\u00fdch brzdov\u00fdch svetl\u00e1ch - PREDN\u00c9 BRZDOV\u00c9 SVETLO - Ofici\u00e1lna str\u00e1nka","isPartOf":{"@id":"https:\/\/www.frontbrakelights.com\/sk\/#website"},"datePublished":"2023-11-15T08:47:30+00:00","dateModified":"2023-11-28T08:46:42+00:00","breadcrumb":{"@id":"https:\/\/www.frontbrakelights.com\/sk\/o-prednych-brzdovych-svetlach\/#breadcrumb"},"inLanguage":"sk-SK","potentialAction":[{"@type":"ReadAction","target":["https:\/\/www.frontbrakelights.com\/sk\/o-prednych-brzdovych-svetlach\/"]}]},{"@type":"BreadcrumbList","@id":"https:\/\/www.frontbrakelights.com\/sk\/o-prednych-brzdovych-svetlach\/#breadcrumb","itemListElement":[{"@type":"ListItem","position":1,"name":"Home","item":"https:\/\/www.frontbrakelights.com\/sk\/"},{"@type":"ListItem","position":2,"name":"O predn\u00fdch brzdov\u00fdch svetl\u00e1ch"}]},{"@type":"WebSite","@id":"https:\/\/www.frontbrakelights.com\/sk\/#website","url":"https:\/\/www.frontbrakelights.com\/sk\/","name":"Front brake light","description":"FRONT BRAKE LIGHT - Official site","potentialAction":[{"@type":"SearchAction","target":{"@type":"EntryPoint","urlTemplate":"https:\/\/www.frontbrakelights.com\/sk\/?s={search_term_string}"},"query-input":"required name=search_term_string"}],"inLanguage":"sk-SK"}]}},"_links":{"self":[{"href":"https:\/\/www.frontbrakelights.com\/sk\/wp-json\/wp\/v2\/pages\/1344","targetHints":{"allow":["GET"]}}],"collection":[{"href":"https:\/\/www.frontbrakelights.com\/sk\/wp-json\/wp\/v2\/pages"}],"about":[{"href":"https:\/\/www.frontbrakelights.com\/sk\/wp-json\/wp\/v2\/types\/page"}],"author":[{"embeddable":true,"href":"https:\/\/www.frontbrakelights.com\/sk\/wp-json\/wp\/v2\/users\/4"}],"replies":[{"embeddable":true,"href":"https:\/\/www.frontbrakelights.com\/sk\/wp-json\/wp\/v2\/comments?post=1344"}],"version-history":[{"count":18,"href":"https:\/\/www.frontbrakelights.com\/sk\/wp-json\/wp\/v2\/pages\/1344\/revisions"}],"predecessor-version":[{"id":1627,"href":"https:\/\/www.frontbrakelights.com\/sk\/wp-json\/wp\/v2\/pages\/1344\/revisions\/1627"}],"wp:featuredmedia":[{"embeddable":true,"href":"https:\/\/www.frontbrakelights.com\/sk\/wp-json\/wp\/v2\/media\/1229"}],"wp:attachment":[{"href":"https:\/\/www.frontbrakelights.com\/sk\/wp-json\/wp\/v2\/media?parent=1344"}],"curies":[{"name":"wp","href":"https:\/\/api.w.org\/{rel}","templated":true}]}}