{"id":1354,"date":"2023-09-17T00:55:02","date_gmt":"2023-09-16T22:55:02","guid":{"rendered":"https:\/\/www.frontbrakelights.com\/data-protection\/"},"modified":"2023-11-28T09:32:58","modified_gmt":"2023-11-28T08:32:58","slug":"ochrana-udajov","status":"publish","type":"page","link":"https:\/\/www.frontbrakelights.com\/sk\/ochrana-udajov\/","title":{"rendered":"Ochrana \u00fadajov"},"content":{"rendered":"<div id=\"pl-1354\"  class=\"panel-layout\" ><div id=\"pg-1354-0\"  class=\"panel-grid panel-no-style\" ><div id=\"pgc-1354-0-0\"  class=\"panel-grid-cell panel-grid-cell-empty\" ><\/div><div id=\"pgc-1354-0-1\"  class=\"panel-grid-cell panel-grid-cell-mobile-last\" ><div id=\"panel-1354-0-1-0\" class=\"so-panel widget widget_sow-editor panel-first-child panel-last-child\" data-index=\"0\" ><div\n\t\t\t\n\t\t\tclass=\"so-widget-sow-editor so-widget-sow-editor-base\"\n\t\t\t\n\t\t>\n<div class=\"siteorigin-widget-tinymce textwidget\">\n\t<p>Imprint<\/p>\n<p>Pod\u013ea tla\u010dov\u00e9ho z\u00e1kona zodpoved\u00e1:<\/p>\n<ul>\n<li>In\u0161tit\u00fat IWWS pre prenos znalost\u00ed a \u010fal\u0161ie vzdel\u00e1vanie v cestnom in\u017einierstve e.V.<\/li>\n<li>Siegfriedstr. 28, 53179 Bonn, Nemecko<\/li>\n<li><strong>Bernhard Kirschbaum<\/strong><\/li>\n<li>e-mail: <a href=\"mailto:b.kirschbaum@iwws-ev.de\">b.kirschbaum@iwws-ev.de<\/a><\/li>\n<\/ul>\n<h3 id=\"data\"><\/h3>\n<h3>Inform\u00e1cie o ochrane \u00fadajov na tejto webovej lokalite<\/h3>\n<p><strong>A. Zhroma\u017e\u010fovanie a spracovanie osobn\u00fdch \u00fadajov, \u00fa\u010del<\/strong><br \/>\nOsobn\u00e9 \u00fadaje s\u00fa v\u0161etky inform\u00e1cie o va\u0161ej identite, ako je va\u0161e meno, e-mailov\u00e1 adresa alebo po\u0161tov\u00e1 adresa.<br \/>\nVa\u0161e osobn\u00e9 \u00fadaje zhroma\u017e\u010fujeme, uchov\u00e1vame, spracov\u00e1vame a pou\u017e\u00edvame v s\u00falade s platn\u00fdmi predpismi na ochranu osobn\u00fdch \u00fadajov za \u00fa\u010delom spracovania va\u0161ich dopytov alebo objedn\u00e1vok. Okrem toho zhroma\u017e\u010fujeme, uchov\u00e1vame a spracov\u00e1vame osobn\u00e9 \u00fadaje, pokia\u013e sme opr\u00e1vnen\u00ed alebo povinn\u00ed ich z\u00edskava\u0165 zo z\u00e1konn\u00fdch alebo in\u00fdch d\u00f4vodov v s\u00falade s \u010dl\u00e1nkom 6 GDPR a \u00a7 25 nemeck\u00e9ho z\u00e1kona o ochrane \u00fadajov (BDSG).<\/p>\n<p>\u201e\u0160peci\u00e1lne typy osobn\u00fdch \u00fadajov\u201c, ako s\u00fa \u00fadaje o rasovom a etnickom p\u00f4vode, politickom n\u00e1zore, n\u00e1bo\u017eenskom a ideologickom presved\u010den\u00ed, \u010dlenstve v odboroch, genetick\u00e9 \u00fadaje, biometrick\u00e9 \u00fadaje, \u00fadaje o zdravotnom stave, \u00fadaje o sexu\u00e1lnom \u017eivote, sexu\u00e1lnej orient\u00e1cii at\u010f. nezhroma\u017e\u010fujeme, neuchov\u00e1vame ani nespracov\u00e1vame.<\/p>\n<p>V r\u00e1mci z\u00e1konom povolen\u00e9ho pou\u017eitia (ako je op\u00edsan\u00e9 vopred) m\u00f4\u017eu s osobn\u00fdmi \u00fadajmi pr\u00eds\u0165 do styku aj na\u0161i extern\u00ed poskytovatelia slu\u017eieb, najm\u00e4 na\u0161i poskytovatelia IT slu\u017eieb (spr\u00e1vcovia domovskej str\u00e1nky, softv\u00e9ru a hardv\u00e9ru).<br \/>\nPrenosy \u00fadajov do kraj\u00edn mimo Eur\u00f3pskej \u00fanie a Eur\u00f3pskeho hospod\u00e1rskeho priestoru (\u201etretie krajiny\u201c) sa neuskuto\u010d\u0148uj\u00fa.<\/p>\n<p><strong>B. Inform\u00e1cie o va\u0161ich pr\u00e1vach<\/strong><br \/>\nKedyko\u013evek n\u00e1s m\u00f4\u017eete po\u017eiada\u0165 o inform\u00e1cie o \u00fadajoch o v\u00e1s ulo\u017een\u00fdch a\/alebo o ich opravu v pr\u00edpade ch\u00fdb. Radi v\u00e1m tak\u00e9to inform\u00e1cie poskytneme bezplatne v r\u00e1mci limitov stanoven\u00fdch \u010dl\u00e1nkami 12 a 15 GDPR.<br \/>\n\u010ealej m\u00f4\u017eete po\u017eiada\u0165 o obmedzenie spracovania, prenos va\u0161ich osobn\u00fdch \u00fadajov, ktor\u00e9 uchov\u00e1vame, k v\u00e1m v strojovo \u010ditate\u013enom form\u00e1te alebo o vymazanie va\u0161ich \u00fadajov.<\/p>\n<p>Okrem toho m\u00e1te pr\u00e1vo kedyko\u013evek namieta\u0165 proti pou\u017e\u00edvaniu va\u0161ich \u00fadajov, aj ke\u010f je zalo\u017een\u00e9 na verejnom alebo opr\u00e1vnenom z\u00e1ujme, najm\u00e4 namieta\u0165 proti reklame. Ak to chcete urobi\u0165, kontaktujte n\u00e1s form\u00e1lne alebo e-mailom.<br \/>\nOkrem toho, \u017ee si vo\u010di n\u00e1m uplatn\u00edte svoje vy\u0161\u0161ie uveden\u00e9 pr\u00e1va, m\u00f4\u017eete kedyko\u013evek poda\u0165 s\u0165a\u017enos\u0165 miestnemu zodpovedn\u00e9mu \u0161t\u00e1tnemu komis\u00e1rovi pre ochranu \u00fadajov a slobodu inform\u00e1ci\u00ed Severn\u00e9 Por\u00fdnie-Vestf\u00e1lsko, PO Box 200444, 40102 D\u00fcsseldorf, <a href=\"mailto:poststelle@ldi.nrw.de\" target=\"_blank\" rel=\"noopener\">poststelle@ldi.nrw.de<\/a> (currently Ms. Helga Block).<\/p>\n<p><strong>C. Bli\u017e\u0161ie inform\u00e1cie o nakladan\u00ed s osobn\u00fdmi \u00fadajmi<\/strong><br \/>\nN\u00e1\u0161ho z\u00e1stupcu pre ochranu \u00fadajov m\u00f4\u017eete kontaktova\u0165 na uvedenej kontaktnej adrese resp <a href=\"mailto:b.kirschbaum@iwws-ev.de\" target=\"_blank\" rel=\"noopener\">b.kirschbaum@iwws-ev.de<\/a><br \/>\nPrij\u00edmame opatrenia na ochranu va\u0161ich osobn\u00fdch \u00fadajov pred stratou, zni\u010den\u00edm, fal\u0161ovan\u00edm, manipul\u00e1ciou a neopr\u00e1vnen\u00fdm pr\u00edstupom. Dodr\u017eiavaj\u00fa sa z\u00e1konn\u00e9 predpisy o ochrane \u00fadajov.<\/p>\n<p>Chceli by sme zd\u00f4razni\u0165, \u017ee internet je glob\u00e1lne prostredie. Pokia\u013e pou\u017e\u00edvate na\u0161e domovsk\u00e9 str\u00e1nky a\/alebo s nami komunikujete elektronicky (e-mail), s\u00fahlas\u00edte s ne\u0161ifrovan\u00fdm prenosom v\u0161etk\u00fdch \u00fadajov, ktor\u00e9 n\u00e1m chcete posla\u0165. Kv\u00f4li klasifik\u00e1ci\u00e1m a rizik\u00e1m spojen\u00fdm s internetom to rob\u00edte na vlastn\u00e9 riziko.<\/p>\n<p>Na\u0161e domovsk\u00e9 str\u00e1nky obsahuj\u00fa aj odkazy in\u00fdch in\u0161tit\u00faci\u00ed a poskytovate\u013eov. Tieto z\u00e1sady ochrany osobn\u00fdch \u00fadajov sa na ne nevz\u0165ahuj\u00fa. V\u00e1\u0161 internetov\u00fd prehliada\u010d automaticky pren\u00e1\u0161a \u00fadaje na webov\u00fd server po\u010das pr\u00edstupu, ak je to potrebn\u00e9 z technick\u00fdch d\u00f4vodov. Tieto \u00fadaje nevyhodnocujeme ani nespracov\u00e1vame.<\/p>\n<h3 id=\"disclaimer\"><\/h3>\n<h3>Vyl\u00fa\u010denie zodpovednosti<\/h3>\n<p>Nenesieme \u017eiadnu zodpovednos\u0165 za \u0161kody sp\u00f4soben\u00e9 t\u00fdm, \u017ee ktoko\u013evek d\u00f4veroval v kontinuitu, aktu\u00e1lnos\u0165, spr\u00e1vnos\u0165, \u00faplnos\u0165 alebo kvalitu uveden\u00fdch inform\u00e1ci\u00ed na tejto str\u00e1nke. Rovnako nem\u00f4\u017ee by\u0165 bran\u00e1 zodpovednos\u0165 za obsah ak\u00e9hoko\u013evek druhu na webov\u00fdch str\u00e1nkach spojen\u00fdch s touto str\u00e1nkou, najm\u00e4 po nastaven\u00ed odkazov.<\/p>\n<\/div>\n<\/div><\/div><\/div><div id=\"pgc-1354-0-2\"  class=\"panel-grid-cell panel-grid-cell-empty\" ><\/div><\/div><\/div>","protected":false},"excerpt":{"rendered":"<p>Imprint Pod\u013ea tla\u010dov\u00e9ho z\u00e1kona zodpoved\u00e1: In\u0161tit\u00fat IWWS pre prenos znalost\u00ed a \u010fal\u0161ie vzdel\u00e1vanie v cestnom in\u017einierstve e.V. Siegfriedstr. 28, 53179 Bonn, Nemecko Bernhard Kirschbaum e-mail: b.kirschbaum@iwws-ev.de Inform\u00e1cie o ochrane \u00fadajov na tejto webovej lokalite A. Zhroma\u017e\u010fovanie a spracovanie osobn\u00fdch \u00fadajov, \u00fa\u010del Osobn\u00e9 \u00fadaje s\u00fa v\u0161etky inform\u00e1cie o va\u0161ej identite, ako je va\u0161e meno, e-mailov\u00e1 adresa <a href=\"https:\/\/www.frontbrakelights.com\/sk\/ochrana-udajov\/\" class=\"more-link\">&#8230;<span class=\"screen-reader-text\">  Ochrana \u00fadajov<\/span><\/a><\/p>\n","protected":false},"author":1,"featured_media":1163,"parent":0,"menu_order":0,"comment_status":"closed","ping_status":"open","template":"","meta":{"inline_featured_image":false,"footnotes":""},"class_list":["post-1354","page","type-page","status-publish","has-post-thumbnail","hentry"],"acf":[],"yoast_head":"<!-- This site is optimized with the Yoast SEO plugin v21.5 - https:\/\/yoast.com\/wordpress\/plugins\/seo\/ -->\n<title>Ochrana \u00fadajov - PREDN\u00c9 BRZDOV\u00c9 SVETLO - Ofici\u00e1lna str\u00e1nka<\/title>\n<meta name=\"robots\" content=\"index, follow, max-snippet:-1, max-image-preview:large, max-video-preview:-1\" \/>\n<link rel=\"canonical\" href=\"https:\/\/www.frontbrakelights.com\/sk\/ochrana-udajov\/\" \/>\n<meta property=\"og:locale\" content=\"sk_SK\" \/>\n<meta property=\"og:type\" content=\"article\" \/>\n<meta property=\"og:title\" content=\"Ochrana \u00fadajov - PREDN\u00c9 BRZDOV\u00c9 SVETLO - Ofici\u00e1lna str\u00e1nka\" \/>\n<meta property=\"og:description\" content=\"Imprint Pod\u013ea tla\u010dov\u00e9ho z\u00e1kona zodpoved\u00e1: In\u0161tit\u00fat IWWS pre prenos znalost\u00ed a \u010fal\u0161ie vzdel\u00e1vanie v cestnom in\u017einierstve e.V. Siegfriedstr. 28, 53179 Bonn, Nemecko Bernhard Kirschbaum e-mail: b.kirschbaum@iwws-ev.de Inform\u00e1cie o ochrane \u00fadajov na tejto webovej lokalite A. Zhroma\u017e\u010fovanie a spracovanie osobn\u00fdch \u00fadajov, \u00fa\u010del Osobn\u00e9 \u00fadaje s\u00fa v\u0161etky inform\u00e1cie o va\u0161ej identite, ako je va\u0161e meno, e-mailov\u00e1 adresa ... Ochrana \u00fadajov\" \/>\n<meta property=\"og:url\" content=\"https:\/\/www.frontbrakelights.com\/sk\/ochrana-udajov\/\" \/>\n<meta property=\"og:site_name\" content=\"PREDN\u00c9 BRZDOV\u00c9 SVETLO - Ofici\u00e1lna str\u00e1nka\" \/>\n<meta property=\"article:publisher\" content=\"https:\/\/www.facebook.com\/profile.php?id=61552622936436\" \/>\n<meta property=\"article:modified_time\" content=\"2023-11-28T08:32:58+00:00\" \/>\n<meta property=\"og:image\" content=\"https:\/\/www.frontbrakelights.com\/wp-content\/uploads\/2023\/11\/Titulka_Predne_brzdove_svetlo.png\" \/>\n\t<meta property=\"og:image:width\" content=\"2500\" \/>\n\t<meta property=\"og:image:height\" content=\"1401\" \/>\n\t<meta property=\"og:image:type\" content=\"image\/png\" \/>\n<meta name=\"twitter:card\" content=\"summary_large_image\" \/>\n<meta name=\"twitter:label1\" content=\"Predpokladan\u00fd \u010das \u010d\u00edtania\" \/>\n\t<meta name=\"twitter:data1\" content=\"4 min\u00faty\" \/>\n<script type=\"application\/ld+json\" class=\"yoast-schema-graph\">{\"@context\":\"https:\/\/schema.org\",\"@graph\":[{\"@type\":\"WebPage\",\"@id\":\"https:\/\/www.frontbrakelights.com\/sk\/ochrana-udajov\/\",\"url\":\"https:\/\/www.frontbrakelights.com\/sk\/ochrana-udajov\/\",\"name\":\"Ochrana \u00fadajov - PREDN\u00c9 BRZDOV\u00c9 SVETLO - Ofici\u00e1lna str\u00e1nka\",\"isPartOf\":{\"@id\":\"https:\/\/www.frontbrakelights.com\/sk\/#website\"},\"datePublished\":\"2023-09-16T22:55:02+00:00\",\"dateModified\":\"2023-11-28T08:32:58+00:00\",\"breadcrumb\":{\"@id\":\"https:\/\/www.frontbrakelights.com\/sk\/ochrana-udajov\/#breadcrumb\"},\"inLanguage\":\"sk-SK\",\"potentialAction\":[{\"@type\":\"ReadAction\",\"target\":[\"https:\/\/www.frontbrakelights.com\/sk\/ochrana-udajov\/\"]}]},{\"@type\":\"BreadcrumbList\",\"@id\":\"https:\/\/www.frontbrakelights.com\/sk\/ochrana-udajov\/#breadcrumb\",\"itemListElement\":[{\"@type\":\"ListItem\",\"position\":1,\"name\":\"Home\",\"item\":\"https:\/\/www.frontbrakelights.com\/sk\/\"},{\"@type\":\"ListItem\",\"position\":2,\"name\":\"Ochrana \u00fadajov\"}]},{\"@type\":\"WebSite\",\"@id\":\"https:\/\/www.frontbrakelights.com\/sk\/#website\",\"url\":\"https:\/\/www.frontbrakelights.com\/sk\/\",\"name\":\"Front brake light\",\"description\":\"FRONT BRAKE LIGHT - Official site\",\"potentialAction\":[{\"@type\":\"SearchAction\",\"target\":{\"@type\":\"EntryPoint\",\"urlTemplate\":\"https:\/\/www.frontbrakelights.com\/sk\/?s={search_term_string}\"},\"query-input\":\"required name=search_term_string\"}],\"inLanguage\":\"sk-SK\"}]}<\/script>\n<!-- \/ Yoast SEO plugin. -->","yoast_head_json":{"title":"Ochrana \u00fadajov - PREDN\u00c9 BRZDOV\u00c9 SVETLO - Ofici\u00e1lna str\u00e1nka","robots":{"index":"index","follow":"follow","max-snippet":"max-snippet:-1","max-image-preview":"max-image-preview:large","max-video-preview":"max-video-preview:-1"},"canonical":"https:\/\/www.frontbrakelights.com\/sk\/ochrana-udajov\/","og_locale":"sk_SK","og_type":"article","og_title":"Ochrana \u00fadajov - PREDN\u00c9 BRZDOV\u00c9 SVETLO - Ofici\u00e1lna str\u00e1nka","og_description":"Imprint Pod\u013ea tla\u010dov\u00e9ho z\u00e1kona zodpoved\u00e1: In\u0161tit\u00fat IWWS pre prenos znalost\u00ed a \u010fal\u0161ie vzdel\u00e1vanie v cestnom in\u017einierstve e.V. Siegfriedstr. 28, 53179 Bonn, Nemecko Bernhard Kirschbaum e-mail: b.kirschbaum@iwws-ev.de Inform\u00e1cie o ochrane \u00fadajov na tejto webovej lokalite A. Zhroma\u017e\u010fovanie a spracovanie osobn\u00fdch \u00fadajov, \u00fa\u010del Osobn\u00e9 \u00fadaje s\u00fa v\u0161etky inform\u00e1cie o va\u0161ej identite, ako je va\u0161e meno, e-mailov\u00e1 adresa ... Ochrana \u00fadajov","og_url":"https:\/\/www.frontbrakelights.com\/sk\/ochrana-udajov\/","og_site_name":"PREDN\u00c9 BRZDOV\u00c9 SVETLO - Ofici\u00e1lna str\u00e1nka","article_publisher":"https:\/\/www.facebook.com\/profile.php?id=61552622936436","article_modified_time":"2023-11-28T08:32:58+00:00","og_image":[{"width":2500,"height":1401,"url":"https:\/\/www.frontbrakelights.com\/wp-content\/uploads\/2023\/11\/Titulka_Predne_brzdove_svetlo.png","type":"image\/png"}],"twitter_card":"summary_large_image","twitter_misc":{"Predpokladan\u00fd \u010das \u010d\u00edtania":"4 min\u00faty"},"schema":{"@context":"https:\/\/schema.org","@graph":[{"@type":"WebPage","@id":"https:\/\/www.frontbrakelights.com\/sk\/ochrana-udajov\/","url":"https:\/\/www.frontbrakelights.com\/sk\/ochrana-udajov\/","name":"Ochrana \u00fadajov - PREDN\u00c9 BRZDOV\u00c9 SVETLO - Ofici\u00e1lna str\u00e1nka","isPartOf":{"@id":"https:\/\/www.frontbrakelights.com\/sk\/#website"},"datePublished":"2023-09-16T22:55:02+00:00","dateModified":"2023-11-28T08:32:58+00:00","breadcrumb":{"@id":"https:\/\/www.frontbrakelights.com\/sk\/ochrana-udajov\/#breadcrumb"},"inLanguage":"sk-SK","potentialAction":[{"@type":"ReadAction","target":["https:\/\/www.frontbrakelights.com\/sk\/ochrana-udajov\/"]}]},{"@type":"BreadcrumbList","@id":"https:\/\/www.frontbrakelights.com\/sk\/ochrana-udajov\/#breadcrumb","itemListElement":[{"@type":"ListItem","position":1,"name":"Home","item":"https:\/\/www.frontbrakelights.com\/sk\/"},{"@type":"ListItem","position":2,"name":"Ochrana \u00fadajov"}]},{"@type":"WebSite","@id":"https:\/\/www.frontbrakelights.com\/sk\/#website","url":"https:\/\/www.frontbrakelights.com\/sk\/","name":"Front brake light","description":"FRONT BRAKE LIGHT - Official site","potentialAction":[{"@type":"SearchAction","target":{"@type":"EntryPoint","urlTemplate":"https:\/\/www.frontbrakelights.com\/sk\/?s={search_term_string}"},"query-input":"required name=search_term_string"}],"inLanguage":"sk-SK"}]}},"_links":{"self":[{"href":"https:\/\/www.frontbrakelights.com\/sk\/wp-json\/wp\/v2\/pages\/1354","targetHints":{"allow":["GET"]}}],"collection":[{"href":"https:\/\/www.frontbrakelights.com\/sk\/wp-json\/wp\/v2\/pages"}],"about":[{"href":"https:\/\/www.frontbrakelights.com\/sk\/wp-json\/wp\/v2\/types\/page"}],"author":[{"embeddable":true,"href":"https:\/\/www.frontbrakelights.com\/sk\/wp-json\/wp\/v2\/users\/1"}],"replies":[{"embeddable":true,"href":"https:\/\/www.frontbrakelights.com\/sk\/wp-json\/wp\/v2\/comments?post=1354"}],"version-history":[{"count":5,"href":"https:\/\/www.frontbrakelights.com\/sk\/wp-json\/wp\/v2\/pages\/1354\/revisions"}],"predecessor-version":[{"id":1617,"href":"https:\/\/www.frontbrakelights.com\/sk\/wp-json\/wp\/v2\/pages\/1354\/revisions\/1617"}],"wp:featuredmedia":[{"embeddable":true,"href":"https:\/\/www.frontbrakelights.com\/sk\/wp-json\/wp\/v2\/media\/1163"}],"wp:attachment":[{"href":"https:\/\/www.frontbrakelights.com\/sk\/wp-json\/wp\/v2\/media?parent=1354"}],"curies":[{"name":"wp","href":"https:\/\/api.w.org\/{rel}","templated":true}]}}