{"id":1358,"date":"2023-10-13T07:21:47","date_gmt":"2023-10-13T05:21:47","guid":{"rendered":"https:\/\/www.frontbrakelights.com\/milestones\/"},"modified":"2023-11-24T11:30:36","modified_gmt":"2023-11-24T10:30:36","slug":"milniky","status":"publish","type":"page","link":"https:\/\/www.frontbrakelights.com\/sk\/milniky\/","title":{"rendered":"M\u00ed\u013eniky"},"content":{"rendered":"<div id=\"pl-1358\"  class=\"panel-layout\" ><div id=\"pg-1358-0\"  class=\"panel-grid panel-has-style\" ><div class=\"year-bottom panel-row-style panel-row-style-for-1358-0\" ><div id=\"pgc-1358-0-0\"  class=\"panel-grid-cell\" ><div id=\"panel-1358-0-0-0\" class=\"so-panel widget widget_sow-editor panel-first-child panel-last-child\" data-index=\"0\" ><div class=\"year-img-before panel-widget-style panel-widget-style-for-1358-0-0-0\" ><div\n\t\t\t\n\t\t\tclass=\"so-widget-sow-editor so-widget-sow-editor-base\"\n\t\t\t\n\t\t>\n<div class=\"siteorigin-widget-tinymce textwidget\">\n\t<h1 class=\"year\">2021<\/h1>\n<\/div>\n<\/div><\/div><\/div><\/div><div id=\"pgc-1358-0-1\"  class=\"panel-grid-cell\" ><div id=\"panel-1358-0-1-0\" class=\"so-panel widget widget_sow-editor panel-first-child panel-last-child\" data-index=\"1\" ><div\n\t\t\t\n\t\t\tclass=\"so-widget-sow-editor so-widget-sow-editor-base\"\n\t\t\t\n\t\t>\n<div class=\"siteorigin-widget-tinymce textwidget\">\n\t<h3 style=\"padding-bottom: 15px;\">December<\/h3>\n<p>Publikovanie odborn\u00e9ho posudku z poh\u013eadu anal\u00fdzy neh\u00f4d, ktor\u00fd podporuje my\u0161lienku predn\u00e9ho brzdov\u00e9ho svetla \u2013 najm\u00e4 pokia\u013e ide o nehody cyklistov s protiid\u00facimi a odbo\u010duj\u00facimi vozidlami v\u013eavo.<\/p>\n<\/div>\n<\/div><\/div><\/div><\/div><\/div><div id=\"pg-1358-1\"  class=\"panel-grid panel-has-style\" ><div class=\"year-bottom panel-row-style panel-row-style-for-1358-1\" ><div id=\"pgc-1358-1-0\"  class=\"panel-grid-cell\" ><div id=\"panel-1358-1-0-0\" class=\"so-panel widget widget_sow-editor panel-first-child panel-last-child\" data-index=\"2\" ><div class=\"year-img-before panel-widget-style panel-widget-style-for-1358-1-0-0\" ><div\n\t\t\t\n\t\t\tclass=\"so-widget-sow-editor so-widget-sow-editor-base\"\n\t\t\t\n\t\t>\n<div class=\"siteorigin-widget-tinymce textwidget\">\n\t<h1 class=\"year\">2020<\/h1>\n<\/div>\n<\/div><\/div><\/div><\/div><div id=\"pgc-1358-1-1\"  class=\"panel-grid-cell\" ><div id=\"panel-1358-1-1-0\" class=\"so-panel widget widget_sow-editor panel-first-child panel-last-child\" data-index=\"3\" ><div\n\t\t\t\n\t\t\tclass=\"so-widget-sow-editor so-widget-sow-editor-base\"\n\t\t\t\n\t\t>\n<div class=\"siteorigin-widget-tinymce textwidget\">\n\t<h3 style=\"padding-bottom: 15px;\">November<\/h3>\n<h5>Parlamentn\u00e1 webov\u00e1 konferencia<\/h5>\n<p>spolu so Svenom Schulzem, europoslancom a podpredsedom vo V\u00fdbore pre dopravu Eur\u00f3pskeho parlamentu (TRAN), ako patr\u00f3n. Boli prezentovan\u00e9 nov\u00e9 v\u00fdsledky a pozit\u00edvne aspekty predn\u00e9ho brzdov\u00e9ho svetla v ur\u010dit\u00fdch situ\u00e1ci\u00e1ch neh\u00f4d z poh\u013eadu profesion\u00e1lnej anal\u00fdzy neh\u00f4d. Taktie\u017e \u00favod do pripravovan\u00e9ho ve\u013ek\u00e9ho po\u013en\u00e9ho pokusu v r\u00e1mci mesta Bratislava, pl\u00e1novan\u00e9ho na rok 2021.<\/p>\n<h3 style=\"padding: 15px 0;\">Febru\u00e1r<\/h3>\n<h5>Brusel<\/h5>\n<p>Stretnutie so z\u00e1stupcami Eur\u00f3pskej komisie, Eur\u00f3pskeho parlamentu, Eur\u00f3pskeho hospod\u00e1rskeho sen\u00e1tu \u2013 prezent\u00e1cia pripravovan\u00fdch projektov na testovanie Predn\u00fdch brzdov\u00fdch svetiel v re\u00e1lnej prem\u00e1vke v SR a DE, pr\u00edprava \u010fal\u0161\u00edch podkladov pre vedeck\u00e9 \u0161t\u00fadie a legislat\u00edvu.<\/p>\n<h5>Bratislava<\/h5>\n<p>Pr\u00edprava projektu Predn\u00e9 brzdov\u00e9 svetlo a jeho testovanie v re\u00e1lnej prem\u00e1vke, za \u00fa\u010dasti v\u0161etk\u00fdch partnerov a predstavite\u013eov vl\u00e1dy SR. Predpokladan\u00fd za\u010diatok projektu \u2013 prv\u00fd polrok 2021, v spolupr\u00e1ci slovensk\u00fdch a zahrani\u010dn\u00fdch univerz\u00edt na projekte.<\/p>\n<\/div>\n<\/div><\/div><\/div><\/div><\/div><div id=\"pg-1358-2\"  class=\"panel-grid panel-has-style\" ><div class=\"year-bottom panel-row-style panel-row-style-for-1358-2\" ><div id=\"pgc-1358-2-0\"  class=\"panel-grid-cell\" ><div id=\"panel-1358-2-0-0\" class=\"so-panel widget widget_sow-editor panel-first-child panel-last-child\" data-index=\"4\" ><div class=\"year-img-before panel-widget-style panel-widget-style-for-1358-2-0-0\" ><div\n\t\t\t\n\t\t\tclass=\"so-widget-sow-editor so-widget-sow-editor-base\"\n\t\t\t\n\t\t>\n<div class=\"siteorigin-widget-tinymce textwidget\">\n\t<h1 class=\"year\">2019<\/h1>\n<\/div>\n<\/div><\/div><\/div><\/div><div id=\"pgc-1358-2-1\"  class=\"panel-grid-cell\" ><div id=\"panel-1358-2-1-0\" class=\"so-panel widget widget_sow-editor panel-first-child panel-last-child\" data-index=\"5\" ><div\n\t\t\t\n\t\t\tclass=\"so-widget-sow-editor so-widget-sow-editor-base\"\n\t\t\t\n\t\t>\n<div class=\"siteorigin-widget-tinymce textwidget\">\n\t<h3 style=\"padding-bottom: 15px;\">Okt\u00f3ber<\/h3>\n<p>\u00daspe\u0161n\u00e1 <a href=\"http:\/\/pbs.wauweb.sk\/wp-content\/uploads\/2023\/11\/Poster-Front-Brake-Light-at-EVU-2019.pdf\" target=\"_blank\" rel=\"noopener\">prezent\u00e1cia my\u0161lienky predn\u00fdch brzdov\u00fdch svetiel Eur\u00f3pskej asoci\u00e1cii pre v\u00fdskum a anal\u00fdzu neh\u00f4d EVU<\/a> na 28. konferencii EVU v Barcelone.<\/p>\n<h3 style=\"padding: 15px 0;\">J\u00fal<\/h3>\n<p>\u201eFEVR podporuje v\u0161etky opatrenia, ktor\u00e9 prispievaj\u00fa k zn\u00ed\u017eeniu po\u010dtu \u00famrt\u00ed a \u0165a\u017ek\u00fdch \u00farazov v cestnej prem\u00e1vke. Existuje ve\u013ea dobr\u00fdch a cenovo dostupn\u00fdch iniciat\u00edv t\u00fdkaj\u00facich sa \u013eudsk\u00e9ho spr\u00e1vania, infra\u0161trukt\u00fary a presadzovania pr\u00e1va, ale aj technick\u00fdch inov\u00e1ci\u00ed v automobilovom sektore. Napriek diskusii som presved\u010den\u00fd, \u017ee my\u0161lienka predn\u00e9ho brzdov\u00e9ho svetla pozit\u00edvne prispeje k bezpe\u010dnosti prem\u00e1vky.\u201c<\/p>\n<p style=\"text-align: right;\">Jeannot Mersch, prezident FEVR<\/p>\n<h3 style=\"padding: 15px 0;\">Apr\u00edl<\/h3>\n<p>Prezent\u00e1cia my\u0161lienky predn\u00e9ho brzdov\u00e9ho svetla a v\u00fdsledkov vedeck\u00e9ho v\u00fdskumu na Ekonomick\u00fdch rozhovoroch Bratislava \u201eMobilita bud\u00facnosti\u201c Eur\u00f3pskym hospod\u00e1rskym sen\u00e1tom pod z\u00e1\u0161titou Ing. Peter Pellegrini, predseda vl\u00e1dy SR, s pr\u00edspevkami z\u00e1stupcov Ministerstva dopravy a v\u00fdstavby SR a Eur\u00f3pskeho parlamentu.<\/p>\n<\/div>\n<\/div><\/div><\/div><\/div><\/div><div id=\"pg-1358-3\"  class=\"panel-grid panel-has-style\" ><div class=\"year-bottom panel-row-style panel-row-style-for-1358-3\" ><div id=\"pgc-1358-3-0\"  class=\"panel-grid-cell\" ><div id=\"panel-1358-3-0-0\" class=\"so-panel widget widget_sow-editor panel-first-child panel-last-child\" data-index=\"6\" ><div class=\"year-img-before panel-widget-style panel-widget-style-for-1358-3-0-0\" ><div\n\t\t\t\n\t\t\tclass=\"so-widget-sow-editor so-widget-sow-editor-base\"\n\t\t\t\n\t\t>\n<div class=\"siteorigin-widget-tinymce textwidget\">\n\t<h1 class=\"year\">2018<\/h1>\n<\/div>\n<\/div><\/div><\/div><\/div><div id=\"pgc-1358-3-1\"  class=\"panel-grid-cell\" ><div id=\"panel-1358-3-1-0\" class=\"so-panel widget widget_sow-editor panel-first-child panel-last-child\" data-index=\"7\" ><div class=\"panel-widget-style panel-widget-style-for-1358-3-1-0\" ><div\n\t\t\t\n\t\t\tclass=\"so-widget-sow-editor so-widget-sow-editor-base\"\n\t\t\t\n\t\t>\n<div class=\"siteorigin-widget-tinymce textwidget\">\n\t<h3 style=\"padding-bottom: 15px;\">September<\/h3>\n<p>Parlamentn\u00e9 pracovn\u00e9 ra\u0148ajky v Bruseli na t\u00e9mu Predn\u00e9 brzdov\u00e9 svetlo pod z\u00e1\u0161titou Dr. Dietera-L. Koch, europoslanec, so z\u00e1stupcami Eur\u00f3pskeho parlamentu a Eur\u00f3pskej komisie, ako aj z in\u00fdch in\u0161tit\u00faci\u00ed v oblasti bezpe\u010dnosti dopravy, ako s\u00fa VOD (Road Accidents Victims Aid Germany) a ETSC (Eur\u00f3pska rada pre bezpe\u010dnos\u0165 dopravy)<\/p>\n<h3 style=\"padding: 15px 0;\">J\u00fan<\/h3>\n<p>Diskusia s Dipl.-Ing. Hans Peter David, DEKRA Dresden e. V., okrem in\u00e9ho o \u010fal\u0161om objasnen\u00ed mo\u017enosti typov\u00e9ho schv\u00e1lenia v kontexte E\u00da a odpor\u00fa\u010dan\u00fdch \u00farovniach osvetlenia<\/p>\n<p>Vypracovanie stanoviska na t\u00e9mu \u201eZn\u00ed\u017eenie stresu v cestnej prem\u00e1vke\u201c zaveden\u00edm predn\u00e9ho brzdov\u00e9ho svetla (Prof Dr. Konrad Reschke, Univerzita v Lipsku)<\/p>\n<h3 style=\"padding: 15px 0;\">M\u00e1j<\/h3>\n<p>Publik\u00e1cia \u201eTer\u00e9nnej \u0161t\u00fadie na testovanie predn\u00e9ho brzdov\u00e9ho svetla\u201c<\/p>\n<h3 style=\"padding: 15px 0;\">Apr\u00edl<\/h3>\n<p>List predstavenstva BIRVp komis\u00e1rovi E\u00da V. Bulcovi, ktor\u00fd predstavuje my\u0161lienku predn\u00e9ho brzdov\u00e9ho svetla spolu s v\u00fdsledkami \u0161t\u00fadi\u00ed vykonan\u00fdch s odkazom na spr\u00e1vu Eur\u00f3pskeho parlamentu z vlastnej iniciat\u00edvy zo 14. novembra 2017 o z\u00e1chrane \u017eivotov: Viac Bezpe\u010dnos\u0165 vozidiel v E\u00da (2017\/2085 (INI)) so \u017eiados\u0165ou o zv\u00e1\u017eenie tejto ot\u00e1zky v pripravovanej zmene nariadenia o v\u0161eobecnej bezpe\u010dnosti (ES) \u010d.<\/p>\n<p>Stretnutie s profesorom Kurtom Bodewigom, b\u00fdval\u00fdm spolkov\u00fdm ministrom dopravy a prezidentom nemeckej dopravnej hliadky, s cie\u013eom predstavi\u0165 my\u0161lienku predn\u00e9ho brzdov\u00e9ho svetla<\/p>\n<h3 style=\"padding: 15px 0;\">Marec<\/h3>\n<p>Ukon\u010denie stru\u010dn\u00e9ho preh\u013eadu literat\u00fary a empirickej \u0161t\u00fadie o psychologickom \u00fa\u010dinku zelenej farby ako cie\u013eovej sign\u00e1lnej farby (R. Banse, Keidel a M. Monzel)<\/p>\n<p>Podrobn\u00e9 p\u00edsomn\u00e9 stanovisko k teoretickej \u00favahe o potenci\u00e1li zn\u00ed\u017eenia po\u0161kodenia kr\u010dnej miechy \/ centr\u00e1lneho nervov\u00e9ho syst\u00e9mu pri dopravn\u00fdch kol\u00edzi\u00e1ch predn\u00fdm brzdov\u00fdm svetlom (W. Hell, pozri pr\u00edlohu B)<\/p>\n<h3 style=\"padding: 15px 0;\">Febru\u00e1r<\/h3>\n<p>Stretnutie s Dr. Dieter-L. Koch, poslanec EP, za podrobnej\u0161ie vymedzenie krit\u00e9ri\u00ed n\u00e1kladov a pr\u00ednosov v s\u00favislosti so spr\u00e1vou Eur\u00f3pskeho parlamentu z vlastnej iniciat\u00edvy zo 14. novembra 2017 o z\u00e1chrane \u017eivotov: zvy\u0161ovan\u00ed bezpe\u010dnosti vozidiel v E\u00da (2017\/2085 (INI)) vr\u00e1tane r\u00e1d o legislat\u00edvnych pr\u00edle\u017eitostiach<\/p>\n<p>V\u00fdvoj a dokon\u010denie katal\u00f3gu mo\u017en\u00fdch situ\u00e1ci\u00ed pou\u017eitia predn\u00fdch brzdov\u00fdch svetiel v spolupr\u00e1ci s Dr. Birgit Kollbach, dopravnou psychologi\u010dkou a in\u0161truktorkou jazdy na DEKRA Akademie Berlin, ako aj s Dr. Bernhardom F. Reiterom, konzultantom pre bezpe\u010dnos\u0165 cestnej prem\u00e1vky<\/p>\n<h3 style=\"padding: 15px 0;\">Janu\u00e1r<\/h3>\n<p>Z\u00e1vere\u010dn\u00e1 spr\u00e1va \u201eTer\u00e9nna \u0161t\u00fadia na testovanie predn\u00e9ho brzdov\u00e9ho svetla na letisku Tegel\u201c (R. Banse, K. Keidel, M. Monzel, B. Kirschbaum, W. Schubert)<\/p>\n<p>Zverejnenie v\u00fdsledkov laborat\u00f3rnej \u0161t\u00fadie \u201ePotenci\u00e1lne bezpe\u010dnostn\u00e9 \u00fa\u010dinky predn\u00e9ho brzdov\u00e9ho svetla pre motorov\u00e9 vozidl\u00e1\u201c v IET Intelligent Transport Systems (autor ako vy\u0161\u0161ie) http:\/\/ietdl.org\/t\/3GZs6<\/p>\n<p>Stretnutie s Dipl. Do funkcie sa zapojil Ing. J\u00f6rg Ahlgrimm, prezident Eur\u00f3pskej asoci\u00e1cie pre v\u00fdskum a anal\u00fdzu neh\u00f4d (EVU), predstavuje my\u0161lienku a podporn\u00e9 rady o tom, ako by sa mohla propagova\u0165 na eur\u00f3pskej \u00farovni<\/p>\n<p>Stretnutie s Dr. med. Wolfram Hell, LMU Mn\u00edchov a prezident Spolo\u010dnosti GMTTB pre medic\u00ednsku a technick\u00fa traumatick\u00fa mechaniku e. V., aby sme prediskutovali v\u00fdhody predn\u00e9ho brzdov\u00e9ho svetla v kontexte samotnej nehody<\/p>\n<\/div>\n<\/div><\/div><\/div><\/div><\/div><\/div><div id=\"pg-1358-4\"  class=\"panel-grid panel-has-style\" ><div class=\"year-bottom panel-row-style panel-row-style-for-1358-4\" ><div id=\"pgc-1358-4-0\"  class=\"panel-grid-cell\" ><div id=\"panel-1358-4-0-0\" class=\"so-panel widget widget_sow-editor panel-first-child panel-last-child\" data-index=\"8\" ><div class=\"year-img-before panel-widget-style panel-widget-style-for-1358-4-0-0\" ><div\n\t\t\t\n\t\t\tclass=\"so-widget-sow-editor so-widget-sow-editor-base\"\n\t\t\t\n\t\t>\n<div class=\"siteorigin-widget-tinymce textwidget\">\n\t<h1 class=\"year\">2017<\/h1>\n<\/div>\n<\/div><\/div><\/div><\/div><div id=\"pgc-1358-4-1\"  class=\"panel-grid-cell\" ><div id=\"panel-1358-4-1-0\" class=\"so-panel widget widget_sow-editor panel-first-child panel-last-child\" data-index=\"9\" ><div class=\"panel-widget-style panel-widget-style-for-1358-4-1-0\" ><div\n\t\t\t\n\t\t\tclass=\"so-widget-sow-editor so-widget-sow-editor-base\"\n\t\t\t\n\t\t>\n<div class=\"siteorigin-widget-tinymce textwidget\">\n\t<h3 style=\"padding-bottom: 15px;\">November<\/h3>\n<p>Tla\u010dov\u00e9 a informa\u010dn\u00e9 podujatie v TXL o v\u00fdsledkoch ter\u00e9nnej \u0161t\u00fadie pod z\u00e1\u0161titou Dr. Dietera-L. Koch, europoslanec<\/p>\n<h3 style=\"padding: 15px 0;\">M\u00e1j \u2013 september<\/h3>\n<p>Implement\u00e1cia \u201eTer\u00e9nneho testu na testovanie predn\u00e9ho brzdov\u00e9ho svetla na letisku Tegel\u201c<\/p>\n<h3 style=\"padding: 15px 0;\">J\u00fan<\/h3>\n<p>Prezent\u00e1cia v\u00fdsledkov laborat\u00f3rnej \u0161t\u00fadie v Bruseli (Dr. Dieter-L. Koch, poslanec EP a p\u00e1n Schmidt, Komisia E\u00da)<\/p>\n<h3 style=\"padding: 15px 0;\">M\u00e1j<\/h3>\n<p>Pr\u00e1vny n\u00e1zor na mo\u017enosti implement\u00e1cie predn\u00e9ho brzdov\u00e9ho svetla do z\u00e1kona o evidencii vozidiel (Krautscheid a kol.)<\/p>\n<h3 style=\"padding: 15px 0;\">Janu\u00e1r<\/h3>\n<p>Z\u00e1vere\u010dn\u00e1 spr\u00e1va o laborat\u00f3rnom experimente (Petzoldt a kol.)<\/p>\n<p>Zverejnenie v\u00fdsledkov laborat\u00f3rnej \u0161t\u00fadie (T. Petzoldt, K. Schleinitz, Banse v \u010dasopise ZVS pre bezpe\u010dnos\u0165 prem\u00e1vky \u010d\u00edslo 1\/2017)<\/p>\n<\/div>\n<\/div><\/div><\/div><\/div><\/div><\/div><div id=\"pg-1358-5\"  class=\"panel-grid panel-has-style\" ><div class=\"year-bottom panel-row-style panel-row-style-for-1358-5\" ><div id=\"pgc-1358-5-0\"  class=\"panel-grid-cell\" ><div id=\"panel-1358-5-0-0\" class=\"so-panel widget widget_sow-editor panel-first-child panel-last-child\" data-index=\"10\" ><div class=\"year-img-before panel-widget-style panel-widget-style-for-1358-5-0-0\" ><div\n\t\t\t\n\t\t\tclass=\"so-widget-sow-editor so-widget-sow-editor-base\"\n\t\t\t\n\t\t>\n<div class=\"siteorigin-widget-tinymce textwidget\">\n\t<h1 class=\"year\">2016<\/h1>\n<\/div>\n<\/div><\/div><\/div><\/div><div id=\"pgc-1358-5-1\"  class=\"panel-grid-cell\" ><div id=\"panel-1358-5-1-0\" class=\"so-panel widget widget_sow-editor panel-first-child panel-last-child\" data-index=\"11\" ><div class=\"panel-widget-style panel-widget-style-for-1358-5-1-0\" ><div\n\t\t\t\n\t\t\tclass=\"so-widget-sow-editor so-widget-sow-editor-base\"\n\t\t\t\n\t\t>\n<div class=\"siteorigin-widget-tinymce textwidget\">\n\t<h3 style=\"padding-bottom: 15px;\">December<\/h3>\n<p>Informa\u010dn\u00e9 podujatie na letisku Berl\u00edn-Tegel (TXL) na akviz\u00edciu letiska a rezidentsk\u00fdch spolo\u010dnost\u00ed k \u00fa\u010dasti na nasleduj\u00facom ter\u00e9nnom experimente<\/p>\n<h3 style=\"padding: 15px 0;\">M\u00e1j<\/h3>\n<p>Uskuto\u010dnenie laborat\u00f3rneho experimentu s video materi\u00e1lom na po\u010d\u00edta\u010di a prieskum cesty o potenci\u00e1lnom \u00fa\u010dinku predn\u00e9ho brzdov\u00e9ho svetla na bezpe\u010dnos\u0165 (Petzoldt a kol.)<\/p>\n<\/div>\n<\/div><\/div><\/div><\/div><\/div><\/div><div id=\"pg-1358-6\"  class=\"panel-grid panel-has-style\" ><div class=\"panel-row-style panel-row-style-for-1358-6\" ><div id=\"pgc-1358-6-0\"  class=\"panel-grid-cell\" ><div id=\"panel-1358-6-0-0\" class=\"so-panel widget widget_siteorigin-panels-builder panel-first-child panel-last-child\" data-index=\"12\" ><div class=\"border panel-widget-style panel-widget-style-for-1358-6-0-0\" ><div id=\"pl-w65607b2493876\"  class=\"panel-layout\" ><div id=\"pg-w65607b2493876-0\"  class=\"panel-grid panel-no-style\" ><div id=\"pgc-w65607b2493876-0-0\"  class=\"panel-grid-cell\" ><div id=\"panel-w65607b2493876-0-0-0\" class=\"so-panel widget widget_sow-editor panel-first-child panel-last-child\" data-index=\"0\" ><div\n\t\t\t\n\t\t\tclass=\"so-widget-sow-editor so-widget-sow-editor-base\"\n\t\t\t\n\t\t>\n<div class=\"siteorigin-widget-tinymce textwidget\">\n\t<h3 style=\"color: #000;\">Veda a v\u00fdskum<br \/>\npredn\u00e9ho brzdov\u00e9ho svetla<\/h3>\n<div><a class=\"fbl-button colorbtn\" href=\"#\">Zisti\u0165 viac<\/a><\/div>\n<\/div>\n<\/div><\/div><\/div><\/div><\/div><\/div><\/div><\/div><div id=\"pgc-1358-6-1\"  class=\"panel-grid-cell\" ><div id=\"panel-1358-6-1-0\" class=\"so-panel widget widget_siteorigin-panels-builder panel-first-child panel-last-child\" data-index=\"13\" ><div class=\"border panel-widget-style panel-widget-style-for-1358-6-1-0\" ><div id=\"pl-w65607b2493be4\"  class=\"panel-layout\" ><div id=\"pg-w65607b2493be4-0\"  class=\"panel-grid panel-no-style\" ><div id=\"pgc-w65607b2493be4-0-0\"  class=\"panel-grid-cell\" ><div id=\"panel-w65607b2493be4-0-0-0\" class=\"so-panel widget widget_sow-editor panel-first-child panel-last-child\" data-index=\"0\" ><div\n\t\t\t\n\t\t\tclass=\"so-widget-sow-editor so-widget-sow-editor-base\"\n\t\t\t\n\t\t>\n<div class=\"siteorigin-widget-tinymce textwidget\">\n\t<h3>M\u00e1te nejak\u00e9 ot\u00e1zky t\u00fdkaj\u00face sa predn\u00e9ho brzdov\u00e9ho svetla? <a style=\"color: #70e000;\" href=\".\/contact\">Kontaktujte n\u00e1s.<\/a><\/h3>\n<div><a class=\"fbl-button\" href=\"#\">Kontaktn\u00fd formul\u00e1r<\/a><\/div>\n<\/div>\n<\/div><\/div><\/div><\/div><\/div><\/div><\/div><\/div><\/div><\/div><\/div>","protected":false},"excerpt":{"rendered":"<p>2021 December Publikovanie odborn\u00e9ho posudku z poh\u013eadu anal\u00fdzy neh\u00f4d, ktor\u00fd podporuje my\u0161lienku predn\u00e9ho brzdov\u00e9ho svetla \u2013 najm\u00e4 pokia\u013e ide o nehody cyklistov s protiid\u00facimi a odbo\u010duj\u00facimi vozidlami v\u013eavo. 2020 November Parlamentn\u00e1 webov\u00e1 konferencia spolu so Svenom Schulzem, europoslancom a podpredsedom vo V\u00fdbore pre dopravu Eur\u00f3pskeho parlamentu (TRAN), ako patr\u00f3n. Boli prezentovan\u00e9 nov\u00e9 v\u00fdsledky a pozit\u00edvne <a href=\"https:\/\/www.frontbrakelights.com\/sk\/milniky\/\" class=\"more-link\">&#8230;<span class=\"screen-reader-text\">  M\u00ed\u013eniky<\/span><\/a><\/p>\n","protected":false},"author":4,"featured_media":1127,"parent":0,"menu_order":0,"comment_status":"closed","ping_status":"closed","template":"","meta":{"inline_featured_image":false,"footnotes":""},"class_list":["post-1358","page","type-page","status-publish","has-post-thumbnail","hentry"],"acf":[],"yoast_head":"<!-- This site is optimized with the Yoast SEO plugin v21.5 - https:\/\/yoast.com\/wordpress\/plugins\/seo\/ -->\n<title>M\u00ed\u013eniky - PREDN\u00c9 BRZDOV\u00c9 SVETLO - Ofici\u00e1lna str\u00e1nka<\/title>\n<meta name=\"robots\" content=\"index, follow, max-snippet:-1, max-image-preview:large, max-video-preview:-1\" \/>\n<link rel=\"canonical\" href=\"https:\/\/www.frontbrakelights.com\/sk\/milniky\/\" \/>\n<meta property=\"og:locale\" content=\"sk_SK\" \/>\n<meta property=\"og:type\" content=\"article\" \/>\n<meta property=\"og:title\" content=\"M\u00ed\u013eniky - PREDN\u00c9 BRZDOV\u00c9 SVETLO - Ofici\u00e1lna str\u00e1nka\" \/>\n<meta property=\"og:description\" content=\"2021 December Publikovanie odborn\u00e9ho posudku z poh\u013eadu anal\u00fdzy neh\u00f4d, ktor\u00fd podporuje my\u0161lienku predn\u00e9ho brzdov\u00e9ho svetla \u2013 najm\u00e4 pokia\u013e ide o nehody cyklistov s protiid\u00facimi a odbo\u010duj\u00facimi vozidlami v\u013eavo. 2020 November Parlamentn\u00e1 webov\u00e1 konferencia spolu so Svenom Schulzem, europoslancom a podpredsedom vo V\u00fdbore pre dopravu Eur\u00f3pskeho parlamentu (TRAN), ako patr\u00f3n. Boli prezentovan\u00e9 nov\u00e9 v\u00fdsledky a pozit\u00edvne ... M\u00ed\u013eniky\" \/>\n<meta property=\"og:url\" content=\"https:\/\/www.frontbrakelights.com\/sk\/milniky\/\" \/>\n<meta property=\"og:site_name\" content=\"PREDN\u00c9 BRZDOV\u00c9 SVETLO - Ofici\u00e1lna str\u00e1nka\" \/>\n<meta property=\"article:publisher\" content=\"https:\/\/www.facebook.com\/profile.php?id=61552622936436\" \/>\n<meta property=\"article:modified_time\" content=\"2023-11-24T10:30:36+00:00\" \/>\n<meta property=\"og:image\" content=\"https:\/\/www.frontbrakelights.com\/wp-content\/uploads\/2023\/10\/TITULKA_4.png\" \/>\n\t<meta property=\"og:image:width\" content=\"2500\" \/>\n\t<meta property=\"og:image:height\" content=\"1401\" \/>\n\t<meta property=\"og:image:type\" content=\"image\/png\" \/>\n<meta name=\"twitter:card\" content=\"summary_large_image\" \/>\n<meta name=\"twitter:label1\" content=\"Predpokladan\u00fd \u010das \u010d\u00edtania\" \/>\n\t<meta name=\"twitter:data1\" content=\"6 min\u00fat\" \/>\n<script type=\"application\/ld+json\" class=\"yoast-schema-graph\">{\"@context\":\"https:\/\/schema.org\",\"@graph\":[{\"@type\":\"WebPage\",\"@id\":\"https:\/\/www.frontbrakelights.com\/sk\/milniky\/\",\"url\":\"https:\/\/www.frontbrakelights.com\/sk\/milniky\/\",\"name\":\"M\u00ed\u013eniky - PREDN\u00c9 BRZDOV\u00c9 SVETLO - Ofici\u00e1lna str\u00e1nka\",\"isPartOf\":{\"@id\":\"https:\/\/www.frontbrakelights.com\/sk\/#website\"},\"datePublished\":\"2023-10-13T05:21:47+00:00\",\"dateModified\":\"2023-11-24T10:30:36+00:00\",\"breadcrumb\":{\"@id\":\"https:\/\/www.frontbrakelights.com\/sk\/milniky\/#breadcrumb\"},\"inLanguage\":\"sk-SK\",\"potentialAction\":[{\"@type\":\"ReadAction\",\"target\":[\"https:\/\/www.frontbrakelights.com\/sk\/milniky\/\"]}]},{\"@type\":\"BreadcrumbList\",\"@id\":\"https:\/\/www.frontbrakelights.com\/sk\/milniky\/#breadcrumb\",\"itemListElement\":[{\"@type\":\"ListItem\",\"position\":1,\"name\":\"Home\",\"item\":\"https:\/\/www.frontbrakelights.com\/sk\/\"},{\"@type\":\"ListItem\",\"position\":2,\"name\":\"M\u00ed\u013eniky\"}]},{\"@type\":\"WebSite\",\"@id\":\"https:\/\/www.frontbrakelights.com\/sk\/#website\",\"url\":\"https:\/\/www.frontbrakelights.com\/sk\/\",\"name\":\"Front brake light\",\"description\":\"FRONT BRAKE LIGHT - Official site\",\"potentialAction\":[{\"@type\":\"SearchAction\",\"target\":{\"@type\":\"EntryPoint\",\"urlTemplate\":\"https:\/\/www.frontbrakelights.com\/sk\/?s={search_term_string}\"},\"query-input\":\"required name=search_term_string\"}],\"inLanguage\":\"sk-SK\"}]}<\/script>\n<!-- \/ Yoast SEO plugin. -->","yoast_head_json":{"title":"M\u00ed\u013eniky - PREDN\u00c9 BRZDOV\u00c9 SVETLO - Ofici\u00e1lna str\u00e1nka","robots":{"index":"index","follow":"follow","max-snippet":"max-snippet:-1","max-image-preview":"max-image-preview:large","max-video-preview":"max-video-preview:-1"},"canonical":"https:\/\/www.frontbrakelights.com\/sk\/milniky\/","og_locale":"sk_SK","og_type":"article","og_title":"M\u00ed\u013eniky - PREDN\u00c9 BRZDOV\u00c9 SVETLO - Ofici\u00e1lna str\u00e1nka","og_description":"2021 December Publikovanie odborn\u00e9ho posudku z poh\u013eadu anal\u00fdzy neh\u00f4d, ktor\u00fd podporuje my\u0161lienku predn\u00e9ho brzdov\u00e9ho svetla \u2013 najm\u00e4 pokia\u013e ide o nehody cyklistov s protiid\u00facimi a odbo\u010duj\u00facimi vozidlami v\u013eavo. 2020 November Parlamentn\u00e1 webov\u00e1 konferencia spolu so Svenom Schulzem, europoslancom a podpredsedom vo V\u00fdbore pre dopravu Eur\u00f3pskeho parlamentu (TRAN), ako patr\u00f3n. Boli prezentovan\u00e9 nov\u00e9 v\u00fdsledky a pozit\u00edvne ... M\u00ed\u013eniky","og_url":"https:\/\/www.frontbrakelights.com\/sk\/milniky\/","og_site_name":"PREDN\u00c9 BRZDOV\u00c9 SVETLO - Ofici\u00e1lna str\u00e1nka","article_publisher":"https:\/\/www.facebook.com\/profile.php?id=61552622936436","article_modified_time":"2023-11-24T10:30:36+00:00","og_image":[{"width":2500,"height":1401,"url":"https:\/\/www.frontbrakelights.com\/wp-content\/uploads\/2023\/10\/TITULKA_4.png","type":"image\/png"}],"twitter_card":"summary_large_image","twitter_misc":{"Predpokladan\u00fd \u010das \u010d\u00edtania":"6 min\u00fat"},"schema":{"@context":"https:\/\/schema.org","@graph":[{"@type":"WebPage","@id":"https:\/\/www.frontbrakelights.com\/sk\/milniky\/","url":"https:\/\/www.frontbrakelights.com\/sk\/milniky\/","name":"M\u00ed\u013eniky - PREDN\u00c9 BRZDOV\u00c9 SVETLO - Ofici\u00e1lna str\u00e1nka","isPartOf":{"@id":"https:\/\/www.frontbrakelights.com\/sk\/#website"},"datePublished":"2023-10-13T05:21:47+00:00","dateModified":"2023-11-24T10:30:36+00:00","breadcrumb":{"@id":"https:\/\/www.frontbrakelights.com\/sk\/milniky\/#breadcrumb"},"inLanguage":"sk-SK","potentialAction":[{"@type":"ReadAction","target":["https:\/\/www.frontbrakelights.com\/sk\/milniky\/"]}]},{"@type":"BreadcrumbList","@id":"https:\/\/www.frontbrakelights.com\/sk\/milniky\/#breadcrumb","itemListElement":[{"@type":"ListItem","position":1,"name":"Home","item":"https:\/\/www.frontbrakelights.com\/sk\/"},{"@type":"ListItem","position":2,"name":"M\u00ed\u013eniky"}]},{"@type":"WebSite","@id":"https:\/\/www.frontbrakelights.com\/sk\/#website","url":"https:\/\/www.frontbrakelights.com\/sk\/","name":"Front brake light","description":"FRONT BRAKE LIGHT - Official site","potentialAction":[{"@type":"SearchAction","target":{"@type":"EntryPoint","urlTemplate":"https:\/\/www.frontbrakelights.com\/sk\/?s={search_term_string}"},"query-input":"required name=search_term_string"}],"inLanguage":"sk-SK"}]}},"_links":{"self":[{"href":"https:\/\/www.frontbrakelights.com\/sk\/wp-json\/wp\/v2\/pages\/1358","targetHints":{"allow":["GET"]}}],"collection":[{"href":"https:\/\/www.frontbrakelights.com\/sk\/wp-json\/wp\/v2\/pages"}],"about":[{"href":"https:\/\/www.frontbrakelights.com\/sk\/wp-json\/wp\/v2\/types\/page"}],"author":[{"embeddable":true,"href":"https:\/\/www.frontbrakelights.com\/sk\/wp-json\/wp\/v2\/users\/4"}],"replies":[{"embeddable":true,"href":"https:\/\/www.frontbrakelights.com\/sk\/wp-json\/wp\/v2\/comments?post=1358"}],"version-history":[{"count":4,"href":"https:\/\/www.frontbrakelights.com\/sk\/wp-json\/wp\/v2\/pages\/1358\/revisions"}],"predecessor-version":[{"id":1363,"href":"https:\/\/www.frontbrakelights.com\/sk\/wp-json\/wp\/v2\/pages\/1358\/revisions\/1363"}],"wp:featuredmedia":[{"embeddable":true,"href":"https:\/\/www.frontbrakelights.com\/sk\/wp-json\/wp\/v2\/media\/1127"}],"wp:attachment":[{"href":"https:\/\/www.frontbrakelights.com\/sk\/wp-json\/wp\/v2\/media?parent=1358"}],"curies":[{"name":"wp","href":"https:\/\/api.w.org\/{rel}","templated":true}]}}