{"id":1378,"date":"2023-10-12T13:31:00","date_gmt":"2023-10-12T11:31:00","guid":{"rendered":"https:\/\/www.frontbrakelights.com\/science-and-research\/"},"modified":"2023-11-27T14:12:03","modified_gmt":"2023-11-27T13:12:03","slug":"veda-a-vyskum","status":"publish","type":"page","link":"https:\/\/www.frontbrakelights.com\/sk\/veda-a-vyskum\/","title":{"rendered":"Veda a v\u00fdskum"},"content":{"rendered":"<div id=\"pl-1378\"  class=\"panel-layout\" ><div id=\"pg-1378-0\"  class=\"panel-grid panel-no-style\" ><div id=\"pgc-1378-0-0\"  class=\"panel-grid-cell\" ><div id=\"panel-1378-0-0-0\" class=\"so-panel widget widget_siteorigin-panels-builder panel-first-child\" data-index=\"0\" ><div class=\"border panel-widget-style panel-widget-style-for-1378-0-0-0\" ><div id=\"pl-w6564952b6337e\"  class=\"panel-layout\" ><div id=\"pg-w6564952b6337e-0\"  class=\"panel-grid panel-no-style\" ><div id=\"pgc-w6564952b6337e-0-0\"  class=\"panel-grid-cell\" ><div id=\"panel-w6564952b6337e-0-0-0\" class=\"so-panel widget widget_sow-editor panel-first-child panel-last-child\" data-index=\"0\" ><div\n\t\t\t\n\t\t\tclass=\"so-widget-sow-editor so-widget-sow-editor-base\"\n\t\t\t\n\t\t>\n<div class=\"siteorigin-widget-tinymce textwidget\">\n\t<h3>Rozsah pou\u017eitia a potenci\u00e1lne v\u00fdhody<\/h3>\n<\/div>\n<\/div><\/div><\/div><\/div><div id=\"pg-w6564952b6337e-1\"  class=\"panel-grid panel-no-style\" ><div id=\"pgc-w6564952b6337e-1-0\"  class=\"panel-grid-cell panel-grid-cell-mobile-last\" ><div id=\"panel-w6564952b6337e-1-0-0\" class=\"so-panel widget widget_sow-editor panel-first-child panel-last-child\" data-index=\"1\" ><div\n\t\t\t\n\t\t\tclass=\"so-widget-sow-editor so-widget-sow-editor-base\"\n\t\t\t\n\t\t>\n<div class=\"siteorigin-widget-tinymce textwidget\">\n\t<p><a class=\"fbl-button\" href=\".\/scope-of-use-and-potential-benefits\/\">\u010c\u00edtaj viac<\/a><\/p>\n<\/div>\n<\/div><\/div><\/div><div id=\"pgc-w6564952b6337e-1-1\"  class=\"panel-grid-cell panel-grid-cell-empty\" ><\/div><\/div><\/div><\/div><\/div><div id=\"panel-1378-0-0-1\" class=\"so-panel widget widget_siteorigin-panels-builder\" data-index=\"1\" ><div class=\"border panel-widget-style panel-widget-style-for-1378-0-0-1\" ><div id=\"pl-w656495a36f4a1\"  class=\"panel-layout\" ><div id=\"pg-w656495a36f4a1-0\"  class=\"panel-grid panel-no-style\" ><div id=\"pgc-w656495a36f4a1-0-0\"  class=\"panel-grid-cell\" ><div id=\"panel-w656495a36f4a1-0-0-0\" class=\"so-panel widget widget_sow-editor panel-first-child panel-last-child\" data-index=\"0\" ><div\n\t\t\t\n\t\t\tclass=\"so-widget-sow-editor so-widget-sow-editor-base\"\n\t\t\t\n\t\t>\n<div class=\"siteorigin-widget-tinymce textwidget\">\n\t<h3>Pr\u00e1vny r\u00e1mec\/\u010fal\u0161ie kroky implement\u00e1cie<\/h3>\n<\/div>\n<\/div><\/div><\/div><\/div><div id=\"pg-w656495a36f4a1-1\"  class=\"panel-grid panel-no-style\" ><div id=\"pgc-w656495a36f4a1-1-0\"  class=\"panel-grid-cell panel-grid-cell-mobile-last\" ><div id=\"panel-w656495a36f4a1-1-0-0\" class=\"so-panel widget widget_sow-editor panel-first-child panel-last-child\" data-index=\"1\" ><div\n\t\t\t\n\t\t\tclass=\"so-widget-sow-editor so-widget-sow-editor-base\"\n\t\t\t\n\t\t>\n<div class=\"siteorigin-widget-tinymce textwidget\">\n\t<p><a class=\"fbl-button\" href=\".\/legal-framework-next-steps-for-implementation\/\">\u010c\u00edtaj viac<\/a><\/p>\n<\/div>\n<\/div><\/div><\/div><div id=\"pgc-w656495a36f4a1-1-1\"  class=\"panel-grid-cell panel-grid-cell-empty\" ><\/div><\/div><\/div><\/div><\/div><div id=\"panel-1378-0-0-2\" class=\"so-panel widget widget_siteorigin-panels-builder panel-last-child\" data-index=\"2\" ><div class=\"border panel-widget-style panel-widget-style-for-1378-0-0-2\" ><div id=\"pl-w656495a36fed9\"  class=\"panel-layout\" ><div id=\"pg-w656495a36fed9-0\"  class=\"panel-grid panel-no-style\" ><div id=\"pgc-w656495a36fed9-0-0\"  class=\"panel-grid-cell\" ><div id=\"panel-w656495a36fed9-0-0-0\" class=\"so-panel widget widget_sow-editor panel-first-child panel-last-child\" data-index=\"0\" ><div\n\t\t\t\n\t\t\tclass=\"so-widget-sow-editor so-widget-sow-editor-base\"\n\t\t\t\n\t\t>\n<div class=\"siteorigin-widget-tinymce textwidget\">\n\t<h3>Predbe\u017en\u00e9 v\u00fdsledky<\/h3>\n<\/div>\n<\/div><\/div><\/div><\/div><div id=\"pg-w656495a36fed9-1\"  class=\"panel-grid panel-no-style\" ><div id=\"pgc-w656495a36fed9-1-0\"  class=\"panel-grid-cell panel-grid-cell-mobile-last\" ><div id=\"panel-w656495a36fed9-1-0-0\" class=\"so-panel widget widget_sow-editor panel-first-child panel-last-child\" data-index=\"1\" ><div\n\t\t\t\n\t\t\tclass=\"so-widget-sow-editor so-widget-sow-editor-base\"\n\t\t\t\n\t\t>\n<div class=\"siteorigin-widget-tinymce textwidget\">\n\t<p><a class=\"fbl-button\" href=\".\/preliminary-results\/\">\u010c\u00edtaj viac<\/a><\/p>\n<\/div>\n<\/div><\/div><\/div><div id=\"pgc-w656495a36fed9-1-1\"  class=\"panel-grid-cell panel-grid-cell-empty\" ><\/div><\/div><\/div><\/div><\/div><\/div><div id=\"pgc-1378-0-1\"  class=\"panel-grid-cell\" ><div id=\"panel-1378-0-1-0\" class=\"so-panel widget widget_siteorigin-panels-builder panel-first-child\" data-index=\"3\" ><div class=\"border panel-widget-style panel-widget-style-for-1378-0-1-0\" ><div id=\"pl-w6564952b635c9\"  class=\"panel-layout\" ><div id=\"pg-w6564952b635c9-0\"  class=\"panel-grid panel-no-style\" ><div id=\"pgc-w6564952b635c9-0-0\"  class=\"panel-grid-cell\" ><div id=\"panel-w6564952b635c9-0-0-0\" class=\"so-panel widget widget_sow-editor panel-first-child panel-last-child\" data-index=\"0\" ><div\n\t\t\t\n\t\t\tclass=\"so-widget-sow-editor so-widget-sow-editor-base\"\n\t\t\t\n\t\t>\n<div class=\"siteorigin-widget-tinymce textwidget\">\n\t<h3>\u010eal\u0161\u00ed v\u00fdskum \u2013 \u0161t\u00fadie a pokusy<\/h3>\n<\/div>\n<\/div><\/div><\/div><\/div><div id=\"pg-w6564952b635c9-1\"  class=\"panel-grid panel-no-style\" ><div id=\"pgc-w6564952b635c9-1-0\"  class=\"panel-grid-cell panel-grid-cell-mobile-last\" ><div id=\"panel-w6564952b635c9-1-0-0\" class=\"so-panel widget widget_sow-editor panel-first-child panel-last-child\" data-index=\"1\" ><div\n\t\t\t\n\t\t\tclass=\"so-widget-sow-editor so-widget-sow-editor-base\"\n\t\t\t\n\t\t>\n<div class=\"siteorigin-widget-tinymce textwidget\">\n\t<p><a class=\"fbl-button\" href=\".\/further-research-studies-and-trials\/\">\u010c\u00edtaj viac<\/a><\/p>\n<\/div>\n<\/div><\/div><\/div><div id=\"pgc-w6564952b635c9-1-1\"  class=\"panel-grid-cell panel-grid-cell-empty\" ><\/div><\/div><\/div><\/div><\/div><div id=\"panel-1378-0-1-1\" class=\"so-panel widget widget_siteorigin-panels-builder\" data-index=\"4\" ><div class=\"border panel-widget-style panel-widget-style-for-1378-0-1-1\" ><div id=\"pl-w656495a370269\"  class=\"panel-layout\" ><div id=\"pg-w656495a370269-0\"  class=\"panel-grid panel-no-style\" ><div id=\"pgc-w656495a370269-0-0\"  class=\"panel-grid-cell\" ><div id=\"panel-w656495a370269-0-0-0\" class=\"so-panel widget widget_sow-editor panel-first-child panel-last-child\" data-index=\"0\" ><div\n\t\t\t\n\t\t\tclass=\"so-widget-sow-editor so-widget-sow-editor-base\"\n\t\t\t\n\t\t>\n<div class=\"siteorigin-widget-tinymce textwidget\">\n\t<h3>Jednoduch\u00e1 implement\u00e1cia z technick\u00e9ho h\u013eadiska<\/h3>\n<\/div>\n<\/div><\/div><\/div><\/div><div id=\"pg-w656495a370269-1\"  class=\"panel-grid panel-no-style\" ><div id=\"pgc-w656495a370269-1-0\"  class=\"panel-grid-cell panel-grid-cell-mobile-last\" ><div id=\"panel-w656495a370269-1-0-0\" class=\"so-panel widget widget_sow-editor panel-first-child panel-last-child\" data-index=\"1\" ><div\n\t\t\t\n\t\t\tclass=\"so-widget-sow-editor so-widget-sow-editor-base\"\n\t\t\t\n\t\t>\n<div class=\"siteorigin-widget-tinymce textwidget\">\n\t<p><a class=\"fbl-button\" href=\".\/easy-to-implement-from-a-technical-point-of-view\/\">\u010c\u00edtaj viac<\/a><\/p>\n<\/div>\n<\/div><\/div><\/div><div id=\"pgc-w656495a370269-1-1\"  class=\"panel-grid-cell panel-grid-cell-empty\" ><\/div><\/div><\/div><\/div><\/div><div id=\"panel-1378-0-1-2\" class=\"so-panel widget widget_siteorigin-panels-builder panel-last-child\" data-index=\"5\" ><div class=\"border panel-widget-style panel-widget-style-for-1378-0-1-2\" ><div id=\"pl-w656495a3705ee\"  class=\"panel-layout\" ><div id=\"pg-w656495a3705ee-0\"  class=\"panel-grid panel-no-style\" ><div id=\"pgc-w656495a3705ee-0-0\"  class=\"panel-grid-cell\" ><div id=\"panel-w656495a3705ee-0-0-0\" class=\"so-panel widget widget_sow-editor panel-first-child panel-last-child\" data-index=\"0\" ><div\n\t\t\t\n\t\t\tclass=\"so-widget-sow-editor so-widget-sow-editor-base\"\n\t\t\t\n\t\t>\n<div class=\"siteorigin-widget-tinymce textwidget\">\n\t<h3>Z\u00e1ver<\/h3>\n<\/div>\n<\/div><\/div><\/div><\/div><div id=\"pg-w656495a3705ee-1\"  class=\"panel-grid panel-no-style\" ><div id=\"pgc-w656495a3705ee-1-0\"  class=\"panel-grid-cell panel-grid-cell-mobile-last\" ><div id=\"panel-w656495a3705ee-1-0-0\" class=\"so-panel widget widget_sow-editor panel-first-child panel-last-child\" data-index=\"1\" ><div\n\t\t\t\n\t\t\tclass=\"so-widget-sow-editor so-widget-sow-editor-base\"\n\t\t\t\n\t\t>\n<div class=\"siteorigin-widget-tinymce textwidget\">\n\t<p><a class=\"fbl-button\" href=\".\/conclusion\/\">\u010c\u00edtaj viac<\/a><\/p>\n<\/div>\n<\/div><\/div><\/div><div id=\"pgc-w656495a3705ee-1-1\"  class=\"panel-grid-cell panel-grid-cell-empty\" ><\/div><\/div><\/div><\/div><\/div><\/div><\/div><div id=\"pg-1378-1\"  class=\"panel-grid panel-no-style\" ><div id=\"pgc-1378-1-0\"  class=\"panel-grid-cell\" ><div id=\"panel-1378-1-0-0\" class=\"so-panel widget widget_sow-editor panel-first-child panel-last-child\" data-index=\"6\" ><div\n\t\t\t\n\t\t\tclass=\"so-widget-sow-editor so-widget-sow-editor-base\"\n\t\t\t\n\t\t>\n<div class=\"siteorigin-widget-tinymce textwidget\">\n\t<p><\/p>\n<hr \/>\n<\/div>\n<\/div><\/div><\/div><\/div><div id=\"pg-1378-2\"  class=\"panel-grid panel-has-style\" ><div class=\"panel-row-style panel-row-style-for-1378-2\" ><div id=\"pgc-1378-2-0\"  class=\"panel-grid-cell\" ><div id=\"panel-1378-2-0-0\" class=\"so-panel widget widget_siteorigin-panels-builder panel-first-child panel-last-child\" data-index=\"7\" ><div class=\"border panel-widget-style panel-widget-style-for-1378-2-0-0\" ><div id=\"pl-w656495a37094e\"  class=\"panel-layout\" ><div id=\"pg-w656495a37094e-0\"  class=\"panel-grid panel-no-style\" ><div id=\"pgc-w656495a37094e-0-0\"  class=\"panel-grid-cell\" ><div id=\"panel-w656495a37094e-0-0-0\" class=\"so-panel widget widget_sow-editor panel-first-child panel-last-child\" data-index=\"0\" ><div\n\t\t\t\n\t\t\tclass=\"so-widget-sow-editor so-widget-sow-editor-base\"\n\t\t\t\n\t\t>\n<div class=\"siteorigin-widget-tinymce textwidget\">\n\t<h3 style=\"color: #000;\">Mo\u017en\u00e9 aplik\u00e1cie<br \/>\npredn\u00e9ho brzdov\u00e9ho svetla v re\u00e1lnej prem\u00e1vke*<\/h3>\n<div><a class=\"fbl-button colorbtn\" href=\"https:\/\/www.frontbrakelights.com\/sk\/situacie\/\">Zisti\u0165 viac<\/a><\/div>\n<\/div>\n<\/div><\/div><\/div><\/div><\/div><\/div><\/div><\/div><div id=\"pgc-1378-2-1\"  class=\"panel-grid-cell\" ><div id=\"panel-1378-2-1-0\" class=\"so-panel widget widget_siteorigin-panels-builder panel-first-child panel-last-child\" data-index=\"8\" ><div class=\"border panel-widget-style panel-widget-style-for-1378-2-1-0\" ><div id=\"pl-w65608c76b1dcf\"  class=\"panel-layout\" ><div id=\"pg-w65608c76b1dcf-0\"  class=\"panel-grid panel-no-style\" ><div id=\"pgc-w65608c76b1dcf-0-0\"  class=\"panel-grid-cell\" ><div id=\"panel-w65608c76b1dcf-0-0-0\" class=\"so-panel widget widget_sow-editor panel-first-child panel-last-child\" data-index=\"0\" ><div\n\t\t\t\n\t\t\tclass=\"so-widget-sow-editor so-widget-sow-editor-base\"\n\t\t\t\n\t\t>\n<div class=\"siteorigin-widget-tinymce textwidget\">\n\t<h3>M\u00e1te nejak\u00e9 ot\u00e1zky t\u00fdkaj\u00face sa predn\u00e9ho brzdov\u00e9ho svetla? <a style=\"color: #70e000;\" href=\".\/contact\">Kontaktujte n\u00e1s.<\/a><\/h3>\n<div><a class=\"fbl-button\" href=\"https:\/\/www.frontbrakelights.com\/sk\/kontakt\/\">Kontaktn\u00fd formul\u00e1r<\/a><\/div>\n<\/div>\n<\/div><\/div><\/div><\/div><\/div><\/div><\/div><\/div><\/div><\/div><\/div>","protected":false},"excerpt":{"rendered":"<p>Rozsah pou\u017eitia a potenci\u00e1lne v\u00fdhody \u010c\u00edtaj viac Pr\u00e1vny r\u00e1mec\/\u010fal\u0161ie kroky implement\u00e1cie \u010c\u00edtaj viac Predbe\u017en\u00e9 v\u00fdsledky \u010c\u00edtaj viac \u010eal\u0161\u00ed v\u00fdskum \u2013 \u0161t\u00fadie a pokusy \u010c\u00edtaj viac Jednoduch\u00e1 implement\u00e1cia z technick\u00e9ho h\u013eadiska \u010c\u00edtaj viac Z\u00e1ver \u010c\u00edtaj viac Mo\u017en\u00e9 aplik\u00e1cie predn\u00e9ho brzdov\u00e9ho svetla v re\u00e1lnej prem\u00e1vke* Zisti\u0165 viac M\u00e1te nejak\u00e9 ot\u00e1zky t\u00fdkaj\u00face sa predn\u00e9ho brzdov\u00e9ho svetla? Kontaktujte n\u00e1s. <a href=\"https:\/\/www.frontbrakelights.com\/sk\/veda-a-vyskum\/\" class=\"more-link\">&#8230;<span class=\"screen-reader-text\">  Veda a v\u00fdskum<\/span><\/a><\/p>\n","protected":false},"author":4,"featured_media":1113,"parent":0,"menu_order":0,"comment_status":"closed","ping_status":"closed","template":"","meta":{"inline_featured_image":false,"footnotes":""},"class_list":["post-1378","page","type-page","status-publish","has-post-thumbnail","hentry"],"acf":[],"yoast_head":"<!-- This site is optimized with the Yoast SEO plugin v21.5 - https:\/\/yoast.com\/wordpress\/plugins\/seo\/ -->\n<title>Veda a v\u00fdskum - PREDN\u00c9 BRZDOV\u00c9 SVETLO - Ofici\u00e1lna str\u00e1nka<\/title>\n<meta name=\"robots\" content=\"index, follow, max-snippet:-1, max-image-preview:large, max-video-preview:-1\" \/>\n<link rel=\"canonical\" href=\"https:\/\/www.frontbrakelights.com\/sk\/veda-a-vyskum\/\" \/>\n<meta property=\"og:locale\" content=\"sk_SK\" \/>\n<meta property=\"og:type\" content=\"article\" \/>\n<meta property=\"og:title\" content=\"Veda a v\u00fdskum - PREDN\u00c9 BRZDOV\u00c9 SVETLO - Ofici\u00e1lna str\u00e1nka\" \/>\n<meta property=\"og:description\" content=\"Rozsah pou\u017eitia a potenci\u00e1lne v\u00fdhody \u010c\u00edtaj viac Pr\u00e1vny r\u00e1mec\/\u010fal\u0161ie kroky implement\u00e1cie \u010c\u00edtaj viac Predbe\u017en\u00e9 v\u00fdsledky \u010c\u00edtaj viac \u010eal\u0161\u00ed v\u00fdskum \u2013 \u0161t\u00fadie a pokusy \u010c\u00edtaj viac Jednoduch\u00e1 implement\u00e1cia z technick\u00e9ho h\u013eadiska \u010c\u00edtaj viac Z\u00e1ver \u010c\u00edtaj viac Mo\u017en\u00e9 aplik\u00e1cie predn\u00e9ho brzdov\u00e9ho svetla v re\u00e1lnej prem\u00e1vke* Zisti\u0165 viac M\u00e1te nejak\u00e9 ot\u00e1zky t\u00fdkaj\u00face sa predn\u00e9ho brzdov\u00e9ho svetla? Kontaktujte n\u00e1s. ... Veda a v\u00fdskum\" \/>\n<meta property=\"og:url\" content=\"https:\/\/www.frontbrakelights.com\/sk\/veda-a-vyskum\/\" \/>\n<meta property=\"og:site_name\" content=\"PREDN\u00c9 BRZDOV\u00c9 SVETLO - Ofici\u00e1lna str\u00e1nka\" \/>\n<meta property=\"article:publisher\" content=\"https:\/\/www.facebook.com\/profile.php?id=61552622936436\" \/>\n<meta property=\"article:modified_time\" content=\"2023-11-27T13:12:03+00:00\" \/>\n<meta property=\"og:image\" content=\"https:\/\/www.frontbrakelights.com\/wp-content\/uploads\/2023\/10\/MMPhoto_4K-159.png\" \/>\n\t<meta property=\"og:image:width\" content=\"2500\" \/>\n\t<meta property=\"og:image:height\" content=\"1401\" \/>\n\t<meta property=\"og:image:type\" content=\"image\/png\" \/>\n<meta name=\"twitter:card\" content=\"summary_large_image\" \/>\n<script type=\"application\/ld+json\" class=\"yoast-schema-graph\">{\"@context\":\"https:\/\/schema.org\",\"@graph\":[{\"@type\":\"WebPage\",\"@id\":\"https:\/\/www.frontbrakelights.com\/sk\/veda-a-vyskum\/\",\"url\":\"https:\/\/www.frontbrakelights.com\/sk\/veda-a-vyskum\/\",\"name\":\"Veda a v\u00fdskum - PREDN\u00c9 BRZDOV\u00c9 SVETLO - Ofici\u00e1lna str\u00e1nka\",\"isPartOf\":{\"@id\":\"https:\/\/www.frontbrakelights.com\/sk\/#website\"},\"datePublished\":\"2023-10-12T11:31:00+00:00\",\"dateModified\":\"2023-11-27T13:12:03+00:00\",\"breadcrumb\":{\"@id\":\"https:\/\/www.frontbrakelights.com\/sk\/veda-a-vyskum\/#breadcrumb\"},\"inLanguage\":\"sk-SK\",\"potentialAction\":[{\"@type\":\"ReadAction\",\"target\":[\"https:\/\/www.frontbrakelights.com\/sk\/veda-a-vyskum\/\"]}]},{\"@type\":\"BreadcrumbList\",\"@id\":\"https:\/\/www.frontbrakelights.com\/sk\/veda-a-vyskum\/#breadcrumb\",\"itemListElement\":[{\"@type\":\"ListItem\",\"position\":1,\"name\":\"Home\",\"item\":\"https:\/\/www.frontbrakelights.com\/sk\/\"},{\"@type\":\"ListItem\",\"position\":2,\"name\":\"Veda a v\u00fdskum\"}]},{\"@type\":\"WebSite\",\"@id\":\"https:\/\/www.frontbrakelights.com\/sk\/#website\",\"url\":\"https:\/\/www.frontbrakelights.com\/sk\/\",\"name\":\"Front brake light\",\"description\":\"FRONT BRAKE LIGHT - Official site\",\"potentialAction\":[{\"@type\":\"SearchAction\",\"target\":{\"@type\":\"EntryPoint\",\"urlTemplate\":\"https:\/\/www.frontbrakelights.com\/sk\/?s={search_term_string}\"},\"query-input\":\"required name=search_term_string\"}],\"inLanguage\":\"sk-SK\"}]}<\/script>\n<!-- \/ Yoast SEO plugin. -->","yoast_head_json":{"title":"Veda a v\u00fdskum - PREDN\u00c9 BRZDOV\u00c9 SVETLO - Ofici\u00e1lna str\u00e1nka","robots":{"index":"index","follow":"follow","max-snippet":"max-snippet:-1","max-image-preview":"max-image-preview:large","max-video-preview":"max-video-preview:-1"},"canonical":"https:\/\/www.frontbrakelights.com\/sk\/veda-a-vyskum\/","og_locale":"sk_SK","og_type":"article","og_title":"Veda a v\u00fdskum - PREDN\u00c9 BRZDOV\u00c9 SVETLO - Ofici\u00e1lna str\u00e1nka","og_description":"Rozsah pou\u017eitia a potenci\u00e1lne v\u00fdhody \u010c\u00edtaj viac Pr\u00e1vny r\u00e1mec\/\u010fal\u0161ie kroky implement\u00e1cie \u010c\u00edtaj viac Predbe\u017en\u00e9 v\u00fdsledky \u010c\u00edtaj viac \u010eal\u0161\u00ed v\u00fdskum \u2013 \u0161t\u00fadie a pokusy \u010c\u00edtaj viac Jednoduch\u00e1 implement\u00e1cia z technick\u00e9ho h\u013eadiska \u010c\u00edtaj viac Z\u00e1ver \u010c\u00edtaj viac Mo\u017en\u00e9 aplik\u00e1cie predn\u00e9ho brzdov\u00e9ho svetla v re\u00e1lnej prem\u00e1vke* Zisti\u0165 viac M\u00e1te nejak\u00e9 ot\u00e1zky t\u00fdkaj\u00face sa predn\u00e9ho brzdov\u00e9ho svetla? Kontaktujte n\u00e1s. ... Veda a v\u00fdskum","og_url":"https:\/\/www.frontbrakelights.com\/sk\/veda-a-vyskum\/","og_site_name":"PREDN\u00c9 BRZDOV\u00c9 SVETLO - Ofici\u00e1lna str\u00e1nka","article_publisher":"https:\/\/www.facebook.com\/profile.php?id=61552622936436","article_modified_time":"2023-11-27T13:12:03+00:00","og_image":[{"width":2500,"height":1401,"url":"https:\/\/www.frontbrakelights.com\/wp-content\/uploads\/2023\/10\/MMPhoto_4K-159.png","type":"image\/png"}],"twitter_card":"summary_large_image","schema":{"@context":"https:\/\/schema.org","@graph":[{"@type":"WebPage","@id":"https:\/\/www.frontbrakelights.com\/sk\/veda-a-vyskum\/","url":"https:\/\/www.frontbrakelights.com\/sk\/veda-a-vyskum\/","name":"Veda a v\u00fdskum - PREDN\u00c9 BRZDOV\u00c9 SVETLO - Ofici\u00e1lna str\u00e1nka","isPartOf":{"@id":"https:\/\/www.frontbrakelights.com\/sk\/#website"},"datePublished":"2023-10-12T11:31:00+00:00","dateModified":"2023-11-27T13:12:03+00:00","breadcrumb":{"@id":"https:\/\/www.frontbrakelights.com\/sk\/veda-a-vyskum\/#breadcrumb"},"inLanguage":"sk-SK","potentialAction":[{"@type":"ReadAction","target":["https:\/\/www.frontbrakelights.com\/sk\/veda-a-vyskum\/"]}]},{"@type":"BreadcrumbList","@id":"https:\/\/www.frontbrakelights.com\/sk\/veda-a-vyskum\/#breadcrumb","itemListElement":[{"@type":"ListItem","position":1,"name":"Home","item":"https:\/\/www.frontbrakelights.com\/sk\/"},{"@type":"ListItem","position":2,"name":"Veda a v\u00fdskum"}]},{"@type":"WebSite","@id":"https:\/\/www.frontbrakelights.com\/sk\/#website","url":"https:\/\/www.frontbrakelights.com\/sk\/","name":"Front brake light","description":"FRONT BRAKE LIGHT - Official site","potentialAction":[{"@type":"SearchAction","target":{"@type":"EntryPoint","urlTemplate":"https:\/\/www.frontbrakelights.com\/sk\/?s={search_term_string}"},"query-input":"required name=search_term_string"}],"inLanguage":"sk-SK"}]}},"_links":{"self":[{"href":"https:\/\/www.frontbrakelights.com\/sk\/wp-json\/wp\/v2\/pages\/1378","targetHints":{"allow":["GET"]}}],"collection":[{"href":"https:\/\/www.frontbrakelights.com\/sk\/wp-json\/wp\/v2\/pages"}],"about":[{"href":"https:\/\/www.frontbrakelights.com\/sk\/wp-json\/wp\/v2\/types\/page"}],"author":[{"embeddable":true,"href":"https:\/\/www.frontbrakelights.com\/sk\/wp-json\/wp\/v2\/users\/4"}],"replies":[{"embeddable":true,"href":"https:\/\/www.frontbrakelights.com\/sk\/wp-json\/wp\/v2\/comments?post=1378"}],"version-history":[{"count":12,"href":"https:\/\/www.frontbrakelights.com\/sk\/wp-json\/wp\/v2\/pages\/1378\/revisions"}],"predecessor-version":[{"id":1554,"href":"https:\/\/www.frontbrakelights.com\/sk\/wp-json\/wp\/v2\/pages\/1378\/revisions\/1554"}],"wp:featuredmedia":[{"embeddable":true,"href":"https:\/\/www.frontbrakelights.com\/sk\/wp-json\/wp\/v2\/media\/1113"}],"wp:attachment":[{"href":"https:\/\/www.frontbrakelights.com\/sk\/wp-json\/wp\/v2\/media?parent=1378"}],"curies":[{"name":"wp","href":"https:\/\/api.w.org\/{rel}","templated":true}]}}