{"id":1382,"date":"2023-11-15T08:28:44","date_gmt":"2023-11-15T07:28:44","guid":{"rendered":"https:\/\/www.frontbrakelights.com\/veda-a-vyskum\/conclusion\/"},"modified":"2023-11-28T09:41:58","modified_gmt":"2023-11-28T08:41:58","slug":"zaver","status":"publish","type":"page","link":"https:\/\/www.frontbrakelights.com\/sk\/veda-a-vyskum\/zaver\/","title":{"rendered":"Z\u00e1ver"},"content":{"rendered":"<div id=\"pl-1382\"  class=\"panel-layout\" ><div id=\"pg-1382-0\"  class=\"panel-grid panel-no-style\" ><div id=\"pgc-1382-0-0\"  class=\"panel-grid-cell\" ><div id=\"panel-1382-0-0-0\" class=\"so-panel widget widget_sow-editor panel-first-child panel-last-child\" data-index=\"0\" ><div\n\t\t\t\n\t\t\tclass=\"so-widget-sow-editor so-widget-sow-editor-base\"\n\t\t\t\n\t\t>\n<div class=\"siteorigin-widget-tinymce textwidget\">\n\t<p>Predn\u00e9 brzdov\u00e9 svetlo by malo by\u0165 uznan\u00e9 ako doplnkov\u00e9, n\u00e1kladovo <span class=\"green\">efekt\u00edvne a jednoducho uskuto\u010dnite\u013en\u00e9 opatrenie na zn\u00ed\u017eenie po\u010dtu \u00famrt\u00ed a v\u00e1\u017enych zranen\u00ed<\/span> v cestnej prem\u00e1vke zn\u00ed\u017een\u00edm po\u010dtu kol\u00edzi\u00ed, n\u00e1sledkov neh\u00f4d a stresu \u2013 v neposlednom rade, skuto\u010dn\u00e9ho zn\u00ed\u017eenia rizika pre chodcov.<\/p>\n<p>Vzh\u013eadom  na to, \u017ee predn\u00e9 brzdov\u00e9 svetlo by sp\u013a\u0148alo dokonca aj pr\u00edsne po\u017eiadavky stanoven\u00e9 Eur\u00f3pskym parlamentom na to, aby sa asisten\u010dn\u00e9 syst\u00e9my vodi\u010da stali povinn\u00e9, mus\u00ed by\u0165 pr\u00e1ve preto mo\u017en\u00e9 zavies\u0165 tak\u00fdto syst\u00e9m ako \u201emiernej\u0161\u00ed prostriedok\u201c na dobrovo\u013enom z\u00e1klade. <\/p>\n<p><a class=\"fbl-button\" href=\"https:\/\/www.frontbrakelights.com\/sk\/o-prednych-brzdovych-svetlach\/\">\u010c\u00edtaj viac<\/a><\/p>\n<\/div>\n<\/div><\/div><\/div><div id=\"pgc-1382-0-1\"  class=\"panel-grid-cell\" ><div id=\"panel-1382-0-1-0\" class=\"so-panel widget widget_sow-image panel-first-child panel-last-child\" data-index=\"1\" ><div\n\t\t\t\n\t\t\tclass=\"so-widget-sow-image so-widget-sow-image-default-8b5b6f678277-1382\"\n\t\t\t\n\t\t>\n\n<div class=\"sow-image-container\">\n\t\t<img decoding=\"async\" src=\"https:\/\/www.frontbrakelights.com\/wp-content\/uploads\/2023\/11\/REE_0503-e1700033627712.jpg\" width=\"1365\" height=\"1419\" srcset=\"https:\/\/www.frontbrakelights.com\/wp-content\/uploads\/2023\/11\/REE_0503-e1700033627712.jpg 1365w, https:\/\/www.frontbrakelights.com\/wp-content\/uploads\/2023\/11\/REE_0503-e1700033627712-289x300.jpg 289w, https:\/\/www.frontbrakelights.com\/wp-content\/uploads\/2023\/11\/REE_0503-e1700033627712-985x1024.jpg 985w, https:\/\/www.frontbrakelights.com\/wp-content\/uploads\/2023\/11\/REE_0503-e1700033627712-768x798.jpg 768w\" sizes=\"auto, (max-width: 1365px) 100vw, 1365px\" title=\"REE_0503\" alt=\"\" loading=\"lazy\" \t\tclass=\"so-widget-image\"\/>\n\t<\/div>\n\n<\/div><\/div><\/div><\/div><div id=\"pg-1382-1\"  class=\"panel-grid panel-no-style\" ><div id=\"pgc-1382-1-0\"  class=\"panel-grid-cell\" ><div id=\"panel-1382-1-0-0\" class=\"so-panel widget widget_sow-editor panel-first-child panel-last-child\" data-index=\"2\" ><div\n\t\t\t\n\t\t\tclass=\"so-widget-sow-editor so-widget-sow-editor-base\"\n\t\t\t\n\t\t>\n<div class=\"siteorigin-widget-tinymce textwidget\">\n\t<hr>\n<\/div>\n<\/div><\/div><\/div><\/div><div id=\"pg-1382-2\"  class=\"panel-grid panel-no-style\" ><div id=\"pgc-1382-2-0\"  class=\"panel-grid-cell\" ><div id=\"panel-1382-2-0-0\" class=\"so-panel widget widget_sow-editor panel-first-child panel-last-child\" data-index=\"3\" ><div\n\t\t\t\n\t\t\tclass=\"so-widget-sow-editor so-widget-sow-editor-base\"\n\t\t\t\n\t\t>\n<div class=\"siteorigin-widget-tinymce textwidget\">\n\t<h2>\u010eal\u0161\u00ed v\u00fdskum<\/h2>\n<\/div>\n<\/div><\/div><\/div><div id=\"pgc-1382-2-1\"  class=\"panel-grid-cell\" ><div id=\"panel-1382-2-1-0\" class=\"so-panel widget widget_siteorigin-panels-builder panel-first-child panel-last-child\" data-index=\"4\" ><div class=\"border panel-widget-style panel-widget-style-for-1382-2-1-0\" ><div id=\"pl-w6565a7d6b2848\"  class=\"panel-layout\" ><div id=\"pg-w6565a7d6b2848-0\"  class=\"panel-grid panel-no-style\" ><div id=\"pgc-w6565a7d6b2848-0-0\"  class=\"panel-grid-cell\" ><div id=\"panel-w6565a7d6b2848-0-0-0\" class=\"so-panel widget widget_sow-editor panel-first-child panel-last-child\" data-index=\"0\" ><div\n\t\t\t\n\t\t\tclass=\"so-widget-sow-editor so-widget-sow-editor-base\"\n\t\t\t\n\t\t>\n<div class=\"siteorigin-widget-tinymce textwidget\">\n\t<h3>Rozsah pou\u017eitia a potenci\u00e1lne v\u00fdhody<\/h3>\n<\/div>\n<\/div><\/div><\/div><\/div><div id=\"pg-w6565a7d6b2848-1\"  class=\"panel-grid panel-no-style\" ><div id=\"pgc-w6565a7d6b2848-1-0\"  class=\"panel-grid-cell panel-grid-cell-mobile-last\" ><div id=\"panel-w6565a7d6b2848-1-0-0\" class=\"so-panel widget widget_sow-editor panel-first-child panel-last-child\" data-index=\"1\" ><div\n\t\t\t\n\t\t\tclass=\"so-widget-sow-editor so-widget-sow-editor-base\"\n\t\t\t\n\t\t>\n<div class=\"siteorigin-widget-tinymce textwidget\">\n\t<p><a class=\"fbl-button\" href=\"https:\/\/www.frontbrakelights.com\/sk\/veda-a-vyskum\/rozsah-pouzitia-a-potencionalne-prinosy\/\">\u010c\u00edtaj viac<\/a><\/p>\n<\/div>\n<\/div><\/div><\/div><div id=\"pgc-w6565a7d6b2848-1-1\"  class=\"panel-grid-cell panel-grid-cell-empty\" ><\/div><\/div><\/div><\/div><\/div><\/div><\/div><\/div>","protected":false},"excerpt":{"rendered":"<p>Predn\u00e9 brzdov\u00e9 svetlo by malo by\u0165 uznan\u00e9 ako doplnkov\u00e9, n\u00e1kladovo efekt\u00edvne a jednoducho uskuto\u010dnite\u013en\u00e9 opatrenie na zn\u00ed\u017eenie po\u010dtu \u00famrt\u00ed a v\u00e1\u017enych zranen\u00ed v cestnej prem\u00e1vke zn\u00ed\u017een\u00edm po\u010dtu kol\u00edzi\u00ed, n\u00e1sledkov neh\u00f4d a stresu \u2013 v neposlednom rade, skuto\u010dn\u00e9ho zn\u00ed\u017eenia rizika pre chodcov. Vzh\u013eadom na to, \u017ee predn\u00e9 brzdov\u00e9 svetlo by sp\u013a\u0148alo dokonca aj pr\u00edsne po\u017eiadavky stanoven\u00e9 <a href=\"https:\/\/www.frontbrakelights.com\/sk\/veda-a-vyskum\/zaver\/\" class=\"more-link\">&#8230;<span class=\"screen-reader-text\">  Z\u00e1ver<\/span><\/a><\/p>\n","protected":false},"author":4,"featured_media":1205,"parent":1378,"menu_order":0,"comment_status":"closed","ping_status":"closed","template":"","meta":{"inline_featured_image":false,"footnotes":""},"class_list":["post-1382","page","type-page","status-publish","has-post-thumbnail","hentry"],"acf":[],"yoast_head":"<!-- This site is optimized with the Yoast SEO plugin v21.5 - https:\/\/yoast.com\/wordpress\/plugins\/seo\/ -->\n<title>Z\u00e1ver - PREDN\u00c9 BRZDOV\u00c9 SVETLO - Ofici\u00e1lna str\u00e1nka<\/title>\n<meta name=\"robots\" content=\"index, follow, max-snippet:-1, max-image-preview:large, max-video-preview:-1\" \/>\n<link rel=\"canonical\" href=\"https:\/\/www.frontbrakelights.com\/sk\/veda-a-vyskum\/zaver\/\" \/>\n<meta property=\"og:locale\" content=\"sk_SK\" \/>\n<meta property=\"og:type\" content=\"article\" \/>\n<meta property=\"og:title\" content=\"Z\u00e1ver - PREDN\u00c9 BRZDOV\u00c9 SVETLO - Ofici\u00e1lna str\u00e1nka\" \/>\n<meta property=\"og:description\" content=\"Predn\u00e9 brzdov\u00e9 svetlo by malo by\u0165 uznan\u00e9 ako doplnkov\u00e9, n\u00e1kladovo efekt\u00edvne a jednoducho uskuto\u010dnite\u013en\u00e9 opatrenie na zn\u00ed\u017eenie po\u010dtu \u00famrt\u00ed a v\u00e1\u017enych zranen\u00ed v cestnej prem\u00e1vke zn\u00ed\u017een\u00edm po\u010dtu kol\u00edzi\u00ed, n\u00e1sledkov neh\u00f4d a stresu \u2013 v neposlednom rade, skuto\u010dn\u00e9ho zn\u00ed\u017eenia rizika pre chodcov. Vzh\u013eadom na to, \u017ee predn\u00e9 brzdov\u00e9 svetlo by sp\u013a\u0148alo dokonca aj pr\u00edsne po\u017eiadavky stanoven\u00e9 ... Z\u00e1ver\" \/>\n<meta property=\"og:url\" content=\"https:\/\/www.frontbrakelights.com\/sk\/veda-a-vyskum\/zaver\/\" \/>\n<meta property=\"og:site_name\" content=\"PREDN\u00c9 BRZDOV\u00c9 SVETLO - Ofici\u00e1lna str\u00e1nka\" \/>\n<meta property=\"article:publisher\" content=\"https:\/\/www.facebook.com\/profile.php?id=61552622936436\" \/>\n<meta property=\"article:modified_time\" content=\"2023-11-28T08:41:58+00:00\" \/>\n<meta property=\"og:image\" content=\"https:\/\/www.frontbrakelights.com\/wp-content\/uploads\/2023\/11\/DSC8557.png\" \/>\n\t<meta property=\"og:image:width\" content=\"2500\" \/>\n\t<meta property=\"og:image:height\" content=\"1401\" \/>\n\t<meta property=\"og:image:type\" content=\"image\/png\" \/>\n<meta name=\"twitter:card\" content=\"summary_large_image\" \/>\n<meta name=\"twitter:label1\" content=\"Predpokladan\u00fd \u010das \u010d\u00edtania\" \/>\n\t<meta name=\"twitter:data1\" content=\"1 min\u00fata\" \/>\n<script type=\"application\/ld+json\" class=\"yoast-schema-graph\">{\"@context\":\"https:\/\/schema.org\",\"@graph\":[{\"@type\":\"WebPage\",\"@id\":\"https:\/\/www.frontbrakelights.com\/sk\/veda-a-vyskum\/zaver\/\",\"url\":\"https:\/\/www.frontbrakelights.com\/sk\/veda-a-vyskum\/zaver\/\",\"name\":\"Z\u00e1ver - PREDN\u00c9 BRZDOV\u00c9 SVETLO - Ofici\u00e1lna str\u00e1nka\",\"isPartOf\":{\"@id\":\"https:\/\/www.frontbrakelights.com\/sk\/#website\"},\"datePublished\":\"2023-11-15T07:28:44+00:00\",\"dateModified\":\"2023-11-28T08:41:58+00:00\",\"breadcrumb\":{\"@id\":\"https:\/\/www.frontbrakelights.com\/sk\/veda-a-vyskum\/zaver\/#breadcrumb\"},\"inLanguage\":\"sk-SK\",\"potentialAction\":[{\"@type\":\"ReadAction\",\"target\":[\"https:\/\/www.frontbrakelights.com\/sk\/veda-a-vyskum\/zaver\/\"]}]},{\"@type\":\"BreadcrumbList\",\"@id\":\"https:\/\/www.frontbrakelights.com\/sk\/veda-a-vyskum\/zaver\/#breadcrumb\",\"itemListElement\":[{\"@type\":\"ListItem\",\"position\":1,\"name\":\"Home\",\"item\":\"https:\/\/www.frontbrakelights.com\/sk\/\"},{\"@type\":\"ListItem\",\"position\":2,\"name\":\"Veda a v\u00fdskum\",\"item\":\"https:\/\/www.frontbrakelights.com\/sk\/veda-a-vyskum\/\"},{\"@type\":\"ListItem\",\"position\":3,\"name\":\"Z\u00e1ver\"}]},{\"@type\":\"WebSite\",\"@id\":\"https:\/\/www.frontbrakelights.com\/sk\/#website\",\"url\":\"https:\/\/www.frontbrakelights.com\/sk\/\",\"name\":\"Front brake light\",\"description\":\"FRONT BRAKE LIGHT - Official site\",\"potentialAction\":[{\"@type\":\"SearchAction\",\"target\":{\"@type\":\"EntryPoint\",\"urlTemplate\":\"https:\/\/www.frontbrakelights.com\/sk\/?s={search_term_string}\"},\"query-input\":\"required name=search_term_string\"}],\"inLanguage\":\"sk-SK\"}]}<\/script>\n<!-- \/ Yoast SEO plugin. -->","yoast_head_json":{"title":"Z\u00e1ver - PREDN\u00c9 BRZDOV\u00c9 SVETLO - Ofici\u00e1lna str\u00e1nka","robots":{"index":"index","follow":"follow","max-snippet":"max-snippet:-1","max-image-preview":"max-image-preview:large","max-video-preview":"max-video-preview:-1"},"canonical":"https:\/\/www.frontbrakelights.com\/sk\/veda-a-vyskum\/zaver\/","og_locale":"sk_SK","og_type":"article","og_title":"Z\u00e1ver - PREDN\u00c9 BRZDOV\u00c9 SVETLO - Ofici\u00e1lna str\u00e1nka","og_description":"Predn\u00e9 brzdov\u00e9 svetlo by malo by\u0165 uznan\u00e9 ako doplnkov\u00e9, n\u00e1kladovo efekt\u00edvne a jednoducho uskuto\u010dnite\u013en\u00e9 opatrenie na zn\u00ed\u017eenie po\u010dtu \u00famrt\u00ed a v\u00e1\u017enych zranen\u00ed v cestnej prem\u00e1vke zn\u00ed\u017een\u00edm po\u010dtu kol\u00edzi\u00ed, n\u00e1sledkov neh\u00f4d a stresu \u2013 v neposlednom rade, skuto\u010dn\u00e9ho zn\u00ed\u017eenia rizika pre chodcov. Vzh\u013eadom na to, \u017ee predn\u00e9 brzdov\u00e9 svetlo by sp\u013a\u0148alo dokonca aj pr\u00edsne po\u017eiadavky stanoven\u00e9 ... Z\u00e1ver","og_url":"https:\/\/www.frontbrakelights.com\/sk\/veda-a-vyskum\/zaver\/","og_site_name":"PREDN\u00c9 BRZDOV\u00c9 SVETLO - Ofici\u00e1lna str\u00e1nka","article_publisher":"https:\/\/www.facebook.com\/profile.php?id=61552622936436","article_modified_time":"2023-11-28T08:41:58+00:00","og_image":[{"width":2500,"height":1401,"url":"https:\/\/www.frontbrakelights.com\/wp-content\/uploads\/2023\/11\/DSC8557.png","type":"image\/png"}],"twitter_card":"summary_large_image","twitter_misc":{"Predpokladan\u00fd \u010das \u010d\u00edtania":"1 min\u00fata"},"schema":{"@context":"https:\/\/schema.org","@graph":[{"@type":"WebPage","@id":"https:\/\/www.frontbrakelights.com\/sk\/veda-a-vyskum\/zaver\/","url":"https:\/\/www.frontbrakelights.com\/sk\/veda-a-vyskum\/zaver\/","name":"Z\u00e1ver - PREDN\u00c9 BRZDOV\u00c9 SVETLO - Ofici\u00e1lna str\u00e1nka","isPartOf":{"@id":"https:\/\/www.frontbrakelights.com\/sk\/#website"},"datePublished":"2023-11-15T07:28:44+00:00","dateModified":"2023-11-28T08:41:58+00:00","breadcrumb":{"@id":"https:\/\/www.frontbrakelights.com\/sk\/veda-a-vyskum\/zaver\/#breadcrumb"},"inLanguage":"sk-SK","potentialAction":[{"@type":"ReadAction","target":["https:\/\/www.frontbrakelights.com\/sk\/veda-a-vyskum\/zaver\/"]}]},{"@type":"BreadcrumbList","@id":"https:\/\/www.frontbrakelights.com\/sk\/veda-a-vyskum\/zaver\/#breadcrumb","itemListElement":[{"@type":"ListItem","position":1,"name":"Home","item":"https:\/\/www.frontbrakelights.com\/sk\/"},{"@type":"ListItem","position":2,"name":"Veda a v\u00fdskum","item":"https:\/\/www.frontbrakelights.com\/sk\/veda-a-vyskum\/"},{"@type":"ListItem","position":3,"name":"Z\u00e1ver"}]},{"@type":"WebSite","@id":"https:\/\/www.frontbrakelights.com\/sk\/#website","url":"https:\/\/www.frontbrakelights.com\/sk\/","name":"Front brake light","description":"FRONT BRAKE LIGHT - Official site","potentialAction":[{"@type":"SearchAction","target":{"@type":"EntryPoint","urlTemplate":"https:\/\/www.frontbrakelights.com\/sk\/?s={search_term_string}"},"query-input":"required name=search_term_string"}],"inLanguage":"sk-SK"}]}},"_links":{"self":[{"href":"https:\/\/www.frontbrakelights.com\/sk\/wp-json\/wp\/v2\/pages\/1382","targetHints":{"allow":["GET"]}}],"collection":[{"href":"https:\/\/www.frontbrakelights.com\/sk\/wp-json\/wp\/v2\/pages"}],"about":[{"href":"https:\/\/www.frontbrakelights.com\/sk\/wp-json\/wp\/v2\/types\/page"}],"author":[{"embeddable":true,"href":"https:\/\/www.frontbrakelights.com\/sk\/wp-json\/wp\/v2\/users\/4"}],"replies":[{"embeddable":true,"href":"https:\/\/www.frontbrakelights.com\/sk\/wp-json\/wp\/v2\/comments?post=1382"}],"version-history":[{"count":5,"href":"https:\/\/www.frontbrakelights.com\/sk\/wp-json\/wp\/v2\/pages\/1382\/revisions"}],"predecessor-version":[{"id":1621,"href":"https:\/\/www.frontbrakelights.com\/sk\/wp-json\/wp\/v2\/pages\/1382\/revisions\/1621"}],"up":[{"embeddable":true,"href":"https:\/\/www.frontbrakelights.com\/sk\/wp-json\/wp\/v2\/pages\/1378"}],"wp:featuredmedia":[{"embeddable":true,"href":"https:\/\/www.frontbrakelights.com\/sk\/wp-json\/wp\/v2\/media\/1205"}],"wp:attachment":[{"href":"https:\/\/www.frontbrakelights.com\/sk\/wp-json\/wp\/v2\/media?parent=1382"}],"curies":[{"name":"wp","href":"https:\/\/api.w.org\/{rel}","templated":true}]}}