{"id":1387,"date":"2023-11-14T13:49:58","date_gmt":"2023-11-14T12:49:58","guid":{"rendered":"https:\/\/www.frontbrakelights.com\/veda-a-vyskum\/further-research-studies-and-trials\/"},"modified":"2023-11-28T12:06:06","modified_gmt":"2023-11-28T11:06:06","slug":"dalsi-vyskum-studie-a-skusky","status":"publish","type":"page","link":"https:\/\/www.frontbrakelights.com\/sk\/veda-a-vyskum\/dalsi-vyskum-studie-a-skusky\/","title":{"rendered":"\u010eal\u0161\u00ed v\u00fdskum \u2013 \u0161t\u00fadie a sk\u00fa\u0161ky"},"content":{"rendered":"<div id=\"pl-1387\"  class=\"panel-layout\" ><div id=\"pg-1387-0\"  class=\"panel-grid panel-no-style\" ><div id=\"pgc-1387-0-0\"  class=\"panel-grid-cell\" ><div id=\"panel-1387-0-0-0\" class=\"so-panel widget widget_sow-image panel-first-child panel-last-child\" data-index=\"0\" ><div\n\t\t\t\n\t\t\tclass=\"so-widget-sow-image so-widget-sow-image-default-8b5b6f678277-1387\"\n\t\t\t\n\t\t>\n\n<div class=\"sow-image-container\">\n\t\t<img decoding=\"async\" src=\"https:\/\/www.frontbrakelights.com\/wp-content\/uploads\/2023\/11\/TITULKA.jpg\" width=\"2500\" height=\"1406\" srcset=\"https:\/\/www.frontbrakelights.com\/wp-content\/uploads\/2023\/11\/TITULKA.jpg 2500w, https:\/\/www.frontbrakelights.com\/wp-content\/uploads\/2023\/11\/TITULKA-300x169.jpg 300w, https:\/\/www.frontbrakelights.com\/wp-content\/uploads\/2023\/11\/TITULKA-1024x576.jpg 1024w\" sizes=\"auto, (max-width: 2500px) 100vw, 2500px\" alt=\"\" loading=\"lazy\" \t\tclass=\"so-widget-image\"\/>\n\t<\/div>\n\n<\/div><\/div><\/div><div id=\"pgc-1387-0-1\"  class=\"panel-grid-cell\" ><div id=\"panel-1387-0-1-0\" class=\"so-panel widget widget_sow-editor panel-first-child panel-last-child\" data-index=\"1\" ><div\n\t\t\t\n\t\t\tclass=\"so-widget-sow-editor so-widget-sow-editor-base\"\n\t\t\t\n\t\t>\n<div class=\"siteorigin-widget-tinymce textwidget\">\n\t<h4>Potreba empirick\u00e9ho testovania t\u00fdchto predpokladov a pokra\u010dovanie vo vedeckom pr\u00edstupe pri prednom brzdovom svetle vy\u00fastila k uskuto\u010dneniu \u010fal\u0161ej \u0161t\u00fadie a testu v re\u00e1lnej prem\u00e1vke, ktor\u00e9 dosiahli ve\u013emi pozit\u00edvne v\u00fdsledky, s oh\u013eadom na prevenciu a zv\u00fd\u0161enie bezpe\u010dnosti cestnej prem\u00e1vky. <\/h4>\n<p><a class=\"fbl-button\" href=\"https:\/\/www.frontbrakelights.com\/sk\/situacie\/\">\u010citaj viac<\/a><\/p>\n<\/div>\n<\/div><\/div><\/div><\/div><div id=\"pg-1387-1\"  class=\"panel-grid panel-has-style\" ><div class=\"panel-row-style panel-row-style-for-1387-1\" ><div id=\"pgc-1387-1-0\"  class=\"panel-grid-cell\" ><div id=\"panel-1387-1-0-0\" class=\"so-panel widget widget_sow-editor panel-first-child panel-last-child\" data-index=\"2\" ><div\n\t\t\t\n\t\t\tclass=\"so-widget-sow-editor so-widget-sow-editor-base\"\n\t\t\t\n\t\t>\n<div class=\"siteorigin-widget-tinymce textwidget\">\n\t<h2><span class=\"green\">Prevencia neh\u00f4d pri odbo\u010dovan\u00ed v\u013eavo<\/span> s protiid\u00facim motocyklom (\u0161t\u00fadia anal\u00fdzy neh\u00f4d)<\/h2>\n<\/div>\n<\/div><\/div><\/div><div id=\"pgc-1387-1-1\"  class=\"panel-grid-cell\" ><div id=\"panel-1387-1-1-0\" class=\"so-panel widget widget_sow-editor panel-first-child panel-last-child\" data-index=\"3\" ><div\n\t\t\t\n\t\t\tclass=\"so-widget-sow-editor so-widget-sow-editor-base\"\n\t\t\t\n\t\t>\n<div class=\"siteorigin-widget-tinymce textwidget\">\n\t<p>V roku 2021 bola zadan\u00e1 po\u017eiadavka na vypracovanie znaleck\u00e9ho posudku z oblasti anal\u00fdzy neh\u00f4d , t\u00fdkaj\u00faci sa predn\u00e9ho brzdov\u00e9ho svetla, aby sa pre\u0161etrila prevencia neh\u00f4d, pri ktor\u00fdch vozidlo odbo\u010duj\u00face v\u013eavo zraz\u00ed (a vo v\u00e4\u010d\u0161ine aj usmrt\u00ed) protiid\u00faceho motocyklistu. <\/p>\n<p>\u0160t\u00fadia uk\u00e1zala, \u017ee trom zo \u0161tyroch tak\u00fdchto neh\u00f4d by sa dalo zabr\u00e1ni\u0165, ak by protiid\u00faci motocyklista rozpoznal spr\u00e1vanie vozidla odbo\u010duj\u00faceho v\u013eavo o nie\u010do sk\u00f4r. Mo\u017enos\u0165 rozpozna\u0165 \u00famysel  a pohyb vozidla odbo\u010duj\u00faceho v\u013eavo hne\u010f v okam\u017eiku, ke\u010f za\u010dne motocyklistovi blokova\u0165 smer jazdy, m\u00f4\u017ee pom\u00f4c\u0165 z\u00edska\u0165 drahocenn\u00fd \u010das pre realiz\u00e1ciu brzdn\u00e9ho man\u00e9vru pre z\u00e1chranu vlastn\u00e9ho \u017eivota. <\/p>\n<\/div>\n<\/div><\/div><\/div><\/div><\/div><div id=\"pg-1387-2\"  class=\"panel-grid panel-has-style\" ><div class=\"siteorigin-panels-stretch panel-row-style panel-row-style-for-1387-2\" data-stretch-type=\"full\" ><div id=\"pgc-1387-2-0\"  class=\"panel-grid-cell\" ><div id=\"panel-1387-2-0-0\" class=\"so-panel widget widget_sow-image panel-first-child panel-last-child\" data-index=\"4\" ><div\n\t\t\t\n\t\t\tclass=\"so-widget-sow-image so-widget-sow-image-default-8b5b6f678277-1387\"\n\t\t\t\n\t\t>\n\n<div class=\"sow-image-container\">\n\t\t<img decoding=\"async\" src=\"https:\/\/www.frontbrakelights.com\/wp-content\/uploads\/2023\/11\/situation_PBH_crossseciton.jpg\" width=\"2500\" height=\"1372\" srcset=\"https:\/\/www.frontbrakelights.com\/wp-content\/uploads\/2023\/11\/situation_PBH_crossseciton.jpg 2500w, https:\/\/www.frontbrakelights.com\/wp-content\/uploads\/2023\/11\/situation_PBH_crossseciton-300x165.jpg 300w, https:\/\/www.frontbrakelights.com\/wp-content\/uploads\/2023\/11\/situation_PBH_crossseciton-1024x562.jpg 1024w\" sizes=\"auto, (max-width: 2500px) 100vw, 2500px\" alt=\"\" loading=\"lazy\" \t\tclass=\"so-widget-image\"\/>\n\t<\/div>\n\n<\/div><\/div><\/div><\/div><\/div><div id=\"pg-1387-3\"  class=\"panel-grid panel-has-style\" ><div class=\"panel-row-style panel-row-style-for-1387-3\" ><div id=\"pgc-1387-3-0\"  class=\"panel-grid-cell\" ><div id=\"panel-1387-3-0-0\" class=\"so-panel widget widget_sow-editor panel-first-child panel-last-child\" data-index=\"5\" ><div\n\t\t\t\n\t\t\tclass=\"so-widget-sow-editor so-widget-sow-editor-base\"\n\t\t\t\n\t\t>\n<div class=\"siteorigin-widget-tinymce textwidget\">\n\t<h3><span class=\"green\">Ved\u013eaj\u0161ia \u0161t\u00fadia<\/span> \u2013 \u0161peci\u00e1lny vplyv na spr\u00e1vanie det\u00ed<\/h3>\n<p>Vo ved\u013eaj\u0161ej \u0161t\u00fadii bol sk\u00faman\u00fd vplyv predn\u00e9ho brzdov\u00e9ho svetla na mieru d\u00f4very det\u00ed prech\u00e1dza\u0165 cez vozovku za pomoci video simul\u00e1cie. V\u00fdsledky nazna\u010duj\u00fa, \u017ee predn\u00e9 brzdov\u00e9 svetlo by deti nepochopili ako okam\u017eit\u00fa v\u00fdzvu k akcii na prechod cez cestu, ale sk\u00f4r ako doplnkov\u00fa inform\u00e1ciu, ak by bol priechod bezpe\u010dn\u00fd. Rovnako to plat\u00ed aj u dospel\u00fdch os\u00f4b.<\/p>\n<\/div>\n<\/div><\/div><\/div><div id=\"pgc-1387-3-1\"  class=\"panel-grid-cell\" ><div id=\"panel-1387-3-1-0\" class=\"so-panel widget widget_sow-image panel-first-child panel-last-child\" data-index=\"6\" ><div\n\t\t\t\n\t\t\tclass=\"so-widget-sow-image so-widget-sow-image-default-8b5b6f678277-1387\"\n\t\t\t\n\t\t>\n\n<div class=\"sow-image-container\">\n\t\t<img decoding=\"async\" src=\"https:\/\/www.frontbrakelights.com\/wp-content\/uploads\/2023\/11\/back-view-father-son-walk-zebra-crossing-family-value-parent-leading-small-child-boy-overhead-pedestrian-crossing-family-dad-with-kid-cross-road-parenting-fatherhood.jpg\" width=\"2500\" height=\"1667\" srcset=\"https:\/\/www.frontbrakelights.com\/wp-content\/uploads\/2023\/11\/back-view-father-son-walk-zebra-crossing-family-value-parent-leading-small-child-boy-overhead-pedestrian-crossing-family-dad-with-kid-cross-road-parenting-fatherhood.jpg 2500w, https:\/\/www.frontbrakelights.com\/wp-content\/uploads\/2023\/11\/back-view-father-son-walk-zebra-crossing-family-value-parent-leading-small-child-boy-overhead-pedestrian-crossing-family-dad-with-kid-cross-road-parenting-fatherhood-300x200.jpg 300w, https:\/\/www.frontbrakelights.com\/wp-content\/uploads\/2023\/11\/back-view-father-son-walk-zebra-crossing-family-value-parent-leading-small-child-boy-overhead-pedestrian-crossing-family-dad-with-kid-cross-road-parenting-fatherhood-1024x683.jpg 1024w, https:\/\/www.frontbrakelights.com\/wp-content\/uploads\/2023\/11\/back-view-father-son-walk-zebra-crossing-family-value-parent-leading-small-child-boy-overhead-pedestrian-crossing-family-dad-with-kid-cross-road-parenting-fatherhood-272x182.jpg 272w\" sizes=\"auto, (max-width: 2500px) 100vw, 2500px\" title=\"back view. father and son walk on zebra crossing. family value. parent leading small child boy on overhead pedestrian crossing. family of dad with kid cross road. parenting and fatherhood.\" alt=\"\" loading=\"lazy\" \t\tclass=\"so-widget-image\"\/>\n\t<\/div>\n\n<\/div><\/div><\/div><\/div><\/div><div id=\"pg-1387-4\"  class=\"panel-grid panel-has-style\" ><div class=\"panel-row-style panel-row-style-for-1387-4\" ><div id=\"pgc-1387-4-0\"  class=\"panel-grid-cell panel-grid-cell-empty\" ><\/div><div id=\"pgc-1387-4-1\"  class=\"panel-grid-cell panel-grid-cell-mobile-last\" ><div id=\"panel-1387-4-1-0\" class=\"so-panel widget widget_sow-editor panel-first-child panel-last-child\" data-index=\"7\" ><div\n\t\t\t\n\t\t\tclass=\"so-widget-sow-editor so-widget-sow-editor-base\"\n\t\t\t\n\t\t>\n<div class=\"siteorigin-widget-tinymce textwidget\">\n\t<h2 style=\"text-align: center;\"><span class=\"green\">Test v re\u00e1lne prem\u00e1vke<\/span> v tren\u010dianskom kraji  na Slovensku<\/h2>\n<\/div>\n<\/div><\/div><\/div><div id=\"pgc-1387-4-2\"  class=\"panel-grid-cell panel-grid-cell-empty\" ><\/div><\/div><\/div><div id=\"pg-1387-5\"  class=\"panel-grid panel-no-style\" ><div id=\"pgc-1387-5-0\"  class=\"panel-grid-cell\" ><div id=\"panel-1387-5-0-0\" class=\"so-panel widget widget_sow-editor panel-first-child panel-last-child\" data-index=\"8\" ><div\n\t\t\t\n\t\t\tclass=\"so-widget-sow-editor so-widget-sow-editor-base\"\n\t\t\t\n\t\t>\n<div class=\"siteorigin-widget-tinymce textwidget\">\n\t<h4>Nasledoval ve\u013ek\u00fd test v Tren\u010dianskom kraji na Slovensku. Prv\u00fdkr\u00e1t bolo predn\u00e9 brzdov\u00e9 svetlo pou\u017eit\u00e9 vo verejnej prem\u00e1vke!<\/h4>\n<\/div>\n<\/div><\/div><\/div><div id=\"pgc-1387-5-1\"  class=\"panel-grid-cell\" ><div id=\"panel-1387-5-1-0\" class=\"so-panel widget widget_sow-editor panel-first-child panel-last-child\" data-index=\"9\" ><div\n\t\t\t\n\t\t\tclass=\"so-widget-sow-editor so-widget-sow-editor-base\"\n\t\t\t\n\t\t>\n<div class=\"siteorigin-widget-tinymce textwidget\">\n\t<ul>\n<li>Vy\u0161e 3000 vozidiel vybaven\u00fdch PBS v Tren\u010d\u00edne, Partiz\u00e1nskom a \u017diline<\/li>\n<li>Spustenie testovania v novembri 2022<\/li>\n<li>V kombin\u00e1cii s mal\u00fdm prieskumom o\u010dak\u00e1van\u00ed vodi\u010dov PBS vopred (239 dotazn\u00edkov v \u201eT1\u201c).<\/li>\n<li>Ku koncu testovacieho obdobia uskuto\u010dnen\u00fd rozsiahly prieskum (september\/okt\u00f3ber 2023) (\u201eT2\u201c):<\/li>\n<\/ul>\n<p>1\/\u00a0Viac ako 2 000 vodi\u010dov s\u00a0vozidlom vybaven\u00fdm PBS bolo dotazovan\u00fdch na ich sk\u00fasenosti a postoj k PBS<br \/>\n2\/\u00a0Viac ako 600 \u010fal\u0161\u00edch \u00fa\u010dastn\u00edkov cestnej prem\u00e1vky sa z\u00fa\u010dastnilo prieskumu formou dotazn\u00edka, v\u00a0ktorom rovnako vyjadrili svoje postoje a\u00a0sk\u00fasenosti s\u00a0PBS<br \/>\n3\/ Nasledova\u0165 bude anal\u00fdza \u00fadajov o skuto\u010dn\u00fdch nehod\u00e1ch od pol\u00edcie a pois\u0165ovn\u00ed<\/p>\n<\/div>\n<\/div><\/div><\/div><\/div><div id=\"pg-1387-6\"  class=\"panel-grid panel-has-style\" ><div class=\"panel-row-style panel-row-style-for-1387-6\" ><div id=\"pgc-1387-6-0\"  class=\"panel-grid-cell\" ><div id=\"panel-1387-6-0-0\" class=\"so-panel widget widget_sow-image panel-first-child panel-last-child\" data-index=\"10\" ><div\n\t\t\t\n\t\t\tclass=\"so-widget-sow-image so-widget-sow-image-default-8b5b6f678277-1387\"\n\t\t\t\n\t\t>\n\n<div class=\"sow-image-container\">\n\t\t<img decoding=\"async\" src=\"https:\/\/www.frontbrakelights.com\/wp-content\/uploads\/2023\/11\/DSC9823.jpg\" width=\"1200\" height=\"800\" srcset=\"https:\/\/www.frontbrakelights.com\/wp-content\/uploads\/2023\/11\/DSC9823.jpg 1200w, https:\/\/www.frontbrakelights.com\/wp-content\/uploads\/2023\/11\/DSC9823-300x200.jpg 300w, https:\/\/www.frontbrakelights.com\/wp-content\/uploads\/2023\/11\/DSC9823-1024x683.jpg 1024w, https:\/\/www.frontbrakelights.com\/wp-content\/uploads\/2023\/11\/DSC9823-272x182.jpg 272w\" sizes=\"auto, (max-width: 1200px) 100vw, 1200px\" alt=\"\" loading=\"lazy\" \t\tclass=\"so-widget-image\"\/>\n\t<\/div>\n\n<\/div><\/div><\/div><div id=\"pgc-1387-6-1\"  class=\"panel-grid-cell\" ><div id=\"panel-1387-6-1-0\" class=\"so-panel widget widget_sow-image panel-first-child panel-last-child\" data-index=\"11\" ><div class=\"panel-widget-style panel-widget-style-for-1387-6-1-0\" ><div\n\t\t\t\n\t\t\tclass=\"so-widget-sow-image so-widget-sow-image-default-8b5b6f678277-1387\"\n\t\t\t\n\t\t>\n\n<div class=\"sow-image-container\">\n\t\t<img decoding=\"async\" src=\"https:\/\/www.frontbrakelights.com\/wp-content\/uploads\/2023\/11\/DSC9878.jpg\" width=\"1200\" height=\"800\" srcset=\"https:\/\/www.frontbrakelights.com\/wp-content\/uploads\/2023\/11\/DSC9878.jpg 1200w, https:\/\/www.frontbrakelights.com\/wp-content\/uploads\/2023\/11\/DSC9878-300x200.jpg 300w, https:\/\/www.frontbrakelights.com\/wp-content\/uploads\/2023\/11\/DSC9878-1024x683.jpg 1024w, https:\/\/www.frontbrakelights.com\/wp-content\/uploads\/2023\/11\/DSC9878-272x182.jpg 272w\" sizes=\"auto, (max-width: 1200px) 100vw, 1200px\" alt=\"\" loading=\"lazy\" \t\tclass=\"so-widget-image\"\/>\n\t<\/div>\n\n<\/div><\/div><\/div><\/div><\/div><\/div><div id=\"pg-1387-7\"  class=\"panel-grid panel-has-style\" ><div class=\"panel-row-style panel-row-style-for-1387-7\" ><div id=\"pgc-1387-7-0\"  class=\"panel-grid-cell panel-grid-cell-empty\" ><\/div><div id=\"pgc-1387-7-1\"  class=\"panel-grid-cell\" ><div id=\"panel-1387-7-1-0\" class=\"so-panel widget widget_sow-editor panel-first-child panel-last-child\" data-index=\"12\" ><div\n\t\t\t\n\t\t\tclass=\"so-widget-sow-editor so-widget-sow-editor-base\"\n\t\t\t\n\t\t>\n<div class=\"siteorigin-widget-tinymce textwidget\">\n\t<h4 style=\"text-align: left;\">V t\u00fdchto \u010d\u00edslach a v\u00fdsledkoch je prezentovan\u00fdch ove\u013ea viac vedeck\u00fdch anal\u00fdz, ako sa zvykne prezentova\u0165 v projektoch v oblasti dopravnej bezpe\u010dnosti a dopravnej psychol\u00f3gie.<\/h4>\n<\/div>\n<\/div><\/div><\/div><\/div><\/div><div id=\"pg-1387-8\"  class=\"panel-grid panel-no-style\" ><div id=\"pgc-1387-8-0\"  class=\"panel-grid-cell\" ><div id=\"panel-1387-8-0-0\" class=\"so-panel widget widget_sow-editor panel-first-child panel-last-child\" data-index=\"13\" ><div\n\t\t\t\n\t\t\tclass=\"so-widget-sow-editor so-widget-sow-editor-base\"\n\t\t\t\n\t\t>\n<div class=\"siteorigin-widget-tinymce textwidget\">\n\t<hr>\n<\/div>\n<\/div><\/div><\/div><\/div><div id=\"pg-1387-9\"  class=\"panel-grid panel-no-style\" ><div id=\"pgc-1387-9-0\"  class=\"panel-grid-cell\" ><div id=\"panel-1387-9-0-0\" class=\"so-panel widget widget_sow-editor panel-first-child panel-last-child\" data-index=\"14\" ><div\n\t\t\t\n\t\t\tclass=\"so-widget-sow-editor so-widget-sow-editor-base\"\n\t\t\t\n\t\t>\n<div class=\"siteorigin-widget-tinymce textwidget\">\n\t<h2>\u010eal\u0161\u00ed v\u00fdzkum<\/h2>\n<\/div>\n<\/div><\/div><\/div><div id=\"pgc-1387-9-1\"  class=\"panel-grid-cell\" ><div id=\"panel-1387-9-1-0\" class=\"so-panel widget widget_siteorigin-panels-builder panel-first-child panel-last-child\" data-index=\"15\" ><div class=\"border panel-widget-style panel-widget-style-for-1387-9-1-0\" ><div id=\"pl-w6565a571d1678\"  class=\"panel-layout\" ><div id=\"pg-w6565a571d1678-0\"  class=\"panel-grid panel-no-style\" ><div id=\"pgc-w6565a571d1678-0-0\"  class=\"panel-grid-cell\" ><div id=\"panel-w6565a571d1678-0-0-0\" class=\"so-panel widget widget_sow-editor panel-first-child panel-last-child\" data-index=\"0\" ><div\n\t\t\t\n\t\t\tclass=\"so-widget-sow-editor so-widget-sow-editor-base\"\n\t\t\t\n\t\t>\n<div class=\"siteorigin-widget-tinymce textwidget\">\n\t<h3>Pr\u00e1vny r\u00e1mec\/\u010fal\u0161ie kroky pre zavedenie<\/h3>\n<\/div>\n<\/div><\/div><\/div><\/div><div id=\"pg-w6565a571d1678-1\"  class=\"panel-grid panel-no-style\" ><div id=\"pgc-w6565a571d1678-1-0\"  class=\"panel-grid-cell panel-grid-cell-mobile-last\" ><div id=\"panel-w6565a571d1678-1-0-0\" class=\"so-panel widget widget_sow-editor panel-first-child panel-last-child\" data-index=\"1\" ><div\n\t\t\t\n\t\t\tclass=\"so-widget-sow-editor so-widget-sow-editor-base\"\n\t\t\t\n\t\t>\n<div class=\"siteorigin-widget-tinymce textwidget\">\n\t<p><a class=\"fbl-button\" href=\"https:\/\/www.frontbrakelights.com\/sk\/veda-a-vyskum\/pravny-ramec-dalsie-kroky-pre-zavedenie\/\">\u010c\u00edtaj viac<\/a><\/p>\n<\/div>\n<\/div><\/div><\/div><div id=\"pgc-w6565a571d1678-1-1\"  class=\"panel-grid-cell panel-grid-cell-empty\" ><\/div><\/div><\/div><\/div><\/div><\/div><\/div><\/div>","protected":false},"excerpt":{"rendered":"<p>Potreba empirick\u00e9ho testovania t\u00fdchto predpokladov a pokra\u010dovanie vo vedeckom pr\u00edstupe pri prednom brzdovom svetle vy\u00fastila k uskuto\u010dneniu \u010fal\u0161ej \u0161t\u00fadie a testu v re\u00e1lnej prem\u00e1vke, ktor\u00e9 dosiahli ve\u013emi pozit\u00edvne v\u00fdsledky, s oh\u013eadom na prevenciu a zv\u00fd\u0161enie bezpe\u010dnosti cestnej prem\u00e1vky. \u010citaj viac Prevencia neh\u00f4d pri odbo\u010dovan\u00ed v\u013eavo s protiid\u00facim motocyklom (\u0161t\u00fadia anal\u00fdzy neh\u00f4d) V roku 2021 bola <a href=\"https:\/\/www.frontbrakelights.com\/sk\/veda-a-vyskum\/dalsi-vyskum-studie-a-skusky\/\" class=\"more-link\">&#8230;<span class=\"screen-reader-text\">  \u010eal\u0161\u00ed v\u00fdskum \u2013 \u0161t\u00fadie a sk\u00fa\u0161ky<\/span><\/a><\/p>\n","protected":false},"author":4,"featured_media":1171,"parent":1378,"menu_order":0,"comment_status":"closed","ping_status":"closed","template":"","meta":{"inline_featured_image":false,"footnotes":""},"class_list":["post-1387","page","type-page","status-publish","has-post-thumbnail","hentry"],"acf":[],"yoast_head":"<!-- This site is optimized with the Yoast SEO plugin v21.5 - https:\/\/yoast.com\/wordpress\/plugins\/seo\/ -->\n<title>\u010eal\u0161\u00ed v\u00fdskum \u2013 \u0161t\u00fadie a sk\u00fa\u0161ky - PREDN\u00c9 BRZDOV\u00c9 SVETLO - Ofici\u00e1lna str\u00e1nka<\/title>\n<meta name=\"robots\" content=\"index, follow, max-snippet:-1, max-image-preview:large, max-video-preview:-1\" \/>\n<link rel=\"canonical\" href=\"https:\/\/www.frontbrakelights.com\/sk\/veda-a-vyskum\/dalsi-vyskum-studie-a-skusky\/\" \/>\n<meta property=\"og:locale\" content=\"sk_SK\" \/>\n<meta property=\"og:type\" content=\"article\" \/>\n<meta property=\"og:title\" content=\"\u010eal\u0161\u00ed v\u00fdskum \u2013 \u0161t\u00fadie a sk\u00fa\u0161ky - PREDN\u00c9 BRZDOV\u00c9 SVETLO - Ofici\u00e1lna str\u00e1nka\" \/>\n<meta property=\"og:description\" content=\"Potreba empirick\u00e9ho testovania t\u00fdchto predpokladov a pokra\u010dovanie vo vedeckom pr\u00edstupe pri prednom brzdovom svetle vy\u00fastila k uskuto\u010dneniu \u010fal\u0161ej \u0161t\u00fadie a testu v re\u00e1lnej prem\u00e1vke, ktor\u00e9 dosiahli ve\u013emi pozit\u00edvne v\u00fdsledky, s oh\u013eadom na prevenciu a zv\u00fd\u0161enie bezpe\u010dnosti cestnej prem\u00e1vky. \u010citaj viac Prevencia neh\u00f4d pri odbo\u010dovan\u00ed v\u013eavo s protiid\u00facim motocyklom (\u0161t\u00fadia anal\u00fdzy neh\u00f4d) V roku 2021 bola ... \u010eal\u0161\u00ed v\u00fdskum \u2013 \u0161t\u00fadie a sk\u00fa\u0161ky\" \/>\n<meta property=\"og:url\" content=\"https:\/\/www.frontbrakelights.com\/sk\/veda-a-vyskum\/dalsi-vyskum-studie-a-skusky\/\" \/>\n<meta property=\"og:site_name\" content=\"PREDN\u00c9 BRZDOV\u00c9 SVETLO - Ofici\u00e1lna str\u00e1nka\" \/>\n<meta property=\"article:publisher\" content=\"https:\/\/www.facebook.com\/profile.php?id=61552622936436\" \/>\n<meta property=\"article:modified_time\" content=\"2023-11-28T11:06:06+00:00\" \/>\n<meta property=\"og:image\" content=\"https:\/\/www.frontbrakelights.com\/wp-content\/uploads\/2023\/11\/IMG_0207.png\" \/>\n\t<meta property=\"og:image:width\" content=\"2500\" \/>\n\t<meta property=\"og:image:height\" content=\"1401\" \/>\n\t<meta property=\"og:image:type\" content=\"image\/png\" \/>\n<meta name=\"twitter:card\" content=\"summary_large_image\" \/>\n<meta name=\"twitter:label1\" content=\"Predpokladan\u00fd \u010das \u010d\u00edtania\" \/>\n\t<meta name=\"twitter:data1\" content=\"2 min\u00faty\" \/>\n<script type=\"application\/ld+json\" class=\"yoast-schema-graph\">{\"@context\":\"https:\/\/schema.org\",\"@graph\":[{\"@type\":\"WebPage\",\"@id\":\"https:\/\/www.frontbrakelights.com\/sk\/veda-a-vyskum\/dalsi-vyskum-studie-a-skusky\/\",\"url\":\"https:\/\/www.frontbrakelights.com\/sk\/veda-a-vyskum\/dalsi-vyskum-studie-a-skusky\/\",\"name\":\"\u010eal\u0161\u00ed v\u00fdskum \u2013 \u0161t\u00fadie a sk\u00fa\u0161ky - PREDN\u00c9 BRZDOV\u00c9 SVETLO - Ofici\u00e1lna str\u00e1nka\",\"isPartOf\":{\"@id\":\"https:\/\/www.frontbrakelights.com\/sk\/#website\"},\"datePublished\":\"2023-11-14T12:49:58+00:00\",\"dateModified\":\"2023-11-28T11:06:06+00:00\",\"breadcrumb\":{\"@id\":\"https:\/\/www.frontbrakelights.com\/sk\/veda-a-vyskum\/dalsi-vyskum-studie-a-skusky\/#breadcrumb\"},\"inLanguage\":\"sk-SK\",\"potentialAction\":[{\"@type\":\"ReadAction\",\"target\":[\"https:\/\/www.frontbrakelights.com\/sk\/veda-a-vyskum\/dalsi-vyskum-studie-a-skusky\/\"]}]},{\"@type\":\"BreadcrumbList\",\"@id\":\"https:\/\/www.frontbrakelights.com\/sk\/veda-a-vyskum\/dalsi-vyskum-studie-a-skusky\/#breadcrumb\",\"itemListElement\":[{\"@type\":\"ListItem\",\"position\":1,\"name\":\"Home\",\"item\":\"https:\/\/www.frontbrakelights.com\/sk\/\"},{\"@type\":\"ListItem\",\"position\":2,\"name\":\"Veda a v\u00fdskum\",\"item\":\"https:\/\/www.frontbrakelights.com\/sk\/veda-a-vyskum\/\"},{\"@type\":\"ListItem\",\"position\":3,\"name\":\"\u010eal\u0161\u00ed v\u00fdskum \u2013 \u0161t\u00fadie a sk\u00fa\u0161ky\"}]},{\"@type\":\"WebSite\",\"@id\":\"https:\/\/www.frontbrakelights.com\/sk\/#website\",\"url\":\"https:\/\/www.frontbrakelights.com\/sk\/\",\"name\":\"Front brake light\",\"description\":\"FRONT BRAKE LIGHT - Official site\",\"potentialAction\":[{\"@type\":\"SearchAction\",\"target\":{\"@type\":\"EntryPoint\",\"urlTemplate\":\"https:\/\/www.frontbrakelights.com\/sk\/?s={search_term_string}\"},\"query-input\":\"required name=search_term_string\"}],\"inLanguage\":\"sk-SK\"}]}<\/script>\n<!-- \/ Yoast SEO plugin. -->","yoast_head_json":{"title":"\u010eal\u0161\u00ed v\u00fdskum \u2013 \u0161t\u00fadie a sk\u00fa\u0161ky - PREDN\u00c9 BRZDOV\u00c9 SVETLO - Ofici\u00e1lna str\u00e1nka","robots":{"index":"index","follow":"follow","max-snippet":"max-snippet:-1","max-image-preview":"max-image-preview:large","max-video-preview":"max-video-preview:-1"},"canonical":"https:\/\/www.frontbrakelights.com\/sk\/veda-a-vyskum\/dalsi-vyskum-studie-a-skusky\/","og_locale":"sk_SK","og_type":"article","og_title":"\u010eal\u0161\u00ed v\u00fdskum \u2013 \u0161t\u00fadie a sk\u00fa\u0161ky - PREDN\u00c9 BRZDOV\u00c9 SVETLO - Ofici\u00e1lna str\u00e1nka","og_description":"Potreba empirick\u00e9ho testovania t\u00fdchto predpokladov a pokra\u010dovanie vo vedeckom pr\u00edstupe pri prednom brzdovom svetle vy\u00fastila k uskuto\u010dneniu \u010fal\u0161ej \u0161t\u00fadie a testu v re\u00e1lnej prem\u00e1vke, ktor\u00e9 dosiahli ve\u013emi pozit\u00edvne v\u00fdsledky, s oh\u013eadom na prevenciu a zv\u00fd\u0161enie bezpe\u010dnosti cestnej prem\u00e1vky. \u010citaj viac Prevencia neh\u00f4d pri odbo\u010dovan\u00ed v\u013eavo s protiid\u00facim motocyklom (\u0161t\u00fadia anal\u00fdzy neh\u00f4d) V roku 2021 bola ... \u010eal\u0161\u00ed v\u00fdskum \u2013 \u0161t\u00fadie a sk\u00fa\u0161ky","og_url":"https:\/\/www.frontbrakelights.com\/sk\/veda-a-vyskum\/dalsi-vyskum-studie-a-skusky\/","og_site_name":"PREDN\u00c9 BRZDOV\u00c9 SVETLO - Ofici\u00e1lna str\u00e1nka","article_publisher":"https:\/\/www.facebook.com\/profile.php?id=61552622936436","article_modified_time":"2023-11-28T11:06:06+00:00","og_image":[{"width":2500,"height":1401,"url":"https:\/\/www.frontbrakelights.com\/wp-content\/uploads\/2023\/11\/IMG_0207.png","type":"image\/png"}],"twitter_card":"summary_large_image","twitter_misc":{"Predpokladan\u00fd \u010das \u010d\u00edtania":"2 min\u00faty"},"schema":{"@context":"https:\/\/schema.org","@graph":[{"@type":"WebPage","@id":"https:\/\/www.frontbrakelights.com\/sk\/veda-a-vyskum\/dalsi-vyskum-studie-a-skusky\/","url":"https:\/\/www.frontbrakelights.com\/sk\/veda-a-vyskum\/dalsi-vyskum-studie-a-skusky\/","name":"\u010eal\u0161\u00ed v\u00fdskum \u2013 \u0161t\u00fadie a sk\u00fa\u0161ky - PREDN\u00c9 BRZDOV\u00c9 SVETLO - Ofici\u00e1lna str\u00e1nka","isPartOf":{"@id":"https:\/\/www.frontbrakelights.com\/sk\/#website"},"datePublished":"2023-11-14T12:49:58+00:00","dateModified":"2023-11-28T11:06:06+00:00","breadcrumb":{"@id":"https:\/\/www.frontbrakelights.com\/sk\/veda-a-vyskum\/dalsi-vyskum-studie-a-skusky\/#breadcrumb"},"inLanguage":"sk-SK","potentialAction":[{"@type":"ReadAction","target":["https:\/\/www.frontbrakelights.com\/sk\/veda-a-vyskum\/dalsi-vyskum-studie-a-skusky\/"]}]},{"@type":"BreadcrumbList","@id":"https:\/\/www.frontbrakelights.com\/sk\/veda-a-vyskum\/dalsi-vyskum-studie-a-skusky\/#breadcrumb","itemListElement":[{"@type":"ListItem","position":1,"name":"Home","item":"https:\/\/www.frontbrakelights.com\/sk\/"},{"@type":"ListItem","position":2,"name":"Veda a v\u00fdskum","item":"https:\/\/www.frontbrakelights.com\/sk\/veda-a-vyskum\/"},{"@type":"ListItem","position":3,"name":"\u010eal\u0161\u00ed v\u00fdskum \u2013 \u0161t\u00fadie a sk\u00fa\u0161ky"}]},{"@type":"WebSite","@id":"https:\/\/www.frontbrakelights.com\/sk\/#website","url":"https:\/\/www.frontbrakelights.com\/sk\/","name":"Front brake light","description":"FRONT BRAKE LIGHT - Official site","potentialAction":[{"@type":"SearchAction","target":{"@type":"EntryPoint","urlTemplate":"https:\/\/www.frontbrakelights.com\/sk\/?s={search_term_string}"},"query-input":"required name=search_term_string"}],"inLanguage":"sk-SK"}]}},"_links":{"self":[{"href":"https:\/\/www.frontbrakelights.com\/sk\/wp-json\/wp\/v2\/pages\/1387","targetHints":{"allow":["GET"]}}],"collection":[{"href":"https:\/\/www.frontbrakelights.com\/sk\/wp-json\/wp\/v2\/pages"}],"about":[{"href":"https:\/\/www.frontbrakelights.com\/sk\/wp-json\/wp\/v2\/types\/page"}],"author":[{"embeddable":true,"href":"https:\/\/www.frontbrakelights.com\/sk\/wp-json\/wp\/v2\/users\/4"}],"replies":[{"embeddable":true,"href":"https:\/\/www.frontbrakelights.com\/sk\/wp-json\/wp\/v2\/comments?post=1387"}],"version-history":[{"count":4,"href":"https:\/\/www.frontbrakelights.com\/sk\/wp-json\/wp\/v2\/pages\/1387\/revisions"}],"predecessor-version":[{"id":1680,"href":"https:\/\/www.frontbrakelights.com\/sk\/wp-json\/wp\/v2\/pages\/1387\/revisions\/1680"}],"up":[{"embeddable":true,"href":"https:\/\/www.frontbrakelights.com\/sk\/wp-json\/wp\/v2\/pages\/1378"}],"wp:featuredmedia":[{"embeddable":true,"href":"https:\/\/www.frontbrakelights.com\/sk\/wp-json\/wp\/v2\/media\/1171"}],"wp:attachment":[{"href":"https:\/\/www.frontbrakelights.com\/sk\/wp-json\/wp\/v2\/media?parent=1387"}],"curies":[{"name":"wp","href":"https:\/\/api.w.org\/{rel}","templated":true}]}}