{"id":1390,"date":"2023-11-15T08:18:18","date_gmt":"2023-11-15T07:18:18","guid":{"rendered":"https:\/\/www.frontbrakelights.com\/veda-a-vyskum\/legal-framework-next-steps-for-implementation\/"},"modified":"2023-11-28T09:34:21","modified_gmt":"2023-11-28T08:34:21","slug":"pravny-ramec-dalsie-kroky-pre-zavedenie","status":"publish","type":"page","link":"https:\/\/www.frontbrakelights.com\/sk\/veda-a-vyskum\/pravny-ramec-dalsie-kroky-pre-zavedenie\/","title":{"rendered":"\u010eal\u0161ie kroky pre zavedenie"},"content":{"rendered":"<div id=\"pl-1390\"  class=\"panel-layout\" ><div id=\"pg-1390-0\"  class=\"panel-grid panel-no-style\" ><div id=\"pgc-1390-0-0\"  class=\"panel-grid-cell\" ><div id=\"panel-1390-0-0-0\" class=\"so-panel widget widget_sow-image panel-first-child panel-last-child\" data-index=\"0\" ><div\n\t\t\t\n\t\t\tclass=\"so-widget-sow-image so-widget-sow-image-default-8b5b6f678277-1390\"\n\t\t\t\n\t\t>\n\n<div class=\"sow-image-container\">\n\t\t<img decoding=\"async\" src=\"https:\/\/www.frontbrakelights.com\/wp-content\/uploads\/2023\/11\/03_IMG_0392.tif\" alt=\"\" loading=\"lazy\" \t\tclass=\"so-widget-image\"\/>\n\t<\/div>\n\n<\/div><\/div><\/div><div id=\"pgc-1390-0-1\"  class=\"panel-grid-cell\" ><div id=\"panel-1390-0-1-0\" class=\"so-panel widget widget_sow-editor panel-first-child panel-last-child\" data-index=\"1\" ><div\n\t\t\t\n\t\t\tclass=\"so-widget-sow-editor so-widget-sow-editor-base\"\n\t\t\t\n\t\t>\n<div class=\"siteorigin-widget-tinymce textwidget\">\n\t<h4 style=\"padding-bottom: 10px;\">Pre zavedenie predn\u00e9ho brzdov\u00e9ho svetla, ako v\u00fdznamn\u00e9ho prvku na zv\u00fd\u0161enie bezpe\u010dnosti cestnej prem\u00e1vky, bude nevyhnutn\u00e9 zmeni\u0165, alebo roz\u0161\u00edri\u0165 dve \u010dasti pr\u00e1vneho r\u00e1mca pre schva\u013eovanie a to:<\/h4>\n<ul>\n<li>zelen\u00e1 farba mus\u00ed by\u0165 schv\u00e1len\u00e1 ako farba LSF na motorov\u00fdch vozidl\u00e1ch<\/li>\n<li>brzdov\u00e9 sign\u00e1ly musia by\u0165 povolen\u00e9 aj vpredu<\/li>\n<\/ul>\n<\/div>\n<\/div><\/div><\/div><\/div><div id=\"pg-1390-1\"  class=\"panel-grid panel-has-style\" ><div class=\"panel-row-style panel-row-style-for-1390-1\" ><div id=\"pgc-1390-1-0\"  class=\"panel-grid-cell panel-grid-cell-mobile-last\" ><div id=\"panel-1390-1-0-0\" class=\"so-panel widget widget_sow-editor panel-first-child panel-last-child\" data-index=\"2\" ><div\n\t\t\t\n\t\t\tclass=\"so-widget-sow-editor so-widget-sow-editor-base\"\n\t\t\t\n\t\t>\n<div class=\"siteorigin-widget-tinymce textwidget\">\n\t<h2>V strednodobom horizonte <span class=\"green\">musia by\u0165 tieto kroky dohodnut\u00e9 na medzin\u00e1rodnej \u00farovni<\/span>, na \u00farovni Viedenskej zmluvy, resp. r\u00e1mcov\u00fdch predpisov Eur\u00f3pskej hospod\u00e1rskej komisie OSN.<\/h2>\n<p><a class=\"fbl-button\" href=\"https:\/\/www.frontbrakelights.com\/sk\/dokumenty-na-stiahnutie\/\">\u010c\u00edtaj viac<\/a><\/p>\n<\/div>\n<\/div><\/div><\/div><div id=\"pgc-1390-1-1\"  class=\"panel-grid-cell panel-grid-cell-empty\" ><\/div><\/div><\/div><div id=\"pg-1390-2\"  class=\"panel-grid panel-has-style\" ><div class=\"panel-row-style panel-row-style-for-1390-2\" ><div id=\"pgc-1390-2-0\"  class=\"panel-grid-cell\" ><div id=\"panel-1390-2-0-0\" class=\"so-panel widget widget_sow-editor panel-first-child panel-last-child\" data-index=\"3\" ><div\n\t\t\t\n\t\t\tclass=\"so-widget-sow-editor so-widget-sow-editor-base\"\n\t\t\t\n\t\t>\n<div class=\"siteorigin-widget-tinymce textwidget\">\n\t<h4 style=\"padding-top: 15px;\">Zd\u00e1 sa, \u017ee rozumn\u00fdm a perspekt\u00edvnym sp\u00f4sobom, ako \u010do najsk\u00f4r dosiahnu\u0165 tak\u00e9to zv\u00fd\u0161enie bezpe\u010dnosti pre \u00fa\u010dastn\u00edkov cestnej prem\u00e1vky v <span class=\"green\">Eur\u00f3pskej \u00fanii, je zmena samotn\u00fdch pr\u00e1vnych predpisov E\u00da.<\/span><\/h4>\n<\/div>\n<\/div><\/div><\/div><div id=\"pgc-1390-2-1\"  class=\"panel-grid-cell\" ><div id=\"panel-1390-2-1-0\" class=\"so-panel widget widget_sow-editor panel-first-child panel-last-child\" data-index=\"4\" ><div\n\t\t\t\n\t\t\tclass=\"so-widget-sow-editor so-widget-sow-editor-base\"\n\t\t\t\n\t\t>\n<div class=\"siteorigin-widget-tinymce textwidget\">\n\t<p>V s\u00falade s t\u00fdm by bolo \u017eiaduce uskuto\u010dni\u0165 tieto zmeny ako roz\u0161\u00edrenie \u0161pecif\u00edk pre E\u00da, v r\u00e1mci pr\u00edslu\u0161n\u00fdch aplika\u010dn\u00fdch ustanoven\u00ed E\u00da o typoch schva\u013eovan\u00ed pre oblas\u0165 E\u00da. \u010eal\u0161\u00ed pokrok by bol potom v s\u00falade s be\u017en\u00fdm postupom pod\u013ea nariaden\u00ed a smern\u00edc E\u00da.<\/p>\n<p>Av\u0161ak zaveden\u00edm predn\u00fdch brzdov\u00fdch svetiel na \u00fazem\u00ed jednotliv\u00fdch \u0161t\u00e1tov a schv\u00e1len\u00edm n\u00e1rodn\u00fdch v\u00fdnimiek \u2013 \u010do je mimo eur\u00f3pskych predpisov st\u00e1le mo\u017en\u00e9 \u2013 m\u00f4\u017ee ka\u017ed\u00fd \u0161t\u00e1t, ktor\u00fd sa zauj\u00edma o bezpe\u010dnos\u0165 cestnej prem\u00e1vky zah\u00e1ji\u0165 t\u00fato iniciat\u00edvu okam\u017eite!<\/p>\n<\/div>\n<\/div><\/div><\/div><\/div><\/div><div id=\"pg-1390-3\"  class=\"panel-grid panel-no-style\" ><div id=\"pgc-1390-3-0\"  class=\"panel-grid-cell\" ><div id=\"panel-1390-3-0-0\" class=\"so-panel widget widget_sow-editor panel-first-child panel-last-child\" data-index=\"5\" ><div\n\t\t\t\n\t\t\tclass=\"so-widget-sow-editor so-widget-sow-editor-base\"\n\t\t\t\n\t\t>\n<div class=\"siteorigin-widget-tinymce textwidget\">\n\t<hr>\n<\/div>\n<\/div><\/div><\/div><\/div><div id=\"pg-1390-4\"  class=\"panel-grid panel-no-style\" ><div id=\"pgc-1390-4-0\"  class=\"panel-grid-cell\" ><div id=\"panel-1390-4-0-0\" class=\"so-panel widget widget_sow-editor panel-first-child panel-last-child\" data-index=\"6\" ><div\n\t\t\t\n\t\t\tclass=\"so-widget-sow-editor so-widget-sow-editor-base\"\n\t\t\t\n\t\t>\n<div class=\"siteorigin-widget-tinymce textwidget\">\n\t<h2>\u010eal\u0161\u00ed v\u00fdzkum<\/h2>\n<\/div>\n<\/div><\/div><\/div><div id=\"pgc-1390-4-1\"  class=\"panel-grid-cell\" ><div id=\"panel-1390-4-1-0\" class=\"so-panel widget widget_siteorigin-panels-builder panel-first-child panel-last-child\" data-index=\"7\" ><div class=\"border panel-widget-style panel-widget-style-for-1390-4-1-0\" ><div id=\"pl-w6565a60d8e80f\"  class=\"panel-layout\" ><div id=\"pg-w6565a60d8e80f-0\"  class=\"panel-grid panel-no-style\" ><div id=\"pgc-w6565a60d8e80f-0-0\"  class=\"panel-grid-cell\" ><div id=\"panel-w6565a60d8e80f-0-0-0\" class=\"so-panel widget widget_sow-editor panel-first-child panel-last-child\" data-index=\"0\" ><div\n\t\t\t\n\t\t\tclass=\"so-widget-sow-editor so-widget-sow-editor-base\"\n\t\t\t\n\t\t>\n<div class=\"siteorigin-widget-tinymce textwidget\">\n\t<h3>Jednoduch\u00e1 implement\u00e1cia z technick\u00e9ho h\u013eadiska<\/h3>\n<\/div>\n<\/div><\/div><\/div><\/div><div id=\"pg-w6565a60d8e80f-1\"  class=\"panel-grid panel-no-style\" ><div id=\"pgc-w6565a60d8e80f-1-0\"  class=\"panel-grid-cell panel-grid-cell-mobile-last\" ><div id=\"panel-w6565a60d8e80f-1-0-0\" class=\"so-panel widget widget_sow-editor panel-first-child panel-last-child\" data-index=\"1\" ><div\n\t\t\t\n\t\t\tclass=\"so-widget-sow-editor so-widget-sow-editor-base\"\n\t\t\t\n\t\t>\n<div class=\"siteorigin-widget-tinymce textwidget\">\n\t<p><a class=\"fbl-button\" href=\"https:\/\/www.frontbrakelights.com\/sk\/veda-a-vyskum\/jednoduche-zavedenie-z-technickeho-hladiska\/\">\u010c\u00edtaj viac<\/a><\/p>\n<\/div>\n<\/div><\/div><\/div><div id=\"pgc-w6565a60d8e80f-1-1\"  class=\"panel-grid-cell panel-grid-cell-empty\" ><\/div><\/div><\/div><\/div><\/div><\/div><\/div><\/div>","protected":false},"excerpt":{"rendered":"<p>Pre zavedenie predn\u00e9ho brzdov\u00e9ho svetla, ako v\u00fdznamn\u00e9ho prvku na zv\u00fd\u0161enie bezpe\u010dnosti cestnej prem\u00e1vky, bude nevyhnutn\u00e9 zmeni\u0165, alebo roz\u0161\u00edri\u0165 dve \u010dasti pr\u00e1vneho r\u00e1mca pre schva\u013eovanie a to: zelen\u00e1 farba mus\u00ed by\u0165 schv\u00e1len\u00e1 ako farba LSF na motorov\u00fdch vozidl\u00e1ch brzdov\u00e9 sign\u00e1ly musia by\u0165 povolen\u00e9 aj vpredu V strednodobom horizonte musia by\u0165 tieto kroky dohodnut\u00e9 na medzin\u00e1rodnej \u00farovni, <a href=\"https:\/\/www.frontbrakelights.com\/sk\/veda-a-vyskum\/pravny-ramec-dalsie-kroky-pre-zavedenie\/\" class=\"more-link\">&#8230;<span class=\"screen-reader-text\">  \u010eal\u0161ie kroky pre zavedenie<\/span><\/a><\/p>\n","protected":false},"author":4,"featured_media":1201,"parent":1378,"menu_order":0,"comment_status":"closed","ping_status":"closed","template":"","meta":{"inline_featured_image":false,"footnotes":""},"class_list":["post-1390","page","type-page","status-publish","has-post-thumbnail","hentry"],"acf":[],"yoast_head":"<!-- This site is optimized with the Yoast SEO plugin v21.5 - https:\/\/yoast.com\/wordpress\/plugins\/seo\/ -->\n<title>\u010eal\u0161ie kroky pre zavedenie - PREDN\u00c9 BRZDOV\u00c9 SVETLO - Ofici\u00e1lna str\u00e1nka<\/title>\n<meta name=\"robots\" content=\"index, follow, max-snippet:-1, max-image-preview:large, max-video-preview:-1\" \/>\n<link rel=\"canonical\" href=\"https:\/\/www.frontbrakelights.com\/sk\/veda-a-vyskum\/pravny-ramec-dalsie-kroky-pre-zavedenie\/\" \/>\n<meta property=\"og:locale\" content=\"sk_SK\" \/>\n<meta property=\"og:type\" content=\"article\" \/>\n<meta property=\"og:title\" content=\"\u010eal\u0161ie kroky pre zavedenie - PREDN\u00c9 BRZDOV\u00c9 SVETLO - Ofici\u00e1lna str\u00e1nka\" \/>\n<meta property=\"og:description\" content=\"Pre zavedenie predn\u00e9ho brzdov\u00e9ho svetla, ako v\u00fdznamn\u00e9ho prvku na zv\u00fd\u0161enie bezpe\u010dnosti cestnej prem\u00e1vky, bude nevyhnutn\u00e9 zmeni\u0165, alebo roz\u0161\u00edri\u0165 dve \u010dasti pr\u00e1vneho r\u00e1mca pre schva\u013eovanie a to: zelen\u00e1 farba mus\u00ed by\u0165 schv\u00e1len\u00e1 ako farba LSF na motorov\u00fdch vozidl\u00e1ch brzdov\u00e9 sign\u00e1ly musia by\u0165 povolen\u00e9 aj vpredu V strednodobom horizonte musia by\u0165 tieto kroky dohodnut\u00e9 na medzin\u00e1rodnej \u00farovni, ... \u010eal\u0161ie kroky pre zavedenie\" \/>\n<meta property=\"og:url\" content=\"https:\/\/www.frontbrakelights.com\/sk\/veda-a-vyskum\/pravny-ramec-dalsie-kroky-pre-zavedenie\/\" \/>\n<meta property=\"og:site_name\" content=\"PREDN\u00c9 BRZDOV\u00c9 SVETLO - Ofici\u00e1lna str\u00e1nka\" \/>\n<meta property=\"article:publisher\" content=\"https:\/\/www.facebook.com\/profile.php?id=61552622936436\" \/>\n<meta property=\"article:modified_time\" content=\"2023-11-28T08:34:21+00:00\" \/>\n<meta property=\"og:image\" content=\"https:\/\/www.frontbrakelights.com\/wp-content\/uploads\/2023\/11\/Zlava_Lubomir_Marjak_Milos_Poliak.png\" \/>\n\t<meta property=\"og:image:width\" content=\"2500\" \/>\n\t<meta property=\"og:image:height\" content=\"1401\" \/>\n\t<meta property=\"og:image:type\" content=\"image\/png\" \/>\n<meta name=\"twitter:card\" content=\"summary_large_image\" \/>\n<meta name=\"twitter:label1\" content=\"Predpokladan\u00fd \u010das \u010d\u00edtania\" \/>\n\t<meta name=\"twitter:data1\" content=\"1 min\u00fata\" \/>\n<script type=\"application\/ld+json\" class=\"yoast-schema-graph\">{\"@context\":\"https:\/\/schema.org\",\"@graph\":[{\"@type\":\"WebPage\",\"@id\":\"https:\/\/www.frontbrakelights.com\/sk\/veda-a-vyskum\/pravny-ramec-dalsie-kroky-pre-zavedenie\/\",\"url\":\"https:\/\/www.frontbrakelights.com\/sk\/veda-a-vyskum\/pravny-ramec-dalsie-kroky-pre-zavedenie\/\",\"name\":\"\u010eal\u0161ie kroky pre zavedenie - PREDN\u00c9 BRZDOV\u00c9 SVETLO - Ofici\u00e1lna str\u00e1nka\",\"isPartOf\":{\"@id\":\"https:\/\/www.frontbrakelights.com\/sk\/#website\"},\"datePublished\":\"2023-11-15T07:18:18+00:00\",\"dateModified\":\"2023-11-28T08:34:21+00:00\",\"breadcrumb\":{\"@id\":\"https:\/\/www.frontbrakelights.com\/sk\/veda-a-vyskum\/pravny-ramec-dalsie-kroky-pre-zavedenie\/#breadcrumb\"},\"inLanguage\":\"sk-SK\",\"potentialAction\":[{\"@type\":\"ReadAction\",\"target\":[\"https:\/\/www.frontbrakelights.com\/sk\/veda-a-vyskum\/pravny-ramec-dalsie-kroky-pre-zavedenie\/\"]}]},{\"@type\":\"BreadcrumbList\",\"@id\":\"https:\/\/www.frontbrakelights.com\/sk\/veda-a-vyskum\/pravny-ramec-dalsie-kroky-pre-zavedenie\/#breadcrumb\",\"itemListElement\":[{\"@type\":\"ListItem\",\"position\":1,\"name\":\"Home\",\"item\":\"https:\/\/www.frontbrakelights.com\/sk\/\"},{\"@type\":\"ListItem\",\"position\":2,\"name\":\"Veda a v\u00fdskum\",\"item\":\"https:\/\/www.frontbrakelights.com\/sk\/veda-a-vyskum\/\"},{\"@type\":\"ListItem\",\"position\":3,\"name\":\"\u010eal\u0161ie kroky pre zavedenie\"}]},{\"@type\":\"WebSite\",\"@id\":\"https:\/\/www.frontbrakelights.com\/sk\/#website\",\"url\":\"https:\/\/www.frontbrakelights.com\/sk\/\",\"name\":\"Front brake light\",\"description\":\"FRONT BRAKE LIGHT - Official site\",\"potentialAction\":[{\"@type\":\"SearchAction\",\"target\":{\"@type\":\"EntryPoint\",\"urlTemplate\":\"https:\/\/www.frontbrakelights.com\/sk\/?s={search_term_string}\"},\"query-input\":\"required name=search_term_string\"}],\"inLanguage\":\"sk-SK\"}]}<\/script>\n<!-- \/ Yoast SEO plugin. -->","yoast_head_json":{"title":"\u010eal\u0161ie kroky pre zavedenie - PREDN\u00c9 BRZDOV\u00c9 SVETLO - Ofici\u00e1lna str\u00e1nka","robots":{"index":"index","follow":"follow","max-snippet":"max-snippet:-1","max-image-preview":"max-image-preview:large","max-video-preview":"max-video-preview:-1"},"canonical":"https:\/\/www.frontbrakelights.com\/sk\/veda-a-vyskum\/pravny-ramec-dalsie-kroky-pre-zavedenie\/","og_locale":"sk_SK","og_type":"article","og_title":"\u010eal\u0161ie kroky pre zavedenie - PREDN\u00c9 BRZDOV\u00c9 SVETLO - Ofici\u00e1lna str\u00e1nka","og_description":"Pre zavedenie predn\u00e9ho brzdov\u00e9ho svetla, ako v\u00fdznamn\u00e9ho prvku na zv\u00fd\u0161enie bezpe\u010dnosti cestnej prem\u00e1vky, bude nevyhnutn\u00e9 zmeni\u0165, alebo roz\u0161\u00edri\u0165 dve \u010dasti pr\u00e1vneho r\u00e1mca pre schva\u013eovanie a to: zelen\u00e1 farba mus\u00ed by\u0165 schv\u00e1len\u00e1 ako farba LSF na motorov\u00fdch vozidl\u00e1ch brzdov\u00e9 sign\u00e1ly musia by\u0165 povolen\u00e9 aj vpredu V strednodobom horizonte musia by\u0165 tieto kroky dohodnut\u00e9 na medzin\u00e1rodnej \u00farovni, ... \u010eal\u0161ie kroky pre zavedenie","og_url":"https:\/\/www.frontbrakelights.com\/sk\/veda-a-vyskum\/pravny-ramec-dalsie-kroky-pre-zavedenie\/","og_site_name":"PREDN\u00c9 BRZDOV\u00c9 SVETLO - Ofici\u00e1lna str\u00e1nka","article_publisher":"https:\/\/www.facebook.com\/profile.php?id=61552622936436","article_modified_time":"2023-11-28T08:34:21+00:00","og_image":[{"width":2500,"height":1401,"url":"https:\/\/www.frontbrakelights.com\/wp-content\/uploads\/2023\/11\/Zlava_Lubomir_Marjak_Milos_Poliak.png","type":"image\/png"}],"twitter_card":"summary_large_image","twitter_misc":{"Predpokladan\u00fd \u010das \u010d\u00edtania":"1 min\u00fata"},"schema":{"@context":"https:\/\/schema.org","@graph":[{"@type":"WebPage","@id":"https:\/\/www.frontbrakelights.com\/sk\/veda-a-vyskum\/pravny-ramec-dalsie-kroky-pre-zavedenie\/","url":"https:\/\/www.frontbrakelights.com\/sk\/veda-a-vyskum\/pravny-ramec-dalsie-kroky-pre-zavedenie\/","name":"\u010eal\u0161ie kroky pre zavedenie - PREDN\u00c9 BRZDOV\u00c9 SVETLO - Ofici\u00e1lna str\u00e1nka","isPartOf":{"@id":"https:\/\/www.frontbrakelights.com\/sk\/#website"},"datePublished":"2023-11-15T07:18:18+00:00","dateModified":"2023-11-28T08:34:21+00:00","breadcrumb":{"@id":"https:\/\/www.frontbrakelights.com\/sk\/veda-a-vyskum\/pravny-ramec-dalsie-kroky-pre-zavedenie\/#breadcrumb"},"inLanguage":"sk-SK","potentialAction":[{"@type":"ReadAction","target":["https:\/\/www.frontbrakelights.com\/sk\/veda-a-vyskum\/pravny-ramec-dalsie-kroky-pre-zavedenie\/"]}]},{"@type":"BreadcrumbList","@id":"https:\/\/www.frontbrakelights.com\/sk\/veda-a-vyskum\/pravny-ramec-dalsie-kroky-pre-zavedenie\/#breadcrumb","itemListElement":[{"@type":"ListItem","position":1,"name":"Home","item":"https:\/\/www.frontbrakelights.com\/sk\/"},{"@type":"ListItem","position":2,"name":"Veda a v\u00fdskum","item":"https:\/\/www.frontbrakelights.com\/sk\/veda-a-vyskum\/"},{"@type":"ListItem","position":3,"name":"\u010eal\u0161ie kroky pre zavedenie"}]},{"@type":"WebSite","@id":"https:\/\/www.frontbrakelights.com\/sk\/#website","url":"https:\/\/www.frontbrakelights.com\/sk\/","name":"Front brake light","description":"FRONT BRAKE LIGHT - Official site","potentialAction":[{"@type":"SearchAction","target":{"@type":"EntryPoint","urlTemplate":"https:\/\/www.frontbrakelights.com\/sk\/?s={search_term_string}"},"query-input":"required name=search_term_string"}],"inLanguage":"sk-SK"}]}},"_links":{"self":[{"href":"https:\/\/www.frontbrakelights.com\/sk\/wp-json\/wp\/v2\/pages\/1390","targetHints":{"allow":["GET"]}}],"collection":[{"href":"https:\/\/www.frontbrakelights.com\/sk\/wp-json\/wp\/v2\/pages"}],"about":[{"href":"https:\/\/www.frontbrakelights.com\/sk\/wp-json\/wp\/v2\/types\/page"}],"author":[{"embeddable":true,"href":"https:\/\/www.frontbrakelights.com\/sk\/wp-json\/wp\/v2\/users\/4"}],"replies":[{"embeddable":true,"href":"https:\/\/www.frontbrakelights.com\/sk\/wp-json\/wp\/v2\/comments?post=1390"}],"version-history":[{"count":5,"href":"https:\/\/www.frontbrakelights.com\/sk\/wp-json\/wp\/v2\/pages\/1390\/revisions"}],"predecessor-version":[{"id":1618,"href":"https:\/\/www.frontbrakelights.com\/sk\/wp-json\/wp\/v2\/pages\/1390\/revisions\/1618"}],"up":[{"embeddable":true,"href":"https:\/\/www.frontbrakelights.com\/sk\/wp-json\/wp\/v2\/pages\/1378"}],"wp:featuredmedia":[{"embeddable":true,"href":"https:\/\/www.frontbrakelights.com\/sk\/wp-json\/wp\/v2\/media\/1201"}],"wp:attachment":[{"href":"https:\/\/www.frontbrakelights.com\/sk\/wp-json\/wp\/v2\/media?parent=1390"}],"curies":[{"name":"wp","href":"https:\/\/api.w.org\/{rel}","templated":true}]}}