{"id":1400,"date":"2023-11-14T12:52:59","date_gmt":"2023-11-14T11:52:59","guid":{"rendered":"https:\/\/www.frontbrakelights.com\/veda-a-vyskum\/scope-of-use-and-potential-benefits\/"},"modified":"2023-11-28T09:40:47","modified_gmt":"2023-11-28T08:40:47","slug":"rozsah-pouzitia-a-potencionalne-prinosy","status":"publish","type":"page","link":"https:\/\/www.frontbrakelights.com\/sk\/veda-a-vyskum\/rozsah-pouzitia-a-potencionalne-prinosy\/","title":{"rendered":"Rozsah pou\u017eitia a potencion\u00e1lne pr\u00ednosy"},"content":{"rendered":"<div id=\"pl-1400\"  class=\"panel-layout\" ><div id=\"pg-1400-0\"  class=\"panel-grid panel-no-style\" ><div id=\"pgc-1400-0-0\"  class=\"panel-grid-cell\" ><div id=\"panel-1400-0-0-0\" class=\"so-panel widget widget_sow-editor panel-first-child panel-last-child\" data-index=\"0\" ><div\n\t\t\t\n\t\t\tclass=\"so-widget-sow-editor so-widget-sow-editor-base\"\n\t\t\t\n\t\t>\n<div class=\"siteorigin-widget-tinymce textwidget\">\n\t<h3>Zoznam mo\u017en\u00fdch <span class=\"green\">pr\u00ednosov predn\u00e9ho brzdov\u00e9ho svetla<\/span> zah\u0155\u0148a nieko\u013eko pr\u00edpadov pre zlep\u0161enie komunik\u00e1cie medzi \u00fa\u010dastn\u00edkmi cestnej prem\u00e1vky a t\u00fdm zabezpe\u010duje zlep\u0161enie bezpe\u010dnosti cestnej prem\u00e1vky.<\/h3>\n<p>Tieto pr\u00edpady sa v \u017eiadnom pr\u00edpade neobmedzuj\u00fa na asymetrick\u00e9 vz\u0165ahy (napr\u00edklad vodi\u010d\/chodec). Rovnako, v pr\u00edpade vz\u0165ahu vozidlo\/vozidlo, m\u00e1 predn\u00e9 brzdov\u00e9 svetlo potenci\u00e1l docieli\u0165 komfortnej\u0161iu a bezpe\u010dnej\u0161iu cestn\u00fa prem\u00e1vku.<\/p>\n<p><a class=\"fbl-button\" href=\"https:\/\/www.frontbrakelights.com\/sk\/o-prednych-brzdovych-svetlach\/\">\u010c\u00edtaj viac<\/a><\/p>\n<\/div>\n<\/div><\/div><\/div><div id=\"pgc-1400-0-1\"  class=\"panel-grid-cell\" ><div id=\"panel-1400-0-1-0\" class=\"so-panel widget widget_sow-image panel-first-child panel-last-child\" data-index=\"1\" ><div\n\t\t\t\n\t\t\tclass=\"so-widget-sow-image so-widget-sow-image-default-8b5b6f678277-1400\"\n\t\t\t\n\t\t>\n\n<div class=\"sow-image-container\">\n\t\t<img decoding=\"async\" src=\"https:\/\/www.frontbrakelights.com\/wp-content\/uploads\/2023\/11\/Daniel_Bercel_Predne_brzdove_svetlo-2.jpg\" width=\"2500\" height=\"1667\" srcset=\"https:\/\/www.frontbrakelights.com\/wp-content\/uploads\/2023\/11\/Daniel_Bercel_Predne_brzdove_svetlo-2.jpg 2500w, https:\/\/www.frontbrakelights.com\/wp-content\/uploads\/2023\/11\/Daniel_Bercel_Predne_brzdove_svetlo-2-300x200.jpg 300w, https:\/\/www.frontbrakelights.com\/wp-content\/uploads\/2023\/11\/Daniel_Bercel_Predne_brzdove_svetlo-2-1024x683.jpg 1024w, https:\/\/www.frontbrakelights.com\/wp-content\/uploads\/2023\/11\/Daniel_Bercel_Predne_brzdove_svetlo-2-272x182.jpg 272w\" sizes=\"auto, (max-width: 2500px) 100vw, 2500px\" title=\"Daniel_Bercel_Predne_brzdove_svetlo (2)\" alt=\"\" loading=\"lazy\" \t\tclass=\"so-widget-image\"\/>\n\t<\/div>\n\n<\/div><\/div><\/div><\/div><div id=\"pg-1400-1\"  class=\"panel-grid panel-has-style\" ><div class=\"panel-row-style panel-row-style-for-1400-1\" ><div id=\"pgc-1400-1-0\"  class=\"panel-grid-cell\" ><div id=\"panel-1400-1-0-0\" class=\"so-panel widget widget_sow-editor panel-first-child panel-last-child\" data-index=\"2\" ><div\n\t\t\t\n\t\t\tclass=\"so-widget-sow-editor so-widget-sow-editor-base\"\n\t\t\t\n\t\t>\n<div class=\"siteorigin-widget-tinymce textwidget\">\n\t<h2>O\u010dak\u00e1van\u00e9 hlavn\u00e9 pr\u00ednosy pre v\u0161etk\u00fdch \u00fa\u010dastn\u00edkov cestnej prem\u00e1vky:<\/h2>\n<\/div>\n<\/div><\/div><\/div><div id=\"pgc-1400-1-1\"  class=\"panel-grid-cell\" ><div id=\"panel-1400-1-1-0\" class=\"so-panel widget widget_sow-editor panel-first-child panel-last-child\" data-index=\"3\" ><div\n\t\t\t\n\t\t\tclass=\"so-widget-sow-editor so-widget-sow-editor-base\"\n\t\t\t\n\t\t>\n<div class=\"siteorigin-widget-tinymce textwidget\">\n\t<ul>\n<li>prevencia kol\u00edzi\u00ed v \u0161pecifick\u00fdch situ\u00e1ci\u00e1ch (vi\u010f pr\u00edloha A)<\/li>\n<li>zn\u00ed\u017eenie z\u00e1va\u017enosti neh\u00f4d za pomoci v\u00fdstra\u017enej funkcie (vi\u010f pr\u00edloha B)<\/li>\n<li>zn\u00ed\u017eenie stresu pri veden\u00ed vozidla a t\u00fdm aj zn\u00ed\u017eenie ch\u00fdb sp\u00f4soben\u00fdch vodi\u010dom (vi\u010f pr\u00edloha C)<\/li>\n<li>kompenz\u00e1cia probl\u00e9mov s komunik\u00e1ciou medzi \u00fa\u010dastn\u00edkmi cestnej prem\u00e1vky (najm\u00e4 pri vysoko automatizovan\u00fdch vozidl\u00e1ch)<\/li>\n<\/ul>\n<\/div>\n<\/div><\/div><\/div><\/div><\/div><div id=\"pg-1400-2\"  class=\"panel-grid panel-no-style\" ><div id=\"pgc-1400-2-0\"  class=\"panel-grid-cell\" ><div id=\"panel-1400-2-0-0\" class=\"so-panel widget widget_sow-editor panel-first-child panel-last-child\" data-index=\"4\" ><div\n\t\t\t\n\t\t\tclass=\"so-widget-sow-editor so-widget-sow-editor-base\"\n\t\t\t\n\t\t>\n<div class=\"siteorigin-widget-tinymce textwidget\">\n\t<hr>\n<\/div>\n<\/div><\/div><\/div><\/div><div id=\"pg-1400-3\"  class=\"panel-grid panel-no-style\" ><div id=\"pgc-1400-3-0\"  class=\"panel-grid-cell\" ><div id=\"panel-1400-3-0-0\" class=\"so-panel widget widget_sow-editor panel-first-child panel-last-child\" data-index=\"5\" ><div\n\t\t\t\n\t\t\tclass=\"so-widget-sow-editor so-widget-sow-editor-base\"\n\t\t\t\n\t\t>\n<div class=\"siteorigin-widget-tinymce textwidget\">\n\t<h2>\u010eal\u0161\u00ed v\u00fdskum<\/h2>\n<\/div>\n<\/div><\/div><\/div><div id=\"pgc-1400-3-1\"  class=\"panel-grid-cell\" ><div id=\"panel-1400-3-1-0\" class=\"so-panel widget widget_siteorigin-panels-builder panel-first-child panel-last-child\" data-index=\"6\" ><div class=\"border panel-widget-style panel-widget-style-for-1400-3-1-0\" ><div id=\"pl-w6565a78f86d52\"  class=\"panel-layout\" ><div id=\"pg-w6565a78f86d52-0\"  class=\"panel-grid panel-no-style\" ><div id=\"pgc-w6565a78f86d52-0-0\"  class=\"panel-grid-cell\" ><div id=\"panel-w6565a78f86d52-0-0-0\" class=\"so-panel widget widget_sow-editor panel-first-child panel-last-child\" data-index=\"0\" ><div\n\t\t\t\n\t\t\tclass=\"so-widget-sow-editor so-widget-sow-editor-base\"\n\t\t\t\n\t\t>\n<div class=\"siteorigin-widget-tinymce textwidget\">\n\t<h3>\u010eal\u0161\u00ed v\u00fdskum \u2013 \u0161t\u00fadie a sk\u00fa\u0161ky<\/h3>\n<\/div>\n<\/div><\/div><\/div><\/div><div id=\"pg-w6565a78f86d52-1\"  class=\"panel-grid panel-no-style\" ><div id=\"pgc-w6565a78f86d52-1-0\"  class=\"panel-grid-cell panel-grid-cell-mobile-last\" ><div id=\"panel-w6565a78f86d52-1-0-0\" class=\"so-panel widget widget_sow-editor panel-first-child panel-last-child\" data-index=\"1\" ><div\n\t\t\t\n\t\t\tclass=\"so-widget-sow-editor so-widget-sow-editor-base\"\n\t\t\t\n\t\t>\n<div class=\"siteorigin-widget-tinymce textwidget\">\n\t<p><a class=\"fbl-button\" href=\"https:\/\/www.frontbrakelights.com\/sk\/veda-a-vyskum\/dalsi-vyskum-studie-a-skusky\/\">\u010c\u00edtaj viac<\/a><\/p>\n<\/div>\n<\/div><\/div><\/div><div id=\"pgc-w6565a78f86d52-1-1\"  class=\"panel-grid-cell panel-grid-cell-empty\" ><\/div><\/div><\/div><\/div><\/div><\/div><\/div><\/div>","protected":false},"excerpt":{"rendered":"<p>Zoznam mo\u017en\u00fdch pr\u00ednosov predn\u00e9ho brzdov\u00e9ho svetla zah\u0155\u0148a nieko\u013eko pr\u00edpadov pre zlep\u0161enie komunik\u00e1cie medzi \u00fa\u010dastn\u00edkmi cestnej prem\u00e1vky a t\u00fdm zabezpe\u010duje zlep\u0161enie bezpe\u010dnosti cestnej prem\u00e1vky. Tieto pr\u00edpady sa v \u017eiadnom pr\u00edpade neobmedzuj\u00fa na asymetrick\u00e9 vz\u0165ahy (napr\u00edklad vodi\u010d\/chodec). Rovnako, v pr\u00edpade vz\u0165ahu vozidlo\/vozidlo, m\u00e1 predn\u00e9 brzdov\u00e9 svetlo potenci\u00e1l docieli\u0165 komfortnej\u0161iu a bezpe\u010dnej\u0161iu cestn\u00fa prem\u00e1vku. \u010c\u00edtaj viac O\u010dak\u00e1van\u00e9 hlavn\u00e9 <a href=\"https:\/\/www.frontbrakelights.com\/sk\/veda-a-vyskum\/rozsah-pouzitia-a-potencionalne-prinosy\/\" class=\"more-link\">&#8230;<span class=\"screen-reader-text\">  Rozsah pou\u017eitia a potencion\u00e1lne pr\u00ednosy<\/span><\/a><\/p>\n","protected":false},"author":4,"featured_media":1163,"parent":1378,"menu_order":0,"comment_status":"closed","ping_status":"closed","template":"","meta":{"inline_featured_image":false,"footnotes":""},"class_list":["post-1400","page","type-page","status-publish","has-post-thumbnail","hentry"],"acf":[],"yoast_head":"<!-- This site is optimized with the Yoast SEO plugin v21.5 - https:\/\/yoast.com\/wordpress\/plugins\/seo\/ -->\n<title>Rozsah pou\u017eitia a potencion\u00e1lne pr\u00ednosy - PREDN\u00c9 BRZDOV\u00c9 SVETLO - Ofici\u00e1lna str\u00e1nka<\/title>\n<meta name=\"robots\" content=\"index, follow, max-snippet:-1, max-image-preview:large, max-video-preview:-1\" \/>\n<link rel=\"canonical\" href=\"https:\/\/www.frontbrakelights.com\/sk\/veda-a-vyskum\/rozsah-pouzitia-a-potencionalne-prinosy\/\" \/>\n<meta property=\"og:locale\" content=\"sk_SK\" \/>\n<meta property=\"og:type\" content=\"article\" \/>\n<meta property=\"og:title\" content=\"Rozsah pou\u017eitia a potencion\u00e1lne pr\u00ednosy - PREDN\u00c9 BRZDOV\u00c9 SVETLO - Ofici\u00e1lna str\u00e1nka\" \/>\n<meta property=\"og:description\" content=\"Zoznam mo\u017en\u00fdch pr\u00ednosov predn\u00e9ho brzdov\u00e9ho svetla zah\u0155\u0148a nieko\u013eko pr\u00edpadov pre zlep\u0161enie komunik\u00e1cie medzi \u00fa\u010dastn\u00edkmi cestnej prem\u00e1vky a t\u00fdm zabezpe\u010duje zlep\u0161enie bezpe\u010dnosti cestnej prem\u00e1vky. Tieto pr\u00edpady sa v \u017eiadnom pr\u00edpade neobmedzuj\u00fa na asymetrick\u00e9 vz\u0165ahy (napr\u00edklad vodi\u010d\/chodec). Rovnako, v pr\u00edpade vz\u0165ahu vozidlo\/vozidlo, m\u00e1 predn\u00e9 brzdov\u00e9 svetlo potenci\u00e1l docieli\u0165 komfortnej\u0161iu a bezpe\u010dnej\u0161iu cestn\u00fa prem\u00e1vku. \u010c\u00edtaj viac O\u010dak\u00e1van\u00e9 hlavn\u00e9 ... Rozsah pou\u017eitia a potencion\u00e1lne pr\u00ednosy\" \/>\n<meta property=\"og:url\" content=\"https:\/\/www.frontbrakelights.com\/sk\/veda-a-vyskum\/rozsah-pouzitia-a-potencionalne-prinosy\/\" \/>\n<meta property=\"og:site_name\" content=\"PREDN\u00c9 BRZDOV\u00c9 SVETLO - Ofici\u00e1lna str\u00e1nka\" \/>\n<meta property=\"article:publisher\" content=\"https:\/\/www.facebook.com\/profile.php?id=61552622936436\" \/>\n<meta property=\"article:modified_time\" content=\"2023-11-28T08:40:47+00:00\" \/>\n<meta property=\"og:image\" content=\"https:\/\/www.frontbrakelights.com\/wp-content\/uploads\/2023\/11\/Titulka_Predne_brzdove_svetlo.png\" \/>\n\t<meta property=\"og:image:width\" content=\"2500\" \/>\n\t<meta property=\"og:image:height\" content=\"1401\" \/>\n\t<meta property=\"og:image:type\" content=\"image\/png\" \/>\n<meta name=\"twitter:card\" content=\"summary_large_image\" \/>\n<meta name=\"twitter:label1\" content=\"Predpokladan\u00fd \u010das \u010d\u00edtania\" \/>\n\t<meta name=\"twitter:data1\" content=\"1 min\u00fata\" \/>\n<script type=\"application\/ld+json\" class=\"yoast-schema-graph\">{\"@context\":\"https:\/\/schema.org\",\"@graph\":[{\"@type\":\"WebPage\",\"@id\":\"https:\/\/www.frontbrakelights.com\/sk\/veda-a-vyskum\/rozsah-pouzitia-a-potencionalne-prinosy\/\",\"url\":\"https:\/\/www.frontbrakelights.com\/sk\/veda-a-vyskum\/rozsah-pouzitia-a-potencionalne-prinosy\/\",\"name\":\"Rozsah pou\u017eitia a potencion\u00e1lne pr\u00ednosy - PREDN\u00c9 BRZDOV\u00c9 SVETLO - Ofici\u00e1lna str\u00e1nka\",\"isPartOf\":{\"@id\":\"https:\/\/www.frontbrakelights.com\/sk\/#website\"},\"datePublished\":\"2023-11-14T11:52:59+00:00\",\"dateModified\":\"2023-11-28T08:40:47+00:00\",\"breadcrumb\":{\"@id\":\"https:\/\/www.frontbrakelights.com\/sk\/veda-a-vyskum\/rozsah-pouzitia-a-potencionalne-prinosy\/#breadcrumb\"},\"inLanguage\":\"sk-SK\",\"potentialAction\":[{\"@type\":\"ReadAction\",\"target\":[\"https:\/\/www.frontbrakelights.com\/sk\/veda-a-vyskum\/rozsah-pouzitia-a-potencionalne-prinosy\/\"]}]},{\"@type\":\"BreadcrumbList\",\"@id\":\"https:\/\/www.frontbrakelights.com\/sk\/veda-a-vyskum\/rozsah-pouzitia-a-potencionalne-prinosy\/#breadcrumb\",\"itemListElement\":[{\"@type\":\"ListItem\",\"position\":1,\"name\":\"Home\",\"item\":\"https:\/\/www.frontbrakelights.com\/sk\/\"},{\"@type\":\"ListItem\",\"position\":2,\"name\":\"Veda a v\u00fdskum\",\"item\":\"https:\/\/www.frontbrakelights.com\/sk\/veda-a-vyskum\/\"},{\"@type\":\"ListItem\",\"position\":3,\"name\":\"Rozsah pou\u017eitia a potencion\u00e1lne pr\u00ednosy\"}]},{\"@type\":\"WebSite\",\"@id\":\"https:\/\/www.frontbrakelights.com\/sk\/#website\",\"url\":\"https:\/\/www.frontbrakelights.com\/sk\/\",\"name\":\"Front brake light\",\"description\":\"FRONT BRAKE LIGHT - Official site\",\"potentialAction\":[{\"@type\":\"SearchAction\",\"target\":{\"@type\":\"EntryPoint\",\"urlTemplate\":\"https:\/\/www.frontbrakelights.com\/sk\/?s={search_term_string}\"},\"query-input\":\"required name=search_term_string\"}],\"inLanguage\":\"sk-SK\"}]}<\/script>\n<!-- \/ Yoast SEO plugin. -->","yoast_head_json":{"title":"Rozsah pou\u017eitia a potencion\u00e1lne pr\u00ednosy - PREDN\u00c9 BRZDOV\u00c9 SVETLO - Ofici\u00e1lna str\u00e1nka","robots":{"index":"index","follow":"follow","max-snippet":"max-snippet:-1","max-image-preview":"max-image-preview:large","max-video-preview":"max-video-preview:-1"},"canonical":"https:\/\/www.frontbrakelights.com\/sk\/veda-a-vyskum\/rozsah-pouzitia-a-potencionalne-prinosy\/","og_locale":"sk_SK","og_type":"article","og_title":"Rozsah pou\u017eitia a potencion\u00e1lne pr\u00ednosy - PREDN\u00c9 BRZDOV\u00c9 SVETLO - Ofici\u00e1lna str\u00e1nka","og_description":"Zoznam mo\u017en\u00fdch pr\u00ednosov predn\u00e9ho brzdov\u00e9ho svetla zah\u0155\u0148a nieko\u013eko pr\u00edpadov pre zlep\u0161enie komunik\u00e1cie medzi \u00fa\u010dastn\u00edkmi cestnej prem\u00e1vky a t\u00fdm zabezpe\u010duje zlep\u0161enie bezpe\u010dnosti cestnej prem\u00e1vky. Tieto pr\u00edpady sa v \u017eiadnom pr\u00edpade neobmedzuj\u00fa na asymetrick\u00e9 vz\u0165ahy (napr\u00edklad vodi\u010d\/chodec). Rovnako, v pr\u00edpade vz\u0165ahu vozidlo\/vozidlo, m\u00e1 predn\u00e9 brzdov\u00e9 svetlo potenci\u00e1l docieli\u0165 komfortnej\u0161iu a bezpe\u010dnej\u0161iu cestn\u00fa prem\u00e1vku. \u010c\u00edtaj viac O\u010dak\u00e1van\u00e9 hlavn\u00e9 ... Rozsah pou\u017eitia a potencion\u00e1lne pr\u00ednosy","og_url":"https:\/\/www.frontbrakelights.com\/sk\/veda-a-vyskum\/rozsah-pouzitia-a-potencionalne-prinosy\/","og_site_name":"PREDN\u00c9 BRZDOV\u00c9 SVETLO - Ofici\u00e1lna str\u00e1nka","article_publisher":"https:\/\/www.facebook.com\/profile.php?id=61552622936436","article_modified_time":"2023-11-28T08:40:47+00:00","og_image":[{"width":2500,"height":1401,"url":"https:\/\/www.frontbrakelights.com\/wp-content\/uploads\/2023\/11\/Titulka_Predne_brzdove_svetlo.png","type":"image\/png"}],"twitter_card":"summary_large_image","twitter_misc":{"Predpokladan\u00fd \u010das \u010d\u00edtania":"1 min\u00fata"},"schema":{"@context":"https:\/\/schema.org","@graph":[{"@type":"WebPage","@id":"https:\/\/www.frontbrakelights.com\/sk\/veda-a-vyskum\/rozsah-pouzitia-a-potencionalne-prinosy\/","url":"https:\/\/www.frontbrakelights.com\/sk\/veda-a-vyskum\/rozsah-pouzitia-a-potencionalne-prinosy\/","name":"Rozsah pou\u017eitia a potencion\u00e1lne pr\u00ednosy - PREDN\u00c9 BRZDOV\u00c9 SVETLO - Ofici\u00e1lna str\u00e1nka","isPartOf":{"@id":"https:\/\/www.frontbrakelights.com\/sk\/#website"},"datePublished":"2023-11-14T11:52:59+00:00","dateModified":"2023-11-28T08:40:47+00:00","breadcrumb":{"@id":"https:\/\/www.frontbrakelights.com\/sk\/veda-a-vyskum\/rozsah-pouzitia-a-potencionalne-prinosy\/#breadcrumb"},"inLanguage":"sk-SK","potentialAction":[{"@type":"ReadAction","target":["https:\/\/www.frontbrakelights.com\/sk\/veda-a-vyskum\/rozsah-pouzitia-a-potencionalne-prinosy\/"]}]},{"@type":"BreadcrumbList","@id":"https:\/\/www.frontbrakelights.com\/sk\/veda-a-vyskum\/rozsah-pouzitia-a-potencionalne-prinosy\/#breadcrumb","itemListElement":[{"@type":"ListItem","position":1,"name":"Home","item":"https:\/\/www.frontbrakelights.com\/sk\/"},{"@type":"ListItem","position":2,"name":"Veda a v\u00fdskum","item":"https:\/\/www.frontbrakelights.com\/sk\/veda-a-vyskum\/"},{"@type":"ListItem","position":3,"name":"Rozsah pou\u017eitia a potencion\u00e1lne pr\u00ednosy"}]},{"@type":"WebSite","@id":"https:\/\/www.frontbrakelights.com\/sk\/#website","url":"https:\/\/www.frontbrakelights.com\/sk\/","name":"Front brake light","description":"FRONT BRAKE LIGHT - Official site","potentialAction":[{"@type":"SearchAction","target":{"@type":"EntryPoint","urlTemplate":"https:\/\/www.frontbrakelights.com\/sk\/?s={search_term_string}"},"query-input":"required name=search_term_string"}],"inLanguage":"sk-SK"}]}},"_links":{"self":[{"href":"https:\/\/www.frontbrakelights.com\/sk\/wp-json\/wp\/v2\/pages\/1400","targetHints":{"allow":["GET"]}}],"collection":[{"href":"https:\/\/www.frontbrakelights.com\/sk\/wp-json\/wp\/v2\/pages"}],"about":[{"href":"https:\/\/www.frontbrakelights.com\/sk\/wp-json\/wp\/v2\/types\/page"}],"author":[{"embeddable":true,"href":"https:\/\/www.frontbrakelights.com\/sk\/wp-json\/wp\/v2\/users\/4"}],"replies":[{"embeddable":true,"href":"https:\/\/www.frontbrakelights.com\/sk\/wp-json\/wp\/v2\/comments?post=1400"}],"version-history":[{"count":6,"href":"https:\/\/www.frontbrakelights.com\/sk\/wp-json\/wp\/v2\/pages\/1400\/revisions"}],"predecessor-version":[{"id":1620,"href":"https:\/\/www.frontbrakelights.com\/sk\/wp-json\/wp\/v2\/pages\/1400\/revisions\/1620"}],"up":[{"embeddable":true,"href":"https:\/\/www.frontbrakelights.com\/sk\/wp-json\/wp\/v2\/pages\/1378"}],"wp:featuredmedia":[{"embeddable":true,"href":"https:\/\/www.frontbrakelights.com\/sk\/wp-json\/wp\/v2\/media\/1163"}],"wp:attachment":[{"href":"https:\/\/www.frontbrakelights.com\/sk\/wp-json\/wp\/v2\/media?parent=1400"}],"curies":[{"name":"wp","href":"https:\/\/api.w.org\/{rel}","templated":true}]}}