{"id":1404,"date":"2023-11-14T15:46:05","date_gmt":"2023-11-14T14:46:05","guid":{"rendered":"https:\/\/www.frontbrakelights.com\/veda-a-vyskum\/easy-to-implement-from-a-technical-point-of-view\/"},"modified":"2023-11-24T13:38:35","modified_gmt":"2023-11-24T12:38:35","slug":"jednoduche-zavedenie-z-technickeho-hladiska","status":"publish","type":"page","link":"https:\/\/www.frontbrakelights.com\/sk\/veda-a-vyskum\/jednoduche-zavedenie-z-technickeho-hladiska\/","title":{"rendered":"Z technick\u00e9ho h\u013eadiska"},"content":{"rendered":"<div id=\"pl-1404\"  class=\"panel-layout\" ><div id=\"pg-1404-0\"  class=\"panel-grid panel-no-style\" ><div id=\"pgc-1404-0-0\"  class=\"panel-grid-cell\" ><div id=\"panel-1404-0-0-0\" class=\"so-panel widget widget_sow-editor panel-first-child panel-last-child\" data-index=\"0\" ><div\n\t\t\t\n\t\t\tclass=\"so-widget-sow-editor so-widget-sow-editor-base\"\n\t\t\t\n\t\t>\n<div class=\"siteorigin-widget-tinymce textwidget\">\n\t<h4>Pri koncepcii nov\u00e9ho LSF na motorov\u00fdch vozidl\u00e1ch je v\u017edy na mieste ot\u00e1zka vhodnej farby svetla, ktor\u00e1 m\u00e1 by\u0165 pou\u017eit\u00e1 \u2013 a to ako z pr\u00e1vneho, tak aj z faktick\u00e9ho h\u013eadiska.<\/h4>\n<p>Vzh\u013eadom  na to, \u017ee ostatn\u00e9 farby s\u00fa u\u017e leg\u00e1lne priraden\u00e9 k \u0161pecifick\u00fdm situ\u00e1ci\u00e1m, alebo k \u0161peci\u00e1lnym typom vozidiel, do \u00favahy prich\u00e1dza len pou\u017eitie zelenej, alebo bielej farby. <\/p>\n<p>Vzh\u013eadom u\u017e k existuj\u00facemu vysok\u00e9mu po\u010dtu a rozsahu vari\u00e1ci\u00ed vpred p\u00f4sobiacich sign\u00e1lov bieleho svetla (stret\u00e1vacie svetl\u00e1, dia\u013ekov\u00e9 svetl\u00e1, hmlovky a podobne), by pou\u017eitie bieleho predn\u00e9ho brzdov\u00e9ho svetla mohlo prispie\u0165 k prij\u00edmaniu nejednozna\u010dn\u00fdch inform\u00e1ci\u00ed, \u010d\u00edm by sa anuloval jeho pr\u00ednos pre bezpe\u010dnos\u0165 cestnej prem\u00e1vky. <\/p>\n<\/div>\n<\/div><\/div><\/div><div id=\"pgc-1404-0-1\"  class=\"panel-grid-cell\" ><div id=\"panel-1404-0-1-0\" class=\"so-panel widget widget_sow-image panel-first-child panel-last-child\" data-index=\"1\" ><div\n\t\t\t\n\t\t\tclass=\"so-widget-sow-image so-widget-sow-image-default-8b5b6f678277-1404\"\n\t\t\t\n\t\t>\n\n<div class=\"sow-image-container\">\n\t\t<img decoding=\"async\" src=\"https:\/\/www.frontbrakelights.com\/wp-content\/uploads\/2023\/11\/Daniel_Bercel_predne_brzdove_svetlo.jpg\" width=\"2500\" height=\"1667\" srcset=\"https:\/\/www.frontbrakelights.com\/wp-content\/uploads\/2023\/11\/Daniel_Bercel_predne_brzdove_svetlo.jpg 2500w, https:\/\/www.frontbrakelights.com\/wp-content\/uploads\/2023\/11\/Daniel_Bercel_predne_brzdove_svetlo-300x200.jpg 300w, https:\/\/www.frontbrakelights.com\/wp-content\/uploads\/2023\/11\/Daniel_Bercel_predne_brzdove_svetlo-1024x683.jpg 1024w, https:\/\/www.frontbrakelights.com\/wp-content\/uploads\/2023\/11\/Daniel_Bercel_predne_brzdove_svetlo-272x182.jpg 272w\" sizes=\"auto, (max-width: 2500px) 100vw, 2500px\" alt=\"\" loading=\"lazy\" \t\tclass=\"so-widget-image\"\/>\n\t<\/div>\n\n<\/div><\/div><\/div><\/div><div id=\"pg-1404-1\"  class=\"panel-grid panel-has-style\" ><div class=\"panel-row-style panel-row-style-for-1404-1\" ><div id=\"pgc-1404-1-0\"  class=\"panel-grid-cell\" ><div id=\"panel-1404-1-0-0\" class=\"so-panel widget widget_sow-image panel-first-child panel-last-child\" data-index=\"2\" ><div\n\t\t\t\n\t\t\tclass=\"so-widget-sow-image so-widget-sow-image-default-8b5b6f678277-1404\"\n\t\t\t\n\t\t>\n\n<div class=\"sow-image-container\">\n\t\t<img decoding=\"async\" src=\"https:\/\/www.frontbrakelights.com\/wp-content\/uploads\/2023\/11\/DSC9160.jpg\" width=\"1200\" height=\"800\" srcset=\"https:\/\/www.frontbrakelights.com\/wp-content\/uploads\/2023\/11\/DSC9160.jpg 1200w, https:\/\/www.frontbrakelights.com\/wp-content\/uploads\/2023\/11\/DSC9160-300x200.jpg 300w, https:\/\/www.frontbrakelights.com\/wp-content\/uploads\/2023\/11\/DSC9160-1024x683.jpg 1024w, https:\/\/www.frontbrakelights.com\/wp-content\/uploads\/2023\/11\/DSC9160-272x182.jpg 272w\" sizes=\"auto, (max-width: 1200px) 100vw, 1200px\" alt=\"\" loading=\"lazy\" \t\tclass=\"so-widget-image\"\/>\n\t<\/div>\n\n<\/div><\/div><\/div><div id=\"pgc-1404-1-1\"  class=\"panel-grid-cell\" ><div id=\"panel-1404-1-1-0\" class=\"so-panel widget widget_sow-editor panel-first-child panel-last-child\" data-index=\"3\" ><div\n\t\t\t\n\t\t\tclass=\"so-widget-sow-editor so-widget-sow-editor-base\"\n\t\t\t\n\t\t>\n<div class=\"siteorigin-widget-tinymce textwidget\">\n\t<h3>Zelen\u00e1 farba sa v\u0161ak doposia\u013e nepou\u017e\u00edva pre LSF na motorov\u00fdch vozidl\u00e1ch a pon\u00faka tak v\u00fdhodu jednozna\u010dnosti a r\u00fdchlej identifik\u00e1cie vysielan\u00e9ho sveteln\u00e9ho sign\u00e1lu. <\/h3>\n<p>Okrem toho, je t\u00e1to farba dobre zn\u00e1ma z prostredia cestnej prem\u00e1vky (napr\u00edklad na semaforoch). Oproti in\u00fdm farb\u00e1m je zelen\u00e1 farba, pre \u00fa\u010dely predn\u00e9ho brzdov\u00e9ho svetla, podporen\u00e1 aj psychologick\u00fdmi h\u013eadiskami, najm\u00e4  \u010do sa t\u00fdka \u010dervenej farby. <\/p>\n<p>Predpoklad\u00e1 sa, \u017ee predn\u00e9 brzdov\u00e9 svetlo bude spojen\u00e9 priamo so zadn\u00fdmi brzdov\u00fdm svetlami, a preto je potrebn\u00e9 k inak identick\u00fdm obvodom v riadiacej jednotke (jednotk\u00e1m) pripoji\u0165 len jedno \u010fal\u0161ie zariadenie. <\/p>\n<\/div>\n<\/div><\/div><\/div><\/div><\/div><div id=\"pg-1404-2\"  class=\"panel-grid panel-has-style\" ><div class=\"panel-row-style panel-row-style-for-1404-2\" ><div id=\"pgc-1404-2-0\"  class=\"panel-grid-cell\" ><div id=\"panel-1404-2-0-0\" class=\"so-panel widget widget_sow-editor panel-first-child panel-last-child\" data-index=\"4\" ><div class=\"panel-widget-style panel-widget-style-for-1404-2-0-0\" ><div\n\t\t\t\n\t\t\tclass=\"so-widget-sow-editor so-widget-sow-editor-base\"\n\t\t\t\n\t\t>\n<div class=\"siteorigin-widget-tinymce textwidget\">\n\t<h4>Pokia\u013e ide o kon\u0161trukciu predn\u00e9ho brzdov\u00e9ho svetla, existuje nieko\u013eko variantov, v z\u00e1vislosti na type vozidla a jeho kon\u0161trukcii. Implement\u00e1cia predn\u00e9ho brzdov\u00e9ho svetla do u\u017e existuj\u00facich technick\u00fdch koncepci\u00ed vozidiel je preto z technick\u00e9ho h\u013eadiska jednoduch\u0161ia.<\/h4>\n<p><a class=\"fbl-button\" href=\"https:\/\/www.frontbrakelights.com\/sk\/o-prednych-brzdovych-svetlach\/\">\u010c\u00edtaj viac<\/a><\/p>\n<\/div>\n<\/div><\/div><\/div><\/div><div id=\"pgc-1404-2-1\"  class=\"panel-grid-cell\" ><div id=\"panel-1404-2-1-0\" class=\"so-panel widget widget_sow-editor panel-first-child panel-last-child\" data-index=\"5\" ><div\n\t\t\t\n\t\t\tclass=\"so-widget-sow-editor so-widget-sow-editor-base\"\n\t\t\t\n\t\t>\n<div class=\"siteorigin-widget-tinymce textwidget\">\n\t<p>Spr\u00e1va Eur\u00f3pskeho parlamentu s n\u00e1zvom Z\u00e1chrana \u017eivotov: Zv\u00fd\u0161enie bezpe\u010dnosti automobilov v E\u00da vydan\u00e1 v roku 2017 v r\u00e1mci rozsiahleho prieskumu prostriedkov a po\u017eiadaviek na zv\u00fd\u0161enie bezpe\u010dnosti cestnej prem\u00e1vky zd\u00f4raz\u0148uje \u017ee:<\/p>\n<p>\u201eAby sa zv\u00fd\u0161ila bezpe\u010dnos\u0165 cestnej prem\u00e1vky, malo by by\u0165 u\u013eah\u010den\u00e9 vn\u00edmanie spomalenia vozidiel ostatn\u00fdmi \u00fa\u010dastn\u00edkmi cestnej prem\u00e1vky pomocou jasn\u00fdch sign\u00e1lnych svetiel na vozidl\u00e1ch. O\u010dak\u00e1va sa povinn\u00e9 pou\u017e\u00edvanie indik\u00e1torov n\u00fadzov\u00e9ho brzdenia vo forme blikaj\u00facich brzdov\u00fdch svetiel, alebo blikaj\u00facich v\u00fdstra\u017en\u00fdch svetiel.\u201c [\u010d. 37].<\/p>\n<p>Zmienka o sign\u00e1lnych svetl\u00e1ch ur\u010den\u00fdch na signaliz\u00e1ciu spomalenia obecne, ktor\u00e1 sa neobmedzuje len na n\u00fadzov\u00e9 brzdenie, d\u00e1va siln\u00fd n\u00e1znak potreby trvalej a pravidelnej signaliz\u00e1cie vpredu, vzh\u013eadom  na to, \u017ee zadn\u00e1 signaliz\u00e1cia spomalenia existuje u\u017e dlh\u00e9 obdobie. <\/p>\n<p>Predlo\u017een\u00e1 koncepcia predn\u00e9ho brzdov\u00e9ho svetla je teda \u00faplne v s\u00falade s t\u00fdmito stanoven\u00fdmi cie\u013emi najm\u00e4 preto, \u017ee pou\u017eitie zelenej farby poskytuje po\u017eadovan\u00fa jedine\u010dnos\u0165 sign\u00e1lu. <\/p>\n<\/div>\n<\/div><\/div><\/div><\/div><\/div><div id=\"pg-1404-3\"  class=\"panel-grid panel-no-style\" ><div id=\"pgc-1404-3-0\"  class=\"panel-grid-cell\" ><div id=\"panel-1404-3-0-0\" class=\"so-panel widget widget_sow-editor panel-first-child panel-last-child\" data-index=\"6\" ><div\n\t\t\t\n\t\t\tclass=\"so-widget-sow-editor so-widget-sow-editor-base\"\n\t\t\t\n\t\t>\n<div class=\"siteorigin-widget-tinymce textwidget\">\n\t<p><strong>Z\u00e1rove\u0148 boli v tejto spr\u00e1ve spomenut\u00e9 bud\u00face po\u017eiadavky pre povinn\u00e9 asisten\u010dn\u00e9 syst\u00e9my pre vodi\u010dov. Hoci je v s\u00fa\u010dasnej dobe zavedenie predn\u00e9ho brzdov\u00e9ho svetla pl\u00e1novan\u00e9 len na b\u00e1ze dobrovo\u013en\u00e9ho pou\u017e\u00edvania, je mo\u017en\u00e9 z tejto spr\u00e1vy vyvodi\u0165, \u017ee syst\u00e9m spl\u0148uj\u00faci tieto po\u017eiadavky je v s\u00falade s cie\u013emi E\u00da a to najm\u00e4 preto, \u017ee:<\/strong><\/p>\n<ul>\n<li>existuj\u00fa vedeck\u00e9 d\u00f4kazy o v\u00fdznamnom pr\u00ednose k zv\u00fd\u0161eniu bezpe\u010dnosti cestnej prem\u00e1vky<\/li>\n<li>prin\u00e1\u0161a pozit\u00edvny pomer n\u00e1kladov a v\u00fdnosov<\/li>\n<li>neexistuje \u017eiadna v\u00fdrazn\u00e1 finan\u010dn\u00e1 z\u00e1\u0165a\u017e pre ob\u010danov (zvy\u0161ovanie cien)<\/li>\n<li>mo\u017enos\u0165 integr\u00e1cie do periodickej technickej kontroly<\/li>\n<\/ul>\n<\/div>\n<\/div><\/div><\/div><div id=\"pgc-1404-3-1\"  class=\"panel-grid-cell\" ><div id=\"panel-1404-3-1-0\" class=\"so-panel widget widget_sow-image panel-first-child panel-last-child\" data-index=\"7\" ><div\n\t\t\t\n\t\t\tclass=\"so-widget-sow-image so-widget-sow-image-default-8b5b6f678277-1404\"\n\t\t\t\n\t\t>\n\n<div class=\"sow-image-container\">\n\t\t<img decoding=\"async\" src=\"https:\/\/www.frontbrakelights.com\/wp-content\/uploads\/2023\/11\/DSC9023.jpg\" width=\"1200\" height=\"800\" srcset=\"https:\/\/www.frontbrakelights.com\/wp-content\/uploads\/2023\/11\/DSC9023.jpg 1200w, https:\/\/www.frontbrakelights.com\/wp-content\/uploads\/2023\/11\/DSC9023-300x200.jpg 300w, https:\/\/www.frontbrakelights.com\/wp-content\/uploads\/2023\/11\/DSC9023-1024x683.jpg 1024w, https:\/\/www.frontbrakelights.com\/wp-content\/uploads\/2023\/11\/DSC9023-272x182.jpg 272w\" sizes=\"auto, (max-width: 1200px) 100vw, 1200px\" alt=\"\" loading=\"lazy\" \t\tclass=\"so-widget-image\"\/>\n\t<\/div>\n\n<\/div><\/div><\/div><\/div><div id=\"pg-1404-4\"  class=\"panel-grid panel-no-style\" ><div id=\"pgc-1404-4-0\"  class=\"panel-grid-cell\" ><div id=\"panel-1404-4-0-0\" class=\"so-panel widget widget_sow-editor panel-first-child panel-last-child\" data-index=\"8\" ><div\n\t\t\t\n\t\t\tclass=\"so-widget-sow-editor so-widget-sow-editor-base\"\n\t\t\t\n\t\t>\n<div class=\"siteorigin-widget-tinymce textwidget\">\n\t<p><\/p>\n<hr \/>\n<\/div>\n<\/div><\/div><\/div><\/div><div id=\"pg-1404-5\"  class=\"panel-grid panel-no-style\" ><div id=\"pgc-1404-5-0\"  class=\"panel-grid-cell\" ><div id=\"panel-1404-5-0-0\" class=\"so-panel widget widget_sow-editor panel-first-child panel-last-child\" data-index=\"9\" ><div\n\t\t\t\n\t\t\tclass=\"so-widget-sow-editor so-widget-sow-editor-base\"\n\t\t\t\n\t\t>\n<div class=\"siteorigin-widget-tinymce textwidget\">\n\t<h2>\u010eal\u0161\u00ed v\u00fdskum<\/h2>\n<\/div>\n<\/div><\/div><\/div><div id=\"pgc-1404-5-1\"  class=\"panel-grid-cell\" ><div id=\"panel-1404-5-1-0\" class=\"so-panel widget widget_siteorigin-panels-builder panel-first-child panel-last-child\" data-index=\"10\" ><div class=\"border panel-widget-style panel-widget-style-for-1404-5-1-0\" ><div id=\"pl-w6560991f664b2\"  class=\"panel-layout\" ><div id=\"pg-w6560991f664b2-0\"  class=\"panel-grid panel-no-style\" ><div id=\"pgc-w6560991f664b2-0-0\"  class=\"panel-grid-cell\" ><div id=\"panel-w6560991f664b2-0-0-0\" class=\"so-panel widget widget_sow-editor panel-first-child panel-last-child\" data-index=\"0\" ><div\n\t\t\t\n\t\t\tclass=\"so-widget-sow-editor so-widget-sow-editor-base\"\n\t\t\t\n\t\t>\n<div class=\"siteorigin-widget-tinymce textwidget\">\n\t<h3>Predbe\u017en\u00e9 v\u00fdsledky<\/h3>\n<\/div>\n<\/div><\/div><\/div><\/div><div id=\"pg-w6560991f664b2-1\"  class=\"panel-grid panel-no-style\" ><div id=\"pgc-w6560991f664b2-1-0\"  class=\"panel-grid-cell panel-grid-cell-mobile-last\" ><div id=\"panel-w6560991f664b2-1-0-0\" class=\"so-panel widget widget_sow-editor panel-first-child panel-last-child\" data-index=\"1\" ><div\n\t\t\t\n\t\t\tclass=\"so-widget-sow-editor so-widget-sow-editor-base\"\n\t\t\t\n\t\t>\n<div class=\"siteorigin-widget-tinymce textwidget\">\n\t<p><a class=\"fbl-button\" href=\"https:\/\/www.frontbrakelights.com\/sk\/veda-a-vyskum\/predbezne-vysledky\/\">\u010c\u00edtaj viac<\/a><\/p>\n<\/div>\n<\/div><\/div><\/div><div id=\"pgc-w6560991f664b2-1-1\"  class=\"panel-grid-cell panel-grid-cell-empty\" ><\/div><\/div><\/div><\/div><\/div><\/div><\/div><\/div>","protected":false},"excerpt":{"rendered":"<p>Pri koncepcii nov\u00e9ho LSF na motorov\u00fdch vozidl\u00e1ch je v\u017edy na mieste ot\u00e1zka vhodnej farby svetla, ktor\u00e1 m\u00e1 by\u0165 pou\u017eit\u00e1 \u2013 a to ako z pr\u00e1vneho, tak aj z faktick\u00e9ho h\u013eadiska. Vzh\u013eadom na to, \u017ee ostatn\u00e9 farby s\u00fa u\u017e leg\u00e1lne priraden\u00e9 k \u0161pecifick\u00fdm situ\u00e1ci\u00e1m, alebo k \u0161peci\u00e1lnym typom vozidiel, do \u00favahy prich\u00e1dza len pou\u017eitie zelenej, alebo <a href=\"https:\/\/www.frontbrakelights.com\/sk\/veda-a-vyskum\/jednoduche-zavedenie-z-technickeho-hladiska\/\" class=\"more-link\">&#8230;<span class=\"screen-reader-text\">  Z technick\u00e9ho h\u013eadiska<\/span><\/a><\/p>\n","protected":false},"author":4,"featured_media":1163,"parent":1378,"menu_order":0,"comment_status":"closed","ping_status":"closed","template":"","meta":{"inline_featured_image":false,"footnotes":""},"class_list":["post-1404","page","type-page","status-publish","has-post-thumbnail","hentry"],"acf":[],"yoast_head":"<!-- This site is optimized with the Yoast SEO plugin v21.5 - https:\/\/yoast.com\/wordpress\/plugins\/seo\/ -->\n<title>Z technick\u00e9ho h\u013eadiska - PREDN\u00c9 BRZDOV\u00c9 SVETLO - Ofici\u00e1lna str\u00e1nka<\/title>\n<meta name=\"robots\" content=\"index, follow, max-snippet:-1, max-image-preview:large, max-video-preview:-1\" \/>\n<link rel=\"canonical\" href=\"https:\/\/www.frontbrakelights.com\/sk\/veda-a-vyskum\/jednoduche-zavedenie-z-technickeho-hladiska\/\" \/>\n<meta property=\"og:locale\" content=\"sk_SK\" \/>\n<meta property=\"og:type\" content=\"article\" \/>\n<meta property=\"og:title\" content=\"Z technick\u00e9ho h\u013eadiska - PREDN\u00c9 BRZDOV\u00c9 SVETLO - Ofici\u00e1lna str\u00e1nka\" \/>\n<meta property=\"og:description\" content=\"Pri koncepcii nov\u00e9ho LSF na motorov\u00fdch vozidl\u00e1ch je v\u017edy na mieste ot\u00e1zka vhodnej farby svetla, ktor\u00e1 m\u00e1 by\u0165 pou\u017eit\u00e1 \u2013 a to ako z pr\u00e1vneho, tak aj z faktick\u00e9ho h\u013eadiska. Vzh\u013eadom na to, \u017ee ostatn\u00e9 farby s\u00fa u\u017e leg\u00e1lne priraden\u00e9 k \u0161pecifick\u00fdm situ\u00e1ci\u00e1m, alebo k \u0161peci\u00e1lnym typom vozidiel, do \u00favahy prich\u00e1dza len pou\u017eitie zelenej, alebo ... Z technick\u00e9ho h\u013eadiska\" \/>\n<meta property=\"og:url\" content=\"https:\/\/www.frontbrakelights.com\/sk\/veda-a-vyskum\/jednoduche-zavedenie-z-technickeho-hladiska\/\" \/>\n<meta property=\"og:site_name\" content=\"PREDN\u00c9 BRZDOV\u00c9 SVETLO - Ofici\u00e1lna str\u00e1nka\" \/>\n<meta property=\"article:publisher\" content=\"https:\/\/www.facebook.com\/profile.php?id=61552622936436\" \/>\n<meta property=\"article:modified_time\" content=\"2023-11-24T12:38:35+00:00\" \/>\n<meta property=\"og:image\" content=\"https:\/\/www.frontbrakelights.com\/wp-content\/uploads\/2023\/11\/Titulka_Predne_brzdove_svetlo.png\" \/>\n\t<meta property=\"og:image:width\" content=\"2500\" \/>\n\t<meta property=\"og:image:height\" content=\"1401\" \/>\n\t<meta property=\"og:image:type\" content=\"image\/png\" \/>\n<meta name=\"twitter:card\" content=\"summary_large_image\" \/>\n<meta name=\"twitter:label1\" content=\"Predpokladan\u00fd \u010das \u010d\u00edtania\" \/>\n\t<meta name=\"twitter:data1\" content=\"3 min\u00faty\" \/>\n<script type=\"application\/ld+json\" class=\"yoast-schema-graph\">{\"@context\":\"https:\/\/schema.org\",\"@graph\":[{\"@type\":\"WebPage\",\"@id\":\"https:\/\/www.frontbrakelights.com\/sk\/veda-a-vyskum\/jednoduche-zavedenie-z-technickeho-hladiska\/\",\"url\":\"https:\/\/www.frontbrakelights.com\/sk\/veda-a-vyskum\/jednoduche-zavedenie-z-technickeho-hladiska\/\",\"name\":\"Z technick\u00e9ho h\u013eadiska - PREDN\u00c9 BRZDOV\u00c9 SVETLO - Ofici\u00e1lna str\u00e1nka\",\"isPartOf\":{\"@id\":\"https:\/\/www.frontbrakelights.com\/sk\/#website\"},\"datePublished\":\"2023-11-14T14:46:05+00:00\",\"dateModified\":\"2023-11-24T12:38:35+00:00\",\"breadcrumb\":{\"@id\":\"https:\/\/www.frontbrakelights.com\/sk\/veda-a-vyskum\/jednoduche-zavedenie-z-technickeho-hladiska\/#breadcrumb\"},\"inLanguage\":\"sk-SK\",\"potentialAction\":[{\"@type\":\"ReadAction\",\"target\":[\"https:\/\/www.frontbrakelights.com\/sk\/veda-a-vyskum\/jednoduche-zavedenie-z-technickeho-hladiska\/\"]}]},{\"@type\":\"BreadcrumbList\",\"@id\":\"https:\/\/www.frontbrakelights.com\/sk\/veda-a-vyskum\/jednoduche-zavedenie-z-technickeho-hladiska\/#breadcrumb\",\"itemListElement\":[{\"@type\":\"ListItem\",\"position\":1,\"name\":\"Home\",\"item\":\"https:\/\/www.frontbrakelights.com\/sk\/\"},{\"@type\":\"ListItem\",\"position\":2,\"name\":\"Veda a v\u00fdskum\",\"item\":\"https:\/\/www.frontbrakelights.com\/sk\/veda-a-vyskum\/\"},{\"@type\":\"ListItem\",\"position\":3,\"name\":\"Z technick\u00e9ho h\u013eadiska\"}]},{\"@type\":\"WebSite\",\"@id\":\"https:\/\/www.frontbrakelights.com\/sk\/#website\",\"url\":\"https:\/\/www.frontbrakelights.com\/sk\/\",\"name\":\"Front brake light\",\"description\":\"FRONT BRAKE LIGHT - Official site\",\"potentialAction\":[{\"@type\":\"SearchAction\",\"target\":{\"@type\":\"EntryPoint\",\"urlTemplate\":\"https:\/\/www.frontbrakelights.com\/sk\/?s={search_term_string}\"},\"query-input\":\"required name=search_term_string\"}],\"inLanguage\":\"sk-SK\"}]}<\/script>\n<!-- \/ Yoast SEO plugin. -->","yoast_head_json":{"title":"Z technick\u00e9ho h\u013eadiska - PREDN\u00c9 BRZDOV\u00c9 SVETLO - Ofici\u00e1lna str\u00e1nka","robots":{"index":"index","follow":"follow","max-snippet":"max-snippet:-1","max-image-preview":"max-image-preview:large","max-video-preview":"max-video-preview:-1"},"canonical":"https:\/\/www.frontbrakelights.com\/sk\/veda-a-vyskum\/jednoduche-zavedenie-z-technickeho-hladiska\/","og_locale":"sk_SK","og_type":"article","og_title":"Z technick\u00e9ho h\u013eadiska - PREDN\u00c9 BRZDOV\u00c9 SVETLO - Ofici\u00e1lna str\u00e1nka","og_description":"Pri koncepcii nov\u00e9ho LSF na motorov\u00fdch vozidl\u00e1ch je v\u017edy na mieste ot\u00e1zka vhodnej farby svetla, ktor\u00e1 m\u00e1 by\u0165 pou\u017eit\u00e1 \u2013 a to ako z pr\u00e1vneho, tak aj z faktick\u00e9ho h\u013eadiska. Vzh\u013eadom na to, \u017ee ostatn\u00e9 farby s\u00fa u\u017e leg\u00e1lne priraden\u00e9 k \u0161pecifick\u00fdm situ\u00e1ci\u00e1m, alebo k \u0161peci\u00e1lnym typom vozidiel, do \u00favahy prich\u00e1dza len pou\u017eitie zelenej, alebo ... Z technick\u00e9ho h\u013eadiska","og_url":"https:\/\/www.frontbrakelights.com\/sk\/veda-a-vyskum\/jednoduche-zavedenie-z-technickeho-hladiska\/","og_site_name":"PREDN\u00c9 BRZDOV\u00c9 SVETLO - Ofici\u00e1lna str\u00e1nka","article_publisher":"https:\/\/www.facebook.com\/profile.php?id=61552622936436","article_modified_time":"2023-11-24T12:38:35+00:00","og_image":[{"width":2500,"height":1401,"url":"https:\/\/www.frontbrakelights.com\/wp-content\/uploads\/2023\/11\/Titulka_Predne_brzdove_svetlo.png","type":"image\/png"}],"twitter_card":"summary_large_image","twitter_misc":{"Predpokladan\u00fd \u010das \u010d\u00edtania":"3 min\u00faty"},"schema":{"@context":"https:\/\/schema.org","@graph":[{"@type":"WebPage","@id":"https:\/\/www.frontbrakelights.com\/sk\/veda-a-vyskum\/jednoduche-zavedenie-z-technickeho-hladiska\/","url":"https:\/\/www.frontbrakelights.com\/sk\/veda-a-vyskum\/jednoduche-zavedenie-z-technickeho-hladiska\/","name":"Z technick\u00e9ho h\u013eadiska - PREDN\u00c9 BRZDOV\u00c9 SVETLO - Ofici\u00e1lna str\u00e1nka","isPartOf":{"@id":"https:\/\/www.frontbrakelights.com\/sk\/#website"},"datePublished":"2023-11-14T14:46:05+00:00","dateModified":"2023-11-24T12:38:35+00:00","breadcrumb":{"@id":"https:\/\/www.frontbrakelights.com\/sk\/veda-a-vyskum\/jednoduche-zavedenie-z-technickeho-hladiska\/#breadcrumb"},"inLanguage":"sk-SK","potentialAction":[{"@type":"ReadAction","target":["https:\/\/www.frontbrakelights.com\/sk\/veda-a-vyskum\/jednoduche-zavedenie-z-technickeho-hladiska\/"]}]},{"@type":"BreadcrumbList","@id":"https:\/\/www.frontbrakelights.com\/sk\/veda-a-vyskum\/jednoduche-zavedenie-z-technickeho-hladiska\/#breadcrumb","itemListElement":[{"@type":"ListItem","position":1,"name":"Home","item":"https:\/\/www.frontbrakelights.com\/sk\/"},{"@type":"ListItem","position":2,"name":"Veda a v\u00fdskum","item":"https:\/\/www.frontbrakelights.com\/sk\/veda-a-vyskum\/"},{"@type":"ListItem","position":3,"name":"Z technick\u00e9ho h\u013eadiska"}]},{"@type":"WebSite","@id":"https:\/\/www.frontbrakelights.com\/sk\/#website","url":"https:\/\/www.frontbrakelights.com\/sk\/","name":"Front brake light","description":"FRONT BRAKE LIGHT - Official site","potentialAction":[{"@type":"SearchAction","target":{"@type":"EntryPoint","urlTemplate":"https:\/\/www.frontbrakelights.com\/sk\/?s={search_term_string}"},"query-input":"required name=search_term_string"}],"inLanguage":"sk-SK"}]}},"_links":{"self":[{"href":"https:\/\/www.frontbrakelights.com\/sk\/wp-json\/wp\/v2\/pages\/1404","targetHints":{"allow":["GET"]}}],"collection":[{"href":"https:\/\/www.frontbrakelights.com\/sk\/wp-json\/wp\/v2\/pages"}],"about":[{"href":"https:\/\/www.frontbrakelights.com\/sk\/wp-json\/wp\/v2\/types\/page"}],"author":[{"embeddable":true,"href":"https:\/\/www.frontbrakelights.com\/sk\/wp-json\/wp\/v2\/users\/4"}],"replies":[{"embeddable":true,"href":"https:\/\/www.frontbrakelights.com\/sk\/wp-json\/wp\/v2\/comments?post=1404"}],"version-history":[{"count":5,"href":"https:\/\/www.frontbrakelights.com\/sk\/wp-json\/wp\/v2\/pages\/1404\/revisions"}],"predecessor-version":[{"id":1409,"href":"https:\/\/www.frontbrakelights.com\/sk\/wp-json\/wp\/v2\/pages\/1404\/revisions\/1409"}],"up":[{"embeddable":true,"href":"https:\/\/www.frontbrakelights.com\/sk\/wp-json\/wp\/v2\/pages\/1378"}],"wp:featuredmedia":[{"embeddable":true,"href":"https:\/\/www.frontbrakelights.com\/sk\/wp-json\/wp\/v2\/media\/1163"}],"wp:attachment":[{"href":"https:\/\/www.frontbrakelights.com\/sk\/wp-json\/wp\/v2\/media?parent=1404"}],"curies":[{"name":"wp","href":"https:\/\/api.w.org\/{rel}","templated":true}]}}