{"id":1418,"date":"2023-09-19T21:49:40","date_gmt":"2023-09-19T19:49:40","guid":{"rendered":"https:\/\/www.frontbrakelights.com\/home\/"},"modified":"2023-11-28T10:58:10","modified_gmt":"2023-11-28T09:58:10","slug":"home","status":"publish","type":"page","link":"https:\/\/www.frontbrakelights.com\/sk\/","title":{"rendered":"\u00davod"},"content":{"rendered":"","protected":false},"excerpt":{"rendered":"","protected":false},"author":1,"featured_media":0,"parent":0,"menu_order":0,"comment_status":"closed","ping_status":"closed","template":"template-home.php","meta":{"inline_featured_image":false,"footnotes":""},"class_list":["post-1418","page","type-page","status-publish","hentry"],"acf":[],"yoast_head":"<!-- This site is optimized with the Yoast SEO plugin v21.5 - https:\/\/yoast.com\/wordpress\/plugins\/seo\/ -->\n<title>PREDN\u00c9 BRZDOV\u00c9 SVETLO - Ofici\u00e1lna str\u00e1nka - Koncepcia pre vy\u0161\u0161iu bezpe\u010dnos\u0165 prem\u00e1vky<\/title>\n<meta name=\"description\" content=\"Predn\u00e9 brzdov\u00e9 svetlo - V\u00fdznamn\u00fd pr\u00edspevok k zv\u00fd\u0161eniu bezpe\u010dnosti na cest\u00e1ch bez finan\u010dnej z\u00e1\u0165a\u017ee pre ob\u010dana. Experiment\u00e1lne d\u00f4kazy pre...\" \/>\n<meta name=\"robots\" content=\"index, follow, max-snippet:-1, max-image-preview:large, max-video-preview:-1\" \/>\n<link rel=\"canonical\" href=\"https:\/\/www.frontbrakelights.com\/sk\/\" \/>\n<meta property=\"og:locale\" content=\"sk_SK\" \/>\n<meta property=\"og:type\" content=\"article\" \/>\n<meta property=\"og:title\" content=\"PREDN\u00c9 BRZDOV\u00c9 SVETLO - Ofici\u00e1lna str\u00e1nka - Koncepcia pre vy\u0161\u0161iu bezpe\u010dnos\u0165 prem\u00e1vky\" \/>\n<meta property=\"og:description\" content=\"Predn\u00e9 brzdov\u00e9 svetlo - V\u00fdznamn\u00fd pr\u00edspevok k zv\u00fd\u0161eniu bezpe\u010dnosti na cest\u00e1ch bez finan\u010dnej z\u00e1\u0165a\u017ee pre ob\u010dana. Experiment\u00e1lne d\u00f4kazy pre...\" \/>\n<meta property=\"og:url\" content=\"https:\/\/www.frontbrakelights.com\/sk\/\" \/>\n<meta property=\"og:site_name\" content=\"PREDN\u00c9 BRZDOV\u00c9 SVETLO - Ofici\u00e1lna str\u00e1nka\" \/>\n<meta property=\"article:publisher\" content=\"https:\/\/www.facebook.com\/profile.php?id=61552622936436\" \/>\n<meta property=\"article:modified_time\" content=\"2023-11-28T09:58:10+00:00\" \/>\n<meta name=\"twitter:card\" content=\"summary_large_image\" \/>\n<script type=\"application\/ld+json\" class=\"yoast-schema-graph\">{\"@context\":\"https:\/\/schema.org\",\"@graph\":[{\"@type\":\"WebPage\",\"@id\":\"https:\/\/www.frontbrakelights.com\/sk\/\",\"url\":\"https:\/\/www.frontbrakelights.com\/sk\/\",\"name\":\"PREDN\u00c9 BRZDOV\u00c9 SVETLO - Ofici\u00e1lna str\u00e1nka - Koncepcia pre vy\u0161\u0161iu bezpe\u010dnos\u0165 prem\u00e1vky\",\"isPartOf\":{\"@id\":\"https:\/\/www.frontbrakelights.com\/sk\/#website\"},\"datePublished\":\"2023-09-19T19:49:40+00:00\",\"dateModified\":\"2023-11-28T09:58:10+00:00\",\"description\":\"Predn\u00e9 brzdov\u00e9 svetlo - V\u00fdznamn\u00fd pr\u00edspevok k zv\u00fd\u0161eniu bezpe\u010dnosti na cest\u00e1ch bez finan\u010dnej z\u00e1\u0165a\u017ee pre ob\u010dana. Experiment\u00e1lne d\u00f4kazy pre...\",\"breadcrumb\":{\"@id\":\"https:\/\/www.frontbrakelights.com\/sk\/#breadcrumb\"},\"inLanguage\":\"sk-SK\",\"potentialAction\":[{\"@type\":\"ReadAction\",\"target\":[\"https:\/\/www.frontbrakelights.com\/sk\/\"]}]},{\"@type\":\"BreadcrumbList\",\"@id\":\"https:\/\/www.frontbrakelights.com\/sk\/#breadcrumb\",\"itemListElement\":[{\"@type\":\"ListItem\",\"position\":1,\"name\":\"Home\",\"item\":\"https:\/\/www.frontbrakelights.com\/sk\/\"},{\"@type\":\"ListItem\",\"position\":2,\"name\":\"\u00davod\"}]},{\"@type\":\"WebSite\",\"@id\":\"https:\/\/www.frontbrakelights.com\/sk\/#website\",\"url\":\"https:\/\/www.frontbrakelights.com\/sk\/\",\"name\":\"Front brake light\",\"description\":\"FRONT BRAKE LIGHT - Official site\",\"potentialAction\":[{\"@type\":\"SearchAction\",\"target\":{\"@type\":\"EntryPoint\",\"urlTemplate\":\"https:\/\/www.frontbrakelights.com\/sk\/?s={search_term_string}\"},\"query-input\":\"required name=search_term_string\"}],\"inLanguage\":\"sk-SK\"}]}<\/script>\n<!-- \/ Yoast SEO plugin. -->","yoast_head_json":{"title":"PREDN\u00c9 BRZDOV\u00c9 SVETLO - Ofici\u00e1lna str\u00e1nka - Koncepcia pre vy\u0161\u0161iu bezpe\u010dnos\u0165 prem\u00e1vky","description":"Predn\u00e9 brzdov\u00e9 svetlo - V\u00fdznamn\u00fd pr\u00edspevok k zv\u00fd\u0161eniu bezpe\u010dnosti na cest\u00e1ch bez finan\u010dnej z\u00e1\u0165a\u017ee pre ob\u010dana. Experiment\u00e1lne d\u00f4kazy pre...","robots":{"index":"index","follow":"follow","max-snippet":"max-snippet:-1","max-image-preview":"max-image-preview:large","max-video-preview":"max-video-preview:-1"},"canonical":"https:\/\/www.frontbrakelights.com\/sk\/","og_locale":"sk_SK","og_type":"article","og_title":"PREDN\u00c9 BRZDOV\u00c9 SVETLO - Ofici\u00e1lna str\u00e1nka - Koncepcia pre vy\u0161\u0161iu bezpe\u010dnos\u0165 prem\u00e1vky","og_description":"Predn\u00e9 brzdov\u00e9 svetlo - V\u00fdznamn\u00fd pr\u00edspevok k zv\u00fd\u0161eniu bezpe\u010dnosti na cest\u00e1ch bez finan\u010dnej z\u00e1\u0165a\u017ee pre ob\u010dana. Experiment\u00e1lne d\u00f4kazy pre...","og_url":"https:\/\/www.frontbrakelights.com\/sk\/","og_site_name":"PREDN\u00c9 BRZDOV\u00c9 SVETLO - Ofici\u00e1lna str\u00e1nka","article_publisher":"https:\/\/www.facebook.com\/profile.php?id=61552622936436","article_modified_time":"2023-11-28T09:58:10+00:00","twitter_card":"summary_large_image","schema":{"@context":"https:\/\/schema.org","@graph":[{"@type":"WebPage","@id":"https:\/\/www.frontbrakelights.com\/sk\/","url":"https:\/\/www.frontbrakelights.com\/sk\/","name":"PREDN\u00c9 BRZDOV\u00c9 SVETLO - Ofici\u00e1lna str\u00e1nka - Koncepcia pre vy\u0161\u0161iu bezpe\u010dnos\u0165 prem\u00e1vky","isPartOf":{"@id":"https:\/\/www.frontbrakelights.com\/sk\/#website"},"datePublished":"2023-09-19T19:49:40+00:00","dateModified":"2023-11-28T09:58:10+00:00","description":"Predn\u00e9 brzdov\u00e9 svetlo - V\u00fdznamn\u00fd pr\u00edspevok k zv\u00fd\u0161eniu bezpe\u010dnosti na cest\u00e1ch bez finan\u010dnej z\u00e1\u0165a\u017ee pre ob\u010dana. Experiment\u00e1lne d\u00f4kazy pre...","breadcrumb":{"@id":"https:\/\/www.frontbrakelights.com\/sk\/#breadcrumb"},"inLanguage":"sk-SK","potentialAction":[{"@type":"ReadAction","target":["https:\/\/www.frontbrakelights.com\/sk\/"]}]},{"@type":"BreadcrumbList","@id":"https:\/\/www.frontbrakelights.com\/sk\/#breadcrumb","itemListElement":[{"@type":"ListItem","position":1,"name":"Home","item":"https:\/\/www.frontbrakelights.com\/sk\/"},{"@type":"ListItem","position":2,"name":"\u00davod"}]},{"@type":"WebSite","@id":"https:\/\/www.frontbrakelights.com\/sk\/#website","url":"https:\/\/www.frontbrakelights.com\/sk\/","name":"Front brake light","description":"FRONT BRAKE LIGHT - Official site","potentialAction":[{"@type":"SearchAction","target":{"@type":"EntryPoint","urlTemplate":"https:\/\/www.frontbrakelights.com\/sk\/?s={search_term_string}"},"query-input":"required name=search_term_string"}],"inLanguage":"sk-SK"}]}},"_links":{"self":[{"href":"https:\/\/www.frontbrakelights.com\/sk\/wp-json\/wp\/v2\/pages\/1418","targetHints":{"allow":["GET"]}}],"collection":[{"href":"https:\/\/www.frontbrakelights.com\/sk\/wp-json\/wp\/v2\/pages"}],"about":[{"href":"https:\/\/www.frontbrakelights.com\/sk\/wp-json\/wp\/v2\/types\/page"}],"author":[{"embeddable":true,"href":"https:\/\/www.frontbrakelights.com\/sk\/wp-json\/wp\/v2\/users\/1"}],"replies":[{"embeddable":true,"href":"https:\/\/www.frontbrakelights.com\/sk\/wp-json\/wp\/v2\/comments?post=1418"}],"version-history":[{"count":1,"href":"https:\/\/www.frontbrakelights.com\/sk\/wp-json\/wp\/v2\/pages\/1418\/revisions"}],"predecessor-version":[{"id":1419,"href":"https:\/\/www.frontbrakelights.com\/sk\/wp-json\/wp\/v2\/pages\/1418\/revisions\/1419"}],"wp:attachment":[{"href":"https:\/\/www.frontbrakelights.com\/sk\/wp-json\/wp\/v2\/media?parent=1418"}],"curies":[{"name":"wp","href":"https:\/\/api.w.org\/{rel}","templated":true}]}}